{"id":10,"date":"2019-01-23T06:31:31","date_gmt":"2019-01-23T06:31:31","guid":{"rendered":"https:\/\/tomyklou.gr\/about-us\/"},"modified":"2023-03-24T00:06:55","modified_gmt":"2023-03-23T22:06:55","slug":"about-us","status":"publish","type":"page","link":"https:\/\/tomyklou.gr\/de\/about-us\/","title":{"rendered":"\u00dcber uns"},"content":{"rendered":"\t\t<div data-elementor-type=\"wp-post\" data-elementor-id=\"10\" class=\"elementor elementor-10\">\n\t\t\t\t\t\t<section class=\"elementor-section elementor-top-section elementor-element elementor-element-6ccdc95 elementor-section-height-min-height elementor-section-items-top elementor-section-boxed elementor-section-height-default\" data-id=\"6ccdc95\" data-element_type=\"section\" data-e-type=\"section\" data-settings=\"{&quot;background_background&quot;:&quot;classic&quot;}\">\n\t\t\t\t\t\t\t<div class=\"elementor-background-overlay\"><\/div>\n\t\t\t\t\t\t\t<div class=\"elementor-container elementor-column-gap-default\">\n\t\t\t\t\t<div class=\"elementor-column elementor-col-100 elementor-top-column elementor-element elementor-element-4f6adc0\" data-id=\"4f6adc0\" data-element_type=\"column\" data-e-type=\"column\">\n\t\t\t<div class=\"elementor-widget-wrap elementor-element-populated\">\n\t\t\t\t\t\t<div class=\"elementor-element elementor-element-179c706 elementor-widget-tablet__width-inherit elementor-widget elementor-widget-heading\" data-id=\"179c706\" data-element_type=\"widget\" data-e-type=\"widget\" data-widget_type=\"heading.default\">\n\t\t\t\t<div class=\"elementor-widget-container\">\n\t\t\t\t\t<h1 class=\"elementor-heading-title elementor-size-xl\">\u00dcber uns<\/h1>\t\t\t\t<\/div>\n\t\t\t\t<\/div>\n\t\t\t\t<div class=\"elementor-element elementor-element-bef7253 elementor-widget elementor-widget-heading\" data-id=\"bef7253\" data-element_type=\"widget\" data-e-type=\"widget\" data-widget_type=\"heading.default\">\n\t\t\t\t<div class=\"elementor-widget-container\">\n\t\t\t\t\t<h2 class=\"elementor-heading-title elementor-size-default\">Willkommen<\/h2>\t\t\t\t<\/div>\n\t\t\t\t<\/div>\n\t\t\t\t<div class=\"elementor-element elementor-element-426fdad elementor-widget elementor-widget-text-editor\" data-id=\"426fdad\" data-element_type=\"widget\" data-e-type=\"widget\" data-widget_type=\"text-editor.default\">\n\t\t\t\t<div class=\"elementor-widget-container\">\n\t\t\t\t\t\t\t\t\t<h5>\u0391\u03c6\u03b9\u03b5\u03c1\u03ce\u03c3\u03c4\u03b5 \u03bb\u03af\u03b3\u03b1 \u03bb\u03b5\u03c0\u03c4\u03ac \u03b3\u03b9\u03b1 \u03bd\u03b1 \u03bc\u03ac\u03b8\u03b5\u03c4\u03b5 \u03c0\u03b5\u03c1\u03b9\u03c3\u03c3\u03cc\u03c4\u03b5\u03c1\u03b1 \u03b3\u03b9\u03b1 \u03c4\u03bf\u03bd \u03c5\u03c0\u03ad\u03c1\u03bf\u03c7\u03bf \u03ba\u03cc\u03c3\u03bc\u03bf \u03c4\u03c9\u03bd \u03ba\u03bf\u03c1\u03b5\u03b1\u03c4\u03b9\u03ba\u03ce\u03bd \u03ba\u03b1\u03bb\u03bb\u03c5\u03bd\u03c4\u03b9\u03ba\u03ce\u03bd.<\/h5>\t\t\t\t\t\t\t\t<\/div>\n\t\t\t\t<\/div>\n\t\t\t\t<div class=\"elementor-element elementor-element-0d0a4fb elementor-align-justify elementor-tablet-align-justify elementor-widget elementor-widget-button\" data-id=\"0d0a4fb\" data-element_type=\"widget\" data-e-type=\"widget\" data-widget_type=\"button.default\">\n\t\t\t\t<div class=\"elementor-widget-container\">\n\t\t\t\t\t\t\t\t\t<div class=\"elementor-button-wrapper\">\n\t\t\t\t\t<a class=\"elementor-button elementor-button-link elementor-size-lg\" href=\"https:\/\/tomyklou.gr\/de\/die-10-schritte-der-koreanischen-hautpflege-erklart\/\">\n\t\t\t\t\t\t<span class=\"elementor-button-content-wrapper\">\n\t\t\t\t\t\t\t\t\t<span class=\"elementor-button-text\">Jetzt entdecken<\/span>\n\t\t\t\t\t<\/span>\n\t\t\t\t\t<\/a>\n\t\t\t\t<\/div>\n\t\t\t\t\t\t\t\t<\/div>\n\t\t\t\t<\/div>\n\t\t\t\t\t<\/div>\n\t\t<\/div>\n\t\t\t\t\t<\/div>\n\t\t<\/section>\n\t\t\t\t<section class=\"elementor-section elementor-top-section elementor-element elementor-element-4a5d220 elementor-section-boxed elementor-section-height-default elementor-section-height-default\" data-id=\"4a5d220\" data-element_type=\"section\" data-e-type=\"section\">\n\t\t\t\t\t\t<div class=\"elementor-container elementor-column-gap-no\">\n\t\t\t\t\t<div class=\"elementor-column elementor-col-100 elementor-top-column elementor-element elementor-element-e6bc9af\" data-id=\"e6bc9af\" data-element_type=\"column\" data-e-type=\"column\">\n\t\t\t<div class=\"elementor-widget-wrap elementor-element-populated\">\n\t\t\t\t\t\t<div class=\"elementor-element elementor-element-66b1ec6 elementor-widget elementor-widget-heading\" data-id=\"66b1ec6\" data-element_type=\"widget\" data-e-type=\"widget\" data-widget_type=\"heading.default\">\n\t\t\t\t<div class=\"elementor-widget-container\">\n\t\t\t\t\t<h2 class=\"elementor-heading-title elementor-size-large\">Wer wir sind?<\/h2>\t\t\t\t<\/div>\n\t\t\t\t<\/div>\n\t\t\t\t<div class=\"elementor-element elementor-element-8bf9f70 elementor-widget elementor-widget-text-editor\" data-id=\"8bf9f70\" data-element_type=\"widget\" data-e-type=\"widget\" data-widget_type=\"text-editor.default\">\n\t\t\t\t<div class=\"elementor-widget-container\">\n\t\t\t\t\t\t\t\t\t<h3><strong style=\"font-size: 1.5em;\"><span style=\"font-size: 16px;\"><span style=\"vertical-align: inherit;\">Willkommen bei Tomy Klou<\/span><\/span><\/strong><\/h3><div class=\"FFpbKc\"><div class=\"ZTPlmc\"><div class=\"FFpbKc\"><div class=\"ZTPlmc\"><p><span style=\"vertical-align: inherit;\">Wir sind ein Online-Shop f\u00fcr koreanische Sch\u00f6nheit (K-beauty) mit <\/span><a href=\"https:\/\/tomyklou.gr\/marken\/\"><strong><span style=\"vertical-align: inherit;\">mehreren Marken<\/span><\/strong><\/a><span style=\"vertical-align: inherit;\"> in der Schweiz, der sich f\u00fcr asiatische Kosmetik und Revolution\u00e4re Hautpflegeprodukte begeistert.<\/span><\/p><p><span style=\"vertical-align: inherit;\">Wir bieten Top-Marken an, w\u00e4hlen die besten Produkte der koreanischen Sch\u00f6nheits- und Pflegeindustrie aus und stellen sie Ihnen zu angemessenen Preisen und mit einer schnellen Lieferung zur Verf\u00fcgung (und wir legen auch Musterell bei \ud83d\ude42<\/span><\/p><p><span style=\"vertical-align: inherit;\">Wir liefern koreanische Sch\u00f6nheitsprodukte in die ganze Schweiz und in andere europ\u00e4ische L\u00e4nder.<\/span><\/p><p><span style=\"vertical-align: inherit;\">Folgen Sie uns auf <\/span><a href=\"https:\/\/www.instagram.com\/tomyklou.gr\/\"><strong><span style=\"vertical-align: inherit;\">Instagram<\/span><\/strong><\/a><span style=\"vertical-align: inherit;\"> ,\u00a0 <\/span><strong><a href=\"https:\/\/www.facebook.com\/TomyKlou.ch\"><span style=\"vertical-align: inherit;\">Facebook<\/span><\/a><\/strong><span style=\"vertical-align: inherit;\"> , und <\/span><a href=\"https:\/\/www.youtube.com\/channel\/UCvjtS78jcz-dxuOCeGYHHKw\/videos\"><strong><span style=\"vertical-align: inherit;\">YouTube<\/span><\/strong><\/a><span style=\"vertical-align: inherit;\"> um die <\/span><a href=\"https:\/\/tomyklou.gr\/product_tag\/neu\/\"><strong><span style=\"vertical-align: inherit;\">neuesten Produkte<\/span><\/strong><\/a><span style=\"vertical-align: inherit;\"> , Neuigkeiten und Werbegeschenke zu erhalten.<\/span><\/p><p><span style=\"vertical-align: inherit;\">Mit freundlichen Gr\u00fcssen, <\/span><br \/><span style=\"vertical-align: inherit;\">Tomy Klou Team.<\/span><\/p><\/div><\/div><\/div><\/div>\t\t\t\t\t\t\t\t<\/div>\n\t\t\t\t<\/div>\n\t\t\t\t\t<\/div>\n\t\t<\/div>\n\t\t\t\t\t<\/div>\n\t\t<\/section>\n\t\t\t\t<section class=\"elementor-section elementor-top-section elementor-element elementor-element-3475cf6 elementor-section-boxed elementor-section-height-default elementor-section-height-default\" data-id=\"3475cf6\" data-element_type=\"section\" data-e-type=\"section\" data-settings=\"{&quot;background_background&quot;:&quot;classic&quot;}\">\n\t\t\t\t\t\t<div class=\"elementor-container elementor-column-gap-default\">\n\t\t\t\t\t<div class=\"elementor-column elementor-col-100 elementor-top-column elementor-element elementor-element-7867d40\" data-id=\"7867d40\" data-element_type=\"column\" data-e-type=\"column\">\n\t\t\t<div class=\"elementor-widget-wrap elementor-element-populated\">\n\t\t\t\t\t\t<div class=\"elementor-element elementor-element-9679806 elementor-widget elementor-widget-text-editor\" data-id=\"9679806\" data-element_type=\"widget\" data-e-type=\"widget\" data-widget_type=\"text-editor.default\">\n\t\t\t\t<div class=\"elementor-widget-container\">\n\t\t\t\t\t\t\t\t\t<p>Tomy Klou Mission<\/p>\t\t\t\t\t\t\t\t<\/div>\n\t\t\t\t<\/div>\n\t\t\t\t<div class=\"elementor-element elementor-element-7b2f22a elementor-widget elementor-widget-text-editor\" data-id=\"7b2f22a\" data-element_type=\"widget\" data-e-type=\"widget\" data-widget_type=\"text-editor.default\">\n\t\t\t\t<div class=\"elementor-widget-container\">\n\t\t\t\t\t\t\t\t\t<p>Wir glauben, dass hochwertige Hautpflege f\u00fcr jeden geeignet sein sollte, unabh\u00e4ngig von Ihrem Alter und Geschlecht. Effektive Hautpflege sollte nicht nur f\u00fcr einige wenige sein, sondern allgemein verf\u00fcgbar sein. Mit den richtigen Produkten, einer soliden Routine und einem Schuss Geduld kann praktisch jeder eine strahlende, gesunde Haut bekommen. Wir legen keinen Wert auf Perfektion, sondern auf Fortschritt. Es gibt keine perfekte Haut, aber es ist sehr real, eine Verbesserung des Aussehens und der Haptik Ihrer Haut zu sehen!<\/p><p>Es kann schwierig sein, die richtigen Produkte zu finden. Ein h\u00e4ufiges Beispiel sind Menschen mit zu Akne neigender Haut, die sich in der Hoffnung, ihre Haut zu reinigen, harten Produkten zuwenden. Anstatt eine gesunde Feuchtigkeitsbarriere aufrechtzuerhalten, wird die Haut dehydriert und gereizt und neigt eher zu Ausbr\u00fcchen. Wir m\u00f6chten unseren Kunden die M\u00f6glichkeit geben, die Grundlagen der Hautpflege kennenzulernen, ihre Haut gesund zu halten und eine unterhaltsame und effektive Routine zu schaffen, die sie t\u00e4glich gerne anwenden.<\/p>\t\t\t\t\t\t\t\t<\/div>\n\t\t\t\t<\/div>\n\t\t\t\t<div class=\"elementor-element elementor-element-5cb5972 elementor-widget elementor-widget-image\" data-id=\"5cb5972\" data-element_type=\"widget\" data-e-type=\"widget\" data-widget_type=\"image.default\">\n\t\t\t\t<div class=\"elementor-widget-container\">\n\t\t\t\t\t\t\t\t\t\t\t\t\t\t\t<img fetchpriority=\"high\" decoding=\"async\" width=\"1000\" height=\"500\" src=\"https:\/\/tomyklou.gr\/wp-content\/uploads\/2022\/11\/vegan-makeup.webp\" class=\"attachment-full size-full wp-image-3345\" alt=\"\" srcset=\"https:\/\/tomyklou.gr\/wp-content\/uploads\/2022\/11\/vegan-makeup.webp 1000w, https:\/\/tomyklou.gr\/wp-content\/uploads\/2022\/11\/vegan-makeup-900x450.webp 900w, https:\/\/tomyklou.gr\/wp-content\/uploads\/2022\/11\/vegan-makeup-300x150.webp 300w, https:\/\/tomyklou.gr\/wp-content\/uploads\/2022\/11\/vegan-makeup-768x384.webp 768w\" sizes=\"(max-width: 1000px) 100vw, 1000px\" \/>\t\t\t\t\t\t\t\t\t\t\t\t\t\t\t<\/div>\n\t\t\t\t<\/div>\n\t\t\t\t\t<\/div>\n\t\t<\/div>\n\t\t\t\t\t<\/div>\n\t\t<\/section>\n\t\t\t\t<section class=\"elementor-section elementor-top-section elementor-element elementor-element-a400379 elementor-section-content-middle elementor-section-boxed elementor-section-height-default elementor-section-height-default\" data-id=\"a400379\" data-element_type=\"section\" data-e-type=\"section\" data-settings=\"{&quot;background_background&quot;:&quot;classic&quot;}\">\n\t\t\t\t\t\t<div class=\"elementor-container elementor-column-gap-no\">\n\t\t\t\t\t<div class=\"elementor-column elementor-col-100 elementor-top-column elementor-element elementor-element-c9222c3\" data-id=\"c9222c3\" data-element_type=\"column\" data-e-type=\"column\">\n\t\t\t<div class=\"elementor-widget-wrap elementor-element-populated\">\n\t\t\t\t\t\t<div class=\"elementor-element elementor-element-7e489a2 elementor-widget elementor-widget-heading\" data-id=\"7e489a2\" data-element_type=\"widget\" data-e-type=\"widget\" data-widget_type=\"heading.default\">\n\t\t\t\t<div class=\"elementor-widget-container\">\n\t\t\t\t\t<h2 class=\"elementor-heading-title elementor-size-default\">Unsere Philosophie<\/h2>\t\t\t\t<\/div>\n\t\t\t\t<\/div>\n\t\t\t\t<div class=\"elementor-element elementor-element-b2657e0 elementor-widget elementor-widget-text-editor\" data-id=\"b2657e0\" data-element_type=\"widget\" data-e-type=\"widget\" data-widget_type=\"text-editor.default\">\n\t\t\t\t<div class=\"elementor-widget-container\">\n\t\t\t\t\t\t\t\t\t<p>Ihre Haut ist Ihr gr\u00f6\u00dftes Organ! Das Ergebnis ist, dass Hautprobleme einen massiven Einfluss auf Ihre Gesundheit und Ihr Gl\u00fcck haben k\u00f6nnen. Wir glauben, dass es immer besser ist, Hautproblemen vorzubeugen, als sie zu heilen. Anstatt also darauf zu warten, dass sich Hautprobleme entwickeln, beugen Sie ihnen mit der richtigen Pflege vor. Ihre Haut wird es Ihnen danken und so lange wie m\u00f6glich gesund und strahlend bleiben.<\/p>\t\t\t\t\t\t\t\t<\/div>\n\t\t\t\t<\/div>\n\t\t\t\t\t<\/div>\n\t\t<\/div>\n\t\t\t\t\t<\/div>\n\t\t<\/section>\n\t\t\t\t<section class=\"elementor-section elementor-top-section elementor-element elementor-element-f559dd3 elementor-section-boxed elementor-section-height-default elementor-section-height-default\" data-id=\"f559dd3\" data-element_type=\"section\" data-e-type=\"section\">\n\t\t\t\t\t\t<div class=\"elementor-container elementor-column-gap-default\">\n\t\t\t\t\t<div class=\"elementor-column elementor-col-50 elementor-top-column elementor-element elementor-element-94df7f7\" data-id=\"94df7f7\" data-element_type=\"column\" data-e-type=\"column\">\n\t\t\t<div class=\"elementor-widget-wrap elementor-element-populated\">\n\t\t\t\t\t\t<div class=\"elementor-element elementor-element-08172a3 elementor-widget elementor-widget-image\" data-id=\"08172a3\" data-element_type=\"widget\" data-e-type=\"widget\" data-widget_type=\"image.default\">\n\t\t\t\t<div class=\"elementor-widget-container\">\n\t\t\t\t\t\t\t\t\t\t\t\t\t\t\t<img decoding=\"async\" width=\"1000\" height=\"671\" src=\"https:\/\/tomyklou.gr\/wp-content\/uploads\/2022\/11\/Muldream-3.webp\" class=\"attachment-large size-large wp-image-3283\" alt=\"\" srcset=\"https:\/\/tomyklou.gr\/wp-content\/uploads\/2022\/11\/Muldream-3.webp 1000w, https:\/\/tomyklou.gr\/wp-content\/uploads\/2022\/11\/Muldream-3-900x604.webp 900w, https:\/\/tomyklou.gr\/wp-content\/uploads\/2022\/11\/Muldream-3-300x201.webp 300w, https:\/\/tomyklou.gr\/wp-content\/uploads\/2022\/11\/Muldream-3-768x515.webp 768w\" sizes=\"(max-width: 1000px) 100vw, 1000px\" \/>\t\t\t\t\t\t\t\t\t\t\t\t\t\t\t<\/div>\n\t\t\t\t<\/div>\n\t\t\t\t<div class=\"elementor-element elementor-element-6407942 elementor-widget elementor-widget-image\" data-id=\"6407942\" data-element_type=\"widget\" data-e-type=\"widget\" data-widget_type=\"image.default\">\n\t\t\t\t<div class=\"elementor-widget-container\">\n\t\t\t\t\t\t\t\t\t\t\t\t\t\t\t<img decoding=\"async\" width=\"700\" height=\"470\" src=\"https:\/\/tomyklou.gr\/wp-content\/uploads\/2022\/11\/Deusch1-vegan.png\" class=\"attachment-large size-large wp-image-3278\" alt=\"\" srcset=\"https:\/\/tomyklou.gr\/wp-content\/uploads\/2022\/11\/Deusch1-vegan.png 700w, https:\/\/tomyklou.gr\/wp-content\/uploads\/2022\/11\/Deusch1-vegan-300x201.png 300w, https:\/\/tomyklou.gr\/wp-content\/uploads\/2022\/11\/Deusch1-vegan-600x403.png 600w\" sizes=\"(max-width: 700px) 100vw, 700px\" \/>\t\t\t\t\t\t\t\t\t\t\t\t\t\t\t<\/div>\n\t\t\t\t<\/div>\n\t\t\t\t<div class=\"elementor-element elementor-element-d70bb42 elementor-widget elementor-widget-image\" data-id=\"d70bb42\" data-element_type=\"widget\" data-e-type=\"widget\" data-widget_type=\"image.default\">\n\t\t\t\t<div class=\"elementor-widget-container\">\n\t\t\t\t\t\t\t\t\t\t\t\t\t\t\t<img loading=\"lazy\" decoding=\"async\" width=\"700\" height=\"470\" src=\"https:\/\/tomyklou.gr\/wp-content\/uploads\/2022\/11\/Muldream-2.webp\" class=\"attachment-large size-large wp-image-3284\" alt=\"\" srcset=\"https:\/\/tomyklou.gr\/wp-content\/uploads\/2022\/11\/Muldream-2.webp 700w, https:\/\/tomyklou.gr\/wp-content\/uploads\/2022\/11\/Muldream-2-300x201.webp 300w, https:\/\/tomyklou.gr\/wp-content\/uploads\/2022\/11\/Muldream-2-600x403.webp 600w\" sizes=\"(max-width: 700px) 100vw, 700px\" \/>\t\t\t\t\t\t\t\t\t\t\t\t\t\t\t<\/div>\n\t\t\t\t<\/div>\n\t\t\t\t\t<\/div>\n\t\t<\/div>\n\t\t\t\t<div class=\"elementor-column elementor-col-50 elementor-top-column elementor-element elementor-element-7a04556\" data-id=\"7a04556\" data-element_type=\"column\" data-e-type=\"column\">\n\t\t\t<div class=\"elementor-widget-wrap elementor-element-populated\">\n\t\t\t\t\t\t<div class=\"elementor-element elementor-element-7358371 elementor-widget elementor-widget-heading\" data-id=\"7358371\" data-element_type=\"widget\" data-e-type=\"widget\" data-widget_type=\"heading.default\">\n\t\t\t\t<div class=\"elementor-widget-container\">\n\t\t\t\t\t<h2 class=\"elementor-heading-title elementor-size-large\">Wissen ist Macht<\/h2>\t\t\t\t<\/div>\n\t\t\t\t<\/div>\n\t\t\t\t<div class=\"elementor-element elementor-element-23216b6 elementor-widget elementor-widget-text-editor\" data-id=\"23216b6\" data-element_type=\"widget\" data-e-type=\"widget\" data-widget_type=\"text-editor.default\">\n\t\t\t\t<div class=\"elementor-widget-container\">\n\t\t\t\t\t\t\t\t\t<p>Jeder ist anders, daher ist es f\u00fcr Ihre Haut wichtig, Ihre Produkte an Ihre individuellen Bed\u00fcrfnisse anzupassen. Unsere gro\u00dfe und vielseitige Auswahl \u2013 darunter zahlreiche und weniger bekannte Marken \u2013 erm\u00f6glicht es Ihnen, Ihren pers\u00f6nlichen \u201eHeiligen Gral\u201c zu entdecken. Wir haben derzeit die gr\u00f6\u00dfte Auswahl an K-Beauty-Marken in Europa und planen, in Zukunft die besten westlichen Hautpflegemarken in unser Gesch\u00e4ft aufzunehmen. Tomy Klou bietet nicht nur gehypte Produkte an, denn Hautpflege ist kein Hype \u2013 wir bieten Auswahl.<\/p><p>Wir lieben Hautpflege und sind stolz darauf, Spezialisten auf diesem Gebiet zu sein. Unser leidenschaftlicher Kundenservice besteht aus Kosmetikerinnen und Fachleuten, die \u00fcber die neuesten Entwicklungen in der sich st\u00e4ndig ver\u00e4ndernden Welt der Hautpflege auf dem Laufenden sind. Ob Sie bestimmte Inhaltsstoffe vermeiden m\u00f6chten oder m\u00f6chten, dass wir eine personalisierte Routine erstellen; Unser Team hilft Ihnen gerne weiter.<\/p>\t\t\t\t\t\t\t\t<\/div>\n\t\t\t\t<\/div>\n\t\t\t\t<div class=\"elementor-element elementor-element-b1ba94f elementor-widget elementor-widget-heading\" data-id=\"b1ba94f\" data-element_type=\"widget\" data-e-type=\"widget\" data-widget_type=\"heading.default\">\n\t\t\t\t<div class=\"elementor-widget-container\">\n\t\t\t\t\t<h2 class=\"elementor-heading-title elementor-size-large\">Hautpositivit\u00e4t<\/h2>\t\t\t\t<\/div>\n\t\t\t\t<\/div>\n\t\t\t\t<div class=\"elementor-element elementor-element-76a4a9a elementor-widget elementor-widget-text-editor\" data-id=\"76a4a9a\" data-element_type=\"widget\" data-e-type=\"widget\" data-widget_type=\"text-editor.default\">\n\t\t\t\t<div class=\"elementor-widget-container\">\n\t\t\t\t\t\t\t\t\t<p>Haben Sie sich jemals gefragt, wie toll Ihre Haut ist? Es h\u00e4lt dich warm, es h\u00e4lt Keime fern, es sch\u00fctzt dich\u2026 Die Sch\u00f6nheitsindustrie konfrontiert uns oft mit unrealistischen und stark bearbeiteten Bildern makelloser Haut. Wir glauben, dass jeder die Sch\u00f6nheit der ihm geschenkten Haut annehmen sollte \u2013 unabh\u00e4ngig von Hauttyp und Hautzustand.<\/p><p>Themen wie Akne und Alterung sollten immer unterst\u00fctzend, positiv und ermutigend angegangen werden. Perfekte Haut gibt es einfach nicht! Wir bei Tomy Klou sind entschlossen, Scham durch Liebe zu ersetzen und das Bewusstsein f\u00fcr Hautvielfalt zu sch\u00e4rfen. Also bitte: Lassen Sie Ihre nat\u00fcrliche Haut strahlen!<\/p>\t\t\t\t\t\t\t\t<\/div>\n\t\t\t\t<\/div>\n\t\t\t\t\t<\/div>\n\t\t<\/div>\n\t\t\t\t\t<\/div>\n\t\t<\/section>\n\t\t\t\t<\/div>\n\t\t","protected":false},"excerpt":{"rendered":"<p>\u03a3\u03c7\u03b5\u03c4\u03b9\u03ba\u03ac \u03bc\u03b5 \u0395\u03bc\u03ac\u03c2 \u039a\u03b1\u03bb\u03ce\u03c2 \u03ae\u03c1\u03b8\u03b1\u03c4\u03b5 \u0391\u03c6\u03b9\u03b5\u03c1\u03ce\u03c3\u03c4\u03b5 \u03bb\u03af\u03b3\u03b1 \u03bb\u03b5\u03c0\u03c4\u03ac \u03b3\u03b9\u03b1 \u03bd\u03b1 \u03bc\u03ac\u03b8\u03b5\u03c4\u03b5 \u03c0\u03b5\u03c1\u03b9\u03c3\u03c3\u03cc\u03c4\u03b5\u03c1\u03b1 \u03b3\u03b9\u03b1 \u03c4\u03bf\u03bd \u03c5\u03c0\u03ad\u03c1\u03bf\u03c7\u03bf \u03ba\u03cc\u03c3\u03bc\u03bf \u03c4\u03c9\u03bd \u03ba\u03bf\u03c1\u03b5\u03b1\u03c4\u03b9\u03ba\u03ce\u03bd \u03ba\u03b1\u03bb\u03bb\u03c5\u03bd\u03c4\u03b9\u03ba\u03ce\u03bd. \u0391\u03bd\u03b1\u03ba\u03b1\u03bb\u03cd\u03c8\u03c4\u03b5 \u03c4\u03ce\u03c1\u03b1 \u03a0\u03bf\u03b9\u03bf\u03b9 \u03b5\u03af\u03bc\u03b1\u03c3\u03c4\u03b5? \u039a\u03b1\u03bb\u03ce\u03c2 \u03ae\u03c1\u03b8\u03b1\u03c4\u03b5 \u03c3\u03c4\u03bf\u03bd Tomy Klou \u0395\u03af\u03bc\u03b1\u03c3\u03c4\u03b5 \u03ad\u03bd\u03b1 \u03b4\u03b9\u03b1\u03b4\u03b9\u03ba\u03c4\u03c5\u03b1\u03ba\u03cc \u03ba\u03b1\u03c4\u03ac\u03c3\u03c4\u03b7\u03bc\u03b1 \u03bf\u03bc\u03bf\u03c1\u03c6\u03b9\u03ac\u03c2 (K-beauty) \u03c4\u03b7\u03c2 \u039a\u03bf\u03c1\u03ad\u03b1\u03c2 \u03c3\u03c4\u03b7\u03bd \u0395\u03bb\u03b2\u03b5\u03c4\u03af\u03b1, \u03bc\u03b5 \u03c0\u03ac\u03b8\u03bf\u03c2 \u03bc\u03b5 \u03c4\u03b1 \u03b1\u03c3\u03b9\u03b1\u03c4\u03b9\u03ba\u03ac \u03ba\u03b1\u03bb\u03bb\u03c5\u03bd\u03c4\u03b9\u03ba\u03ac \u03ba\u03b1\u03b9 \u03c4\u03b1 \u03b5\u03c0\u03b1\u03bd\u03b1\u03c3\u03c4\u03b1\u03c4\u03b9\u03ba\u03ac \u03c0\u03c1\u03bf\u03ca\u03cc\u03bd\u03c4\u03b1 \u03c0\u03b5\u03c1\u03b9\u03c0\u03bf\u03af\u03b7\u03c3\u03b7\u03c2 \u03b4\u03ad\u03c1\u03bc\u03b1\u03c4\u03bf\u03c2. \u03a0\u03c1\u03bf\u03c3\u03c6\u03ad\u03c1\u03bf\u03c5\u03bc\u03b5 \u03ba\u03bf\u03c1\u03c5\u03c6\u03b1\u03af\u03b5\u03c2 \u03bc\u03ac\u03c1\u03ba\u03b5\u03c2, \u03b5\u03c0\u03b9\u03bb\u03ad\u03b3\u03bf\u03c5\u03bc\u03b5 \u03c4\u03b1 [&hellip;]<\/p>\n","protected":false},"author":1,"featured_media":0,"parent":0,"menu_order":0,"comment_status":"closed","ping_status":"closed","template":"","meta":{"content-type":"","site-sidebar-layout":"no-sidebar","site-content-layout":"page-builder","ast-site-content-layout":"default","site-content-style":"default","site-sidebar-style":"default","ast-global-header-display":"","ast-banner-title-visibility":"","ast-main-header-display":"","ast-hfb-above-header-display":"","ast-hfb-below-header-display":"","ast-hfb-mobile-header-display":"","site-post-title":"disabled","ast-breadcrumbs-content":"","ast-featured-img":"disabled","footer-sml-layout":"","ast-disable-related-posts":"","theme-transparent-header-meta":"enabled","adv-header-id-meta":"","stick-header-meta":"","header-above-stick-meta":"","header-main-stick-meta":"","header-below-stick-meta":"","astra-migrate-meta-layouts":"default","ast-page-background-enabled":"default","ast-page-background-meta":{"desktop":{"background-color":"","background-image":"","background-repeat":"repeat","background-position":"center center","background-size":"auto","background-attachment":"scroll","background-type":"","background-media":"","overlay-type":"","overlay-color":"","overlay-opacity":"","overlay-gradient":""},"tablet":{"background-color":"","background-image":"","background-repeat":"repeat","background-position":"center center","background-size":"auto","background-attachment":"scroll","background-type":"","background-media":"","overlay-type":"","overlay-color":"","overlay-opacity":"","overlay-gradient":""},"mobile":{"background-color":"","background-image":"","background-repeat":"repeat","background-position":"center center","background-size":"auto","background-attachment":"scroll","background-type":"","background-media":"","overlay-type":"","overlay-color":"","overlay-opacity":"","overlay-gradient":""}},"ast-content-background-meta":{"desktop":{"background-color":"var(--ast-global-color-5)","background-image":"","background-repeat":"repeat","background-position":"center center","background-size":"auto","background-attachment":"scroll","background-type":"","background-media":"","overlay-type":"","overlay-color":"","overlay-opacity":"","overlay-gradient":""},"tablet":{"background-color":"var(--ast-global-color-5)","background-image":"","background-repeat":"repeat","background-position":"center center","background-size":"auto","background-attachment":"scroll","background-type":"","background-media":"","overlay-type":"","overlay-color":"","overlay-opacity":"","overlay-gradient":""},"mobile":{"background-color":"var(--ast-global-color-5)","background-image":"","background-repeat":"repeat","background-position":"center center","background-size":"auto","background-attachment":"scroll","background-type":"","background-media":"","overlay-type":"","overlay-color":"","overlay-opacity":"","overlay-gradient":""}},"footnotes":""},"class_list":["post-10","page","type-page","status-publish","hentry"],"_links":{"self":[{"href":"https:\/\/tomyklou.gr\/de\/wp-json\/wp\/v2\/pages\/10","targetHints":{"allow":["GET"]}}],"collection":[{"href":"https:\/\/tomyklou.gr\/de\/wp-json\/wp\/v2\/pages"}],"about":[{"href":"https:\/\/tomyklou.gr\/de\/wp-json\/wp\/v2\/types\/page"}],"author":[{"embeddable":true,"href":"https:\/\/tomyklou.gr\/de\/wp-json\/wp\/v2\/users\/1"}],"replies":[{"embeddable":true,"href":"https:\/\/tomyklou.gr\/de\/wp-json\/wp\/v2\/comments?post=10"}],"version-history":[{"count":68,"href":"https:\/\/tomyklou.gr\/de\/wp-json\/wp\/v2\/pages\/10\/revisions"}],"predecessor-version":[{"id":6054,"href":"https:\/\/tomyklou.gr\/de\/wp-json\/wp\/v2\/pages\/10\/revisions\/6054"}],"wp:attachment":[{"href":"https:\/\/tomyklou.gr\/de\/wp-json\/wp\/v2\/media?parent=10"}],"curies":[{"name":"wp","href":"https:\/\/api.w.org\/{rel}","templated":true}]}}