{"id":1894,"date":"2022-11-05T23:06:18","date_gmt":"2022-11-05T21:06:18","guid":{"rendered":"https:\/\/tomyklou.gr\/?page_id=1894"},"modified":"2024-09-18T20:33:25","modified_gmt":"2024-09-18T17:33:25","slug":"blog","status":"publish","type":"page","link":"https:\/\/tomyklou.gr\/de\/blog\/","title":{"rendered":"Blog"},"content":{"rendered":"\t\t<div data-elementor-type=\"wp-page\" data-elementor-id=\"1894\" class=\"elementor elementor-1894\">\n\t\t\t\t\t\t<section class=\"elementor-section elementor-top-section elementor-element elementor-element-7afba46 elementor-section-boxed elementor-section-height-default elementor-section-height-default\" data-id=\"7afba46\" data-element_type=\"section\" data-e-type=\"section\">\n\t\t\t\t\t\t<div class=\"elementor-container elementor-column-gap-default\">\n\t\t\t\t\t<div class=\"elementor-column elementor-col-100 elementor-top-column elementor-element elementor-element-0320242\" data-id=\"0320242\" data-element_type=\"column\" data-e-type=\"column\">\n\t\t\t<div class=\"elementor-widget-wrap elementor-element-populated\">\n\t\t\t\t\t\t<div class=\"elementor-element elementor-element-3e9fce8 elementor-widget elementor-widget-heading\" data-id=\"3e9fce8\" data-element_type=\"widget\" data-e-type=\"widget\" data-widget_type=\"heading.default\">\n\t\t\t\t<div class=\"elementor-widget-container\">\n\t\t\t\t\t<h2 class=\"elementor-heading-title elementor-size-large\">Blog<\/h2>\t\t\t\t<\/div>\n\t\t\t\t<\/div>\n\t\t\t\t\t<\/div>\n\t\t<\/div>\n\t\t\t\t\t<\/div>\n\t\t<\/section>\n\t\t\t\t<section class=\"elementor-section elementor-top-section elementor-element elementor-element-cf78f3c elementor-section-boxed elementor-section-height-default elementor-section-height-default\" data-id=\"cf78f3c\" data-element_type=\"section\" data-e-type=\"section\">\n\t\t\t\t\t\t<div class=\"elementor-container elementor-column-gap-default\">\n\t\t\t\t\t<div class=\"elementor-column elementor-col-100 elementor-top-column elementor-element elementor-element-04a9957\" data-id=\"04a9957\" data-element_type=\"column\" data-e-type=\"column\">\n\t\t\t<div class=\"elementor-widget-wrap elementor-element-populated\">\n\t\t\t\t\t\t<div class=\"elementor-element elementor-element-528de43 elementor-widget elementor-widget-image\" data-id=\"528de43\" data-element_type=\"widget\" data-e-type=\"widget\" data-widget_type=\"image.default\">\n\t\t\t\t<div class=\"elementor-widget-container\">\n\t\t\t\t\t\t\t\t\t\t\t\t\t\t\t<img fetchpriority=\"high\" decoding=\"async\" width=\"2121\" height=\"1414\" src=\"https:\/\/tomyklou.gr\/wp-content\/uploads\/2022\/11\/blog.webp\" class=\"attachment-full size-full wp-image-3933\" alt=\"\" srcset=\"https:\/\/tomyklou.gr\/wp-content\/uploads\/2022\/11\/blog.webp 2121w, https:\/\/tomyklou.gr\/wp-content\/uploads\/2022\/11\/blog-900x600.webp 900w, https:\/\/tomyklou.gr\/wp-content\/uploads\/2022\/11\/blog-300x200.webp 300w, https:\/\/tomyklou.gr\/wp-content\/uploads\/2022\/11\/blog-1024x683.webp 1024w, https:\/\/tomyklou.gr\/wp-content\/uploads\/2022\/11\/blog-768x512.webp 768w, https:\/\/tomyklou.gr\/wp-content\/uploads\/2022\/11\/blog-1536x1024.webp 1536w, https:\/\/tomyklou.gr\/wp-content\/uploads\/2022\/11\/blog-2048x1365.webp 2048w\" sizes=\"(max-width: 2121px) 100vw, 2121px\" \/>\t\t\t\t\t\t\t\t\t\t\t\t\t\t\t<\/div>\n\t\t\t\t<\/div>\n\t\t\t\t\t<\/div>\n\t\t<\/div>\n\t\t\t\t\t<\/div>\n\t\t<\/section>\n\t\t\t\t<section class=\"elementor-section elementor-top-section elementor-element elementor-element-647f69b elementor-section-boxed elementor-section-height-default elementor-section-height-default\" data-id=\"647f69b\" data-element_type=\"section\" data-e-type=\"section\">\n\t\t\t\t\t\t<div class=\"elementor-container elementor-column-gap-default\">\n\t\t\t\t\t<div class=\"elementor-column elementor-col-50 elementor-top-column elementor-element elementor-element-29981b3\" data-id=\"29981b3\" data-element_type=\"column\" data-e-type=\"column\" data-settings=\"{&quot;background_background&quot;:&quot;classic&quot;}\">\n\t\t\t<div class=\"elementor-widget-wrap elementor-element-populated\">\n\t\t\t\t\t\t\t<\/div>\n\t\t<\/div>\n\t\t\t\t<div class=\"elementor-column elementor-col-50 elementor-top-column elementor-element elementor-element-c173071\" data-id=\"c173071\" data-element_type=\"column\" data-e-type=\"column\">\n\t\t\t<div class=\"elementor-widget-wrap elementor-element-populated\">\n\t\t\t\t\t\t<div class=\"elementor-element elementor-element-433b107 elementor-widget elementor-widget-heading\" data-id=\"433b107\" data-element_type=\"widget\" data-e-type=\"widget\" data-widget_type=\"heading.default\">\n\t\t\t\t<div class=\"elementor-widget-container\">\n\t\t\t\t\t<h2 class=\"elementor-heading-title elementor-size-medium\"><a href=\"https:\/\/tomyklou.gr\/maskes-prosopou\/\">Face Masks: Why They Are Essential in Your Skincare Routine<\/a><\/h2>\t\t\t\t<\/div>\n\t\t\t\t<\/div>\n\t\t\t\t<div class=\"elementor-element elementor-element-87d8bdc elementor-widget elementor-widget-text-editor\" data-id=\"87d8bdc\" data-element_type=\"widget\" data-e-type=\"widget\" data-widget_type=\"text-editor.default\">\n\t\t\t\t<div class=\"elementor-widget-container\">\n\t\t\t\t\t\t\t\t\t<p>Die Anwendung einer Gesichtsmaske ist ein wichtiger Bestandteil der t\u00e4glichen oder w\u00f6chentlichen Hautpflegeroutine geworden. Doch viele fragen sich &#8230;.<\/p>\t\t\t\t\t\t\t\t<\/div>\n\t\t\t\t<\/div>\n\t\t\t\t<div class=\"elementor-element elementor-element-8a34cca elementor-align-right elementor-mobile-align-center elementor-widget elementor-widget-button\" data-id=\"8a34cca\" data-element_type=\"widget\" data-e-type=\"widget\" data-widget_type=\"button.default\">\n\t\t\t\t<div class=\"elementor-widget-container\">\n\t\t\t\t\t\t\t\t\t<div class=\"elementor-button-wrapper\">\n\t\t\t\t\t<a class=\"elementor-button elementor-button-link elementor-size-sm\" href=\"https:\/\/tomyklou.gr\/en\/face-masks\/\">\n\t\t\t\t\t\t<span class=\"elementor-button-content-wrapper\">\n\t\t\t\t\t\t\t\t\t<span class=\"elementor-button-text\">Discover now<\/span>\n\t\t\t\t\t<\/span>\n\t\t\t\t\t<\/a>\n\t\t\t\t<\/div>\n\t\t\t\t\t\t\t\t<\/div>\n\t\t\t\t<\/div>\n\t\t\t\t\t<\/div>\n\t\t<\/div>\n\t\t\t\t\t<\/div>\n\t\t<\/section>\n\t\t\t\t<section class=\"elementor-section elementor-top-section elementor-element elementor-element-bd0d125 elementor-section-boxed elementor-section-height-default elementor-section-height-default\" data-id=\"bd0d125\" data-element_type=\"section\" data-e-type=\"section\">\n\t\t\t\t\t\t<div class=\"elementor-container elementor-column-gap-default\">\n\t\t\t\t\t<div class=\"elementor-column elementor-col-50 elementor-top-column elementor-element elementor-element-936829b\" data-id=\"936829b\" data-element_type=\"column\" data-e-type=\"column\" data-settings=\"{&quot;background_background&quot;:&quot;classic&quot;}\">\n\t\t\t<div class=\"elementor-widget-wrap elementor-element-populated\">\n\t\t\t\t\t\t\t<\/div>\n\t\t<\/div>\n\t\t\t\t<div class=\"elementor-column elementor-col-50 elementor-top-column elementor-element elementor-element-d92fde7\" data-id=\"d92fde7\" data-element_type=\"column\" data-e-type=\"column\">\n\t\t\t<div class=\"elementor-widget-wrap elementor-element-populated\">\n\t\t\t\t\t\t<div class=\"elementor-element elementor-element-e9f5c28 elementor-widget elementor-widget-heading\" data-id=\"e9f5c28\" data-element_type=\"widget\" data-e-type=\"widget\" data-widget_type=\"heading.default\">\n\t\t\t\t<div class=\"elementor-widget-container\">\n\t\t\t\t\t<h2 class=\"elementor-heading-title elementor-size-medium\">MULDREAM Premium Biome Sun Cream SPF50+\/PA++<\/h2>\t\t\t\t<\/div>\n\t\t\t\t<\/div>\n\t\t\t\t<div class=\"elementor-element elementor-element-1b46da5 elementor-widget elementor-widget-text-editor\" data-id=\"1b46da5\" data-element_type=\"widget\" data-e-type=\"widget\" data-widget_type=\"text-editor.default\">\n\t\t\t\t<div class=\"elementor-widget-container\">\n\t\t\t\t\t\t\t\t\t<p>Mit einem <a href=\"https:\/\/www.tomyklou.gr\/de\/blog\/muldream\/\">Namen,<\/a> der \u201eMy Urban Life Dream\u201c bedeutet, zielt die aufstrebende koreanische Marke Muldream darauf ab, gestresste Haut durch ihr Sortiment an sauberer, vegan-freundlicher Hautpflege vor urbanen Schadstoffen und \u00e4usseren Aggressoren zu sch\u00fctzen. Alle Produkte &#8230;.<\/p>\t\t\t\t\t\t\t\t<\/div>\n\t\t\t\t<\/div>\n\t\t\t\t<div class=\"elementor-element elementor-element-a03c4ea elementor-align-right elementor-mobile-align-center elementor-widget elementor-widget-button\" data-id=\"a03c4ea\" data-element_type=\"widget\" data-e-type=\"widget\" data-widget_type=\"button.default\">\n\t\t\t\t<div class=\"elementor-widget-container\">\n\t\t\t\t\t\t\t\t\t<div class=\"elementor-button-wrapper\">\n\t\t\t\t\t<a class=\"elementor-button elementor-button-link elementor-size-sm\" href=\"https:\/\/www.tomyklou.gr\/en\/muldream-premium-biome-sun-cream-spf50-pa\/\">\n\t\t\t\t\t\t<span class=\"elementor-button-content-wrapper\">\n\t\t\t\t\t\t\t\t\t<span class=\"elementor-button-text\">Discover now<\/span>\n\t\t\t\t\t<\/span>\n\t\t\t\t\t<\/a>\n\t\t\t\t<\/div>\n\t\t\t\t\t\t\t\t<\/div>\n\t\t\t\t<\/div>\n\t\t\t\t\t<\/div>\n\t\t<\/div>\n\t\t\t\t\t<\/div>\n\t\t<\/section>\n\t\t\t\t<section class=\"elementor-section elementor-top-section elementor-element elementor-element-9858f97 elementor-section-boxed elementor-section-height-default elementor-section-height-default\" data-id=\"9858f97\" data-element_type=\"section\" data-e-type=\"section\">\n\t\t\t\t\t\t<div class=\"elementor-container elementor-column-gap-default\">\n\t\t\t\t\t<div class=\"elementor-column elementor-col-50 elementor-top-column elementor-element elementor-element-16f8c2b\" data-id=\"16f8c2b\" data-element_type=\"column\" data-e-type=\"column\" data-settings=\"{&quot;background_background&quot;:&quot;classic&quot;}\">\n\t\t\t<div class=\"elementor-widget-wrap elementor-element-populated\">\n\t\t\t\t\t\t\t<\/div>\n\t\t<\/div>\n\t\t\t\t<div class=\"elementor-column elementor-col-50 elementor-top-column elementor-element elementor-element-b3d3414\" data-id=\"b3d3414\" data-element_type=\"column\" data-e-type=\"column\">\n\t\t\t<div class=\"elementor-widget-wrap elementor-element-populated\">\n\t\t\t\t\t\t<div class=\"elementor-element elementor-element-1072e27 elementor-widget elementor-widget-heading\" data-id=\"1072e27\" data-element_type=\"widget\" data-e-type=\"widget\" data-widget_type=\"heading.default\">\n\t\t\t\t<div class=\"elementor-widget-container\">\n\t\t\t\t\t<h2 class=\"elementor-heading-title elementor-size-medium\">Muldream New Brand (Exclusive Partner)<\/h2>\t\t\t\t<\/div>\n\t\t\t\t<\/div>\n\t\t\t\t<div class=\"elementor-element elementor-element-595bc9f elementor-widget elementor-widget-text-editor\" data-id=\"595bc9f\" data-element_type=\"widget\" data-e-type=\"widget\" data-widget_type=\"text-editor.default\">\n\t\t\t\t<div class=\"elementor-widget-container\">\n\t\t\t\t\t\t\t\t\t<p>Mit einem <a href=\"https:\/\/www.tomyklou.gr\/de\/blog\/muldream\/\">Namen,<\/a> der \u201eMy Urban Life Dream\u201c bedeutet, zielt die aufstrebende koreanische Marke Muldream darauf ab, gestresste Haut durch ihr Sortiment an sauberer, vegan-freundlicher Hautpflege vor urbanen Schadstoffen und \u00e4usseren Aggressoren zu sch\u00fctzen. Alle Produkte &#8230;.<\/p>\t\t\t\t\t\t\t\t<\/div>\n\t\t\t\t<\/div>\n\t\t\t\t<div class=\"elementor-element elementor-element-45dba0e elementor-align-right elementor-mobile-align-center elementor-widget elementor-widget-button\" data-id=\"45dba0e\" data-element_type=\"widget\" data-e-type=\"widget\" data-widget_type=\"button.default\">\n\t\t\t\t<div class=\"elementor-widget-container\">\n\t\t\t\t\t\t\t\t\t<div class=\"elementor-button-wrapper\">\n\t\t\t\t\t<a class=\"elementor-button elementor-button-link elementor-size-sm\" href=\"https:\/\/tomyklou.gr\/k-beauty-blog\/muldream\/\">\n\t\t\t\t\t\t<span class=\"elementor-button-content-wrapper\">\n\t\t\t\t\t\t\t\t\t<span class=\"elementor-button-text\">Learn more<\/span>\n\t\t\t\t\t<\/span>\n\t\t\t\t\t<\/a>\n\t\t\t\t<\/div>\n\t\t\t\t\t\t\t\t<\/div>\n\t\t\t\t<\/div>\n\t\t\t\t\t<\/div>\n\t\t<\/div>\n\t\t\t\t\t<\/div>\n\t\t<\/section>\n\t\t\t\t<section class=\"elementor-section elementor-top-section elementor-element elementor-element-70ed9e3 elementor-section-boxed elementor-section-height-default elementor-section-height-default\" data-id=\"70ed9e3\" data-element_type=\"section\" data-e-type=\"section\">\n\t\t\t\t\t\t<div class=\"elementor-container elementor-column-gap-default\">\n\t\t\t\t\t<div class=\"elementor-column elementor-col-50 elementor-top-column elementor-element elementor-element-746c4ea\" data-id=\"746c4ea\" data-element_type=\"column\" data-e-type=\"column\" data-settings=\"{&quot;background_background&quot;:&quot;classic&quot;}\">\n\t\t\t<div class=\"elementor-widget-wrap elementor-element-populated\">\n\t\t\t\t\t\t\t<\/div>\n\t\t<\/div>\n\t\t\t\t<div class=\"elementor-column elementor-col-50 elementor-top-column elementor-element elementor-element-01eb8e0\" data-id=\"01eb8e0\" data-element_type=\"column\" data-e-type=\"column\">\n\t\t\t<div class=\"elementor-widget-wrap elementor-element-populated\">\n\t\t\t\t\t\t<div class=\"elementor-element elementor-element-5e5d645 elementor-widget elementor-widget-heading\" data-id=\"5e5d645\" data-element_type=\"widget\" data-e-type=\"widget\" data-widget_type=\"heading.default\">\n\t\t\t\t<div class=\"elementor-widget-container\">\n\t\t\t\t\t<h2 class=\"elementor-heading-title elementor-size-medium\">COSRX Snailed My Skincare<\/h2>\t\t\t\t<\/div>\n\t\t\t\t<\/div>\n\t\t\t\t<div class=\"elementor-element elementor-element-9a57cf8 elementor-widget elementor-widget-text-editor\" data-id=\"9a57cf8\" data-element_type=\"widget\" data-e-type=\"widget\" data-widget_type=\"text-editor.default\">\n\t\t\t\t<div class=\"elementor-widget-container\">\n\t\t\t\t\t\t\t\t\t<p>1. Advanced <a href=\"https:\/\/www.tomyklou.gr\/de\/\/product\/cosrx-advanced-snail-mucin-power-essence\/\">Snail 96 Mucin Power Essence<\/a> Es ist eine leichte, aber feuchtigkeitsspendende Essenz, hat eine dicke, schleimige Textur, die schnell in die Haut einzieht, um der Haut diesen nat\u00fcrlichen Glanz von innen zu verleihen und die beste &#8230;.<\/p>\t\t\t\t\t\t\t\t<\/div>\n\t\t\t\t<\/div>\n\t\t\t\t<div class=\"elementor-element elementor-element-e0ed6bd elementor-align-right elementor-mobile-align-center elementor-widget elementor-widget-button\" data-id=\"e0ed6bd\" data-element_type=\"widget\" data-e-type=\"widget\" data-widget_type=\"button.default\">\n\t\t\t\t<div class=\"elementor-widget-container\">\n\t\t\t\t\t\t\t\t\t<div class=\"elementor-button-wrapper\">\n\t\t\t\t\t<a class=\"elementor-button elementor-button-link elementor-size-sm\" href=\"https:\/\/tomyklou.gr\/en\/k-beauty-blog\/best-reviewer-cosrx-snailed-my-skincare\/\">\n\t\t\t\t\t\t<span class=\"elementor-button-content-wrapper\">\n\t\t\t\t\t\t\t\t\t<span class=\"elementor-button-text\">Learn more<\/span>\n\t\t\t\t\t<\/span>\n\t\t\t\t\t<\/a>\n\t\t\t\t<\/div>\n\t\t\t\t\t\t\t\t<\/div>\n\t\t\t\t<\/div>\n\t\t\t\t\t<\/div>\n\t\t<\/div>\n\t\t\t\t\t<\/div>\n\t\t<\/section>\n\t\t\t\t<section class=\"elementor-section elementor-top-section elementor-element elementor-element-3696433 elementor-section-boxed elementor-section-height-default elementor-section-height-default\" data-id=\"3696433\" data-element_type=\"section\" data-e-type=\"section\">\n\t\t\t\t\t\t<div class=\"elementor-container elementor-column-gap-default\">\n\t\t\t\t\t<div class=\"elementor-column elementor-col-50 elementor-top-column elementor-element elementor-element-c17ea28\" data-id=\"c17ea28\" data-element_type=\"column\" data-e-type=\"column\" data-settings=\"{&quot;background_background&quot;:&quot;classic&quot;}\">\n\t\t\t<div class=\"elementor-widget-wrap elementor-element-populated\">\n\t\t\t\t\t\t\t<\/div>\n\t\t<\/div>\n\t\t\t\t<div class=\"elementor-column elementor-col-50 elementor-top-column elementor-element elementor-element-5f0cc95\" data-id=\"5f0cc95\" data-element_type=\"column\" data-e-type=\"column\">\n\t\t\t<div class=\"elementor-widget-wrap elementor-element-populated\">\n\t\t\t\t\t\t<div class=\"elementor-element elementor-element-4e8c77a elementor-widget elementor-widget-heading\" data-id=\"4e8c77a\" data-element_type=\"widget\" data-e-type=\"widget\" data-widget_type=\"heading.default\">\n\t\t\t\t<div class=\"elementor-widget-container\">\n\t\t\t\t\t<h2 class=\"elementor-heading-title elementor-size-medium\">The 10 steps of Korean skin care explained<\/h2>\t\t\t\t<\/div>\n\t\t\t\t<\/div>\n\t\t\t\t<div class=\"elementor-element elementor-element-3e88305 elementor-widget elementor-widget-text-editor\" data-id=\"3e88305\" data-element_type=\"widget\" data-e-type=\"widget\" data-widget_type=\"text-editor.default\">\n\t\t\t\t<div class=\"elementor-widget-container\">\n\t\t\t\t\t\t\t\t\t<p><strong><span style=\"font-size: 1.3em;\">Wie wende ich koreanische Kosmetik richtig an?<\/span><\/strong><\/p><div class=\"wp-block-group\"><div class=\"wp-block-group__inner-container\"><div class=\"wp-block-group\"><div class=\"wp-block-group__inner-container\"><p><!-- \/wp:heading --><\/p><p><!-- wp:paragraph --><\/p><p><a href=\"https:\/\/www.tomyklou.gr\/de\/blog\/die-10-schritte-der-koreanischen-hautpflege-erklart\/\">K-Beauty \u2013\u00a0<em>Korean Beauty \u2013\u00a0<\/em>ist mehr als nur ein<\/a> Trend, der aus S\u00fcd-Korea r\u00fcbergeschwappt ist. Echte Sch\u00f6nheit-Gurus wissen schon lange \u00fcber das Ph\u00e4nomen bescheid. Die richtige Hautpflege ist viel wichtiger als das Auftragen von Make-up. Das koreanische Beauty-Ritual besteht aus 10 gut durchdachten Schritten und stellt sicher, dass die Haut bis in die Tiefe gereinigt wird und den ganzen Tag \u00fcber &#8230;.<\/p><\/div><\/div><\/div><\/div>\t\t\t\t\t\t\t\t<\/div>\n\t\t\t\t<\/div>\n\t\t\t\t<div class=\"elementor-element elementor-element-ae26eba elementor-align-right elementor-mobile-align-center elementor-widget elementor-widget-button\" data-id=\"ae26eba\" data-element_type=\"widget\" data-e-type=\"widget\" data-widget_type=\"button.default\">\n\t\t\t\t<div class=\"elementor-widget-container\">\n\t\t\t\t\t\t\t\t\t<div class=\"elementor-button-wrapper\">\n\t\t\t\t\t<a class=\"elementor-button elementor-button-link elementor-size-sm\" href=\"https:\/\/tomyklou.gr\/en\/die-10-schritte-der-koreanischen-hautpflege-erklart\/\">\n\t\t\t\t\t\t<span class=\"elementor-button-content-wrapper\">\n\t\t\t\t\t\t\t\t\t<span class=\"elementor-button-text\">Discover now<\/span>\n\t\t\t\t\t<\/span>\n\t\t\t\t\t<\/a>\n\t\t\t\t<\/div>\n\t\t\t\t\t\t\t\t<\/div>\n\t\t\t\t<\/div>\n\t\t\t\t\t<\/div>\n\t\t<\/div>\n\t\t\t\t\t<\/div>\n\t\t<\/section>\n\t\t\t\t<\/div>\n\t\t","protected":false},"excerpt":{"rendered":"<p>\u0399\u03a3\u03a4\u039f\u039b\u039f\u0393\u0399\u039f \u039c\u03ac\u03c3\u03ba\u03b5\u03c2 \u03a0\u03c1\u03bf\u03c3\u03ce\u03c0\u03bf\u03c5: \u0393\u03b9\u03b1\u03c4\u03af \u0395\u03af\u03bd\u03b1\u03b9 \u0391\u03c0\u03b1\u03c1\u03b1\u03af\u03c4\u03b7\u03c4\u03b5\u03c2 \u03c3\u03c4\u03b7 \u03a1\u03bf\u03c5\u03c4\u03af\u03bd\u03b1 \u03a0\u03b5\u03c1\u03b9\u03c0\u03bf\u03af\u03b7\u03c3\u03b7\u03c2 \u0397 \u03c7\u03c1\u03ae\u03c3\u03b7 \u03bc\u03ac\u03c3\u03ba\u03b1\u03c2 \u03c0\u03c1\u03bf\u03c3\u03ce\u03c0\u03bf\u03c5 \u03ad\u03c7\u03b5\u03b9 \u03b3\u03af\u03bd\u03b5\u03b9 \u03ad\u03bd\u03b1 \u03b1\u03c0\u03b1\u03c1\u03b1\u03af\u03c4\u03b7\u03c4\u03bf \u03ba\u03bf\u03bc\u03bc\u03ac\u03c4\u03b9 \u03c4\u03b7\u03c2 \u03ba\u03b1\u03b8\u03b7\u03bc\u03b5\u03c1\u03b9\u03bd\u03ae\u03c2 \u03ae \u03b5\u03b2\u03b4\u03bf\u03bc\u03b1\u03b4\u03b9\u03b1\u03af\u03b1\u03c2 \u03c1\u03bf\u03c5\u03c4\u03af\u03bd\u03b1\u03c2 \u03c0\u03b5\u03c1\u03b9\u03c0\u03bf\u03af\u03b7\u03c3\u03b7\u03c2. \u038c\u03bc\u03c9\u03c2, \u03c0\u03bf\u03bb\u03bb\u03bf\u03af \u03b1\u03bd\u03b1\u03c1\u03c9\u03c4\u03b9\u03bf\u03cd\u03bd\u03c4\u03b1\u03b9 \u03b1\u03bd \u03b5\u03af\u03bd\u03b1\u03b9 \u03c0\u03c1\u03b1\u03b3\u03bc\u03b1\u03c4\u03b9\u03ba\u03ac \u03b1\u03c0\u03b1\u03c1\u03b1\u03af\u03c4\u03b7\u03c4\u03b5\u03c2. \u0391\u03c2 \u03b4\u03bf\u03cd\u03bc\u03b5 \u03b3\u03b9\u03b1\u03c4\u03af&#8230;\u00a0 \u0391\u03bd\u03b1\u03ba\u03b1\u03bb\u03cd\u03c8\u03c4\u03b5 \u03c4\u03ce\u03c1\u03b1 MULDREAM Premium Biome Sun Cream SPF50+\/PA++ (\u03a0\u03c1\u03bf\u03c3\u03c4\u03b1\u03c3\u03af\u03b1 \u03b1\u03c0\u03cc \u03c4\u03bf\u03bd \u0389\u03bb\u03b9\u03bf) \u039c\u03b5 \u03cc\u03bd\u03bf\u03bc\u03b1 \u03c0\u03bf\u03c5 \u03bc\u03b5\u03c4\u03b1\u03c6\u03c1\u03ac\u03b6\u03b5\u03c4\u03b1\u03b9 \u03c3\u03b5 \u00abMy Urban Life Dream\u00bb, [&hellip;]<\/p>\n","protected":false},"author":1,"featured_media":0,"parent":0,"menu_order":0,"comment_status":"closed","ping_status":"closed","template":"","meta":{"content-type":"","site-sidebar-layout":"no-sidebar","site-content-layout":"page-builder","ast-site-content-layout":"default","site-content-style":"default","site-sidebar-style":"default","ast-global-header-display":"","ast-banner-title-visibility":"","ast-main-header-display":"","ast-hfb-above-header-display":"","ast-hfb-below-header-display":"","ast-hfb-mobile-header-display":"","site-post-title":"disabled","ast-breadcrumbs-content":"","ast-featured-img":"disabled","footer-sml-layout":"","ast-disable-related-posts":"","theme-transparent-header-meta":"","adv-header-id-meta":"","stick-header-meta":"","header-above-stick-meta":"","header-main-stick-meta":"","header-below-stick-meta":"","astra-migrate-meta-layouts":"default","ast-page-background-enabled":"default","ast-page-background-meta":{"desktop":{"background-color":"","background-image":"","background-repeat":"repeat","background-position":"center center","background-size":"auto","background-attachment":"scroll","background-type":"","background-media":"","overlay-type":"","overlay-color":"","overlay-opacity":"","overlay-gradient":""},"tablet":{"background-color":"","background-image":"","background-repeat":"repeat","background-position":"center center","background-size":"auto","background-attachment":"scroll","background-type":"","background-media":"","overlay-type":"","overlay-color":"","overlay-opacity":"","overlay-gradient":""},"mobile":{"background-color":"","background-image":"","background-repeat":"repeat","background-position":"center center","background-size":"auto","background-attachment":"scroll","background-type":"","background-media":"","overlay-type":"","overlay-color":"","overlay-opacity":"","overlay-gradient":""}},"ast-content-background-meta":{"desktop":{"background-color":"var(--ast-global-color-5)","background-image":"","background-repeat":"repeat","background-position":"center center","background-size":"auto","background-attachment":"scroll","background-type":"","background-media":"","overlay-type":"","overlay-color":"","overlay-opacity":"","overlay-gradient":""},"tablet":{"background-color":"var(--ast-global-color-5)","background-image":"","background-repeat":"repeat","background-position":"center center","background-size":"auto","background-attachment":"scroll","background-type":"","background-media":"","overlay-type":"","overlay-color":"","overlay-opacity":"","overlay-gradient":""},"mobile":{"background-color":"var(--ast-global-color-5)","background-image":"","background-repeat":"repeat","background-position":"center center","background-size":"auto","background-attachment":"scroll","background-type":"","background-media":"","overlay-type":"","overlay-color":"","overlay-opacity":"","overlay-gradient":""}},"footnotes":""},"class_list":["post-1894","page","type-page","status-publish","hentry"],"_links":{"self":[{"href":"https:\/\/tomyklou.gr\/de\/wp-json\/wp\/v2\/pages\/1894","targetHints":{"allow":["GET"]}}],"collection":[{"href":"https:\/\/tomyklou.gr\/de\/wp-json\/wp\/v2\/pages"}],"about":[{"href":"https:\/\/tomyklou.gr\/de\/wp-json\/wp\/v2\/types\/page"}],"author":[{"embeddable":true,"href":"https:\/\/tomyklou.gr\/de\/wp-json\/wp\/v2\/users\/1"}],"replies":[{"embeddable":true,"href":"https:\/\/tomyklou.gr\/de\/wp-json\/wp\/v2\/comments?post=1894"}],"version-history":[{"count":106,"href":"https:\/\/tomyklou.gr\/de\/wp-json\/wp\/v2\/pages\/1894\/revisions"}],"predecessor-version":[{"id":10105,"href":"https:\/\/tomyklou.gr\/de\/wp-json\/wp\/v2\/pages\/1894\/revisions\/10105"}],"wp:attachment":[{"href":"https:\/\/tomyklou.gr\/de\/wp-json\/wp\/v2\/media?parent=1894"}],"curies":[{"name":"wp","href":"https:\/\/api.w.org\/{rel}","templated":true}]}}