{"id":1898,"date":"2022-11-05T23:11:31","date_gmt":"2022-11-05T21:11:31","guid":{"rendered":"https:\/\/tomyklou.gr\/?page_id=1898"},"modified":"2022-11-27T23:44:18","modified_gmt":"2022-11-27T21:44:18","slug":"die-10-schritte-der-koreanischen-hautpflege-erklart","status":"publish","type":"page","link":"https:\/\/tomyklou.gr\/de\/die-10-schritte-der-koreanischen-hautpflege-erklart\/","title":{"rendered":"Die 10 Schritte der koreanischen Hautpflege erkl\u00e4rt"},"content":{"rendered":"\t\t<div data-elementor-type=\"wp-page\" data-elementor-id=\"1898\" class=\"elementor elementor-1898\">\n\t\t\t\t\t\t<section class=\"elementor-section elementor-top-section elementor-element elementor-element-06a83ca elementor-section-boxed elementor-section-height-default elementor-section-height-default\" data-id=\"06a83ca\" data-element_type=\"section\" data-e-type=\"section\">\n\t\t\t\t\t\t<div class=\"elementor-container elementor-column-gap-default\">\n\t\t\t\t\t<div class=\"elementor-column elementor-col-100 elementor-top-column elementor-element elementor-element-cc05b0c\" data-id=\"cc05b0c\" data-element_type=\"column\" data-e-type=\"column\">\n\t\t\t<div class=\"elementor-widget-wrap elementor-element-populated\">\n\t\t\t\t\t\t<div class=\"elementor-element elementor-element-30cf577 elementor-widget elementor-widget-heading\" data-id=\"30cf577\" data-element_type=\"widget\" data-e-type=\"widget\" data-widget_type=\"heading.default\">\n\t\t\t\t<div class=\"elementor-widget-container\">\n\t\t\t\t\t<h2 class=\"elementor-heading-title elementor-size-default\">How to use Korean cosmetics correctly?<\/h2>\t\t\t\t<\/div>\n\t\t\t\t<\/div>\n\t\t\t\t\t<\/div>\n\t\t<\/div>\n\t\t\t\t\t<\/div>\n\t\t<\/section>\n\t\t\t\t<section class=\"elementor-section elementor-top-section elementor-element elementor-element-84d6123 elementor-section-boxed elementor-section-height-default elementor-section-height-default\" data-id=\"84d6123\" data-element_type=\"section\" data-e-type=\"section\">\n\t\t\t\t\t\t<div class=\"elementor-container elementor-column-gap-default\">\n\t\t\t\t\t<div class=\"elementor-column elementor-col-100 elementor-top-column elementor-element elementor-element-8c69d07\" data-id=\"8c69d07\" data-element_type=\"column\" data-e-type=\"column\">\n\t\t\t<div class=\"elementor-widget-wrap elementor-element-populated\">\n\t\t\t\t\t\t<div class=\"elementor-element elementor-element-4e685b6 elementor-widget elementor-widget-text-editor\" data-id=\"4e685b6\" data-element_type=\"widget\" data-e-type=\"widget\" data-widget_type=\"text-editor.default\">\n\t\t\t\t<div class=\"elementor-widget-container\">\n\t\t\t\t\t\t\t\t\t<h4>Die 10 Schritte der koreanischen Hautpflege erkl\u00e4rt<\/h4><p><a href=\"https:\/\/www.drjart.com\/\">K-Beauty \u2013\u00a0<\/a><i>Korean Beauty \u2013\u00a0<\/i>ist mehr als nur ein Trend, der aus S\u00fcd-Korea r\u00fcbergeschwappt ist. Echte Sch\u00f6nheit-Gurus wissen schon lange \u00fcber das Ph\u00e4nomen bescheid. Die richtige Hautpflege ist viel wichtiger als das Auftragen von Make-up. Das koreanische Beauty-Ritual besteht aus 10 gut durchdachten Schritten und stellt sicher, dass die Haut bis in die Tiefe gereinigt wird und den ganzen Tag \u00fcber strahlen kann. Das koreanische Sch\u00f6nheitsideal unterscheidet sich von dem, was wir hier aus Europa gewohnt sind. Koreaner legen gr\u00f6\u00dferen Wert auf Gesundheit, Hydration und Versorgung der Haut mit N\u00e4hrstoffen, anstatt sie mit so viel Make-up wie m\u00f6glich abzudecken. Im Folgenden erkl\u00e4ren wir alles Schritt f\u00fcr Schritt und wie Du es in deine eigene Hautpflege einbinden kannst.<\/p><p><img fetchpriority=\"high\" decoding=\"async\" class=\"alignnone\" src=\"https:\/\/cdn.webshopapp.com\/shops\/243452\/files\/315062675\/step1.jpg\" alt=\"10 Schritte \" width=\"1200\" height=\"300\" \/><\/p><h4>\u00a0<\/h4><h4><strong>Schritt 1: <a href=\"https:\/\/tomyklou.gr\/product_tag\/reinigung\/\">Reinigungs\u00f6l<\/a><\/strong><\/h4><p>Mit einem Reinigungs\u00f6l wird die koreanische 10-Schritte-Routine eingeleitet.<\/p><p><b>Wozu?\u00a0<\/b>Mit einem Reinigungs\u00f6l wird die Haut von Make-up, Schmutz und Talg befreit. Es enth\u00e4lt Inhaltsstoffe, die nicht nur die Hautoberfl\u00e4che reinigen, sondern auch Feuchtigkeit spenden. Das \u00d6l wirkt als eine Art L\u00f6sungsmittel, an das sich die Verunreinigungen binden. So wird das \u00d6l ganz einfach zusammen mit den Make-up-Resten und dem \u00fcbersch\u00fcssigen Talg mithilfe von lauwarmem Wasser abgewaschen. Reinigungs\u00f6l eignet sich auch hervorragend dazu, Sonnencreme von der Haut zu entfernen.<\/p><p><b>Wie?\u00a0<\/b>Eine geringe Menge auf die trockene Haut auftragen und sanft in die Haut einmassieren. Dann\u00a0das \u00d6l mit lauwarmem Wasser absp\u00fclen und das Gesicht vorsichtig mit einem weichen und sauberen Handtuch trocken tupfen. Im\u00a0Anschluss wird Reinigungsgel verwendet. Diese Methode ist auch als\u00a0doppelte Reinigung\u00a0(double Cleansing) bekannt.<\/p><p><b>\u00a0<\/b><\/p><figure style=\"width: 1200px\" class=\"wp-caption alignnone\"><img decoding=\"async\" src=\"https:\/\/cdn.webshopapp.com\/shops\/243452\/files\/315062673\/step2.jpg\" alt=\"Die 10 Schritte der koreanischen Hautpflege erkl\u00e4rt\" width=\"1200\" height=\"300\" \/><figcaption class=\"wp-caption-text\">Die 10 Schritte der koreanischen Hautpflege erkl\u00e4rt<\/figcaption><\/figure><p><b>\u00a0<\/b><\/p><h4><strong>Schritt 2: <\/strong><a href=\"https:\/\/tomyklou.gr\/product_tag\/reinigung\/\"><strong>Reinigungsgel &#8211; Gesichtsreiniger auf Wasserbasis<\/strong><\/a><\/h4><p>Reinigungsgel ist ein wichtiger Bestandteil der ber\u00fchmten koreanischen Hautpflege. Es bildet den zweiten Schritt der doppelten Reinigung.<\/p><p><b>Wozu?\u00a0<\/b>Gesichtsreiniger auf Wasserbasis oder Reinigungsgel reinigen die Haut tiefer gehend von Unreinheiten, wie Make-up, toten Hautzellen und Talg. Viele Reinigungsgels enthalten Wirkstoffe, die sich mit einem bestimmten Hautproblem befassen. Zus\u00e4tzlich wird die Haut hydriert, versorgt\u00a0und ins Gleichgewicht gebracht.<\/p><p>Reinigungsgel\u00a0ist f\u00fcr normale bis fettige Haut geeignet. Bei sehr trockener Haut sollte eine andere Art von Gesichtsreiniger\u00a0verwendet werden.<\/p><p><b>Wie?\u00a0<\/b>Den Cleanser mit den Fingern auf die angefeuchtete Haut auftragen und sanft einmassieren. Den entstandenen Schaum mit lauwarmem Wasser absp\u00fclen und das Gesicht vorsichtig mit einem weichen und sauberen Handtuch trocken tupfen. Hiernach kann bei Bedarf ein Peeling oder Scrub angewendet werden.<\/p><p><img decoding=\"async\" src=\"https:\/\/cdn.webshopapp.com\/shops\/243452\/files\/315062672\/step3.jpg\" alt=\"Koreanisches-Peeling\" width=\"100%\" \/><\/p><h4><strong>Schritt 3: Abgestorbene Hautzellen entfernen &#8211; <a href=\"https:\/\/tomyklou.gr\/product_tag\/peeling\/\">Peeling und Scrub<\/a><\/strong><\/h4><p>Wenn die Haut anf\u00e4ngt trockene und raue Stellen zu entwickeln, ist es Zeit, die \u00fcbersch\u00fcssigen und abgestorbenen Hautzellen zu entfernen. Dies kann mit einem\u00a0Peeling\u00a0oder\u00a0Scrub\u00a0passieren. Es ist nicht ratsam, diesen Schritt t\u00e4glich auszuf\u00fchren, da dies die Haut reizen kann. Peeling und Scrub sollten nicht mehr als zweimal pro Woche erfolgen.<\/p><p><b>Wozu?\u00a0<\/b>Tote\u00a0Hautzellen k\u00f6nnen mithilfe eines Pellings oder Scrubs leicht entfernt werden. So kommt die gesunde, neue Haut zum Vorschein. Dieser Vorgang ist eine etwas intensivere Behandlung und ist bei empfindlicher Haut nicht empfehlenswert. Scrubbing entfernt nicht nur tote Hautzellen, sondern beugt zudem Pickeln, Blackheads und eingewachsenen\u00a0Haaren vor.<\/p><p><b>Wie?\u00a0<\/b>Die gew\u00fcnschte Menge auf die Haut auftragen und mit kreisf\u00f6rmigen Bewegungen einmassieren. Dabei die Augen- und Mundregion auslassen. Das Produkt anschlie\u00dfend mit warmem Wasser\u00a0absp\u00fclen.<\/p><p><img decoding=\"async\" src=\"https:\/\/cdn.webshopapp.com\/shops\/243452\/files\/315062670\/step4.jpg\" alt=\"COSRX-Toner-Refresh-AHA-BHA-Vitamin-C-Daily\" width=\"100%\" \/><\/p><h4><strong>Schritt 4: <a href=\"https:\/\/tomyklou.gr\/product_tag\/toner-mist\/\">Toner oder Gesichtsspray<\/a><\/strong><\/h4><p>Toner\u00a0und\u00a0Gesichtsspray\u00a0pushen die Haut mit einem extra Feuchtigkeits-Boost.<\/p><p><b>Wozu?\u00a0<\/b>R\u00fcckst\u00e4nde werden entfernt und die Haut wird mit Feuchtigkeit versorgt, sodass sie einen strahlenden Glanz erh\u00e4lt. Dar\u00fcber hinaus sorgen Toner und Gesichtsspray daf\u00fcr, dass die folgenden Hautpflegeprodukte besser von der Haut aufgenommen werden. Sie eignen sich zudem gut als Grundlage f\u00fcr Make-up. Gesichtsspray ist teilweise auch in der Lage, Make-up zu fixieren.<\/p><p><b>Wie?\u00a0<\/b>Eine gro\u00dfz\u00fcgige Menge an\u00a0<em>Toner<\/em>\u00a0auf ein Wattepads geben und damit \u00fcber das Gesicht wischen, um Verunreinigungen zu entfernen und um die Haut zu tonen. F\u00fcr bessere Absorption den Toner in die Haut einarbeiten.\u00a0Das\u00a0<em>Gesichtsspray<\/em>\u00a0aus ca. 20 cm Abstand bei geschlossenen Augen auf das Gesicht spr\u00fchen. Das Spray sanft in die Haut tupfen, bis es v\u00f6llig eingezogen ist.<\/p><p><img decoding=\"async\" src=\"https:\/\/cdn.webshopapp.com\/shops\/243452\/files\/315062669\/step5.jpg\" alt=\"CORSX-Essence-Advanced-Snail-96-Mucin-Power\" width=\"100%\" \/><\/p><h4><strong>Schritt 5: <a href=\"https:\/\/tomyklou.gr\/product_tag\/essence-serum-oil\/\">Essence<\/a><\/strong><\/h4><p>Die Essenz ist in Schweiz noch nicht sehr bekannt. Jedoch ist sie ein essenzieller Bestandteil der K-Beauty-Routine. Sie ist vergleichbar mit einem Serum, besitzt allerdings eine niedrigere Konzentration.<\/p><p><b>Wozu?\u00a0<\/b>Essenzen versorgen die Haut mit Feuchtigkeit und\u00a0N\u00e4hrstoffen. Viele von\u00a0ihnen enthalten\u00a0Antioxidantien und Mineralien, welche die Haut pflegen. Essence kann\u00a0sowohl in der morgendlichen als auch in der Abendroutine verwendet werden. Sie sollte nach dem Toner aufgetragen werden, damit die Wirkstoffe effektiv von der Haut absorbiert werden k\u00f6nnen. Zur\u00fcck bleibt eine ebenm\u00e4\u00dfige und strahlende Grundlage.<\/p><p><b>Wie?\u00a0<\/b>Die gew\u00fcnschte\u00a0Menge auf die gereinigte und mit Toner behandelte Haut auftragen. Anschlie\u00dfend\u00a0die Haut tupfen, bis es v\u00f6llig eingezogen ist.<\/p><p><img decoding=\"async\" src=\"https:\/\/cdn.webshopapp.com\/shops\/243452\/files\/315062667\/step6.jpg\" alt=\"Koreanisches-Serum\" width=\"100%\" \/><\/p><h4><strong>Schritt 6: <a href=\"https:\/\/tomyklou.gr\/product_tag\/spezialbehandlung\/\">Treatment &#8211; Beauty-Behandlung<\/a><\/strong><\/h4><p>Treatments sind spezielle Behandlungen, die in Form eines\u00a0Serums, einer\u00a0Ampulle\u00a0oder eines\u00a0Spot-Treatments\u00a0angewendet werden k\u00f6nnen.<\/p><p><b>Wozu?\u00a0<\/b>Jede Behandlung geht ein bestimmtes Hautproblem an. Einige Seren k\u00fcmmern sich zum Beispiel um dunkle Flecken und Pickel. Eine Ampulle besitzt eine h\u00f6here Konzentration als ein Serum und wirkt somit viel intensiver. Die Wirkstoffe helfen, den Mangel an Feuchtigkeit auszugleichen, freie Radikale abzufangen, Zellen zu erneuern und zus\u00e4tzlichen Sauerstoff zur Haut zuzuf\u00fchren. Da eine\u00a0Ampulle st\u00e4rker wirkt als ein Serum, wird sie nicht t\u00e4glich \u00fcber einen l\u00e4ngeren Zeitraum hinweg angewendet. Je nach Ampulle wird sie entweder f\u00fcr nur wenige Tage t\u00e4glich angewendet, oder nur alle paar Tage \u00fcber einen l\u00e4ngeren Zeitraum.<\/p><p><b>Wie?\u00a0<\/b>Je nach Produktbeschreibung die vorgeschriebene Menge auftragen und in die Haut tupfen, bis es vollst\u00e4ndig eingezogen ist.<\/p><p><img decoding=\"async\" src=\"https:\/\/cdn.webshopapp.com\/shops\/243452\/files\/315062665\/step7.jpg\" alt=\"Sheet-Maske\" width=\"100%\" \/><\/p><h4>\u00a0<\/h4><h4><strong>Schritt 7:<a href=\"https:\/\/tomyklou.gr\/product_tag\/maske\/\"> Maske<\/a> <a href=\"https:\/\/tomyklou.gr\/product_tag\/maske\/\">Gesicht<\/a><\/strong><\/h4><p>Um die Haut zu verw\u00f6hnen oder sie mit extra Pflege zu versorgen gibt es verschiedene Arten von Gesichtsmasken mit unterschiedlichen Wirkungsweisen.<\/p><p><b>Wozu?<\/b><\/p><ul><li>Sheet-Masken\u00a0sind die bekanntesten Masken im koreanischen Sch\u00f6nheitsritual. Die Masken haben die Form eines Gesichts und sind mit Essenzen, Seren oder Ampullen durchtr\u00e4nkt.<\/li><li>Nachtmasken\u00a0werden vor dem Schlafengehen aufgetragen und pflegen die Haut \u00fcber Nacht.<\/li><li>Peel-off-Masken\u00a0entfernen abgestorbenen Hautzellen und Mitesser und sorgen daf\u00fcr, dass verstopfte Poren gereinigt werden.<\/li><li>Wash-off-Masken\u00a0pflegen, verj\u00fcngen und versorgen die Haut mit Feuchtigkeit. Nach einer Wash-off-Maske f\u00fchlt sich die Haut herrlich geschmeidig an.<\/li><\/ul><p><b>Wie?<\/b><\/p><p><em>Sheet-Masken<\/em>:\u00a0Die Maske aus der Verpackung nehmen und vorsichtig auseinanderfalten.\u00a0Die entfaltete Maske auf das Gesicht legen und nach 15-20 Minuten Einwirkzeit wieder entfernen.\u00a0Nach dem Entfernen das zur\u00fcckgebliebene Serum in die Haut tupfen, bis es vollst\u00e4ndig eingezogen ist.<\/p><p><em>Nachtmasken<\/em>: Vor dem Schlafengehen auf die trockene und gereinigte Haut auftragen. F\u00fcr bessere Absorption kann die Maske sanft einmassiert werden. \u00dcber Nacht einwirken lassen und morgens mit lauwarmem Wasser absp\u00fclen.<\/p><p><em>Peel-off-Masken<\/em>:\u00a0Eine geeignete Menge auf das gesamte Gesicht oder auf bestimmte Stellen im Gesicht auftragen. Dabei die Augen- und Mundpartie aussparen.\u00a0Die Maske f\u00fcr 20-30 Minuten komplett austrocknen lassen\u00a0(Trocknungszeit kann je nach aufgetragener Menge variieren). Die getrocknete Maske anschlie\u00dfend vorsichtig abziehen.<\/p><p><em>Wash-off-Masken<\/em>:\u00a0Auf die trockene und gereinigte Haut auftragen, dabei die Augenregion auslassen. F\u00fcr 15 Minuten einwirken lassen und anschlie\u00dfend mit lauwarmem Wasser abwaschen.<\/p><p><img decoding=\"async\" src=\"https:\/\/cdn.webshopapp.com\/shops\/243452\/files\/315062676\/step8.jpg\" alt=\"Koreanische-Augenpflege\" width=\"100%\" \/><\/p><h4><strong>Schritt 8: <a href=\"https:\/\/tomyklou.gr\/product_tag\/augenpflege\/\">Pflege der Augen<\/a><\/strong><\/h4><p>Die Haut in der Augenregion ist sehr d\u00fcnn und empfindlich. Deshalb ben\u00f6tigt sie spezielle Pflege.<\/p><p><b>Wozu?\u00a0<\/b>Die Haut um die Augen herum enth\u00e4lt weniger Dr\u00fcsen, wodurch die Haut schneller austrocknet und sensibler ist. Um sie zu entlasten, ist es wichtig, die Augenregion t\u00e4glich zu pflegen. Dies beugt verschiedenen Problemen wie Tr\u00e4nens\u00e4cken und Kr\u00e4henf\u00fc\u00dfen vor.<\/p><p><b>Wie?\u00a0<\/b>Trage morgens und abends die gew\u00fcnschte Menge auf die Region um die Augen herum auf. Tupfe das Produkt sanft in die Haut ein, bis es v\u00f6llig eingezogen ist.<\/p><p><img decoding=\"async\" src=\"https:\/\/cdn.webshopapp.com\/shops\/243452\/files\/315062681\/step9.jpg\" alt=\"Koreanische-Gesichtscreme\" width=\"100%\" \/><\/p><h4>\u00a0<\/h4><h4><strong>Schritt 9: <a href=\"https:\/\/tomyklou.gr\/product_tag\/moisturizer\/\">Gesichtscreme<\/a><\/strong><\/h4><p>Im vorletzten Schritt wird eine Gesichtscreme aufgetragen, welche auf die Bed\u00fcrfnisse Deiner Haut zugeschnitten ist.<\/p><p><b>Wozu?\u00a0<\/b>In der Hautpflege ist es extrem wichtig, f\u00fcr ausreichend Feuchtigkeit zu sorgen. Wenn die Haut regelm\u00e4\u00dfig befeuchtet wird, f\u00fchlt sie sich wunderbar weich und gepflegt an. Bei empfindlicher Haut empfiehlt es sich, ein Gesichtsgel zu verwenden. Diese sind frei von fetthaltigen\u00a0Inhaltsstoffen und hydratieren\u00a0empfindliche Haut am besten. Gesichtscremes eignen sich hervorragend f\u00fcr normale Haut und sorgen f\u00fcr seidige Geschmeidigkeit.<\/p><p><b>Wie?\u00a0<\/b>Trage die gew\u00fcnschte Menge an Creme auf die saubere Haut und arbeite sie sanft in die Haut ein, bis die Creme v\u00f6llig eingezogen ist.<\/p><p><img decoding=\"async\" src=\"https:\/\/cdn.webshopapp.com\/shops\/243452\/files\/315062682\/step10.jpg\" alt=\"Koreanische-Sonnencreme\" width=\"100%\" \/><\/p><h4>\u00a0<\/h4><h4><strong>Schritt 10: <a href=\"https:\/\/tomyklou.gr\/product_tag\/sonnenschutz\/\">Sonnenschutz<\/a><\/strong><\/h4><p>Nicht nur im Hochsommer ist es wichtig, die Haut vor der Sonne zu sch\u00fctzen. Die Haut verdient es auch den Rest des Jahres \u00fcber ausreichend vor den sch\u00e4dlichen Strahlen gesch\u00fctzt zu werden.<\/p><p><b>Wozu?\u00a0<\/b>Die Angabe auf Sonnenschutzprodukten in Asien ist etwas anders geregelt als in Europa: Sie gebrauchen das PA-System. Dieses ber\u00fccksichtigt nicht nur die UVB-Strahlen, wie es beim Lichtschutzfaktor LSF der Fall ist, sondern auch die UVA-Strahlung. Um Problemen wie Hautalterung, Pigmentflecken und anderen Hautkrankheiten bestm\u00f6glich zu vermeiden, sollte auch ein UVA-Schutz vorhanden sein.\u00a0Sonnencreme ist ein effiziente Weise, den Anzeichen vorzeitiger Hautalterung und Hautkrebs vorzubeugen. Sch\u00fctze Deine Haut mit Sonnencreme vor den sch\u00e4dlichen Stahlen, sodass sie nicht verbrennt und ausreichend mit Feuchtigkeit versorgt ist.<\/p><p><b>Wie?\u00a0<\/b>Verwende die Sonnencreme 30 Minuten, bevor Du in die Sonne gehst.\u00a0Schmier die Haut als letzten Schritt der morgendlichen Hautpflegeroutine gro\u00dfz\u00fcgig ein. F\u00fcr einen kontinuierlichen Schutz sollte die Sonnencreme alle 2 Stunden erneut aufgetragen werden.<\/p><p>Die meisten Menschen sind zun\u00e4chst von der gro\u00dfen Anzahl an Schritten geschockt. Doch schaut man genau hin, ergibt alles einen Sinn und die einzelnen Schritte lassen sich leicht in die eigene Routine einbinden. Nicht jeder Schritt muss jeden Tag ausgef\u00fchrt werden. Es geht darum die Routine und die in ihr verwendeten Produkte auf den eigenen Lebensstil, Hauttyp, momentane Hautprobleme und die Jahreszeit anzupassen. Letztendlich dreht sich in der koreanischen Hautpflege alles um eines:\u00a0<strong>Personalisierung<\/strong>.\u00a0 <a href=\"https:\/\/tomyklou.gr\/k-beauty-blog\/\">\u00a0 \u00a0<strong><em>K-Beauty Blog\u00a0<\/em><\/strong><\/a><\/p>\t\t\t\t\t\t\t\t<\/div>\n\t\t\t\t<\/div>\n\t\t\t\t\t<\/div>\n\t\t<\/div>\n\t\t\t\t\t<\/div>\n\t\t<\/section>\n\t\t\t\t<\/div>\n\t\t","protected":false},"excerpt":{"rendered":"<p>\u03a0\u03ce\u03c2 \u03bd\u03b1 \u03c7\u03c1\u03b7\u03c3\u03b9\u03bc\u03bf\u03c0\u03bf\u03b9\u03ae\u03c3\u03b5\u03c4\u03b5 \u03c3\u03c9\u03c3\u03c4\u03ac \u03c4\u03b1 \u03ba\u03bf\u03c1\u03b5\u03ac\u03c4\u03b9\u03ba\u03b1 \u03ba\u03b1\u03bb\u03bb\u03c5\u03bd\u03c4\u03b9\u03ba\u03ac; \u03a4\u03b1 10 \u03b2\u03ae\u03bc\u03b1\u03c4\u03b1 \u03c4\u03b7\u03c2 \u03ba\u03bf\u03c1\u03b5\u03b1\u03c4\u03b9\u03ba\u03ae\u03c2 \u03c6\u03c1\u03bf\u03bd\u03c4\u03af\u03b4\u03b1\u03c2 \u03c4\u03bf\u03c5 \u03b4\u03ad\u03c1\u03bc\u03b1\u03c4\u03bf\u03c2 -\u03c0\u03c9\u03c2 \u03b5\u03c6\u03b1\u03c1\u03bc\u03cc\u03b6\u03bf\u03bd\u03c4\u03b1\u03b9. \u03a4\u03bf K-Beauty &#8211; Korean Beauty &#8211; \u03b5\u03af\u03bd\u03b1\u03b9 \u03ba\u03ac\u03c4\u03b9 \u03c0\u03b5\u03c1\u03b9\u03c3\u03c3\u03cc\u03c4\u03b5\u03c1\u03bf \u03b1\u03c0\u03cc \u03bc\u03b9\u03b1 \u03b1\u03c0\u03bb\u03ae \u03c4\u03ac\u03c3\u03b7 \u03c0\u03bf\u03c5 \u03be\u03b5\u03c7\u03cd\u03b8\u03b7\u03ba\u03b5 \u03b1\u03c0\u03cc \u03c4\u03b7 \u039d\u03cc\u03c4\u03b9\u03b1 \u039a\u03bf\u03c1\u03ad\u03b1. \u039f\u03b9 \u03c0\u03c1\u03b1\u03b3\u03bc\u03b1\u03c4\u03b9\u03ba\u03bf\u03af \u03b3\u03ba\u03bf\u03c5\u03c1\u03bf\u03cd \u03c4\u03b7\u03c2 \u03bf\u03bc\u03bf\u03c1\u03c6\u03b9\u03ac\u03c2 \u03b3\u03bd\u03ce\u03c1\u03b9\u03b6\u03b1\u03bd \u03c4\u03bf \u03c6\u03b1\u03b9\u03bd\u03cc\u03bc\u03b5\u03bd\u03bf \u03b5\u03b4\u03ce \u03ba\u03b1\u03b9 \u03c0\u03bf\u03bb\u03cd \u03ba\u03b1\u03b9\u03c1\u03cc. \u0397 \u03c3\u03c9\u03c3\u03c4\u03ae \u03c0\u03b5\u03c1\u03b9\u03c0\u03bf\u03af\u03b7\u03c3\u03b7 \u03c4\u03bf\u03c5 \u03b4\u03ad\u03c1\u03bc\u03b1\u03c4\u03bf\u03c2 \u03b5\u03af\u03bd\u03b1\u03b9 \u03c0\u03bf\u03bb\u03cd [&hellip;]<\/p>\n","protected":false},"author":1,"featured_media":0,"parent":0,"menu_order":0,"comment_status":"closed","ping_status":"closed","template":"","meta":{"content-type":"","site-sidebar-layout":"no-sidebar","site-content-layout":"page-builder","ast-site-content-layout":"default","site-content-style":"default","site-sidebar-style":"default","ast-global-header-display":"","ast-banner-title-visibility":"","ast-main-header-display":"","ast-hfb-above-header-display":"","ast-hfb-below-header-display":"","ast-hfb-mobile-header-display":"","site-post-title":"disabled","ast-breadcrumbs-content":"","ast-featured-img":"disabled","footer-sml-layout":"","ast-disable-related-posts":"","theme-transparent-header-meta":"","adv-header-id-meta":"","stick-header-meta":"","header-above-stick-meta":"","header-main-stick-meta":"","header-below-stick-meta":"","astra-migrate-meta-layouts":"default","ast-page-background-enabled":"default","ast-page-background-meta":{"desktop":{"background-color":"","background-image":"","background-repeat":"repeat","background-position":"center center","background-size":"auto","background-attachment":"scroll","background-type":"","background-media":"","overlay-type":"","overlay-color":"","overlay-opacity":"","overlay-gradient":""},"tablet":{"background-color":"","background-image":"","background-repeat":"repeat","background-position":"center center","background-size":"auto","background-attachment":"scroll","background-type":"","background-media":"","overlay-type":"","overlay-color":"","overlay-opacity":"","overlay-gradient":""},"mobile":{"background-color":"","background-image":"","background-repeat":"repeat","background-position":"center center","background-size":"auto","background-attachment":"scroll","background-type":"","background-media":"","overlay-type":"","overlay-color":"","overlay-opacity":"","overlay-gradient":""}},"ast-content-background-meta":{"desktop":{"background-color":"var(--ast-global-color-5)","background-image":"","background-repeat":"repeat","background-position":"center center","background-size":"auto","background-attachment":"scroll","background-type":"","background-media":"","overlay-type":"","overlay-color":"","overlay-opacity":"","overlay-gradient":""},"tablet":{"background-color":"var(--ast-global-color-5)","background-image":"","background-repeat":"repeat","background-position":"center center","background-size":"auto","background-attachment":"scroll","background-type":"","background-media":"","overlay-type":"","overlay-color":"","overlay-opacity":"","overlay-gradient":""},"mobile":{"background-color":"var(--ast-global-color-5)","background-image":"","background-repeat":"repeat","background-position":"center center","background-size":"auto","background-attachment":"scroll","background-type":"","background-media":"","overlay-type":"","overlay-color":"","overlay-opacity":"","overlay-gradient":""}},"footnotes":""},"class_list":["post-1898","page","type-page","status-publish","hentry"],"_links":{"self":[{"href":"https:\/\/tomyklou.gr\/de\/wp-json\/wp\/v2\/pages\/1898","targetHints":{"allow":["GET"]}}],"collection":[{"href":"https:\/\/tomyklou.gr\/de\/wp-json\/wp\/v2\/pages"}],"about":[{"href":"https:\/\/tomyklou.gr\/de\/wp-json\/wp\/v2\/types\/page"}],"author":[{"embeddable":true,"href":"https:\/\/tomyklou.gr\/de\/wp-json\/wp\/v2\/users\/1"}],"replies":[{"embeddable":true,"href":"https:\/\/tomyklou.gr\/de\/wp-json\/wp\/v2\/comments?post=1898"}],"version-history":[{"count":16,"href":"https:\/\/tomyklou.gr\/de\/wp-json\/wp\/v2\/pages\/1898\/revisions"}],"predecessor-version":[{"id":4981,"href":"https:\/\/tomyklou.gr\/de\/wp-json\/wp\/v2\/pages\/1898\/revisions\/4981"}],"wp:attachment":[{"href":"https:\/\/tomyklou.gr\/de\/wp-json\/wp\/v2\/media?parent=1898"}],"curies":[{"name":"wp","href":"https:\/\/api.w.org\/{rel}","templated":true}]}}