{"id":1944,"date":"2022-11-06T00:12:59","date_gmt":"2022-11-05T22:12:59","guid":{"rendered":"https:\/\/tomyklou.gr\/?page_id=1944"},"modified":"2022-11-23T20:36:03","modified_gmt":"2022-11-23T18:36:03","slug":"tieso-foot","status":"publish","type":"page","link":"https:\/\/tomyklou.gr\/de\/tieso-foot\/","title":{"rendered":"TIESO Fu\u00dfpflege"},"content":{"rendered":"\t\t<div data-elementor-type=\"wp-page\" data-elementor-id=\"1944\" class=\"elementor elementor-1944\">\n\t\t\t\t\t\t<section class=\"elementor-section elementor-top-section elementor-element elementor-element-13189a1 elementor-section-boxed elementor-section-height-default elementor-section-height-default\" data-id=\"13189a1\" data-element_type=\"section\" data-e-type=\"section\">\n\t\t\t\t\t\t<div class=\"elementor-container elementor-column-gap-default\">\n\t\t\t\t\t<div class=\"elementor-column elementor-col-100 elementor-top-column elementor-element elementor-element-933c011\" data-id=\"933c011\" data-element_type=\"column\" data-e-type=\"column\">\n\t\t\t<div class=\"elementor-widget-wrap elementor-element-populated\">\n\t\t\t\t\t\t<div class=\"elementor-element elementor-element-beb79a3 elementor-widget elementor-widget-heading\" data-id=\"beb79a3\" data-element_type=\"widget\" data-e-type=\"widget\" data-widget_type=\"heading.default\">\n\t\t\t\t<div class=\"elementor-widget-container\">\n\t\t\t\t\t<h2 class=\"elementor-heading-title elementor-size-default\">TIESO FOOT<\/h2>\t\t\t\t<\/div>\n\t\t\t\t<\/div>\n\t\t\t\t\t<\/div>\n\t\t<\/div>\n\t\t\t\t\t<\/div>\n\t\t<\/section>\n\t\t\t\t<section class=\"elementor-section elementor-top-section elementor-element elementor-element-3c4a7da elementor-section-height-min-height elementor-section-boxed elementor-section-height-default elementor-section-items-middle\" data-id=\"3c4a7da\" data-element_type=\"section\" data-e-type=\"section\" data-settings=\"{&quot;background_background&quot;:&quot;classic&quot;}\">\n\t\t\t\t\t\t<div class=\"elementor-container elementor-column-gap-default\">\n\t\t\t\t\t<div class=\"elementor-column elementor-col-100 elementor-top-column elementor-element elementor-element-4490e4e\" data-id=\"4490e4e\" data-element_type=\"column\" data-e-type=\"column\">\n\t\t\t<div class=\"elementor-widget-wrap\">\n\t\t\t\t\t\t\t<\/div>\n\t\t<\/div>\n\t\t\t\t\t<\/div>\n\t\t<\/section>\n\t\t\t\t<section class=\"elementor-section elementor-top-section elementor-element elementor-element-af221ae elementor-section-boxed elementor-section-height-default elementor-section-height-default\" data-id=\"af221ae\" data-element_type=\"section\" data-e-type=\"section\">\n\t\t\t\t\t\t<div class=\"elementor-container elementor-column-gap-default\">\n\t\t\t\t\t<div class=\"elementor-column elementor-col-50 elementor-top-column elementor-element elementor-element-778ce23\" data-id=\"778ce23\" data-element_type=\"column\" data-e-type=\"column\">\n\t\t\t<div class=\"elementor-widget-wrap elementor-element-populated\">\n\t\t\t\t\t\t<div class=\"elementor-element elementor-element-c294db3 elementor-widget elementor-widget-image\" data-id=\"c294db3\" data-element_type=\"widget\" data-e-type=\"widget\" data-widget_type=\"image.default\">\n\t\t\t\t<div class=\"elementor-widget-container\">\n\t\t\t\t\t\t\t\t\t\t\t\t\t\t\t<img fetchpriority=\"high\" decoding=\"async\" width=\"1024\" height=\"1024\" src=\"https:\/\/tomyklou.gr\/wp-content\/uploads\/2022\/11\/TIESO-FOOT-2-1024x1024.webp\" class=\"attachment-large size-large wp-image-4505\" alt=\"TIESO Foot (foot care spray)\" srcset=\"https:\/\/tomyklou.gr\/wp-content\/uploads\/2022\/11\/TIESO-FOOT-2-1024x1024.webp 1024w, https:\/\/tomyklou.gr\/wp-content\/uploads\/2022\/11\/TIESO-FOOT-2-900x900.webp 900w, https:\/\/tomyklou.gr\/wp-content\/uploads\/2022\/11\/TIESO-FOOT-2-100x100.webp 100w, https:\/\/tomyklou.gr\/wp-content\/uploads\/2022\/11\/TIESO-FOOT-2-300x300.webp 300w, https:\/\/tomyklou.gr\/wp-content\/uploads\/2022\/11\/TIESO-FOOT-2-150x150.webp 150w, https:\/\/tomyklou.gr\/wp-content\/uploads\/2022\/11\/TIESO-FOOT-2-768x768.webp 768w, https:\/\/tomyklou.gr\/wp-content\/uploads\/2022\/11\/TIESO-FOOT-2-1536x1536.webp 1536w, https:\/\/tomyklou.gr\/wp-content\/uploads\/2022\/11\/TIESO-FOOT-2.webp 2000w\" sizes=\"(max-width: 1024px) 100vw, 1024px\" \/>\t\t\t\t\t\t\t\t\t\t\t\t\t\t\t<\/div>\n\t\t\t\t<\/div>\n\t\t\t\t\t<\/div>\n\t\t<\/div>\n\t\t\t\t<div class=\"elementor-column elementor-col-50 elementor-top-column elementor-element elementor-element-6f84c1c\" data-id=\"6f84c1c\" data-element_type=\"column\" data-e-type=\"column\">\n\t\t\t<div class=\"elementor-widget-wrap elementor-element-populated\">\n\t\t\t\t\t\t<div class=\"elementor-element elementor-element-6ff24be elementor-widget elementor-widget-text-editor\" data-id=\"6ff24be\" data-element_type=\"widget\" data-e-type=\"widget\" data-widget_type=\"text-editor.default\">\n\t\t\t\t<div class=\"elementor-widget-container\">\n\t\t\t\t\t\t\t\t\t<h5><strong>Wie benutzt man<\/strong><br \/>Vor Gebrauch gut sch\u00fctteln und aus geeigneter Entfernung auf die F\u00fc\u00dfe spr\u00fchen. Drehen Sie den Beh\u00e4lterstutzen in die richtige Position, sodass er nicht zum Boden zeigt.<\/h5><p>\u00a0<\/p><h5><strong>Zutaten<\/strong><br \/>Wasser, Alkohol, Ethylhexylstearat, Triolein, Lepidium Meyenii-Wurzelextrakt, 1,2-Hexandiol, Caprylylmethicon, Glycerin, Duftstoff, Glyceryldioleat, Methylglucosesesquistearat, Portulaca Oleracea-Extrakt, Xylitylglucosid, Acrylate\/Beheneth-25-Methacrylat-Copolymer, Sorbitanstearat , Anhydroxylit, Butylenglykol, Xylit, Carbomer, Dinatrium-EDTA, Menthol, Tromethamin, Benzalkoniumchlorid, Glukose<\/h5>\t\t\t\t\t\t\t\t<\/div>\n\t\t\t\t<\/div>\n\t\t\t\t\t<\/div>\n\t\t<\/div>\n\t\t\t\t\t<\/div>\n\t\t<\/section>\n\t\t\t\t<section class=\"elementor-section elementor-top-section elementor-element elementor-element-6f796a5 elementor-section-boxed elementor-section-height-default elementor-section-height-default\" data-id=\"6f796a5\" data-element_type=\"section\" data-e-type=\"section\">\n\t\t\t\t\t\t<div class=\"elementor-container elementor-column-gap-default\">\n\t\t\t\t\t<div class=\"elementor-column elementor-col-50 elementor-top-column elementor-element elementor-element-b4748de\" data-id=\"b4748de\" data-element_type=\"column\" data-e-type=\"column\">\n\t\t\t<div class=\"elementor-widget-wrap elementor-element-populated\">\n\t\t\t\t\t\t<div class=\"elementor-element elementor-element-692a6af elementor-widget elementor-widget-image\" data-id=\"692a6af\" data-element_type=\"widget\" data-e-type=\"widget\" data-widget_type=\"image.default\">\n\t\t\t\t<div class=\"elementor-widget-container\">\n\t\t\t\t\t\t\t\t\t\t\t\t\t\t\t<img decoding=\"async\" width=\"1024\" height=\"1024\" src=\"https:\/\/tomyklou.gr\/wp-content\/uploads\/2022\/11\/Tieso-Foot-1-1024x1024.webp\" class=\"attachment-large size-large wp-image-4508\" alt=\"TIESO Foot (foot care spray)\" srcset=\"https:\/\/tomyklou.gr\/wp-content\/uploads\/2022\/11\/Tieso-Foot-1-1024x1024.webp 1024w, https:\/\/tomyklou.gr\/wp-content\/uploads\/2022\/11\/Tieso-Foot-1-scaled-900x900.webp 900w, https:\/\/tomyklou.gr\/wp-content\/uploads\/2022\/11\/Tieso-Foot-1-scaled-100x100.webp 100w, https:\/\/tomyklou.gr\/wp-content\/uploads\/2022\/11\/Tieso-Foot-1-300x300.webp 300w, https:\/\/tomyklou.gr\/wp-content\/uploads\/2022\/11\/Tieso-Foot-1-150x150.webp 150w, https:\/\/tomyklou.gr\/wp-content\/uploads\/2022\/11\/Tieso-Foot-1-768x768.webp 768w, https:\/\/tomyklou.gr\/wp-content\/uploads\/2022\/11\/Tieso-Foot-1-1536x1536.webp 1536w, https:\/\/tomyklou.gr\/wp-content\/uploads\/2022\/11\/Tieso-Foot-1-2048x2048.webp 2048w\" sizes=\"(max-width: 1024px) 100vw, 1024px\" \/>\t\t\t\t\t\t\t\t\t\t\t\t\t\t\t<\/div>\n\t\t\t\t<\/div>\n\t\t\t\t\t<\/div>\n\t\t<\/div>\n\t\t\t\t<div class=\"elementor-column elementor-col-50 elementor-top-column elementor-element elementor-element-dbc3b6e\" data-id=\"dbc3b6e\" data-element_type=\"column\" data-e-type=\"column\">\n\t\t\t<div class=\"elementor-widget-wrap elementor-element-populated\">\n\t\t\t\t\t\t<div class=\"elementor-element elementor-element-038c30a elementor-widget elementor-widget-image\" data-id=\"038c30a\" data-element_type=\"widget\" data-e-type=\"widget\" data-widget_type=\"image.default\">\n\t\t\t\t<div class=\"elementor-widget-container\">\n\t\t\t\t\t\t\t\t\t\t\t\t\t\t\t<img decoding=\"async\" width=\"1024\" height=\"1024\" src=\"https:\/\/tomyklou.gr\/wp-content\/uploads\/2022\/11\/Tieso-Foot-4-1024x1024.webp\" class=\"attachment-large size-large wp-image-4509\" alt=\"TIESO Foot (foot care spray)\" srcset=\"https:\/\/tomyklou.gr\/wp-content\/uploads\/2022\/11\/Tieso-Foot-4-1024x1024.webp 1024w, https:\/\/tomyklou.gr\/wp-content\/uploads\/2022\/11\/Tieso-Foot-4-scaled-900x900.webp 900w, https:\/\/tomyklou.gr\/wp-content\/uploads\/2022\/11\/Tieso-Foot-4-scaled-100x100.webp 100w, https:\/\/tomyklou.gr\/wp-content\/uploads\/2022\/11\/Tieso-Foot-4-300x300.webp 300w, https:\/\/tomyklou.gr\/wp-content\/uploads\/2022\/11\/Tieso-Foot-4-150x150.webp 150w, https:\/\/tomyklou.gr\/wp-content\/uploads\/2022\/11\/Tieso-Foot-4-768x768.webp 768w, https:\/\/tomyklou.gr\/wp-content\/uploads\/2022\/11\/Tieso-Foot-4-1536x1536.webp 1536w, https:\/\/tomyklou.gr\/wp-content\/uploads\/2022\/11\/Tieso-Foot-4-2048x2048.webp 2048w\" sizes=\"(max-width: 1024px) 100vw, 1024px\" \/>\t\t\t\t\t\t\t\t\t\t\t\t\t\t\t<\/div>\n\t\t\t\t<\/div>\n\t\t\t\t\t<\/div>\n\t\t<\/div>\n\t\t\t\t\t<\/div>\n\t\t<\/section>\n\t\t\t\t<section class=\"elementor-section elementor-top-section elementor-element elementor-element-32eecf6 elementor-section-boxed elementor-section-height-default elementor-section-height-default\" data-id=\"32eecf6\" data-element_type=\"section\" data-e-type=\"section\">\n\t\t\t\t\t\t<div class=\"elementor-container elementor-column-gap-default\">\n\t\t\t\t\t<div class=\"elementor-column elementor-col-100 elementor-top-column elementor-element elementor-element-1b038dd\" data-id=\"1b038dd\" data-element_type=\"column\" data-e-type=\"column\">\n\t\t\t<div class=\"elementor-widget-wrap elementor-element-populated\">\n\t\t\t\t\t\t<div class=\"elementor-element elementor-element-2e3e575 elementor-align-justify elementor-widget elementor-widget-button\" data-id=\"2e3e575\" data-element_type=\"widget\" data-e-type=\"widget\" data-widget_type=\"button.default\">\n\t\t\t\t<div class=\"elementor-widget-container\">\n\t\t\t\t\t\t\t\t\t<div class=\"elementor-button-wrapper\">\n\t\t\t\t\t<a class=\"elementor-button elementor-button-link elementor-size-sm\" href=\"https:\/\/www.tomyklou.gr\/de\/product\/tieso-foot-care-spray\/\">\n\t\t\t\t\t\t<span class=\"elementor-button-content-wrapper\">\n\t\t\t\t\t\t\t\t\t<span class=\"elementor-button-text\">jetzt kaufen<\/span>\n\t\t\t\t\t<\/span>\n\t\t\t\t\t<\/a>\n\t\t\t\t<\/div>\n\t\t\t\t\t\t\t\t<\/div>\n\t\t\t\t<\/div>\n\t\t\t\t\t<\/div>\n\t\t<\/div>\n\t\t\t\t\t<\/div>\n\t\t<\/section>\n\t\t\t\t<\/div>\n\t\t","protected":false},"excerpt":{"rendered":"<p>TIESO \u03a0\u03bf\u03b4\u03b9\u03ce\u03bd \u03a4\u03c1\u03cc\u03c0\u03bf\u03c2 \u03c7\u03c1\u03ae\u03c3\u03b7\u03c2 \u0391\u03bd\u03b1\u03ba\u03b9\u03bd\u03ae\u03c3\u03c4\u03b5 \u03ba\u03b1\u03bb\u03ac \u03c0\u03c1\u03b9\u03bd \u03c4\u03b7 \u03c7\u03c1\u03ae\u03c3\u03b7 \u03ba\u03b1\u03b9 \u03c8\u03b5\u03ba\u03ac\u03c3\u03c4\u03b5 \u03c3\u03c4\u03b1 \u03c0\u03cc\u03b4\u03b9\u03b1 \u03b1\u03c0\u03cc \u03ba\u03b1\u03c4\u03ac\u03bb\u03bb\u03b7\u03bb\u03b7 \u03b1\u03c0\u03cc\u03c3\u03c4\u03b1\u03c3\u03b7. \u0393\u03c5\u03c1\u03af\u03c3\u03c4\u03b5 \u03c4\u03bf \u03b1\u03ba\u03c1\u03bf\u03c6\u03cd\u03c3\u03b9\u03bf \u03c4\u03bf\u03c5 \u03b4\u03bf\u03c7\u03b5\u03af\u03bf\u03c5 \u03c3\u03c4\u03b7 \u03c3\u03c9\u03c3\u03c4\u03ae \u03b8\u03ad\u03c3\u03b7, \u03ad\u03c4\u03c3\u03b9 \u03ce\u03c3\u03c4\u03b5 \u03bd\u03b1 \u03bc\u03b7\u03bd \u03b2\u03bb\u03ad\u03c0\u03b5\u03b9 \u03c3\u03c4\u03bf \u03c0\u03ac\u03c4\u03c9\u03bc\u03b1. \u03a3\u03c5\u03c3\u03c4\u03b1\u03c4\u03b9\u03ba\u03ac \u039d\u03b5\u03c1\u03cc, \u03b1\u03bb\u03ba\u03bf\u03cc\u03bb, \u03c3\u03c4\u03b5\u03b1\u03c4\u03b9\u03ba\u03cc \u03b1\u03b9\u03b8\u03c5\u03bb\u03b5\u03be\u03c5\u03bb\u03b5\u03c3\u03c4\u03ad\u03c1\u03b1, \u03c4\u03c1\u03b9\u03bf\u03bb\u03af\u03bd\u03b7, \u03b5\u03ba\u03c7\u03cd\u03bb\u03b9\u03c3\u03bc\u03b1 \u03c1\u03af\u03b6\u03b1\u03c2 Lepidium Meyenii, 1,2-\u03b5\u03be\u03b1\u03bd\u03bf\u03b4\u03b9\u03cc\u03bb\u03b7, \u03ba\u03b1\u03c0\u03c1\u03c5\u03bb\u03c5\u03bb\u03bf\u03bc\u03b5\u03b8\u03b9\u03ba\u03cc\u03bd\u03b7, \u03b3\u03bb\u03c5\u03ba\u03b5\u03c1\u03af\u03bd\u03b7, \u03ac\u03c1\u03c9\u03bc\u03b1, \u03b3\u03bb\u03c5\u03ba\u03b5\u03c1\u03c5\u03bb\u03bf\u03b4\u03b9\u03b5\u03bb\u03b1\u03ca\u03ba\u03cc\u03c2 \u03b5\u03c3\u03c4\u03ad\u03c1\u03b1\u03c2, \u03c3\u03b5\u03c3\u03ba\u03b9\u03c3\u03c4\u03b5\u03b1\u03c4\u03b9\u03ba\u03cc \u03bc\u03b5\u03b8\u03c5\u03bb\u03b5\u03c3\u03c4\u03ad\u03c1\u03b1, \u03b5\u03ba\u03c7\u03cd\u03bb\u03b9\u03c3\u03bc\u03b1 \u03b3\u03bb\u03b9\u03c3\u03c4\u03c1\u03af\u03b4\u03b1\u03c2, \u03b5\u03ba\u03c7\u03cd\u03bb\u03b9\u03c3\u03bc\u03b1 \u03b5\u03bb\u03b1\u03b9\u03bf\u03bb\u03ac\u03ba\u03ba\u03bf\u03c5\u03c2 \u03b3\u03bb\u03b9\u03c3\u03c4\u03c1\u03af\u03b4\u03b1\u03c2, \u03b5\u03ba\u03c7\u03cd\u03bb\u03b9\u03c3\u03bc\u03b1 [&hellip;]<\/p>\n","protected":false},"author":1,"featured_media":0,"parent":0,"menu_order":0,"comment_status":"closed","ping_status":"closed","template":"","meta":{"content-type":"","site-sidebar-layout":"no-sidebar","site-content-layout":"page-builder","ast-site-content-layout":"default","site-content-style":"default","site-sidebar-style":"default","ast-global-header-display":"","ast-banner-title-visibility":"","ast-main-header-display":"","ast-hfb-above-header-display":"","ast-hfb-below-header-display":"","ast-hfb-mobile-header-display":"","site-post-title":"disabled","ast-breadcrumbs-content":"","ast-featured-img":"disabled","footer-sml-layout":"","ast-disable-related-posts":"","theme-transparent-header-meta":"","adv-header-id-meta":"","stick-header-meta":"","header-above-stick-meta":"","header-main-stick-meta":"","header-below-stick-meta":"","astra-migrate-meta-layouts":"default","ast-page-background-enabled":"default","ast-page-background-meta":{"desktop":{"background-color":"","background-image":"","background-repeat":"repeat","background-position":"center center","background-size":"auto","background-attachment":"scroll","background-type":"","background-media":"","overlay-type":"","overlay-color":"","overlay-opacity":"","overlay-gradient":""},"tablet":{"background-color":"","background-image":"","background-repeat":"repeat","background-position":"center center","background-size":"auto","background-attachment":"scroll","background-type":"","background-media":"","overlay-type":"","overlay-color":"","overlay-opacity":"","overlay-gradient":""},"mobile":{"background-color":"","background-image":"","background-repeat":"repeat","background-position":"center center","background-size":"auto","background-attachment":"scroll","background-type":"","background-media":"","overlay-type":"","overlay-color":"","overlay-opacity":"","overlay-gradient":""}},"ast-content-background-meta":{"desktop":{"background-color":"var(--ast-global-color-5)","background-image":"","background-repeat":"repeat","background-position":"center center","background-size":"auto","background-attachment":"scroll","background-type":"","background-media":"","overlay-type":"","overlay-color":"","overlay-opacity":"","overlay-gradient":""},"tablet":{"background-color":"var(--ast-global-color-5)","background-image":"","background-repeat":"repeat","background-position":"center center","background-size":"auto","background-attachment":"scroll","background-type":"","background-media":"","overlay-type":"","overlay-color":"","overlay-opacity":"","overlay-gradient":""},"mobile":{"background-color":"var(--ast-global-color-5)","background-image":"","background-repeat":"repeat","background-position":"center center","background-size":"auto","background-attachment":"scroll","background-type":"","background-media":"","overlay-type":"","overlay-color":"","overlay-opacity":"","overlay-gradient":""}},"footnotes":""},"class_list":["post-1944","page","type-page","status-publish","hentry"],"_links":{"self":[{"href":"https:\/\/tomyklou.gr\/de\/wp-json\/wp\/v2\/pages\/1944","targetHints":{"allow":["GET"]}}],"collection":[{"href":"https:\/\/tomyklou.gr\/de\/wp-json\/wp\/v2\/pages"}],"about":[{"href":"https:\/\/tomyklou.gr\/de\/wp-json\/wp\/v2\/types\/page"}],"author":[{"embeddable":true,"href":"https:\/\/tomyklou.gr\/de\/wp-json\/wp\/v2\/users\/1"}],"replies":[{"embeddable":true,"href":"https:\/\/tomyklou.gr\/de\/wp-json\/wp\/v2\/comments?post=1944"}],"version-history":[{"count":10,"href":"https:\/\/tomyklou.gr\/de\/wp-json\/wp\/v2\/pages\/1944\/revisions"}],"predecessor-version":[{"id":4518,"href":"https:\/\/tomyklou.gr\/de\/wp-json\/wp\/v2\/pages\/1944\/revisions\/4518"}],"wp:attachment":[{"href":"https:\/\/tomyklou.gr\/de\/wp-json\/wp\/v2\/media?parent=1944"}],"curies":[{"name":"wp","href":"https:\/\/api.w.org\/{rel}","templated":true}]}}