{"id":1952,"date":"2022-11-06T00:18:06","date_gmt":"2022-11-05T22:18:06","guid":{"rendered":"https:\/\/tomyklou.gr\/?page_id=1952"},"modified":"2022-11-24T16:21:27","modified_gmt":"2022-11-24T14:21:27","slug":"tieso-hombre-pack","status":"publish","type":"page","link":"https:\/\/tomyklou.gr\/de\/tieso-hombre-pack\/","title":{"rendered":"TIESO Hombre Pack"},"content":{"rendered":"\t\t<div data-elementor-type=\"wp-page\" data-elementor-id=\"1952\" class=\"elementor elementor-1952\">\n\t\t\t\t\t\t<section class=\"elementor-section elementor-top-section elementor-element elementor-element-7b34c65 elementor-section-boxed elementor-section-height-default elementor-section-height-default\" data-id=\"7b34c65\" data-element_type=\"section\" data-e-type=\"section\">\n\t\t\t\t\t\t<div class=\"elementor-container elementor-column-gap-default\">\n\t\t\t\t\t<div class=\"elementor-column elementor-col-100 elementor-top-column elementor-element elementor-element-d1e17e7\" data-id=\"d1e17e7\" data-element_type=\"column\" data-e-type=\"column\">\n\t\t\t<div class=\"elementor-widget-wrap elementor-element-populated\">\n\t\t\t\t\t\t<div class=\"elementor-element elementor-element-091233b elementor-widget elementor-widget-heading\" data-id=\"091233b\" data-element_type=\"widget\" data-e-type=\"widget\" data-widget_type=\"heading.default\">\n\t\t\t\t<div class=\"elementor-widget-container\">\n\t\t\t\t\t<h2 class=\"elementor-heading-title elementor-size-large\">TIESO Hombre Pack (\u039f\u03bb\u03bf\u03ba\u03bb\u03b7\u03c1\u03c9\u03bc\u03ad\u03bd\u03b7 \u03a6\u03c1\u03bf\u03bd\u03c4\u03b9\u03b4\u03b1 \u03a0\u03c1\u03bf\u03c3\u03ce\u03c0\u03bf\u03c5-\u039c\u03cc\u03bd\u03bf \u03b3\u03b9\u03b1 \u0386\u03bd\u03b4\u03c1\u03b5\u03c2)<\/h2>\t\t\t\t<\/div>\n\t\t\t\t<\/div>\n\t\t\t\t\t<\/div>\n\t\t<\/div>\n\t\t\t\t\t<\/div>\n\t\t<\/section>\n\t\t\t\t<section class=\"elementor-section elementor-top-section elementor-element elementor-element-02bd818 elementor-section-boxed elementor-section-height-default elementor-section-height-default\" data-id=\"02bd818\" data-element_type=\"section\" data-e-type=\"section\" data-settings=\"{&quot;background_background&quot;:&quot;classic&quot;}\">\n\t\t\t\t\t\t<div class=\"elementor-container elementor-column-gap-default\">\n\t\t\t\t\t<div class=\"elementor-column elementor-col-100 elementor-top-column elementor-element elementor-element-e7dcc99\" data-id=\"e7dcc99\" data-element_type=\"column\" data-e-type=\"column\">\n\t\t\t<div class=\"elementor-widget-wrap elementor-element-populated\">\n\t\t\t\t\t\t<div class=\"elementor-element elementor-element-5359820 elementor-widget elementor-widget-image\" data-id=\"5359820\" data-element_type=\"widget\" data-e-type=\"widget\" data-widget_type=\"image.default\">\n\t\t\t\t<div class=\"elementor-widget-container\">\n\t\t\t\t\t\t\t\t\t\t\t\t\t\t\t<img decoding=\"async\" src=\"http:\/\/tomyklou.gr\/wp-content\/uploads\/2022\/11\/Tieso_hombre-pack-scaled.webp\" title=\"\" alt=\"\" loading=\"lazy\" \/>\t\t\t\t\t\t\t\t\t\t\t\t\t\t\t<\/div>\n\t\t\t\t<\/div>\n\t\t\t\t\t<\/div>\n\t\t<\/div>\n\t\t\t\t\t<\/div>\n\t\t<\/section>\n\t\t\t\t<section class=\"elementor-section elementor-top-section elementor-element elementor-element-a244c4d elementor-section-boxed elementor-section-height-default elementor-section-height-default\" data-id=\"a244c4d\" data-element_type=\"section\" data-e-type=\"section\">\n\t\t\t\t\t\t<div class=\"elementor-container elementor-column-gap-default\">\n\t\t\t\t\t<div class=\"elementor-column elementor-col-50 elementor-top-column elementor-element elementor-element-4a550bc\" data-id=\"4a550bc\" data-element_type=\"column\" data-e-type=\"column\">\n\t\t\t<div class=\"elementor-widget-wrap elementor-element-populated\">\n\t\t\t\t\t\t<div class=\"elementor-element elementor-element-deabab6 elementor-widget elementor-widget-text-editor\" data-id=\"deabab6\" data-element_type=\"widget\" data-e-type=\"widget\" data-widget_type=\"text-editor.default\">\n\t\t\t\t<div class=\"elementor-widget-container\">\n\t\t\t\t\t\t\t\t\t<h5><a href=\"https:\/\/www.tomyklou.gr\/product\/tieso-hombre-pack\/\"><strong>Beschreibung<\/strong><\/a><\/h5><p>TIESO Hombre Pack, auswaschbare Packung mit 25 % AHA-Inhaltsstoffen.<\/p><p>Ein- bis zweimal pro Woche eine ausreichende Menge auftragen und gleichm\u00e4\u00dfig auf der trockenen Haut verteilen. Nicht auf Augen und Mund auftragen.<br \/>Tragen Sie eine angemessene Menge auf Ihr \u201etrockenes\u201c Gesicht auf, aber nicht auf Augen und Mund. Nach 1-3 Minuten mit lauwarmem Wasser absp\u00fclen.<br \/>Ideal f\u00fcr die Tiefenreinigung und Entfernung von Unreinheiten.<\/p><p>1. Nur zur \u00e4u\u00dferlichen Anwendung. 2. Nicht auf angefeuchteter oder verletzter Haut anwenden. 3. Bei Verwendung dieses Produkts aus den Augen stechen. Zum Entfernen mit Wasser absp\u00fclen. 4. Beenden Sie die Anwendung und fragen Sie einen Arzt, wenn Hautausschlag auftritt. 5. Au\u00dferhalb der Reichweite von Kindern aufbewahren. Bei Verschlucken sofort medizinische Hilfe holen oder eine Giftinformationszentrale kontaktieren. 6. Sonnenschutzma\u00dfnahmen. Der Aufenthalt in der Sonne erh\u00f6ht das Risiko f\u00fcr Hautkrebs und vorzeitige Hautalterung. Um dieses Risiko zu verringern, verwenden Sie regelm\u00e4\u00dfig ein Sonnenschutzmittel mit einem Breitband-SPF-Wert von 15 oder h\u00f6her und andere Sonnenschutzma\u00dfnahmen, einschlie\u00dflich: \u2022 Begrenzen Sie die Zeit in der Sonne, insbesondere von 10:00 bis 14:00 Uhr. \u2022 Tragen Sie lang\u00e4rmlige Hemden, Hosen, H\u00fcte und Sonnenbrillen. 7. Kinder unter 6 Monaten: Fragen Sie einen Arzt. 8. Mindestens alle 2 Stunden erneut auftragen. 9. Verwenden Sie beim Schwimmen oder Schwitzen einen wasserfesten Sonnenschutz. 10. Sch\u00fctzen Sie das Produkt in diesem Beh\u00e4lter vor \u00fcberm\u00e4\u00dfiger Hitze und vermeiden Sie es, es in direkter Sonne zu lagern. 11. Vorsichtig handhaben.<\/p>\t\t\t\t\t\t\t\t<\/div>\n\t\t\t\t<\/div>\n\t\t\t\t\t<\/div>\n\t\t<\/div>\n\t\t\t\t<div class=\"elementor-column elementor-col-50 elementor-top-column elementor-element elementor-element-a388375\" data-id=\"a388375\" data-element_type=\"column\" data-e-type=\"column\">\n\t\t\t<div class=\"elementor-widget-wrap elementor-element-populated\">\n\t\t\t\t\t\t<div class=\"elementor-element elementor-element-dd5c1f0 elementor-widget elementor-widget-image\" data-id=\"dd5c1f0\" data-element_type=\"widget\" data-e-type=\"widget\" data-widget_type=\"image.default\">\n\t\t\t\t<div class=\"elementor-widget-container\">\n\t\t\t\t\t\t\t\t\t\t\t\t\t\t\t<img decoding=\"async\" src=\"http:\/\/tomyklou.gr\/wp-content\/uploads\/2022\/11\/tieso-hombre-1.webp\" title=\"\" alt=\"\" loading=\"lazy\" \/>\t\t\t\t\t\t\t\t\t\t\t\t\t\t\t<\/div>\n\t\t\t\t<\/div>\n\t\t\t\t<div class=\"elementor-element elementor-element-fbe560d elementor-align-justify elementor-widget elementor-widget-button\" data-id=\"fbe560d\" data-element_type=\"widget\" data-e-type=\"widget\" data-widget_type=\"button.default\">\n\t\t\t\t<div class=\"elementor-widget-container\">\n\t\t\t\t\t\t\t\t\t<div class=\"elementor-button-wrapper\">\n\t\t\t\t\t<a class=\"elementor-button elementor-button-link elementor-size-sm\" href=\"https:\/\/www.tomyklou.gr\/en\/product\/tieso-hombre-pack\/\">\n\t\t\t\t\t\t<span class=\"elementor-button-content-wrapper\">\n\t\t\t\t\t\t\t\t\t<span class=\"elementor-button-text\">Buy now<\/span>\n\t\t\t\t\t<\/span>\n\t\t\t\t\t<\/a>\n\t\t\t\t<\/div>\n\t\t\t\t\t\t\t\t<\/div>\n\t\t\t\t<\/div>\n\t\t\t\t\t<\/div>\n\t\t<\/div>\n\t\t\t\t\t<\/div>\n\t\t<\/section>\n\t\t\t\t<\/div>\n\t\t","protected":false},"excerpt":{"rendered":"<p>TIESO Hombre Pack (\u039f\u03bb\u03bf\u03ba\u03bb\u03b7\u03c1\u03c9\u03bc\u03ad\u03bd\u03b7 \u03a6\u03c1\u03bf\u03bd\u03c4\u03b9\u03b4\u03b1 \u03a0\u03c1\u03bf\u03c3\u03ce\u03c0\u03bf\u03c5-\u039c\u03cc\u03bd\u03bf \u03b3\u03b9\u03b1 \u0386\u03bd\u03b4\u03c1\u03b5\u03c2) \u03a0\u03b5\u03c1\u03b9\u03b3\u03c1\u03b1\u03c6\u03ae TIESO Hombre Pack, \u03c3\u03c5\u03c3\u03ba\u03b5\u03c5\u03b1\u03c3\u03af\u03b1 \u03c0\u03bb\u03c5\u03c3\u03af\u03bc\u03b1\u03c4\u03bf\u03c2 \u03bc\u03b5 25% \u03c3\u03c5\u03c3\u03c4\u03b1\u03c4\u03b9\u03ba\u03ac AHA. \u039c\u03af\u03b1 \u03ae \u03b4\u03cd\u03bf \u03c6\u03bf\u03c1\u03ad\u03c2 \u03c4\u03b7\u03bd \u03b5\u03b2\u03b4\u03bf\u03bc\u03ac\u03b4\u03b1, \u03b5\u03c6\u03b1\u03c1\u03bc\u03cc\u03c3\u03c4\u03b5 \u03b5\u03c0\u03b1\u03c1\u03ba\u03ae \u03c0\u03bf\u03c3\u03cc\u03c4\u03b7\u03c4\u03b1 \u03ba\u03b1\u03b9 \u03b1\u03c0\u03bb\u03ce\u03c3\u03c4\u03b5 \u03bf\u03bc\u03bf\u03b9\u03cc\u03bc\u03bf\u03c1\u03c6\u03b1 \u03c3\u03c4\u03bf \u03be\u03b7\u03c1\u03cc \u03b4\u03ad\u03c1\u03bc\u03b1 \u03c3\u03b1\u03c2. \u039c\u03b7\u03bd \u03b5\u03c6\u03b1\u03c1\u03bc\u03cc\u03b6\u03b5\u03c4\u03b5 \u03c3\u03c4\u03b1 \u03bc\u03ac\u03c4\u03b9\u03b1 \u03ba\u03b1\u03b9 \u03c4\u03bf \u03c3\u03c4\u03cc\u03bc\u03b1 \u03c3\u03b1\u03c2.\u0395\u03c6\u03b1\u03c1\u03bc\u03cc\u03c3\u03c4\u03b5 \u03c4\u03b7\u03bd \u03ba\u03b1\u03c4\u03ac\u03bb\u03bb\u03b7\u03bb\u03b7 \u03c0\u03bf\u03c3\u03cc\u03c4\u03b7\u03c4\u03b1 \u03c3\u03c4\u03bf \u00ab\u03c3\u03c4\u03b5\u03b3\u03bd\u03cc\u00bb \u03c0\u03c1\u03cc\u03c3\u03c9\u03c0\u03cc \u03c3\u03b1\u03c2 \u03b1\u03bb\u03bb\u03ac \u03cc\u03c7\u03b9 \u03c3\u03c4\u03b1 \u03bc\u03ac\u03c4\u03b9\u03b1 \u03ba\u03b1\u03b9 \u03c3\u03c4\u03bf [&hellip;]<\/p>\n","protected":false},"author":1,"featured_media":0,"parent":0,"menu_order":0,"comment_status":"closed","ping_status":"closed","template":"","meta":{"content-type":"","site-sidebar-layout":"no-sidebar","site-content-layout":"page-builder","ast-site-content-layout":"default","site-content-style":"default","site-sidebar-style":"default","ast-global-header-display":"","ast-banner-title-visibility":"","ast-main-header-display":"","ast-hfb-above-header-display":"","ast-hfb-below-header-display":"","ast-hfb-mobile-header-display":"","site-post-title":"disabled","ast-breadcrumbs-content":"","ast-featured-img":"disabled","footer-sml-layout":"","ast-disable-related-posts":"","theme-transparent-header-meta":"","adv-header-id-meta":"","stick-header-meta":"","header-above-stick-meta":"","header-main-stick-meta":"","header-below-stick-meta":"","astra-migrate-meta-layouts":"default","ast-page-background-enabled":"default","ast-page-background-meta":{"desktop":{"background-color":"","background-image":"","background-repeat":"repeat","background-position":"center center","background-size":"auto","background-attachment":"scroll","background-type":"","background-media":"","overlay-type":"","overlay-color":"","overlay-opacity":"","overlay-gradient":""},"tablet":{"background-color":"","background-image":"","background-repeat":"repeat","background-position":"center center","background-size":"auto","background-attachment":"scroll","background-type":"","background-media":"","overlay-type":"","overlay-color":"","overlay-opacity":"","overlay-gradient":""},"mobile":{"background-color":"","background-image":"","background-repeat":"repeat","background-position":"center center","background-size":"auto","background-attachment":"scroll","background-type":"","background-media":"","overlay-type":"","overlay-color":"","overlay-opacity":"","overlay-gradient":""}},"ast-content-background-meta":{"desktop":{"background-color":"var(--ast-global-color-5)","background-image":"","background-repeat":"repeat","background-position":"center center","background-size":"auto","background-attachment":"scroll","background-type":"","background-media":"","overlay-type":"","overlay-color":"","overlay-opacity":"","overlay-gradient":""},"tablet":{"background-color":"var(--ast-global-color-5)","background-image":"","background-repeat":"repeat","background-position":"center center","background-size":"auto","background-attachment":"scroll","background-type":"","background-media":"","overlay-type":"","overlay-color":"","overlay-opacity":"","overlay-gradient":""},"mobile":{"background-color":"var(--ast-global-color-5)","background-image":"","background-repeat":"repeat","background-position":"center center","background-size":"auto","background-attachment":"scroll","background-type":"","background-media":"","overlay-type":"","overlay-color":"","overlay-opacity":"","overlay-gradient":""}},"footnotes":""},"class_list":["post-1952","page","type-page","status-publish","hentry"],"_links":{"self":[{"href":"https:\/\/tomyklou.gr\/de\/wp-json\/wp\/v2\/pages\/1952","targetHints":{"allow":["GET"]}}],"collection":[{"href":"https:\/\/tomyklou.gr\/de\/wp-json\/wp\/v2\/pages"}],"about":[{"href":"https:\/\/tomyklou.gr\/de\/wp-json\/wp\/v2\/types\/page"}],"author":[{"embeddable":true,"href":"https:\/\/tomyklou.gr\/de\/wp-json\/wp\/v2\/users\/1"}],"replies":[{"embeddable":true,"href":"https:\/\/tomyklou.gr\/de\/wp-json\/wp\/v2\/comments?post=1952"}],"version-history":[{"count":5,"href":"https:\/\/tomyklou.gr\/de\/wp-json\/wp\/v2\/pages\/1952\/revisions"}],"predecessor-version":[{"id":4698,"href":"https:\/\/tomyklou.gr\/de\/wp-json\/wp\/v2\/pages\/1952\/revisions\/4698"}],"wp:attachment":[{"href":"https:\/\/tomyklou.gr\/de\/wp-json\/wp\/v2\/media?parent=1952"}],"curies":[{"name":"wp","href":"https:\/\/api.w.org\/{rel}","templated":true}]}}