{"id":4441,"date":"2022-11-23T16:47:09","date_gmt":"2022-11-23T14:47:09","guid":{"rendered":"https:\/\/tomyklou.gr\/?page_id=4441"},"modified":"2022-11-23T16:56:33","modified_gmt":"2022-11-23T14:56:33","slug":"wholesale-b2b","status":"publish","type":"page","link":"https:\/\/tomyklou.gr\/de\/wholesale-b2b\/","title":{"rendered":"Wholesale b2b"},"content":{"rendered":"\t\t<div data-elementor-type=\"wp-page\" data-elementor-id=\"4441\" class=\"elementor elementor-4441\">\n\t\t\t\t\t\t<section class=\"elementor-section elementor-top-section elementor-element elementor-element-75edf4e elementor-section-boxed elementor-section-height-default elementor-section-height-default\" data-id=\"75edf4e\" data-element_type=\"section\" data-e-type=\"section\">\n\t\t\t\t\t\t<div class=\"elementor-container elementor-column-gap-default\">\n\t\t\t\t\t<div class=\"elementor-column elementor-col-100 elementor-top-column elementor-element elementor-element-2e910f1\" data-id=\"2e910f1\" data-element_type=\"column\" data-e-type=\"column\">\n\t\t\t<div class=\"elementor-widget-wrap elementor-element-populated\">\n\t\t\t\t\t\t<div class=\"elementor-element elementor-element-9964f34 elementor-widget elementor-widget-heading\" data-id=\"9964f34\" data-element_type=\"widget\" data-e-type=\"widget\" data-widget_type=\"heading.default\">\n\t\t\t\t<div class=\"elementor-widget-container\">\n\t\t\t\t\t<h4 class=\"elementor-heading-title elementor-size-default\">Wholesale \/ B2B<\/h4>\t\t\t\t<\/div>\n\t\t\t\t<\/div>\n\t\t\t\t<div class=\"elementor-element elementor-element-00bd5bb elementor-widget elementor-widget-image\" data-id=\"00bd5bb\" data-element_type=\"widget\" data-e-type=\"widget\" data-widget_type=\"image.default\">\n\t\t\t\t<div class=\"elementor-widget-container\">\n\t\t\t\t\t\t\t\t\t\t\t\t\t\t\t<img fetchpriority=\"high\" decoding=\"async\" width=\"1024\" height=\"544\" src=\"https:\/\/tomyklou.gr\/wp-content\/uploads\/2022\/11\/B2B-tomy-klou-1024x544.webp\" class=\"attachment-large size-large wp-image-4444\" alt=\"\" srcset=\"https:\/\/tomyklou.gr\/wp-content\/uploads\/2022\/11\/B2B-tomy-klou-1024x544.webp 1024w, https:\/\/tomyklou.gr\/wp-content\/uploads\/2022\/11\/B2B-tomy-klou-900x478.webp 900w, https:\/\/tomyklou.gr\/wp-content\/uploads\/2022\/11\/B2B-tomy-klou-300x159.webp 300w, https:\/\/tomyklou.gr\/wp-content\/uploads\/2022\/11\/B2B-tomy-klou-768x408.webp 768w, https:\/\/tomyklou.gr\/wp-content\/uploads\/2022\/11\/B2B-tomy-klou.webp 1442w\" sizes=\"(max-width: 1024px) 100vw, 1024px\" \/>\t\t\t\t\t\t\t\t\t\t\t\t\t\t\t<\/div>\n\t\t\t\t<\/div>\n\t\t\t\t<div class=\"elementor-element elementor-element-a027030 elementor-widget elementor-widget-text-editor\" data-id=\"a027030\" data-element_type=\"widget\" data-e-type=\"widget\" data-widget_type=\"text-editor.default\">\n\t\t\t\t<div class=\"elementor-widget-container\">\n\t\t\t\t\t\t\t\t\t<p>Tomy Klou ist Distributor f\u00fcr eine Vielzahl von Sch\u00f6nheitsmarken. Wir bieten Ihnen hervorragende Konditionen. F\u00fcr weitere Informationen senden Sie uns bitte eine kurze E-Mail mit Ihren Kontaktdaten an: <a href=\"mailto:b2b@tomyklou.gr\"><strong>b2b@tomyklou.gr<\/strong><\/a><\/p><p>Wir werden uns so schnell wie m\u00f6glich bei Ihnen melden.<\/p>\t\t\t\t\t\t\t\t<\/div>\n\t\t\t\t<\/div>\n\t\t\t\t<div class=\"elementor-element elementor-element-0ce896b elementor-align-justify elementor-widget elementor-widget-button\" data-id=\"0ce896b\" data-element_type=\"widget\" data-e-type=\"widget\" data-widget_type=\"button.default\">\n\t\t\t\t<div class=\"elementor-widget-container\">\n\t\t\t\t\t\t\t\t\t<div class=\"elementor-button-wrapper\">\n\t\t\t\t\t<a class=\"elementor-button elementor-button-link elementor-size-sm\" href=\"mailto:b2b@tomyklou.gr\">\n\t\t\t\t\t\t<span class=\"elementor-button-content-wrapper\">\n\t\t\t\t\t\t\t\t\t<span class=\"elementor-button-text\">\u039a\u03b1\u03bd\u03c9 \u0395\u0393\u0393\u03a1\u0391\u03a6\u0397<\/span>\n\t\t\t\t\t<\/span>\n\t\t\t\t\t<\/a>\n\t\t\t\t<\/div>\n\t\t\t\t\t\t\t\t<\/div>\n\t\t\t\t<\/div>\n\t\t\t\t\t<\/div>\n\t\t<\/div>\n\t\t\t\t\t<\/div>\n\t\t<\/section>\n\t\t\t\t<\/div>\n\t\t","protected":false},"excerpt":{"rendered":"<p>Wholesale \/ B2B \u039f Tomy Klou \u03b5\u03af\u03bd\u03b1\u03b9 \u03b4\u03b9\u03b1\u03bd\u03bf\u03bc\u03ad\u03b1\u03c2 \u03b3\u03b9\u03b1 \u03b4\u03b9\u03ac\u03c6\u03bf\u03c1\u03b5\u03c2 \u03b5\u03c0\u03c9\u03bd\u03c5\u03bc\u03af\u03b5\u03c2 \u03bf\u03bc\u03bf\u03c1\u03c6\u03b9\u03ac\u03c2. \u03a3\u03b1\u03c2 \u03c0\u03c1\u03bf\u03c3\u03c6\u03ad\u03c1\u03bf\u03c5\u03bc\u03b5 \u03ac\u03c1\u03b9\u03c3\u03c4\u03b5\u03c2 \u03c3\u03c5\u03bd\u03b8\u03ae\u03ba\u03b5\u03c2. \u0393\u03b9\u03b1 \u03c0\u03b5\u03c1\u03b9\u03c3\u03c3\u03cc\u03c4\u03b5\u03c1\u03b5\u03c2 \u03c0\u03bb\u03b7\u03c1\u03bf\u03c6\u03bf\u03c1\u03af\u03b5\u03c2, \u03c3\u03c4\u03b5\u03af\u03bb\u03c4\u03b5 \u03bc\u03b1\u03c2 \u03ad\u03bd\u03b1 \u03c3\u03cd\u03bd\u03c4\u03bf\u03bc\u03bf email \u03bc\u03b5 \u03c4\u03b1 \u03c3\u03c4\u03bf\u03b9\u03c7\u03b5\u03af\u03b1 \u03b5\u03c0\u03b9\u03ba\u03bf\u03b9\u03bd\u03c9\u03bd\u03af\u03b1\u03c2 \u03c3\u03b1\u03c2 \u03c3\u03c4\u03b7 \u03b4\u03b9\u03b5\u03cd\u03b8\u03c5\u03bd\u03c3\u03b7: b2b@tomyklou.gr \u0398\u03b1 \u03b5\u03c0\u03b9\u03ba\u03bf\u03b9\u03bd\u03c9\u03bd\u03ae\u03c3\u03bf\u03c5\u03bc\u03b5 \u03bc\u03b1\u03b6\u03af \u03c3\u03b1\u03c2 \u03c4\u03bf \u03c3\u03c5\u03bd\u03c4\u03bf\u03bc\u03cc\u03c4\u03b5\u03c1\u03bf \u03b4\u03c5\u03bd\u03b1\u03c4\u03cc. \u039a\u03b1\u03bd\u03c9 \u0395\u0393\u0393\u03a1\u0391\u03a6\u0397<\/p>\n","protected":false},"author":1,"featured_media":0,"parent":0,"menu_order":0,"comment_status":"closed","ping_status":"closed","template":"","meta":{"content-type":"","site-sidebar-layout":"no-sidebar","site-content-layout":"page-builder","ast-site-content-layout":"default","site-content-style":"default","site-sidebar-style":"default","ast-global-header-display":"","ast-banner-title-visibility":"","ast-main-header-display":"","ast-hfb-above-header-display":"","ast-hfb-below-header-display":"","ast-hfb-mobile-header-display":"","site-post-title":"disabled","ast-breadcrumbs-content":"","ast-featured-img":"disabled","footer-sml-layout":"","ast-disable-related-posts":"","theme-transparent-header-meta":"","adv-header-id-meta":"","stick-header-meta":"","header-above-stick-meta":"","header-main-stick-meta":"","header-below-stick-meta":"","astra-migrate-meta-layouts":"default","ast-page-background-enabled":"default","ast-page-background-meta":{"desktop":{"background-color":"","background-image":"","background-repeat":"repeat","background-position":"center center","background-size":"auto","background-attachment":"scroll","background-type":"","background-media":"","overlay-type":"","overlay-color":"","overlay-opacity":"","overlay-gradient":""},"tablet":{"background-color":"","background-image":"","background-repeat":"repeat","background-position":"center center","background-size":"auto","background-attachment":"scroll","background-type":"","background-media":"","overlay-type":"","overlay-color":"","overlay-opacity":"","overlay-gradient":""},"mobile":{"background-color":"","background-image":"","background-repeat":"repeat","background-position":"center center","background-size":"auto","background-attachment":"scroll","background-type":"","background-media":"","overlay-type":"","overlay-color":"","overlay-opacity":"","overlay-gradient":""}},"ast-content-background-meta":{"desktop":{"background-color":"var(--ast-global-color-5)","background-image":"","background-repeat":"repeat","background-position":"center center","background-size":"auto","background-attachment":"scroll","background-type":"","background-media":"","overlay-type":"","overlay-color":"","overlay-opacity":"","overlay-gradient":""},"tablet":{"background-color":"var(--ast-global-color-5)","background-image":"","background-repeat":"repeat","background-position":"center center","background-size":"auto","background-attachment":"scroll","background-type":"","background-media":"","overlay-type":"","overlay-color":"","overlay-opacity":"","overlay-gradient":""},"mobile":{"background-color":"var(--ast-global-color-5)","background-image":"","background-repeat":"repeat","background-position":"center center","background-size":"auto","background-attachment":"scroll","background-type":"","background-media":"","overlay-type":"","overlay-color":"","overlay-opacity":"","overlay-gradient":""}},"footnotes":""},"class_list":["post-4441","page","type-page","status-publish","hentry"],"_links":{"self":[{"href":"https:\/\/tomyklou.gr\/de\/wp-json\/wp\/v2\/pages\/4441","targetHints":{"allow":["GET"]}}],"collection":[{"href":"https:\/\/tomyklou.gr\/de\/wp-json\/wp\/v2\/pages"}],"about":[{"href":"https:\/\/tomyklou.gr\/de\/wp-json\/wp\/v2\/types\/page"}],"author":[{"embeddable":true,"href":"https:\/\/tomyklou.gr\/de\/wp-json\/wp\/v2\/users\/1"}],"replies":[{"embeddable":true,"href":"https:\/\/tomyklou.gr\/de\/wp-json\/wp\/v2\/comments?post=4441"}],"version-history":[{"count":13,"href":"https:\/\/tomyklou.gr\/de\/wp-json\/wp\/v2\/pages\/4441\/revisions"}],"predecessor-version":[{"id":4456,"href":"https:\/\/tomyklou.gr\/de\/wp-json\/wp\/v2\/pages\/4441\/revisions\/4456"}],"wp:attachment":[{"href":"https:\/\/tomyklou.gr\/de\/wp-json\/wp\/v2\/media?parent=4441"}],"curies":[{"name":"wp","href":"https:\/\/api.w.org\/{rel}","templated":true}]}}