{"id":10121,"date":"2024-09-19T10:10:20","date_gmt":"2024-09-19T07:10:20","guid":{"rendered":"https:\/\/tomyklou.gr\/product\/import-placeholder-for-26852\/"},"modified":"2026-02-22T18:28:02","modified_gmt":"2026-02-22T16:28:02","slug":"tirtir-mask-fit-red-cushion-nr-25n-mocha","status":"publish","type":"product","link":"https:\/\/tomyklou.gr\/de\/product\/tirtir-mask-fit-red-cushion-nr-25n-mocha\/","title":{"rendered":"TIRTIR Mask Fit Red Cushion Nr.25N Mocha"},"content":{"rendered":"<h3>Anwendung<\/h3>\n<ol>\n<li>Nach dem Auftragen der Basispflege und einer Grundierung (empfohlen) das Pad mit zwei Fingern festhalten und sanft auf das mit Foundation getr\u00e4nkte Schw\u00e4mmchen dr\u00fccken.<\/li>\n<li>Klopfen Sie das Schw\u00e4mmchen leicht nach au\u00dfen \u00fcber das Gesicht, um das Produkt d\u00fcnn aufzutragen, und wiederholen Sie den Vorgang an den Stellen, die mehr Deckkraft ben\u00f6tigen.<\/li>\n<\/ol>\n<h3>Inhaltsstoffe*<\/h3>\n<p>Water, Cyclopentasiloxane, Iron Oxides (CI 77492), Dimethicone, Titanium Dioxide (CI 77891), Trimethylsiloxysilicate, Propanediol, Iron Oxides (CI 77499), Synthetic Fluorphlogopite, Iron Oxides (CI 77491), Isododecane, Octyldodecanol, Diphenylsiloxy Phenyl Trimethicone, Niacinamide, PEG-10 Dimethicone, PEG\/PPG-18\/18 Dimethicone, 1,2-Hexanediol, Magnesium Sulfate, Disteardimonium Hectorite, Triethoxycaprylylsilane, Polyglyceryl-4 Isostearate, Stearic Acid, Alumina, Potassium Sorbate, Isopropyl Titanium Triisostearate, Fragrance(Parfum), Adenosine, Trisodium Ethylenediamine Disuccinate, Polymethyl Methacrylate, Haematococcus Pluvialis Oil, Butylene Glycol, Glycerin, Dipropylene Glycol, Polyglyceryl-3 Polydimethylsiloxyethyl Dimethicone, Sodium Palmitoyl Proline, Aluminum Hydroxide, Cetearyl Dimethicone\/Vinyl Dimethicone Crosspolymer, Polyhydroxystearic Acid, Hibiscus Sabdariffa Flower Extract, Astaxanthin, Neopentyl Glycol Diethylhexanoate, Rosa Rugosa Flower Extract, Pancratium Maritimum Extract, Nymphaea Alba Flower Extract, Propolis Extract<br \/>\n*Diese aufgelisteten Inhaltsstoffe repr\u00e4sentieren alle Optionen und Varianten dieses Produktes. Tats\u00e4chliche Inhaltsstoffe einer spezifischen Produktoption kann variieren.<\/p>\n<h3>Warnhinweise<\/h3>\n<ol>\n<li>Nur zur \u00e4u\u00dferlichen Anwendung geeignet.<\/li>\n<li>Nicht auf verletzte Haut oder auf Wunden auftragen.<\/li>\n<li>Sollten Nebenwirkungen wie Irritationen oder Ausschlag eintreten, Anwendung sofort beenden und unverz\u00fcglich an einen Arzt wenden.<\/li>\n<li>Kontakt mit den Augen vermeiden. Sollte das Produkt ins Auge gelangen, das Auge sofort gr\u00fcndlich mit klarem Wasser aussp\u00fclen.<\/li>\n<li>Au\u00dfer Reichweite von Kindern aufbewahren.<\/li>\n<li>Nicht schlucken. Bei Verschlucken Arzt oder Giftzentrale aufsuchen.<\/li>\n<\/ol>\n","protected":false},"excerpt":{"rendered":"<p>TIRTIR Mask Fit Red Cushion bietet 72 Stunden lang eine herrlich frische Deckkraft!\u00a0Das Kissen mit Hibiskusbl\u00fcten-Extrakt und rotem Propolis-Extrakt sorgt f\u00fcr ein strahlendes Make-up und ein lang anhaltendes, strahlendes Finish.<\/p>\n<p><strong>Wichtigste Merkmale:<\/strong><\/p>\n<p>Hohe Haftkraft, die R\u00f6tungen, Hautunreinheiten und -irritationen intensiv abdeckt und f\u00fcr eine glatte, gl\u00e4nzende Haut sorgt. Einzigartige Quaste f\u00fcr einfaches Auftragen.<\/p>\n<p>Verf\u00fcgbar in 30 Farben, davon in #13N Fair Ivory,\u00a0#21N Ivory, #23N Sand, #25N Mocha, #27N Camel<\/p>\n","protected":false},"featured_media":10114,"comment_status":"open","ping_status":"closed","template":"","meta":{"content-type":"","site-sidebar-layout":"default","site-content-layout":"","ast-site-content-layout":"default","site-content-style":"default","site-sidebar-style":"default","ast-global-header-display":"","ast-banner-title-visibility":"","ast-main-header-display":"","ast-hfb-above-header-display":"","ast-hfb-below-header-display":"","ast-hfb-mobile-header-display":"","site-post-title":"","ast-breadcrumbs-content":"","ast-featured-img":"","footer-sml-layout":"","ast-disable-related-posts":"","theme-transparent-header-meta":"default","adv-header-id-meta":"","stick-header-meta":"","header-above-stick-meta":"","header-main-stick-meta":"","header-below-stick-meta":"","astra-migrate-meta-layouts":"set","ast-page-background-enabled":"default","ast-page-background-meta":{"desktop":{"background-color":"","background-image":"","background-repeat":"repeat","background-position":"center center","background-size":"auto","background-attachment":"scroll","background-type":"","background-media":"","overlay-type":"","overlay-color":"","overlay-opacity":"","overlay-gradient":""},"tablet":{"background-color":"","background-image":"","background-repeat":"repeat","background-position":"center center","background-size":"auto","background-attachment":"scroll","background-type":"","background-media":"","overlay-type":"","overlay-color":"","overlay-opacity":"","overlay-gradient":""},"mobile":{"background-color":"","background-image":"","background-repeat":"repeat","background-position":"center center","background-size":"auto","background-attachment":"scroll","background-type":"","background-media":"","overlay-type":"","overlay-color":"","overlay-opacity":"","overlay-gradient":""}},"ast-content-background-meta":{"desktop":{"background-color":"var(--ast-global-color-5)","background-image":"","background-repeat":"repeat","background-position":"center center","background-size":"auto","background-attachment":"scroll","background-type":"","background-media":"","overlay-type":"","overlay-color":"","overlay-opacity":"","overlay-gradient":""},"tablet":{"background-color":"var(--ast-global-color-5)","background-image":"","background-repeat":"repeat","background-position":"center center","background-size":"auto","background-attachment":"scroll","background-type":"","background-media":"","overlay-type":"","overlay-color":"","overlay-opacity":"","overlay-gradient":""},"mobile":{"background-color":"var(--ast-global-color-5)","background-image":"","background-repeat":"repeat","background-position":"center center","background-size":"auto","background-attachment":"scroll","background-type":"","background-media":"","overlay-type":"","overlay-color":"","overlay-opacity":"","overlay-gradient":""}}},"product_brand":[],"product_cat":[300,327,31],"product_tag":[],"class_list":{"0":"post-10121","1":"product","2":"type-product","3":"status-publish","4":"has-post-thumbnail","6":"product_cat-tirtir","7":"product_cat-new-arrivals","8":"product_cat-gesicht","9":"desktop-align-center","10":"tablet-align-center","11":"mobile-align-center","13":"first","14":"outofstock","15":"taxable","16":"shipping-taxable","17":"purchasable","18":"product-type-simple"},"_links":{"self":[{"href":"https:\/\/tomyklou.gr\/de\/wp-json\/wp\/v2\/product\/10121","targetHints":{"allow":["GET"]}}],"collection":[{"href":"https:\/\/tomyklou.gr\/de\/wp-json\/wp\/v2\/product"}],"about":[{"href":"https:\/\/tomyklou.gr\/de\/wp-json\/wp\/v2\/types\/product"}],"replies":[{"embeddable":true,"href":"https:\/\/tomyklou.gr\/de\/wp-json\/wp\/v2\/comments?post=10121"}],"wp:featuredmedia":[{"embeddable":true,"href":"https:\/\/tomyklou.gr\/de\/wp-json\/wp\/v2\/media\/10114"}],"wp:attachment":[{"href":"https:\/\/tomyklou.gr\/de\/wp-json\/wp\/v2\/media?parent=10121"}],"wp:term":[{"taxonomy":"product_brand","embeddable":true,"href":"https:\/\/tomyklou.gr\/de\/wp-json\/wp\/v2\/product_brand?post=10121"},{"taxonomy":"product_cat","embeddable":true,"href":"https:\/\/tomyklou.gr\/de\/wp-json\/wp\/v2\/product_cat?post=10121"},{"taxonomy":"product_tag","embeddable":true,"href":"https:\/\/tomyklou.gr\/de\/wp-json\/wp\/v2\/product_tag?post=10121"}],"curies":[{"name":"wp","href":"https:\/\/api.w.org\/{rel}","templated":true}]}}