{"id":10146,"date":"2024-09-19T10:10:54","date_gmt":"2024-09-19T07:10:54","guid":{"rendered":"https:\/\/tomyklou.gr\/product\/import-placeholder-for-26927\/"},"modified":"2026-02-22T18:28:01","modified_gmt":"2026-02-22T16:28:01","slug":"apieu-super-air-fit-mild-sunscreen-50ml","status":"publish","type":"product","link":"https:\/\/tomyklou.gr\/de\/product\/apieu-super-air-fit-mild-sunscreen\/","title":{"rendered":"Apieu Super Air Fit Mild Sunscreen 50ml"},"content":{"rendered":"<h3>Anwendung<\/h3>\n<ol>\n<li>30 Minuten vor dem direkten Kontakt mit Sonnenlicht im letzten Schritt der Hautpflege-Routine auftragen.<\/li>\n<li>Bei l\u00e4ngerer Sonnenexposition sollten sie es am Tag mehrfach auftragen.<\/li>\n<\/ol>\n<h3>Inhaltsstoffe<\/h3>\n<p>Water, C12-15 Alkyl Benzoate, Titanium Dioxide, Propanediol, Methyl Trimethicone, Butylene Glycol, Cyclohexasiloxane, Silica, Polymethylsilsesquioxane, Aluminum Stearate, Polyhydroxystearic Acid, 1,2-Hexanediol, Pentylene Glycol, Caprylic\/Capric Triglyceride, Alumina, Ammonium Acryloyldimethyltaurate\/VP Copolymer, Polyacrylate Crosspolymer-6, Sodium Acrylate\/Sodium Acryloyldimethyl Taurate Copolymer, Sodium Stearoyl Glutamate, Polyisobutene, Hydroxypropyl Methylcellulose Stearoxy Ether, Stearic Acid, Ethylhexylglycerin, Xanthan Gum, Sorbitan Oleate, Caprylyl\/Capryl Glucoside, t-Butyl Alcohol, Tocopherol, Madecassic Acid, Asiaticoside, Asiatic Acid, Fragrance<\/p>\n<p>*Eine Ver\u00e4nderung der Inhaltsstoffe unterliegt dem Ermessen des Herstellers. Kontaktiere uns f\u00fcr ein Foto der aktuellen Produktverpackung.<\/p>\n<h3>Warnhinweise<\/h3>\n<ol>\n<li>Nur zur \u00e4u\u00dferlichen Anwendung geeignet.<\/li>\n<li>Nicht auf verletzte Haut oder auf Wunden auftragen.<\/li>\n<li>Sollten Nebenwirkungen wie Irritationen oder Ausschlag eintreten, Anwendung sofort beenden und unverz\u00fcglich an einen Arzt wenden.<\/li>\n<li>Kontakt mit den Augen vermeiden. Sollte das Produkt ins Auge gelangen, das Auge sofort gr\u00fcndlich mit klarem Wasser aussp\u00fclen.<\/li>\n<li>Au\u00dfer Reichweite von Kindern aufbewahren.<\/li>\n<li>Nicht schlucken. Bei Verschlucken Arzt oder Giftzentrale aufsuchen.<\/li>\n<\/ol>\n","protected":false},"excerpt":{"rendered":"<p>Dieser milde physikalische Sonnenschutz mit starkem Breitband-Lichtschutzfaktor 50+ PA++++ hat eine vergleichsweise h\u00f6here Transparenz und ist f\u00fcr empfindliche Haut geeignet. Ohne wei\u00dfen Schimmer und als Barriere gegen ultrafeine Partikel. Hautreizungstest bestanden und brennt nicht in den Augen.<br \/>\nSorgt f\u00fcr ein leichtes Anwendungsgef\u00fchl, als w\u00fcrde die Haut atmen, dank Super-Air-Fit-Technologie, ohne zu kleben und wird schnell von der Haut aufgenommen. Enth\u00e4lt Super Triple Asiatica, bietet eine ausgezeichnete beruhigende Wirkung auf m\u00fcde, von der hei\u00dfen Sonne stimulierte Haut.<\/p>\n","protected":false},"featured_media":10147,"comment_status":"open","ping_status":"closed","template":"","meta":{"content-type":"","site-sidebar-layout":"default","site-content-layout":"default","ast-site-content-layout":"default","site-content-style":"default","site-sidebar-style":"default","ast-global-header-display":"","ast-banner-title-visibility":"","ast-main-header-display":"","ast-hfb-above-header-display":"","ast-hfb-below-header-display":"","ast-hfb-mobile-header-display":"","site-post-title":"","ast-breadcrumbs-content":"","ast-featured-img":"","footer-sml-layout":"","ast-disable-related-posts":"","theme-transparent-header-meta":"default","adv-header-id-meta":"","stick-header-meta":"","header-above-stick-meta":"","header-main-stick-meta":"","header-below-stick-meta":"","astra-migrate-meta-layouts":"set","ast-page-background-enabled":"default","ast-page-background-meta":{"desktop":{"background-color":"","background-image":"","background-repeat":"repeat","background-position":"center center","background-size":"auto","background-attachment":"scroll","background-type":"","background-media":"","overlay-type":"","overlay-color":"","overlay-opacity":"","overlay-gradient":""},"tablet":{"background-color":"","background-image":"","background-repeat":"repeat","background-position":"center center","background-size":"auto","background-attachment":"scroll","background-type":"","background-media":"","overlay-type":"","overlay-color":"","overlay-opacity":"","overlay-gradient":""},"mobile":{"background-color":"","background-image":"","background-repeat":"repeat","background-position":"center center","background-size":"auto","background-attachment":"scroll","background-type":"","background-media":"","overlay-type":"","overlay-color":"","overlay-opacity":"","overlay-gradient":""}},"ast-content-background-meta":{"desktop":{"background-color":"var(--ast-global-color-5)","background-image":"","background-repeat":"repeat","background-position":"center center","background-size":"auto","background-attachment":"scroll","background-type":"","background-media":"","overlay-type":"","overlay-color":"","overlay-opacity":"","overlay-gradient":""},"tablet":{"background-color":"var(--ast-global-color-5)","background-image":"","background-repeat":"repeat","background-position":"center center","background-size":"auto","background-attachment":"scroll","background-type":"","background-media":"","overlay-type":"","overlay-color":"","overlay-opacity":"","overlay-gradient":""},"mobile":{"background-color":"var(--ast-global-color-5)","background-image":"","background-repeat":"repeat","background-position":"center center","background-size":"auto","background-attachment":"scroll","background-type":"","background-media":"","overlay-type":"","overlay-color":"","overlay-opacity":"","overlay-gradient":""}}},"product_brand":[],"product_cat":[313,63,327,31],"product_tag":[36],"class_list":{"0":"post-10146","1":"product","2":"type-product","3":"status-publish","4":"has-post-thumbnail","6":"product_cat-gesichtssonnencreme","7":"product_cat-apieu","8":"product_cat-new-arrivals","9":"product_cat-gesicht","10":"product_tag-sonnenschutz","11":"desktop-align-center","12":"tablet-align-center","13":"mobile-align-center","15":"first","16":"outofstock","17":"taxable","18":"shipping-taxable","19":"purchasable","20":"product-type-simple"},"_links":{"self":[{"href":"https:\/\/tomyklou.gr\/de\/wp-json\/wp\/v2\/product\/10146","targetHints":{"allow":["GET"]}}],"collection":[{"href":"https:\/\/tomyklou.gr\/de\/wp-json\/wp\/v2\/product"}],"about":[{"href":"https:\/\/tomyklou.gr\/de\/wp-json\/wp\/v2\/types\/product"}],"replies":[{"embeddable":true,"href":"https:\/\/tomyklou.gr\/de\/wp-json\/wp\/v2\/comments?post=10146"}],"wp:featuredmedia":[{"embeddable":true,"href":"https:\/\/tomyklou.gr\/de\/wp-json\/wp\/v2\/media\/10147"}],"wp:attachment":[{"href":"https:\/\/tomyklou.gr\/de\/wp-json\/wp\/v2\/media?parent=10146"}],"wp:term":[{"taxonomy":"product_brand","embeddable":true,"href":"https:\/\/tomyklou.gr\/de\/wp-json\/wp\/v2\/product_brand?post=10146"},{"taxonomy":"product_cat","embeddable":true,"href":"https:\/\/tomyklou.gr\/de\/wp-json\/wp\/v2\/product_cat?post=10146"},{"taxonomy":"product_tag","embeddable":true,"href":"https:\/\/tomyklou.gr\/de\/wp-json\/wp\/v2\/product_tag?post=10146"}],"curies":[{"name":"wp","href":"https:\/\/api.w.org\/{rel}","templated":true}]}}