{"id":10157,"date":"2024-09-19T10:18:37","date_gmt":"2024-09-19T07:18:37","guid":{"rendered":"https:\/\/tomyklou.gr\/product\/import-placeholder-for-26683\/"},"modified":"2026-02-22T18:28:01","modified_gmt":"2026-02-22T16:28:01","slug":"dr-jart-ceramidin-skin-barrier-serum-toner-150ml","status":"publish","type":"product","link":"https:\/\/tomyklou.gr\/de\/product\/dr-jart-ceramidin-skin-barrier-serum-toner\/","title":{"rendered":"Dr. Jart+ Ceramidin Skin Barrier Serum Toner 150ml"},"content":{"rendered":"<h3>Anwendung<\/h3>\n<ol>\n<li>2 bis 3 Tropfen auf die saubere Haut auftragen.<\/li>\n<li>Sanft in die Haut tupfen bis es v\u00f6llig eingezogen ist.<\/li>\n<li>Morgens und f\u00fcr die Nacht anwenden.<\/li>\n<\/ol>\n<h3>Inhaltsstoffe<\/h3>\n<p>Water, Dipropylene Glycol, Betaine, Propanediol, Alcohol Denat., Glycosyl Trehalose, Glycerin, 1,2-Hexanediol, Panthenol, Pentylene Glycol, Erythritol, Hydrogenated Starch Hydrolysate, Triethylhexanoin, Diphenyl Dimethicone, Polyglyceryl-10 Myristate, Ceramide NP (2,100ppm), Sucrose Distearate, Ethylhexylglycerin, Sodium Hyaluronate, Theobroma Cacao (Cocoa) Seed Extract, Pelargonium Graveolens Flower Oil, Olea Europaea (Olive) Fruit Oil, Citrus Aurantium Bergamia (Bergamot) Fruit Oil, C12-14 Pareth-12, Hydrogenated Lecithin, Acrylates\/C10-30 Alkyl Acrylate Crosspolymer, Tromethamine, Carbomer, Glyceryl Polymethacrylate, Glyceryl Stearate, Dextrin, Salvia Officinalis (Sage) Oil, Citronellol, Disodium EDTA, Tartrazine<\/p>\n<p>*Eine Ver\u00e4nderung der Inhaltsstoffe unterliegt dem Ermessen des Herstellers. Willst du vor dem Kauf ganz sicher gehen? Dann kontaktiere uns f\u00fcr ein Foto der aktuellen Produktverpackung.<\/p>\n<h3>Warnhinweise<\/h3>\n<ol>\n<li>Nur zur \u00e4u\u00dferlichen Anwendung geeignet.<\/li>\n<li>Nicht auf verletzte Haut oder auf Wunden auftragen.<\/li>\n<li>Sollten Nebenwirkungen wie Irritationen oder Ausschlag eintreten, Anwendung sofort beenden und unverz\u00fcglich an einen Arzt wenden.<\/li>\n<li>Kontakt mit den Augen vermeiden. Sollte das Produkt ins Auge gelangen, das Auge sofort gr\u00fcndlich mit klarem Wasser aussp\u00fclen.<\/li>\n<li>Au\u00dfer Reichweite von Kindern aufbewahren.<\/li>\n<li>Nicht schlucken. Bei Verschlucken Arzt oder Giftzentrale aufsuchen.<\/li>\n<\/ol>\n","protected":false},"excerpt":{"rendered":"<p>This serum toner instantly moisurizes and recharges the damaged skin barrier. Formulated with a doubling of Ceramidin NP and Panthenol that build up a strong, solid skin barrier with skin elasticity. Constantly moisturizes the skin for 24 hours and strengthens the skin barrier non-stop for 8 hours.<br \/>\nA toner with highly concentrated serum texture that contains both the quick absorptin feature of a toner and the strong moisturization feature of a serum.<br \/>\n<strong>Den Dr. Jart+ Ceramidin Skin Barrier Serum Toner<\/strong> gibt es nun mit einer neuen Rezeptur: Diese enth\u00e4lt die doppelte Dosis Panthenol und Ceramide, weshalb diese Hautpflege Ihre Haut fortan noch zielf\u00fchrender und effizienter verw\u00f6hnt. Das Serum besitzt eine milchige Textur und sollte nach der Reinigung, aber vor dem Auftragen der Lieblingsfeuchtigkeitscreme genutzt werden. Der Dr. Jart+ Ceramidin Skin Barrier Serum Toner kann von allen Hauttypen genutzt werden, insbesondere auch von M\u00e4nnern und Frauen mit trockener Haut &#8211; dank der intensiv hydratisierenden und barrierest\u00e4rkenden Effekte. Eine gesunde Hautbarriere ist der Schl\u00fcssel f\u00fcr einen gesunden Teint und starke, hauteigene Abwehrkr\u00e4fte!<br \/>\nFinished skin irritation test and is suitable for sensitive skin.<\/p>\n","protected":false},"featured_media":10158,"comment_status":"open","ping_status":"closed","template":"","meta":{"content-type":"","site-sidebar-layout":"default","site-content-layout":"default","ast-site-content-layout":"default","site-content-style":"default","site-sidebar-style":"default","ast-global-header-display":"","ast-banner-title-visibility":"","ast-main-header-display":"","ast-hfb-above-header-display":"","ast-hfb-below-header-display":"","ast-hfb-mobile-header-display":"","site-post-title":"","ast-breadcrumbs-content":"","ast-featured-img":"","footer-sml-layout":"","ast-disable-related-posts":"","theme-transparent-header-meta":"default","adv-header-id-meta":"","stick-header-meta":"","header-above-stick-meta":"","header-main-stick-meta":"","header-below-stick-meta":"","astra-migrate-meta-layouts":"set","ast-page-background-enabled":"default","ast-page-background-meta":{"desktop":{"background-color":"","background-image":"","background-repeat":"repeat","background-position":"center center","background-size":"auto","background-attachment":"scroll","background-type":"","background-media":"","overlay-type":"","overlay-color":"","overlay-opacity":"","overlay-gradient":""},"tablet":{"background-color":"","background-image":"","background-repeat":"repeat","background-position":"center center","background-size":"auto","background-attachment":"scroll","background-type":"","background-media":"","overlay-type":"","overlay-color":"","overlay-opacity":"","overlay-gradient":""},"mobile":{"background-color":"","background-image":"","background-repeat":"repeat","background-position":"center center","background-size":"auto","background-attachment":"scroll","background-type":"","background-media":"","overlay-type":"","overlay-color":"","overlay-opacity":"","overlay-gradient":""}},"ast-content-background-meta":{"desktop":{"background-color":"var(--ast-global-color-5)","background-image":"","background-repeat":"repeat","background-position":"center center","background-size":"auto","background-attachment":"scroll","background-type":"","background-media":"","overlay-type":"","overlay-color":"","overlay-opacity":"","overlay-gradient":""},"tablet":{"background-color":"var(--ast-global-color-5)","background-image":"","background-repeat":"repeat","background-position":"center center","background-size":"auto","background-attachment":"scroll","background-type":"","background-media":"","overlay-type":"","overlay-color":"","overlay-opacity":"","overlay-gradient":""},"mobile":{"background-color":"var(--ast-global-color-5)","background-image":"","background-repeat":"repeat","background-position":"center center","background-size":"auto","background-attachment":"scroll","background-type":"","background-media":"","overlay-type":"","overlay-color":"","overlay-opacity":"","overlay-gradient":""}}},"product_brand":[],"product_cat":[315,319,131,327,31],"product_tag":[],"class_list":{"0":"post-10157","1":"product","2":"type-product","3":"status-publish","4":"has-post-thumbnail","6":"product_cat-gesichtswasser","7":"product_cat-gesichtsserum","8":"product_cat-dr-jart","9":"product_cat-new-arrivals","10":"product_cat-gesicht","11":"desktop-align-center","12":"tablet-align-center","13":"mobile-align-center","15":"first","16":"outofstock","17":"taxable","18":"shipping-taxable","19":"purchasable","20":"product-type-simple"},"_links":{"self":[{"href":"https:\/\/tomyklou.gr\/de\/wp-json\/wp\/v2\/product\/10157","targetHints":{"allow":["GET"]}}],"collection":[{"href":"https:\/\/tomyklou.gr\/de\/wp-json\/wp\/v2\/product"}],"about":[{"href":"https:\/\/tomyklou.gr\/de\/wp-json\/wp\/v2\/types\/product"}],"replies":[{"embeddable":true,"href":"https:\/\/tomyklou.gr\/de\/wp-json\/wp\/v2\/comments?post=10157"}],"wp:featuredmedia":[{"embeddable":true,"href":"https:\/\/tomyklou.gr\/de\/wp-json\/wp\/v2\/media\/10158"}],"wp:attachment":[{"href":"https:\/\/tomyklou.gr\/de\/wp-json\/wp\/v2\/media?parent=10157"}],"wp:term":[{"taxonomy":"product_brand","embeddable":true,"href":"https:\/\/tomyklou.gr\/de\/wp-json\/wp\/v2\/product_brand?post=10157"},{"taxonomy":"product_cat","embeddable":true,"href":"https:\/\/tomyklou.gr\/de\/wp-json\/wp\/v2\/product_cat?post=10157"},{"taxonomy":"product_tag","embeddable":true,"href":"https:\/\/tomyklou.gr\/de\/wp-json\/wp\/v2\/product_tag?post=10157"}],"curies":[{"name":"wp","href":"https:\/\/api.w.org\/{rel}","templated":true}]}}