{"id":10162,"date":"2024-09-19T10:18:42","date_gmt":"2024-09-19T07:18:42","guid":{"rendered":"https:\/\/tomyklou.gr\/product\/import-placeholder-for-26803\/"},"modified":"2026-02-22T18:28:01","modified_gmt":"2026-02-22T16:28:01","slug":"apieu-pure-block-natural-daily-sun-cream-ex-50ml","status":"publish","type":"product","link":"https:\/\/tomyklou.gr\/de\/product\/apieu-pure-block-natural-daily-sun-cream-ex\/","title":{"rendered":"Apieu Pure Block Natural Daily Sun Cream EX 50ml"},"content":{"rendered":"<h3>Anwendung<\/h3>\n<ol>\n<li>30 Minuten vor dem direkten Kontakt mit Sonnenlicht im letzten Schritt der Hautpflege-Routine auftragen.<\/li>\n<li>Bei l\u00e4ngerer Sonnenexposition sollten sie es am Tag mehrfach auftragen.<\/li>\n<\/ol>\n<h3>Inhaltsstoffe<\/h3>\n<p>Water , Propanediol , Homosalate , Titanium Dioxide (CI 77891) , Acrylates Copolymer , Butyloctyl Salicylate , Ethylhexyl Salicylate , Butylene Glycol , Diethylamino Hydroxybenzoyl Hexyl Benzoate , Polysorbate 60 , Glyceryl Stearate , Bis-Ethylhexyloxyphenol Methoxyphenyl Triazine , Sea Water , C20-22 Alkyl Phosphate , C20-22 Alcohols , Sorbitan Stearate , Caprylyl Glycol , Cetearyl Alcohol , Aluminum Hydroxide , Portulaca Oleracea Extract , Stearic Acid , Sodium Acrylate\/Sodium Acryloyldimethyl Taurate Copolymer , Panthenol , Ethylhexylglycerin , PPG-17\/IPDI\/DMPA Copolymer , Isohexadecane , Acrylates\/C10-30 Alkyl Acrylate Crosspolymer , Fragrance , Tromethamine , 1,2-Hexanediol , Xanthan Gum , Benzotriazolyl Dodecyl p-Cresol , Polysorbate 80 , Disodium EDTA , Polyhydroxystearic Acid , Propylene Glycol , Glycerin , Ethylhexyl Palmitate , Isopropyl Myristate , Isostearic Acid , Lecithin , Sorbitan Oleate , Polyglyceryl-3 Polyricinoleate , Eucalyptus Globulus Leaf Extract , Malpighia Emarginata (Acerola) Fruit Extract , Rosa Damascena Flower Water , Phenoxyethanol , Oryza Sativa (Rice) Bran Extract , Hexylene Glycol , Citric Acid , Sodium Benzoate , Aloe Barbadensis Leaf Extract , Citrullus Lanatus (Watermelon) Fruit Extract , Potassium Sorbate , Citrulline, Limonene , Linalool , Citronellol , Geraniol , Amyl Cinnamal , Hexyl Cinnamal , Citral , Benzyl Benzoate , Isoeugenol , Benzyl Salicylate , Eugenol , Farnesol (1023)<\/p>\n<p>*Eine Ver\u00e4nderung der Inhaltsstoffe unterliegt dem Ermessen des Herstellers. Willst du vor dem Kauf ganz sicher gehen? Dann kontaktiere uns f\u00fcr ein Foto der aktuellen Produktverpackung.<\/p>\n<h3>Warnhinweise<\/h3>\n<ol>\n<li>Nur zur \u00e4u\u00dferlichen Anwendung geeignet.<\/li>\n<li>Nicht auf verletzte Haut oder auf Wunden auftragen.<\/li>\n<li>Sollten Nebenwirkungen wie Irritationen oder Ausschlag eintreten, Anwendung sofort beenden und unverz\u00fcglich an einen Arzt wenden.<\/li>\n<li>Kontakt mit den Augen vermeiden. Sollte das Produkt ins Auge gelangen, das Auge sofort gr\u00fcndlich mit klarem Wasser aussp\u00fclen.<\/li>\n<li>Au\u00dfer Reichweite von Kindern aufbewahren.<\/li>\n<li>Nicht schlucken. Bei Verschlucken Arzt oder Giftzentrale aufsuchen.<\/li>\n<\/ol>\n","protected":false},"excerpt":{"rendered":"<p>APIEU Pure Block Daily Sun Cream mit SPF50+ und PA++++ besitzt eine cremige Textur und schafft eine weiche, glatte Makeup-Grundlage. Sie zieht schnell ein, ohne ein klebriges, gl\u00e4nzendes Finish oder einen wei\u00dfen Schleier auf der Haut zu hinterlassen.\u00a0Der Sonnenschutz ist perfekt f\u00fcr all diejenigen geeignet, die Make-up-Grundlage und Sonnencreme in einem verwenden m\u00f6chten und die aufgrund des \u00f6ligen Finishs keine normale Sonnencreme verwenden m\u00f6chten.<\/p>\n","protected":false},"featured_media":10163,"comment_status":"open","ping_status":"closed","template":"","meta":{"content-type":"","site-sidebar-layout":"default","site-content-layout":"default","ast-site-content-layout":"default","site-content-style":"default","site-sidebar-style":"default","ast-global-header-display":"","ast-banner-title-visibility":"","ast-main-header-display":"","ast-hfb-above-header-display":"","ast-hfb-below-header-display":"","ast-hfb-mobile-header-display":"","site-post-title":"","ast-breadcrumbs-content":"","ast-featured-img":"","footer-sml-layout":"","ast-disable-related-posts":"","theme-transparent-header-meta":"default","adv-header-id-meta":"","stick-header-meta":"","header-above-stick-meta":"","header-main-stick-meta":"","header-below-stick-meta":"","astra-migrate-meta-layouts":"set","ast-page-background-enabled":"default","ast-page-background-meta":{"desktop":{"background-color":"","background-image":"","background-repeat":"repeat","background-position":"center center","background-size":"auto","background-attachment":"scroll","background-type":"","background-media":"","overlay-type":"","overlay-color":"","overlay-opacity":"","overlay-gradient":""},"tablet":{"background-color":"","background-image":"","background-repeat":"repeat","background-position":"center center","background-size":"auto","background-attachment":"scroll","background-type":"","background-media":"","overlay-type":"","overlay-color":"","overlay-opacity":"","overlay-gradient":""},"mobile":{"background-color":"","background-image":"","background-repeat":"repeat","background-position":"center center","background-size":"auto","background-attachment":"scroll","background-type":"","background-media":"","overlay-type":"","overlay-color":"","overlay-opacity":"","overlay-gradient":""}},"ast-content-background-meta":{"desktop":{"background-color":"var(--ast-global-color-5)","background-image":"","background-repeat":"repeat","background-position":"center center","background-size":"auto","background-attachment":"scroll","background-type":"","background-media":"","overlay-type":"","overlay-color":"","overlay-opacity":"","overlay-gradient":""},"tablet":{"background-color":"var(--ast-global-color-5)","background-image":"","background-repeat":"repeat","background-position":"center center","background-size":"auto","background-attachment":"scroll","background-type":"","background-media":"","overlay-type":"","overlay-color":"","overlay-opacity":"","overlay-gradient":""},"mobile":{"background-color":"var(--ast-global-color-5)","background-image":"","background-repeat":"repeat","background-position":"center center","background-size":"auto","background-attachment":"scroll","background-type":"","background-media":"","overlay-type":"","overlay-color":"","overlay-opacity":"","overlay-gradient":""}}},"product_brand":[],"product_cat":[313,63,327,31],"product_tag":[36],"class_list":{"0":"post-10162","1":"product","2":"type-product","3":"status-publish","4":"has-post-thumbnail","6":"product_cat-gesichtssonnencreme","7":"product_cat-apieu","8":"product_cat-new-arrivals","9":"product_cat-gesicht","10":"product_tag-sonnenschutz","11":"desktop-align-center","12":"tablet-align-center","13":"mobile-align-center","15":"first","16":"outofstock","17":"taxable","18":"shipping-taxable","19":"purchasable","20":"product-type-simple"},"_links":{"self":[{"href":"https:\/\/tomyklou.gr\/de\/wp-json\/wp\/v2\/product\/10162","targetHints":{"allow":["GET"]}}],"collection":[{"href":"https:\/\/tomyklou.gr\/de\/wp-json\/wp\/v2\/product"}],"about":[{"href":"https:\/\/tomyklou.gr\/de\/wp-json\/wp\/v2\/types\/product"}],"replies":[{"embeddable":true,"href":"https:\/\/tomyklou.gr\/de\/wp-json\/wp\/v2\/comments?post=10162"}],"wp:featuredmedia":[{"embeddable":true,"href":"https:\/\/tomyklou.gr\/de\/wp-json\/wp\/v2\/media\/10163"}],"wp:attachment":[{"href":"https:\/\/tomyklou.gr\/de\/wp-json\/wp\/v2\/media?parent=10162"}],"wp:term":[{"taxonomy":"product_brand","embeddable":true,"href":"https:\/\/tomyklou.gr\/de\/wp-json\/wp\/v2\/product_brand?post=10162"},{"taxonomy":"product_cat","embeddable":true,"href":"https:\/\/tomyklou.gr\/de\/wp-json\/wp\/v2\/product_cat?post=10162"},{"taxonomy":"product_tag","embeddable":true,"href":"https:\/\/tomyklou.gr\/de\/wp-json\/wp\/v2\/product_tag?post=10162"}],"curies":[{"name":"wp","href":"https:\/\/api.w.org\/{rel}","templated":true}]}}