{"id":10171,"date":"2024-09-19T10:18:53","date_gmt":"2024-09-19T07:18:53","guid":{"rendered":"https:\/\/tomyklou.gr\/product\/import-placeholder-for-26856\/"},"modified":"2026-02-22T18:28:01","modified_gmt":"2026-02-22T16:28:01","slug":"tirtir-milk-skin-toner-light-150ml","status":"publish","type":"product","link":"https:\/\/tomyklou.gr\/de\/product\/tirtir-milk-skin-toner-light\/","title":{"rendered":"TIRTIR Milk Skin Toner Light 150ml"},"content":{"rendered":"<h3>Anwendung<\/h3>\n<ol>\n<li>2\u20133 Tropfen auf die gereinigte Haut auftragen.<\/li>\n<li>Sanft in die Haut einklopfen, bis es vollst\u00e4ndig eingezogen ist.<\/li>\n<\/ol>\n<h3>Inhaltsstoffe<\/h3>\n<p>Water, Glycerin, Butylene Glycol, Niacinamide, Anthemis Nobilis Flower Extract, 1,2-Hexanediol, Caprylyl Glycol, Oryza Sativa (Rice) Bran Extract, Styrene\/VP Copolymer, Panthenol, Allantoin, Betaine, Sodium PCA, Adenosine, Disodium EDTA, Illicium Verum (Anise) Fruit Extract, Glycyrrhiza Glabra (Licorice) Root Extract, Arginine, Carbomer, Centella Asiatica Extract, Alchemilla Vulgaris Extract, Amaranthus Caudatus Extract, Olea Europaea (Olive) Leaf Extract, Veronica Officinalis Extract, Mentha Piperita (Peppermint) Leaf Extract, Ulmus Davidiana Root Extract, Cynara Scolymus (Artichoke) Leaf Extract, Avena Sativa (Oat) Kernel Extract, Sambucus Nigra Flower Extract, Camellia Sinensis Leaf Extract, Polygonum Cuspidatum Root Extract, Chamomilla Recutita (Matricaria) Flower Extract, Rosmarinus Officinalis (Rosemary) Leaf Extract, Sodium Hyaluronate, Scutellaria Baicalensis Root Extract, Beta-Glucan, Laminaria Japonica Extract, Chamaecyparis Obtusa Leaf Extract, Ceramide NP, Copper Tripeptide-1, Acetyl Hexapeptide-8<\/p>\n<p>*Die aktuellste Zutatenliste finden Sie auf der Produktverpackung oder kontaktieren Sie uns f\u00fcr ein Produktfoto.<\/p>\n<h3>Warnhinweise<\/h3>\n<ol>\n<li>Nur zur \u00e4u\u00dferlichen Anwendung.<\/li>\n<li>Nicht auf gesch\u00e4digter oder gebrochener Haut anwenden.<\/li>\n<li>Wenn ein Ausschlag auftritt, brechen Sie die Anwendung ab und wenden Sie sich an einen Arzt.<\/li>\n<li>Kontakt mit den Augen vermeiden. Bei Augenkontakt sofort gr\u00fcndlich aussp\u00fclen.<\/li>\n<li>Au\u00dferhalb der Reichweite von Kindern aufbewahren.<\/li>\n<li>Nicht schlucken. Bei Verschlucken sofort einen Arzt aufsuchen oder eine Giftnotrufzentrale kontaktieren.<\/li>\n<\/ol>\n","protected":false},"excerpt":{"rendered":"<p>Ein sanfter, effektiv feuchtigkeitsspendender und aufhellender Milchtoner mit Reiskleieextrakt, Niacinamid, Ceramiden, Hyalurons\u00e4ure und Kamille, der hilft, gesch\u00e4digte Haut zu revitalisieren, zu beruhigen und in einen gesunden, strahlenden Teint zu verwandeln. Ideal f\u00fcr alle Hauttypen, ist es Ihr Toner f\u00fcr glasklare Haut, die den ganzen Tag lang tief hydratisiert ist.<\/p>\n","protected":false},"featured_media":10172,"comment_status":"open","ping_status":"closed","template":"","meta":{"content-type":"","site-sidebar-layout":"default","site-content-layout":"","ast-site-content-layout":"default","site-content-style":"default","site-sidebar-style":"default","ast-global-header-display":"","ast-banner-title-visibility":"","ast-main-header-display":"","ast-hfb-above-header-display":"","ast-hfb-below-header-display":"","ast-hfb-mobile-header-display":"","site-post-title":"","ast-breadcrumbs-content":"","ast-featured-img":"","footer-sml-layout":"","ast-disable-related-posts":"","theme-transparent-header-meta":"default","adv-header-id-meta":"","stick-header-meta":"","header-above-stick-meta":"","header-main-stick-meta":"","header-below-stick-meta":"","astra-migrate-meta-layouts":"set","ast-page-background-enabled":"default","ast-page-background-meta":{"desktop":{"background-color":"","background-image":"","background-repeat":"repeat","background-position":"center center","background-size":"auto","background-attachment":"scroll","background-type":"","background-media":"","overlay-type":"","overlay-color":"","overlay-opacity":"","overlay-gradient":""},"tablet":{"background-color":"","background-image":"","background-repeat":"repeat","background-position":"center center","background-size":"auto","background-attachment":"scroll","background-type":"","background-media":"","overlay-type":"","overlay-color":"","overlay-opacity":"","overlay-gradient":""},"mobile":{"background-color":"","background-image":"","background-repeat":"repeat","background-position":"center center","background-size":"auto","background-attachment":"scroll","background-type":"","background-media":"","overlay-type":"","overlay-color":"","overlay-opacity":"","overlay-gradient":""}},"ast-content-background-meta":{"desktop":{"background-color":"var(--ast-global-color-5)","background-image":"","background-repeat":"repeat","background-position":"center center","background-size":"auto","background-attachment":"scroll","background-type":"","background-media":"","overlay-type":"","overlay-color":"","overlay-opacity":"","overlay-gradient":""},"tablet":{"background-color":"var(--ast-global-color-5)","background-image":"","background-repeat":"repeat","background-position":"center center","background-size":"auto","background-attachment":"scroll","background-type":"","background-media":"","overlay-type":"","overlay-color":"","overlay-opacity":"","overlay-gradient":""},"mobile":{"background-color":"var(--ast-global-color-5)","background-image":"","background-repeat":"repeat","background-position":"center center","background-size":"auto","background-attachment":"scroll","background-type":"","background-media":"","overlay-type":"","overlay-color":"","overlay-opacity":"","overlay-gradient":""}}},"product_brand":[],"product_cat":[315,300,327,31],"product_tag":[],"class_list":{"0":"post-10171","1":"product","2":"type-product","3":"status-publish","4":"has-post-thumbnail","6":"product_cat-gesichtswasser","7":"product_cat-tirtir","8":"product_cat-new-arrivals","9":"product_cat-gesicht","10":"desktop-align-center","11":"tablet-align-center","12":"mobile-align-center","14":"first","15":"outofstock","16":"taxable","17":"shipping-taxable","18":"purchasable","19":"product-type-simple"},"_links":{"self":[{"href":"https:\/\/tomyklou.gr\/de\/wp-json\/wp\/v2\/product\/10171","targetHints":{"allow":["GET"]}}],"collection":[{"href":"https:\/\/tomyklou.gr\/de\/wp-json\/wp\/v2\/product"}],"about":[{"href":"https:\/\/tomyklou.gr\/de\/wp-json\/wp\/v2\/types\/product"}],"replies":[{"embeddable":true,"href":"https:\/\/tomyklou.gr\/de\/wp-json\/wp\/v2\/comments?post=10171"}],"wp:featuredmedia":[{"embeddable":true,"href":"https:\/\/tomyklou.gr\/de\/wp-json\/wp\/v2\/media\/10172"}],"wp:attachment":[{"href":"https:\/\/tomyklou.gr\/de\/wp-json\/wp\/v2\/media?parent=10171"}],"wp:term":[{"taxonomy":"product_brand","embeddable":true,"href":"https:\/\/tomyklou.gr\/de\/wp-json\/wp\/v2\/product_brand?post=10171"},{"taxonomy":"product_cat","embeddable":true,"href":"https:\/\/tomyklou.gr\/de\/wp-json\/wp\/v2\/product_cat?post=10171"},{"taxonomy":"product_tag","embeddable":true,"href":"https:\/\/tomyklou.gr\/de\/wp-json\/wp\/v2\/product_tag?post=10171"}],"curies":[{"name":"wp","href":"https:\/\/api.w.org\/{rel}","templated":true}]}}