{"id":10192,"date":"2024-09-19T10:19:12","date_gmt":"2024-09-19T07:19:12","guid":{"rendered":"https:\/\/tomyklou.gr\/product\/import-placeholder-for-26938\/"},"modified":"2026-02-22T18:28:01","modified_gmt":"2026-02-22T16:28:01","slug":"jkosmec-skin-solution-rejuvenating-retinol-serum-32ml","status":"publish","type":"product","link":"https:\/\/tomyklou.gr\/de\/product\/jkosmec-skin-solution-rejuvenating-retinol-serum\/","title":{"rendered":"JKosmec Skin Solution Rejuvenating Retinol Serum 32ml"},"content":{"rendered":"<h3>Anwendung<\/h3>\n<ol>\n<li>Waschen und trocknen Sie das Gesicht mit einem Handtuch.<\/li>\n<li>Verwenden Sie das Serum morgens und abends als Teil Ihrer t\u00e4glichen Gesichtspflege, bevor Sie Cremes oder Maskenpackungen auftragen.<\/li>\n<li>Tragen Sie die entsprechende Menge Serum auf Gesicht, Hals und Dekollet\u00e9 auf und massieren Sie es sanft ein, bis es vollst\u00e4ndig eingezogen ist.<\/li>\n<\/ol>\n<h3>Hauptinhaltsstoffe<\/h3>\n<p>Water, Glycerin, Butylene Glycol, Dipropylene Glycol, Niacinamide, 1,2-Hexanediol, Panthenol, Hydroxyacetophenone, Arginine, Carbomer, Trehalose, Peg-60 Hydrogenated Castor Oil, Ammonium Acryloyldimethyltaurate\/Vp Copolymer, Allantoin, Xanthan Gum, Ethylhexylglycerin, Adenosine, Fragrance, Disodium Edta, Polysorbate 80, Propanediol, Sodium Hyaluronate, Retinol, Lecithin, Pentylene Glycol, Scutellaria Baicalensis Root Extract, Lactobacillus Ferment, Caprylic\/Capric Triglyceride, Glycyrrhiza Uralensis (Licorice) Root Extract, Sophora Flavescens Extract, Cordyceps Militaris Extract, Centella Asiatica Extract, Houttuynia Cordata Extract, Hydrogenated Phosphatidylcholine, Sodium Hyaluronate Crosspolymer, Hydrolyzed Hyaluronic Acid, Sucrose Stearate, Hyaluronic Acid, Hydrolyzed Pea Protein, Stearic Acid, Hexyl Laurate, Ceramide Np, Palmitic Acid, Hydrolyzed Sodium Hyaluronate, Glycosphingolipids, Cholesterol<\/p>\n<p>*Eine Ver\u00e4nderung der Inhaltsstoffe unterliegt dem Ermessen des Herstellers. Kontaktiere uns f\u00fcr ein Foto der aktuellen Produktverpackung.<\/p>\n<h3>Warnhinweise<\/h3>\n<ol>\n<li>Nur zur \u00e4u\u00dferlichen Anwendung geeignet.<\/li>\n<li>Nicht auf verletzte Haut oder auf Wunden auftragen.<\/li>\n<li>Sollten Nebenwirkungen wie Irritationen oder Ausschlag eintreten, Anwendung sofort beenden und unverz\u00fcglich an einen Arzt wenden.<\/li>\n<li>Kontakt mit den Augen vermeiden. Sollte das Produkt ins Auge gelangen, das Auge sofort gr\u00fcndlich mit klarem Wasser aussp\u00fclen.<\/li>\n<li>Au\u00dfer Reichweite von Kindern aufbewahren.<\/li>\n<li>Nicht schlucken. Bei Verschlucken Arzt oder Giftzentrale aufsuchen.<\/li>\n<\/ol>\n","protected":false},"excerpt":{"rendered":"<p>Erleben Sie intensive Anti-Aging-Pflege mit hypoallergenem Retinol (BST-Stabilisiertes Retinol). Diese umfassende Anti-Aging-L\u00f6sung stellt eine gesch\u00e4digte Hautbarriere wieder her, verbessert effektiv die Elastizit\u00e4t und reduziert Falten.<\/p>\n<p><strong>Wirkstoffe:<\/strong> Retinol<\/p>\n<p><strong>Hauptfunktion:<\/strong> Verj\u00fcngend<\/p>\n","protected":false},"featured_media":10193,"comment_status":"open","ping_status":"closed","template":"","meta":{"content-type":"","site-sidebar-layout":"default","site-content-layout":"","ast-site-content-layout":"default","site-content-style":"default","site-sidebar-style":"default","ast-global-header-display":"","ast-banner-title-visibility":"","ast-main-header-display":"","ast-hfb-above-header-display":"","ast-hfb-below-header-display":"","ast-hfb-mobile-header-display":"","site-post-title":"","ast-breadcrumbs-content":"","ast-featured-img":"","footer-sml-layout":"","ast-disable-related-posts":"","theme-transparent-header-meta":"default","adv-header-id-meta":"","stick-header-meta":"","header-above-stick-meta":"","header-main-stick-meta":"","header-below-stick-meta":"","astra-migrate-meta-layouts":"set","ast-page-background-enabled":"default","ast-page-background-meta":{"desktop":{"background-color":"","background-image":"","background-repeat":"repeat","background-position":"center center","background-size":"auto","background-attachment":"scroll","background-type":"","background-media":"","overlay-type":"","overlay-color":"","overlay-opacity":"","overlay-gradient":""},"tablet":{"background-color":"","background-image":"","background-repeat":"repeat","background-position":"center center","background-size":"auto","background-attachment":"scroll","background-type":"","background-media":"","overlay-type":"","overlay-color":"","overlay-opacity":"","overlay-gradient":""},"mobile":{"background-color":"","background-image":"","background-repeat":"repeat","background-position":"center center","background-size":"auto","background-attachment":"scroll","background-type":"","background-media":"","overlay-type":"","overlay-color":"","overlay-opacity":"","overlay-gradient":""}},"ast-content-background-meta":{"desktop":{"background-color":"var(--ast-global-color-5)","background-image":"","background-repeat":"repeat","background-position":"center center","background-size":"auto","background-attachment":"scroll","background-type":"","background-media":"","overlay-type":"","overlay-color":"","overlay-opacity":"","overlay-gradient":""},"tablet":{"background-color":"var(--ast-global-color-5)","background-image":"","background-repeat":"repeat","background-position":"center center","background-size":"auto","background-attachment":"scroll","background-type":"","background-media":"","overlay-type":"","overlay-color":"","overlay-opacity":"","overlay-gradient":""},"mobile":{"background-color":"var(--ast-global-color-5)","background-image":"","background-repeat":"repeat","background-position":"center center","background-size":"auto","background-attachment":"scroll","background-type":"","background-media":"","overlay-type":"","overlay-color":"","overlay-opacity":"","overlay-gradient":""}}},"product_brand":[],"product_cat":[317,319,148,327,31],"product_tag":[],"class_list":{"0":"post-10192","1":"product","2":"type-product","3":"status-publish","4":"has-post-thumbnail","6":"product_cat-essence-serum-oel","7":"product_cat-gesichtsserum","8":"product_cat-jkosmec","9":"product_cat-new-arrivals","10":"product_cat-gesicht","11":"desktop-align-center","12":"tablet-align-center","13":"mobile-align-center","15":"first","16":"outofstock","17":"taxable","18":"shipping-taxable","19":"purchasable","20":"product-type-simple"},"_links":{"self":[{"href":"https:\/\/tomyklou.gr\/de\/wp-json\/wp\/v2\/product\/10192","targetHints":{"allow":["GET"]}}],"collection":[{"href":"https:\/\/tomyklou.gr\/de\/wp-json\/wp\/v2\/product"}],"about":[{"href":"https:\/\/tomyklou.gr\/de\/wp-json\/wp\/v2\/types\/product"}],"replies":[{"embeddable":true,"href":"https:\/\/tomyklou.gr\/de\/wp-json\/wp\/v2\/comments?post=10192"}],"wp:featuredmedia":[{"embeddable":true,"href":"https:\/\/tomyklou.gr\/de\/wp-json\/wp\/v2\/media\/10193"}],"wp:attachment":[{"href":"https:\/\/tomyklou.gr\/de\/wp-json\/wp\/v2\/media?parent=10192"}],"wp:term":[{"taxonomy":"product_brand","embeddable":true,"href":"https:\/\/tomyklou.gr\/de\/wp-json\/wp\/v2\/product_brand?post=10192"},{"taxonomy":"product_cat","embeddable":true,"href":"https:\/\/tomyklou.gr\/de\/wp-json\/wp\/v2\/product_cat?post=10192"},{"taxonomy":"product_tag","embeddable":true,"href":"https:\/\/tomyklou.gr\/de\/wp-json\/wp\/v2\/product_tag?post=10192"}],"curies":[{"name":"wp","href":"https:\/\/api.w.org\/{rel}","templated":true}]}}