{"id":10197,"date":"2024-09-19T10:19:17","date_gmt":"2024-09-19T07:19:17","guid":{"rendered":"https:\/\/tomyklou.gr\/product\/import-placeholder-for-26945\/"},"modified":"2026-02-22T18:28:01","modified_gmt":"2026-02-22T16:28:01","slug":"jkosmec-advanced-firming-caffeine-eye-cream-20ml","status":"publish","type":"product","link":"https:\/\/tomyklou.gr\/de\/product\/jkosmec-advanced-firming-caffeine-eye-cream\/","title":{"rendered":"JKosmec Advanced Firming Caffeine Eye Cream 20ml"},"content":{"rendered":"<h3>Anwendung<\/h3>\n<ol>\n<li>Nehmen Sie eine angemessene Menge dieses Produkts und klopfen Sie es sanft um die Augenpartie ein, damit es absorbiert wird.<\/li>\n<li>Tipp: Tragen Sie die Creme nicht nur um die Augen auf, sondern auch auf die Bereiche, die eine Faltenpflege ben\u00f6tigen, wie die Stirn, zwischen den Augenbrauen, die Bereiche um den Mund und andere Zonen, die zu feinen Falten neigen.<\/li>\n<\/ol>\n<h3>Inhaltsstoffe<\/h3>\n<p>Water, Glycerin, Limnanthes Alba (Meadowfoam) Seed Oil, Niacinamide, Glyceryl Stearate, Butylene Glycol, Cetearyl Olivate, Cetearyl Alcohol, Synthetic Beeswax, 1,2-Hexanediol, Sorbitan Olivate, Palmitic Acid, Hydroxyacetophenone, Dimethicone, Peg-100 Stearate, Stearic Acid, Squalane, Polyacrylate-13, Panthenol, Polyisobutene, Caffeine (1,000ppm), Hexadecane, Adenosine, Tetradecane, Polysorbate 20, Fragrance, Sorbitan Isostearate, Disodium Edta, Dodecane, Octadecane, Myristic Acid, Eicosane, Bakuchiol, Sodium Hyaluronate, Ceramide Np, Cholesterol, Caprylic\/Capric Triglyceride, Hydrogenated Lecithin, Camellia Sinensis Leaf Extract, Phytosphingosine, Oleic Acid, Hydrolyzed Extensin, Soluble Collagen, Lactic Acid, Phenoxyethanol, Caprylyl Glycol, Mannose, Glucose, Caprylhydroxamic Acid, Copper Tripeptide-1, Acetyl Hexapeptide-8, Palmitoyl Pentapeptide-4, Palmitoyl Tripeptide-1, Palmitoyl Tetrapeptide-7, Tripeptide-1, Tripeptide-2, Tripeptide-3, Acetyl Octapeptide-3.<\/p>\n<h3>Warnhinweise<\/h3>\n<ol>\n<li>Nur zur \u00e4u\u00dferlichen Anwendung geeignet.<\/li>\n<li>Nicht auf verletzte Haut oder auf Wunden auftragen.<\/li>\n<li>Sollten Nebenwirkungen wie Irritationen oder Ausschlag eintreten, Anwendung sofort beenden und unverz\u00fcglich an einen Arzt wenden.<\/li>\n<li>Kontakt mit den Augen vermeiden. Sollte das Produkt ins Auge gelangen, das Auge sofort gr\u00fcndlich mit klarem Wasser aussp\u00fclen.<\/li>\n<li>Au\u00dfer Reichweite von Kindern aufbewahren.<\/li>\n<li>Nicht schlucken. Bei Verschlucken Arzt oder Giftzentrale aufsuchen.<\/li>\n<\/ol>\n","protected":false},"excerpt":{"rendered":"<p>Die hoch n\u00e4hrstoffreiche Creme, angereichert mit Koffein und Bakuchiol, hilft, der empfindlichen Haut um die Augen Festigkeit und Vitalit\u00e4t zur\u00fcckzugeben. Adenosin-Komponenten verbessern Falten und feine Linien.<\/p>\n<p><strong>Aktive Bestandteile:<\/strong> Koffein, Bakuchiol<\/p>\n<ul>\n<li><strong>Koffein:<\/strong> 100% reine nat\u00fcrliche Koffein, gewonnen aus gr\u00fcnen Kaffeebohnen. Italienisches nat\u00fcrliches Koffein, das strenge Lebensmittelqualit\u00e4tskontrollen (HACCP) sowie pharmazeutische Qualit\u00e4ts\u00fcberwachung bestanden hat. Koffein ist in der antioxidativen Pflege effektiv, indem es den Stoffwechsel f\u00f6rdert und die Blutzirkulation unterst\u00fctzt, was die Reduzierung von Schwellungen und die Verbesserung von Augenringen erleichtert.<\/li>\n<li><strong>Bakuchiol:<\/strong> Bakuchiol bietet antioxidative Pflege und hilft, die allgemeine Hautbeschaffenheit zu verbessern, die UV-Strahlen und verschiedenen \u00e4u\u00dferen Umwelteinfl\u00fcssen ausgesetzt ist. Es f\u00f6rdert die Kollagenproduktion und pflegt die Hautelastizit\u00e4t sowie den gesunden Glanz.<\/li>\n<\/ul>\n<p><strong>Hauptfunktion:<\/strong> Festigkeit wiederherstellen<\/p>\n","protected":false},"featured_media":10198,"comment_status":"open","ping_status":"closed","template":"","meta":{"content-type":"","site-sidebar-layout":"default","site-content-layout":"","ast-site-content-layout":"default","site-content-style":"default","site-sidebar-style":"default","ast-global-header-display":"","ast-banner-title-visibility":"","ast-main-header-display":"","ast-hfb-above-header-display":"","ast-hfb-below-header-display":"","ast-hfb-mobile-header-display":"","site-post-title":"","ast-breadcrumbs-content":"","ast-featured-img":"","footer-sml-layout":"","ast-disable-related-posts":"","theme-transparent-header-meta":"default","adv-header-id-meta":"","stick-header-meta":"","header-above-stick-meta":"","header-main-stick-meta":"","header-below-stick-meta":"","astra-migrate-meta-layouts":"set","ast-page-background-enabled":"default","ast-page-background-meta":{"desktop":{"background-color":"","background-image":"","background-repeat":"repeat","background-position":"center center","background-size":"auto","background-attachment":"scroll","background-type":"","background-media":"","overlay-type":"","overlay-color":"","overlay-opacity":"","overlay-gradient":""},"tablet":{"background-color":"","background-image":"","background-repeat":"repeat","background-position":"center center","background-size":"auto","background-attachment":"scroll","background-type":"","background-media":"","overlay-type":"","overlay-color":"","overlay-opacity":"","overlay-gradient":""},"mobile":{"background-color":"","background-image":"","background-repeat":"repeat","background-position":"center center","background-size":"auto","background-attachment":"scroll","background-type":"","background-media":"","overlay-type":"","overlay-color":"","overlay-opacity":"","overlay-gradient":""}},"ast-content-background-meta":{"desktop":{"background-color":"var(--ast-global-color-5)","background-image":"","background-repeat":"repeat","background-position":"center center","background-size":"auto","background-attachment":"scroll","background-type":"","background-media":"","overlay-type":"","overlay-color":"","overlay-opacity":"","overlay-gradient":""},"tablet":{"background-color":"var(--ast-global-color-5)","background-image":"","background-repeat":"repeat","background-position":"center center","background-size":"auto","background-attachment":"scroll","background-type":"","background-media":"","overlay-type":"","overlay-color":"","overlay-opacity":"","overlay-gradient":""},"mobile":{"background-color":"var(--ast-global-color-5)","background-image":"","background-repeat":"repeat","background-position":"center center","background-size":"auto","background-attachment":"scroll","background-type":"","background-media":"","overlay-type":"","overlay-color":"","overlay-opacity":"","overlay-gradient":""}}},"product_brand":[],"product_cat":[320,148,327,31],"product_tag":[],"class_list":{"0":"post-10197","1":"product","2":"type-product","3":"status-publish","4":"has-post-thumbnail","6":"product_cat-augenpflege","7":"product_cat-jkosmec","8":"product_cat-new-arrivals","9":"product_cat-gesicht","10":"desktop-align-center","11":"tablet-align-center","12":"mobile-align-center","14":"first","15":"outofstock","16":"taxable","17":"shipping-taxable","18":"purchasable","19":"product-type-simple"},"_links":{"self":[{"href":"https:\/\/tomyklou.gr\/de\/wp-json\/wp\/v2\/product\/10197","targetHints":{"allow":["GET"]}}],"collection":[{"href":"https:\/\/tomyklou.gr\/de\/wp-json\/wp\/v2\/product"}],"about":[{"href":"https:\/\/tomyklou.gr\/de\/wp-json\/wp\/v2\/types\/product"}],"replies":[{"embeddable":true,"href":"https:\/\/tomyklou.gr\/de\/wp-json\/wp\/v2\/comments?post=10197"}],"wp:featuredmedia":[{"embeddable":true,"href":"https:\/\/tomyklou.gr\/de\/wp-json\/wp\/v2\/media\/10198"}],"wp:attachment":[{"href":"https:\/\/tomyklou.gr\/de\/wp-json\/wp\/v2\/media?parent=10197"}],"wp:term":[{"taxonomy":"product_brand","embeddable":true,"href":"https:\/\/tomyklou.gr\/de\/wp-json\/wp\/v2\/product_brand?post=10197"},{"taxonomy":"product_cat","embeddable":true,"href":"https:\/\/tomyklou.gr\/de\/wp-json\/wp\/v2\/product_cat?post=10197"},{"taxonomy":"product_tag","embeddable":true,"href":"https:\/\/tomyklou.gr\/de\/wp-json\/wp\/v2\/product_tag?post=10197"}],"curies":[{"name":"wp","href":"https:\/\/api.w.org\/{rel}","templated":true}]}}