{"id":10311,"date":"2024-10-16T20:13:55","date_gmt":"2024-10-16T17:13:55","guid":{"rendered":"https:\/\/tomyklou.gr\/product\/import-placeholder-for-5222\/"},"modified":"2026-02-22T18:27:59","modified_gmt":"2026-02-22T16:27:59","slug":"skinfood-black-sugar-perfect-cleansing-oil-200ml","status":"publish","type":"product","link":"https:\/\/tomyklou.gr\/de\/product\/skinfood-black-sugar-perfect-cleansing-oil-200ml\/","title":{"rendered":"Skinfood Black Sugar Perfect Cleansing Oil 200ml"},"content":{"rendered":"<h3>Anwendung<\/h3>\n<ol>\n<li>Eine geeignete Menge (zwei bis drei Mal pumpen) auf die Handfl\u00e4chen geben.<\/li>\n<li>Das Reinigungs\u00f6l mit kreisf\u00f6rmigen Bewegungen in die trockene Haut einmassieren.<\/li>\n<li>Die H\u00e4nde anfeuchten und etwas Wasser auf das Gesicht geben. Anschlie\u00dfend weiter massieren, sodass sich das \u00d6l in eine Emulsion verwandelt.<\/li>\n<li>Mit lauwarmem Wasser abwaschen.<\/li>\n<\/ol>\n<h3>Inhaltsstoffe<\/h3>\n<p>Ethylhexyl Palmitate, Peg-20 Glyceryl Triisostearate, Pentaerythrityl Tetraethylhexanoate, C12-15 Alkyl Benzoate, Pentaerythrityl Tetraisostearate, Peg-10 Isostearate, Bis-Ethoxydiglycol Cyclohexane 1, 4-Dicarboxylate, Simmondsia Chinensis (Jojoba) Seed Oil, Olea Europaea (Olive) Fruit Oil, Oenothera Biennis (Evening Primrose) Oil, Macadamia Ternifolia Seed Oil, Limnanthes Alba (Meadowfoam) Seed Oil, Camellia Oleifera Seed Oil, Water, FragranceDimethicone, Black Sugar Extract, Sodium Pca, Betaine, Threonine, Sorbitol, Proline, Lysine, Lepidium Meyenii Root Extract, Glutamic Acid, Arginine, Alanine, Butylene Glycol, Cholesterol, Citrus Limon (Lemon) Fruit Extract, Citrus Aurantium Dulcis (Orange) Fruit Extract, Pyrus Malus (Apple) Fruit Extract, Carica Papaya (Papaya) Fruit Extract, Serine, Glycine, Alcohol Denat., Rice Ferment Filtrate (Sake), Hydrogenated Lecithin, 1,2-Hexanediol, Phenoxyethanol, Ceramide Np, Sarcodon Aspratus Extract, Sucrose, Ethylhexylglycerin, Tocopheryl Acetate, Disodium Edta<\/p>\n<h3>Warnhinweise<\/h3>\n<ol>\n<li>Nur zur \u00e4u\u00dferlichen Anwendung geeignet.<\/li>\n<li>Nicht auf verletzte Haut oder auf Wunden auftragen.<\/li>\n<li>Sollten Nebenwirkungen wie Irritationen oder Ausschlag eintreten, Anwendung sofort beenden und unverz\u00fcglich an einen Arzt wenden.<\/li>\n<li>Kontakt mit den Augen vermeiden. Sollte das Produkt ins Auge gelangen, das Auge sofort gr\u00fcndlich mit klarem Wasser aussp\u00fclen.<\/li>\n<li>Au\u00dfer Reichweite von Kindern aufbewahren.<\/li>\n<li>Nicht schlucken. Bei Verschlucken Arzt oder Giftzentrale aufsuchen.<\/li>\n<\/ol>\n","protected":false},"excerpt":{"rendered":"<p><strong>Skinfood<\/strong>\u00a0Black Sugar Perfect Cleansing Oil: Das reichhaltige Reinigungs\u00f6l mit schwarzem Zucker, veredeltem Reis-Wein und botanischen Extrakten entfernt sanft Make-up und Unreinheiten. F\u00fcr einen weichen und gepflegten Teint.<\/p>\n","protected":false},"featured_media":10316,"comment_status":"open","ping_status":"closed","template":"","meta":{"content-type":"","site-sidebar-layout":"default","site-content-layout":"","ast-site-content-layout":"default","site-content-style":"default","site-sidebar-style":"default","ast-global-header-display":"","ast-banner-title-visibility":"","ast-main-header-display":"","ast-hfb-above-header-display":"","ast-hfb-below-header-display":"","ast-hfb-mobile-header-display":"","site-post-title":"","ast-breadcrumbs-content":"","ast-featured-img":"","footer-sml-layout":"","ast-disable-related-posts":"","theme-transparent-header-meta":"default","adv-header-id-meta":"","stick-header-meta":"","header-above-stick-meta":"","header-main-stick-meta":"","header-below-stick-meta":"","astra-migrate-meta-layouts":"set","ast-page-background-enabled":"default","ast-page-background-meta":{"desktop":{"background-color":"","background-image":"","background-repeat":"repeat","background-position":"center center","background-size":"auto","background-attachment":"scroll","background-type":"","background-media":"","overlay-type":"","overlay-color":"","overlay-opacity":"","overlay-gradient":""},"tablet":{"background-color":"","background-image":"","background-repeat":"repeat","background-position":"center center","background-size":"auto","background-attachment":"scroll","background-type":"","background-media":"","overlay-type":"","overlay-color":"","overlay-opacity":"","overlay-gradient":""},"mobile":{"background-color":"","background-image":"","background-repeat":"repeat","background-position":"center center","background-size":"auto","background-attachment":"scroll","background-type":"","background-media":"","overlay-type":"","overlay-color":"","overlay-opacity":"","overlay-gradient":""}},"ast-content-background-meta":{"desktop":{"background-color":"var(--ast-global-color-5)","background-image":"","background-repeat":"repeat","background-position":"center center","background-size":"auto","background-attachment":"scroll","background-type":"","background-media":"","overlay-type":"","overlay-color":"","overlay-opacity":"","overlay-gradient":""},"tablet":{"background-color":"var(--ast-global-color-5)","background-image":"","background-repeat":"repeat","background-position":"center center","background-size":"auto","background-attachment":"scroll","background-type":"","background-media":"","overlay-type":"","overlay-color":"","overlay-opacity":"","overlay-gradient":""},"mobile":{"background-color":"var(--ast-global-color-5)","background-image":"","background-repeat":"repeat","background-position":"center center","background-size":"auto","background-attachment":"scroll","background-type":"","background-media":"","overlay-type":"","overlay-color":"","overlay-opacity":"","overlay-gradient":""}}},"product_brand":[],"product_cat":[312,318,168,31],"product_tag":[64],"class_list":{"0":"post-10311","1":"product","2":"type-product","3":"status-publish","4":"has-post-thumbnail","6":"product_cat-gesichtsreiniger","7":"product_cat-gesichtsoel","8":"product_cat-skin-food","9":"product_cat-gesicht","10":"product_tag-reinigung","11":"desktop-align-center","12":"tablet-align-center","13":"mobile-align-center","15":"first","16":"outofstock","17":"taxable","18":"shipping-taxable","19":"purchasable","20":"product-type-simple"},"_links":{"self":[{"href":"https:\/\/tomyklou.gr\/de\/wp-json\/wp\/v2\/product\/10311","targetHints":{"allow":["GET"]}}],"collection":[{"href":"https:\/\/tomyklou.gr\/de\/wp-json\/wp\/v2\/product"}],"about":[{"href":"https:\/\/tomyklou.gr\/de\/wp-json\/wp\/v2\/types\/product"}],"replies":[{"embeddable":true,"href":"https:\/\/tomyklou.gr\/de\/wp-json\/wp\/v2\/comments?post=10311"}],"wp:featuredmedia":[{"embeddable":true,"href":"https:\/\/tomyklou.gr\/de\/wp-json\/wp\/v2\/media\/10316"}],"wp:attachment":[{"href":"https:\/\/tomyklou.gr\/de\/wp-json\/wp\/v2\/media?parent=10311"}],"wp:term":[{"taxonomy":"product_brand","embeddable":true,"href":"https:\/\/tomyklou.gr\/de\/wp-json\/wp\/v2\/product_brand?post=10311"},{"taxonomy":"product_cat","embeddable":true,"href":"https:\/\/tomyklou.gr\/de\/wp-json\/wp\/v2\/product_cat?post=10311"},{"taxonomy":"product_tag","embeddable":true,"href":"https:\/\/tomyklou.gr\/de\/wp-json\/wp\/v2\/product_tag?post=10311"}],"curies":[{"name":"wp","href":"https:\/\/api.w.org\/{rel}","templated":true}]}}