{"id":10557,"date":"2025-01-10T12:20:29","date_gmt":"2025-01-10T10:20:29","guid":{"rendered":"https:\/\/tomyklou.gr\/product\/import-placeholder-for-28118\/"},"modified":"2026-02-22T18:27:58","modified_gmt":"2026-02-22T16:27:58","slug":"zelia-eladion-facial-oil-30ml","status":"publish","type":"product","link":"https:\/\/tomyklou.gr\/de\/product\/zelia-eladion-facial-oil\/","title":{"rendered":"ZELIA ELADION Facial Oil 30ml"},"content":{"rendered":"<h3>Anwendung<\/h3>\n<ol>\n<li>Das \u00d6l im letzten Schritt der Hautpflegeroutine verwenden.<\/li>\n<li>1-3 Tropfen auf die Haut auftragen und einmassieren, bis es vollst\u00e4ndig eingezogen ist.<\/li>\n<\/ol>\n<h3>Inhaltsstoffe<\/h3>\n<p>Prunus amygdalus dulcis oil, caprylic\/capric triglyceride, oryza sativa bran oil, vitis vinifera seed oil, helianthus annus seed oil, sesamum indicum seed oil, simmondsia chinensis (jojoba) seed oil, macadamia ternifolia seed oil, glycine soja oil, oenothera biennis (evening primrose) oil,zea mays oil, rubus idaeus (raspberry) seed oil, vegetable squalane, argania spinosa kernel oil, polysorbate 80, avena sativa kernel oil, aleurites moluccanus (kukui nut) seed oil, rosa canina fruit oil, tocopheryl acetate, croton lechleri resin, butyrospermum parkii butter extract, linseed acid, calophyllum inophyllum (tamanu) seed oil, calendula officinalis flower extract, achillea millefolium\/yarrow extract, daucus carota sativa (carrot) root extract, beta-carotene, tocopherol, hamamelis virginiana (witch hazel) leaf extract, chamomilla recutita extract, cymbopogon martini (palmarosa) oil, boswellia carterii (olibanum) gum oil, pogostemon cablin (patchouli) leaf oil, melaleuca alternifolia (tea tree) leaf oil, salvia sclarea (sage) oil, citrus aurantium amara (neroli) flower oil, pelargonium graveolens (geranium) flower oil, parfum, *citronellol, *geraniol, *linalool, *limonene, *hexyl cinnamal, *linalyl acetate (*from essential oils)<\/p>\n<h3>Warnhinweise<\/h3>\n<ol>\n<li>Nur zur \u00e4u\u00dferlichen Anwendung geeignet.<\/li>\n<li>Nicht auf verletzte Haut oder auf Wunden auftragen.<\/li>\n<li>Sollten Nebenwirkungen wie Irritationen oder Ausschlag eintreten, Anwendung sofort beenden und unverz\u00fcglich an einen Arzt wenden.<\/li>\n<li>Kontakt mit den Augen vermeiden. Sollte das Produkt ins Auge gelangen, das Auge sofort gr\u00fcndlich mit klarem Wasser aussp\u00fclen.<\/li>\n<li>Au\u00dfer Reichweite von Kindern aufbewahren.<\/li>\n<li>Nicht schlucken. Bei Verschlucken Arzt oder Giftzentrale aufsuchen.<\/li>\n<\/ol>\n","protected":false},"excerpt":{"rendered":"<p>Das Premium-Anti-Falten-Trocken\u00f6l \u201eFACE OIL ELADION\u201c ist eine vielseitige Kombination aus drei\u00dfig nat\u00fcrlichen \u00d6len, \u00e4therischen \u00d6len und Pflanzenextrakten mit hervorragenden Anti-Falten-, feuchtigkeitsspendenden und regenerativen Eigenschaften.\u00a0Die 100% nat\u00fcrlichen und organischen Inhaltsstoffe regenerieren die Haut, erh\u00f6hen ihre Dicke und mindern das Erscheinungsbild von Poren, feinen Linien und Falten.\u00a0Gleichzeitig f\u00f6rdern sie die Sauerstoffversorgung der Zellen, tragen systematisch zur Erneuerung der Haut bei und verbessern gleichzeitig ihr hydrolipidisches Gleichgewicht.\u00a0Schlie\u00dflich unterst\u00fctzen sie die Produktion von Vitamin D durch die Haut, verhindern Dehydration und stellen den Glanz und die Elastizit\u00e4t der Haut wieder her.<\/p>\n","protected":false},"featured_media":10563,"comment_status":"open","ping_status":"closed","template":"","meta":{"content-type":"","site-sidebar-layout":"default","site-content-layout":"","ast-site-content-layout":"default","site-content-style":"default","site-sidebar-style":"default","ast-global-header-display":"","ast-banner-title-visibility":"","ast-main-header-display":"","ast-hfb-above-header-display":"","ast-hfb-below-header-display":"","ast-hfb-mobile-header-display":"","site-post-title":"","ast-breadcrumbs-content":"","ast-featured-img":"","footer-sml-layout":"","ast-disable-related-posts":"","theme-transparent-header-meta":"default","adv-header-id-meta":"","stick-header-meta":"default","header-above-stick-meta":"","header-main-stick-meta":"","header-below-stick-meta":"","astra-migrate-meta-layouts":"set","ast-page-background-enabled":"default","ast-page-background-meta":{"desktop":{"background-color":"","background-image":"","background-repeat":"repeat","background-position":"center center","background-size":"auto","background-attachment":"scroll","background-type":"","background-media":"","overlay-type":"","overlay-color":"","overlay-opacity":"","overlay-gradient":""},"tablet":{"background-color":"","background-image":"","background-repeat":"repeat","background-position":"center center","background-size":"auto","background-attachment":"scroll","background-type":"","background-media":"","overlay-type":"","overlay-color":"","overlay-opacity":"","overlay-gradient":""},"mobile":{"background-color":"","background-image":"","background-repeat":"repeat","background-position":"center center","background-size":"auto","background-attachment":"scroll","background-type":"","background-media":"","overlay-type":"","overlay-color":"","overlay-opacity":"","overlay-gradient":""}},"ast-content-background-meta":{"desktop":{"background-color":"var(--ast-global-color-5)","background-image":"","background-repeat":"repeat","background-position":"center center","background-size":"auto","background-attachment":"scroll","background-type":"","background-media":"","overlay-type":"","overlay-color":"","overlay-opacity":"","overlay-gradient":""},"tablet":{"background-color":"var(--ast-global-color-5)","background-image":"","background-repeat":"repeat","background-position":"center center","background-size":"auto","background-attachment":"scroll","background-type":"","background-media":"","overlay-type":"","overlay-color":"","overlay-opacity":"","overlay-gradient":""},"mobile":{"background-color":"var(--ast-global-color-5)","background-image":"","background-repeat":"repeat","background-position":"center center","background-size":"auto","background-attachment":"scroll","background-type":"","background-media":"","overlay-type":"","overlay-color":"","overlay-opacity":"","overlay-gradient":""}}},"product_brand":[],"product_cat":[342,343,309,327,31],"product_tag":[337],"class_list":{"0":"post-10557","1":"product","2":"type-product","3":"status-publish","4":"has-post-thumbnail","6":"product_cat-5----","7":"product_cat-5-1--","8":"product_cat-zelia","9":"product_cat-new-arrivals","10":"product_cat-gesicht","11":"product_tag-oil","12":"desktop-align-center","13":"tablet-align-center","14":"mobile-align-center","16":"first","17":"outofstock","18":"taxable","19":"shipping-taxable","20":"purchasable","21":"product-type-simple"},"_links":{"self":[{"href":"https:\/\/tomyklou.gr\/de\/wp-json\/wp\/v2\/product\/10557","targetHints":{"allow":["GET"]}}],"collection":[{"href":"https:\/\/tomyklou.gr\/de\/wp-json\/wp\/v2\/product"}],"about":[{"href":"https:\/\/tomyklou.gr\/de\/wp-json\/wp\/v2\/types\/product"}],"replies":[{"embeddable":true,"href":"https:\/\/tomyklou.gr\/de\/wp-json\/wp\/v2\/comments?post=10557"}],"wp:featuredmedia":[{"embeddable":true,"href":"https:\/\/tomyklou.gr\/de\/wp-json\/wp\/v2\/media\/10563"}],"wp:attachment":[{"href":"https:\/\/tomyklou.gr\/de\/wp-json\/wp\/v2\/media?parent=10557"}],"wp:term":[{"taxonomy":"product_brand","embeddable":true,"href":"https:\/\/tomyklou.gr\/de\/wp-json\/wp\/v2\/product_brand?post=10557"},{"taxonomy":"product_cat","embeddable":true,"href":"https:\/\/tomyklou.gr\/de\/wp-json\/wp\/v2\/product_cat?post=10557"},{"taxonomy":"product_tag","embeddable":true,"href":"https:\/\/tomyklou.gr\/de\/wp-json\/wp\/v2\/product_tag?post=10557"}],"curies":[{"name":"wp","href":"https:\/\/api.w.org\/{rel}","templated":true}]}}