{"id":10561,"date":"2025-01-10T12:20:29","date_gmt":"2025-01-10T10:20:29","guid":{"rendered":"https:\/\/tomyklou.gr\/product\/import-placeholder-for-28144\/"},"modified":"2026-02-22T18:27:58","modified_gmt":"2026-02-22T16:27:58","slug":"zelia-aphrodite-night-cream-whitening-factors-50ml","status":"publish","type":"product","link":"https:\/\/tomyklou.gr\/de\/product\/zelia-aphrodite-night-cream-whitening-factors\/","title":{"rendered":"ZELIA APHRODITE Night Cream Whitening Factors 50ml"},"content":{"rendered":"<h3>Anwendung<\/h3>\n<ol>\n<li>Tragen Sie die Creme abends nach der Reinigung und der tonisierenden Lotion auf.<\/li>\n<li>Machen Sie die Nacht zu einem Verb\u00fcndeten f\u00fcr die Erneuerung Ihres Gesichts und sehen Sie, wie Ihre Haut sichtbar fester, strahlender und gleichm\u00e4\u00dfiger wird.<\/li>\n<\/ol>\n<p><strong>Achtung!<\/strong> Die \u00e4therischen \u00d6le mit aufhellender Wirkung, die sie enth\u00e4lt, verbieten die Anwendung w\u00e4hrend des Tages.<\/p>\n<h3>Inhaltsstoffe<\/h3>\n<p>Aqua (water), Glycerin, Glyceryl stearate citrate, Dicaprylyl carbonate, Butyrospermum parkii (shea) butter, Simmondsia chinensis (jojoba) seed oil, Caprylic\/capric triglyceride, Cetearyl alcohol, Maltodextrin, Helianthus annuus (sunflower) seed oil, Pullulan, Hydrogenated ethylhexyl olivate, Biosaccharide gum-1, Sucrose dilaurate, Argania spinosa (argan) kernel oil, Glyceryl citrate\/lactate\/linoleate\/oleate, Rosa canina fruit oil, Panthenol, Olea europaea (olive) fruit oil, Ascorbyl glucoside, Zea mays (corn) oil, Allantoin, Tocopheryl acetate, Glycyrrhiza glabra (licorice) root extract, Plantago lanceolata leaf extract, Xanthan gum, Fragaria ananassa (strawberry) seed oil, Pisum sativum (pea) extract, Centella asiatica extract, Ginkgo biloba leaf extract, Sodium cocoyl glutamate, Sodium gluconate, Hydrogenated olive oil unsaponifiables, Phenoxyethanol, Bisabolol, Butylene glycol, Carum petroselinum (parsley) seed oil, Ethylhexylglycerin, Alcohol, Chlorphenesin, Citrus limon (lemon) peel oil, Parfum (fragrance), *Citral, *Limonene (*from essential oils)<\/p>\n<h3>Warnhinweise<\/h3>\n<ol>\n<li>Nur zur \u00e4u\u00dferlichen Anwendung geeignet.<\/li>\n<li>Nicht auf verletzte Haut oder auf Wunden auftragen.<\/li>\n<li>Sollten Nebenwirkungen wie Irritationen oder Ausschlag eintreten, Anwendung sofort beenden und unverz\u00fcglich an einen Arzt wenden.<\/li>\n<li>Kontakt mit den Augen vermeiden. Sollte das Produkt ins Auge gelangen, das Auge sofort gr\u00fcndlich mit klarem Wasser aussp\u00fclen.<\/li>\n<li>Au\u00dfer Reichweite von Kindern aufbewahren.<\/li>\n<li>Nicht schlucken. Bei Verschlucken Arzt oder Giftzentrale aufsuchen.<\/li>\n<\/ol>\n","protected":false},"excerpt":{"rendered":"<p>Die multivitaminreiche Aufhellende &amp; N\u00e4hrende Nachtcreme APHRODITE macht die Nacht zum Verb\u00fcndeten bei der Erneuerung des Gesichts und verleiht der Haut sichtbar mehr Festigkeit und Strahlkraft.\u00a0Ihre starken nat\u00fcrlichen Feuchtigkeitsspender stellen die Feuchtigkeit der Haut wieder her.\u00a0Pflanzliche antioxidative Inhaltsstoffe wirken in Synergie mit den Vitaminen Panthenol, C und E und aktivieren den nat\u00fcrlichen Stoffwechsel der Haut. Sie sch\u00fctzen sie vor Anzeichen der Hautalterung und beugen Sch\u00e4den durch Umweltverschmutzung und zellul\u00e4re Toxine vor.<\/p>\n<p>Die Kombination aus S\u00fc\u00dfholzwurzel-Extrakt, Vitamin C, Erbsensprossen und Erdbeeren\u00f6l hellt bestehende Verf\u00e4rbungen und Altersflecken auf, w\u00e4hrend sie die Faktoren, die diese verursachen, hemmt und dem Gesicht eine leuchtende Frische verleiht.\u00a0Die Nachtcreme APHRODITE besteht zu 98,65 % aus nat\u00fcrlichen Inhaltsstoffen und Vitaminen.<\/p>\n<p>Geeignet f\u00fcr Frauen und M\u00e4nner, f\u00fcr alle Hauttypen und ab 25 Jahren.<\/p>\n","protected":false},"featured_media":10577,"comment_status":"open","ping_status":"closed","template":"","meta":{"content-type":"","site-sidebar-layout":"default","site-content-layout":"","ast-site-content-layout":"default","site-content-style":"default","site-sidebar-style":"default","ast-global-header-display":"","ast-banner-title-visibility":"","ast-main-header-display":"","ast-hfb-above-header-display":"","ast-hfb-below-header-display":"","ast-hfb-mobile-header-display":"","site-post-title":"","ast-breadcrumbs-content":"","ast-featured-img":"","footer-sml-layout":"","ast-disable-related-posts":"","theme-transparent-header-meta":"default","adv-header-id-meta":"","stick-header-meta":"default","header-above-stick-meta":"","header-main-stick-meta":"","header-below-stick-meta":"","astra-migrate-meta-layouts":"set","ast-page-background-enabled":"default","ast-page-background-meta":{"desktop":{"background-color":"","background-image":"","background-repeat":"repeat","background-position":"center center","background-size":"auto","background-attachment":"scroll","background-type":"","background-media":"","overlay-type":"","overlay-color":"","overlay-opacity":"","overlay-gradient":""},"tablet":{"background-color":"","background-image":"","background-repeat":"repeat","background-position":"center center","background-size":"auto","background-attachment":"scroll","background-type":"","background-media":"","overlay-type":"","overlay-color":"","overlay-opacity":"","overlay-gradient":""},"mobile":{"background-color":"","background-image":"","background-repeat":"repeat","background-position":"center center","background-size":"auto","background-attachment":"scroll","background-type":"","background-media":"","overlay-type":"","overlay-color":"","overlay-opacity":"","overlay-gradient":""}},"ast-content-background-meta":{"desktop":{"background-color":"var(--ast-global-color-5)","background-image":"","background-repeat":"repeat","background-position":"center center","background-size":"auto","background-attachment":"scroll","background-type":"","background-media":"","overlay-type":"","overlay-color":"","overlay-opacity":"","overlay-gradient":""},"tablet":{"background-color":"var(--ast-global-color-5)","background-image":"","background-repeat":"repeat","background-position":"center center","background-size":"auto","background-attachment":"scroll","background-type":"","background-media":"","overlay-type":"","overlay-color":"","overlay-opacity":"","overlay-gradient":""},"mobile":{"background-color":"var(--ast-global-color-5)","background-image":"","background-repeat":"repeat","background-position":"center center","background-size":"auto","background-attachment":"scroll","background-type":"","background-media":"","overlay-type":"","overlay-color":"","overlay-opacity":"","overlay-gradient":""}}},"product_brand":[],"product_cat":[323,309,327,31],"product_tag":[35],"class_list":{"0":"post-10561","1":"product","2":"type-product","3":"status-publish","4":"has-post-thumbnail","6":"product_cat-schlafmaske-schlafcreme","7":"product_cat-zelia","8":"product_cat-new-arrivals","9":"product_cat-gesicht","10":"product_tag-moisturizer","11":"desktop-align-center","12":"tablet-align-center","13":"mobile-align-center","15":"first","16":"outofstock","17":"taxable","18":"shipping-taxable","19":"purchasable","20":"product-type-simple"},"_links":{"self":[{"href":"https:\/\/tomyklou.gr\/de\/wp-json\/wp\/v2\/product\/10561","targetHints":{"allow":["GET"]}}],"collection":[{"href":"https:\/\/tomyklou.gr\/de\/wp-json\/wp\/v2\/product"}],"about":[{"href":"https:\/\/tomyklou.gr\/de\/wp-json\/wp\/v2\/types\/product"}],"replies":[{"embeddable":true,"href":"https:\/\/tomyklou.gr\/de\/wp-json\/wp\/v2\/comments?post=10561"}],"wp:featuredmedia":[{"embeddable":true,"href":"https:\/\/tomyklou.gr\/de\/wp-json\/wp\/v2\/media\/10577"}],"wp:attachment":[{"href":"https:\/\/tomyklou.gr\/de\/wp-json\/wp\/v2\/media?parent=10561"}],"wp:term":[{"taxonomy":"product_brand","embeddable":true,"href":"https:\/\/tomyklou.gr\/de\/wp-json\/wp\/v2\/product_brand?post=10561"},{"taxonomy":"product_cat","embeddable":true,"href":"https:\/\/tomyklou.gr\/de\/wp-json\/wp\/v2\/product_cat?post=10561"},{"taxonomy":"product_tag","embeddable":true,"href":"https:\/\/tomyklou.gr\/de\/wp-json\/wp\/v2\/product_tag?post=10561"}],"curies":[{"name":"wp","href":"https:\/\/api.w.org\/{rel}","templated":true}]}}