{"id":10562,"date":"2025-01-10T12:20:29","date_gmt":"2025-01-10T10:20:29","guid":{"rendered":"https:\/\/tomyklou.gr\/product\/import-placeholder-for-28150\/"},"modified":"2026-02-22T18:27:59","modified_gmt":"2026-02-22T16:27:59","slug":"zelia-aphrodite-serum-havit-c-meso-care-30ml","status":"publish","type":"product","link":"https:\/\/tomyklou.gr\/de\/product\/zelia-aphrodite-serum-ha-vitc-meso-care\/","title":{"rendered":"ZELIA APHRODITE Serum HA+Vit.C Meso Care 30ml"},"content":{"rendered":"<h3>Anwendung<\/h3>\n<p>Das MESO CARE Serum der Reihe \u201aAPHRODITE\u2018 wird t\u00e4glich morgens und abends unter den Tages- oder Nachtcremes verwendet.<\/p>\n<ol>\n<li>Tragen Sie Ihre Creme nach der Anwendung des Serums auf, sobald es vollst\u00e4ndig eingezogen ist und die Haut trocken ist.<\/li>\n<li>F\u00fcr hervorragende und sichtbare Ergebnisse in nur 15 Tagen empfehlen wir die Kombination des MESO CARE SERUM mit der Anti-Falten Tagescreme APHRODITE und der Aufhellenden &amp; N\u00e4hrenden Nachtcreme APHRODITE.<\/li>\n<\/ol>\n<p>Es kann jedoch auch als eigenst\u00e4ndiges Produkt f\u00fcr Augen, Gesicht und Hals verwendet werden. Es ist auch f\u00fcr die Anwendung mit Microneedling-Ger\u00e4ten zu Hause oder im Sch\u00f6nheitssalon geeignet.<\/p>\n<h3>Inhaltsstoffe<\/h3>\n<p>Aqua (Water), Glycerin, Propanediol, Ascorbyl Glucoside, Sodium Hyaluronate, Sodium Citrate, Malus Domestica (Apple) Fruit Cell Culture Extract, Pullulan, Ethylhexylglycerin, Lecithin, Phenoxyethanol, Sodium Hydroxide, Chlorphenesin, Sodium Phytate, Xanthan Gum, Silica, Sclerotium Gum, Alcohol<\/p>\n<h3>Warnhinweise<\/h3>\n<ol>\n<li>Nur zur \u00e4u\u00dferlichen Anwendung geeignet.<\/li>\n<li>Nicht auf verletzte Haut oder auf Wunden auftragen.<\/li>\n<li>Sollten Nebenwirkungen wie Irritationen oder Ausschlag eintreten, Anwendung sofort beenden und unverz\u00fcglich an einen Arzt wenden.<\/li>\n<li>Kontakt mit den Augen vermeiden. Sollte das Produkt ins Auge gelangen, das Auge sofort gr\u00fcndlich mit klarem Wasser aussp\u00fclen.<\/li>\n<li>Au\u00dfer Reichweite von Kindern aufbewahren.<\/li>\n<li>Nicht schlucken. Bei Verschlucken Arzt oder Giftzentrale aufsuchen.<\/li>\n<\/ol>\n","protected":false},"excerpt":{"rendered":"<p>Das fortschrittliche Mesotherapie-Serum mit niedrig-, mittel- und hochmolekularem Hyalurons\u00e4ure, Vitamin C und pflanzlichen Stammzellen wird von den tieferen Hautschichten aufgenommen und verhindert gleichzeitig den transepidermalen Wasserverlust und die Dehydrierung der Haut! Vitamin C sch\u00fctzt vor freien Radikalen und oxidativem Stress, w\u00e4hrend es die Haut zur Kollagenproduktion anregt. Pflanzliche Stammzellen beschleunigen die Zellregeneration und unterst\u00fctzen die Hautregeneration. Falten werden gegl\u00e4ttet, die Haut erstrahlt!\u00a0Das MESO CARE Serum besteht zu 99,15% aus Inhaltsstoffen nat\u00fcrlichen Ursprungs und Vitaminen.<\/p>\n<p>Es ist f\u00fcr alle Hauttypen und Altersgruppen geeignet. Es spendet intensive Feuchtigkeit f\u00fcr trockene sowie f\u00fcr durch Behandlungen strapazierte fettige Haut mit Akne-Neigung.<\/p>\n<p><strong>Empfohlen f\u00fcr:<\/strong><\/p>\n<ul>\n<li>Tiefenfeuchtigkeit f\u00fcr dehydrierte Haut<\/li>\n<li>Reduzierung von Mimikfalten oder Falten im Augenbereich oder am Hals und Dekollet\u00e9<\/li>\n<li>Schutz der Haut vor oxidativem Stress<\/li>\n<li>Erh\u00f6hung der Hautelastizit\u00e4t<\/li>\n<\/ul>\n<p>Es kann auch mit Microneedling-Ger\u00e4ten verwendet werden.<\/p>\n","protected":false},"featured_media":10580,"comment_status":"open","ping_status":"closed","template":"","meta":{"content-type":"","site-sidebar-layout":"default","site-content-layout":"","ast-site-content-layout":"default","site-content-style":"default","site-sidebar-style":"default","ast-global-header-display":"","ast-banner-title-visibility":"","ast-main-header-display":"","ast-hfb-above-header-display":"","ast-hfb-below-header-display":"","ast-hfb-mobile-header-display":"","site-post-title":"","ast-breadcrumbs-content":"","ast-featured-img":"","footer-sml-layout":"","ast-disable-related-posts":"","theme-transparent-header-meta":"default","adv-header-id-meta":"","stick-header-meta":"default","header-above-stick-meta":"","header-main-stick-meta":"","header-below-stick-meta":"","astra-migrate-meta-layouts":"set","ast-page-background-enabled":"default","ast-page-background-meta":{"desktop":{"background-color":"","background-image":"","background-repeat":"repeat","background-position":"center center","background-size":"auto","background-attachment":"scroll","background-type":"","background-media":"","overlay-type":"","overlay-color":"","overlay-opacity":"","overlay-gradient":""},"tablet":{"background-color":"","background-image":"","background-repeat":"repeat","background-position":"center center","background-size":"auto","background-attachment":"scroll","background-type":"","background-media":"","overlay-type":"","overlay-color":"","overlay-opacity":"","overlay-gradient":""},"mobile":{"background-color":"","background-image":"","background-repeat":"repeat","background-position":"center center","background-size":"auto","background-attachment":"scroll","background-type":"","background-media":"","overlay-type":"","overlay-color":"","overlay-opacity":"","overlay-gradient":""}},"ast-content-background-meta":{"desktop":{"background-color":"var(--ast-global-color-5)","background-image":"","background-repeat":"repeat","background-position":"center center","background-size":"auto","background-attachment":"scroll","background-type":"","background-media":"","overlay-type":"","overlay-color":"","overlay-opacity":"","overlay-gradient":""},"tablet":{"background-color":"var(--ast-global-color-5)","background-image":"","background-repeat":"repeat","background-position":"center center","background-size":"auto","background-attachment":"scroll","background-type":"","background-media":"","overlay-type":"","overlay-color":"","overlay-opacity":"","overlay-gradient":""},"mobile":{"background-color":"var(--ast-global-color-5)","background-image":"","background-repeat":"repeat","background-position":"center center","background-size":"auto","background-attachment":"scroll","background-type":"","background-media":"","overlay-type":"","overlay-color":"","overlay-opacity":"","overlay-gradient":""}}},"product_brand":[],"product_cat":[342,344,309,327,31],"product_tag":[339],"class_list":{"0":"post-10562","1":"product","2":"type-product","3":"status-publish","4":"has-post-thumbnail","6":"product_cat-5----","7":"product_cat-5-2--","8":"product_cat-zelia","9":"product_cat-new-arrivals","10":"product_cat-gesicht","11":"product_tag-serum","12":"desktop-align-center","13":"tablet-align-center","14":"mobile-align-center","16":"first","17":"outofstock","18":"taxable","19":"shipping-taxable","20":"purchasable","21":"product-type-simple"},"_links":{"self":[{"href":"https:\/\/tomyklou.gr\/de\/wp-json\/wp\/v2\/product\/10562","targetHints":{"allow":["GET"]}}],"collection":[{"href":"https:\/\/tomyklou.gr\/de\/wp-json\/wp\/v2\/product"}],"about":[{"href":"https:\/\/tomyklou.gr\/de\/wp-json\/wp\/v2\/types\/product"}],"replies":[{"embeddable":true,"href":"https:\/\/tomyklou.gr\/de\/wp-json\/wp\/v2\/comments?post=10562"}],"wp:featuredmedia":[{"embeddable":true,"href":"https:\/\/tomyklou.gr\/de\/wp-json\/wp\/v2\/media\/10580"}],"wp:attachment":[{"href":"https:\/\/tomyklou.gr\/de\/wp-json\/wp\/v2\/media?parent=10562"}],"wp:term":[{"taxonomy":"product_brand","embeddable":true,"href":"https:\/\/tomyklou.gr\/de\/wp-json\/wp\/v2\/product_brand?post=10562"},{"taxonomy":"product_cat","embeddable":true,"href":"https:\/\/tomyklou.gr\/de\/wp-json\/wp\/v2\/product_cat?post=10562"},{"taxonomy":"product_tag","embeddable":true,"href":"https:\/\/tomyklou.gr\/de\/wp-json\/wp\/v2\/product_tag?post=10562"}],"curies":[{"name":"wp","href":"https:\/\/api.w.org\/{rel}","templated":true}]}}