{"id":5363,"date":"2023-03-01T12:06:59","date_gmt":"2023-03-01T10:06:59","guid":{"rendered":"https:\/\/tomyklou.gr\/product\/\/"},"modified":"2026-02-22T18:47:09","modified_gmt":"2026-02-22T16:47:09","slug":"acwell-licorice-ph-balancing-cleansing-toner-150ml","status":"publish","type":"product","link":"https:\/\/tomyklou.gr\/de\/product\/acwell-licorice-ph-balancing-cleansing-toner-150ml\/","title":{"rendered":"Acwell Licorice pH Balancing Cleansing Toner 150ml"},"content":{"rendered":"<h3>Anwendung<\/h3>\n<ol>\n<li>2 bis 3 Tropfen auf die gereinigte Haut auftragen.<\/li>\n<li>Sanft in die Haut tupfen bis es v\u00f6llig eingezogen ist.<\/li>\n<li>Morgens und f\u00fcr die Nacht anwenden.<\/li>\n<li>Kombinieren Sie das Produkt mit <a href=\"https:\/\/tomyklou.gr\/product\/acwell-licorice-ph-balancing-advance-serum\/\">Licorice pH Balancing Advance Serum<\/a> und <a href=\"https:\/\/tomyklou.gr\/product\/acwell-licorice-ph-balancing-intensive-eye-cream\/\">Eye Cream<\/a>, um verbesserte Ergebnisse zu erzielen.<\/li>\n<\/ol>\n<div class=\"PageBarActions Flex ItemsCenter FlexShrinkNone\">\n<h3>Inhaltsstoffe<\/h3>\n<\/div>\n<div class=\"PageBarActions Flex ItemsCenter FlexShrinkNone\">Water, Glycyrrhiza Glabra (Licorice) Root Water, PEG-6 Caprylic\/Capric Glycerides, PEG-7 Glyceryl Cocoate, Dipropylene Glycol, 1,2-Hexanediol, Poloxamer 184, Phenoxyethanol, Glycerin, Butylene Glycol, Rheum Palmatum Root Extract, Psidium Guajava Leaf Extract, Rosa Centifolia Flower Extract, Camellia Sinensis Leaf Extract, Perilla Ocymoides Seed Extract, Poncirus Trifoliata Fruit Extract, Citrus Aurantium Bergamia (Bergamot) Fruit Oil, Sodium Citrate, Disodium EDTA, Citric Acid, Tocopheryl Acetate, Glycyrrhiza Glabra (Licorice) Root Extract, Paeonia Albiflora Root Extract, Cimicifuga Dahurica Root Extract, Pueraria Lobata Root Extract, Propylene Glycol, Ethylhexylglycerin<\/div>\n<div>\n<h3>Warnhinweise<\/h3>\n<ol>\n<li>Nur zur \u00e4u\u00dferlichen Anwendung geeignet.<\/li>\n<li>Nicht auf verletzte Haut oder auf Wunden auftragen.<\/li>\n<li>Sollten Nebenwirkungen wie Irritationen oder Ausschlag eintreten, Anwendung sofort beenden und unverz\u00fcglich an einen Arzt wenden.<\/li>\n<li>Kontakt mit den Augen vermeiden. Sollte das Produkt ins Auge gelangen, das Auge sofort gr\u00fcndlich mit klarem Wasser aussp\u00fclen.<\/li>\n<li>Au\u00dfer Reichweite von Kindern aufbewahren.<\/li>\n<li>Nicht schlucken. Bei Verschlucken Arzt oder Giftzentrale aufsuchen.<\/li>\n<\/ol>\n<\/div>\n","protected":false},"excerpt":{"rendered":"<p><strong>ACWELL<\/strong>\u00a0Licorice pH Balancing Cleansing Toner ist ein erfrischender Toner, der Irritationen und Entz\u00fcndungen reduziert. Die Haut wird wieder ins Gleichgewicht gebracht und aufgehellt, f\u00fcr einen jugendlich strahlenden Teint. Gr\u00fcner Tee wirkt gezielt gegen Pigmentflecken und dunkle Stellen, w\u00e4hrend gleichzeitig der Heilungsprozess von Akne-Narben und Sch\u00f6nheitsfehlern vorangetrieben wird. Sorge mit diesem Toner f\u00fcr einen Schub von Strahlkraft!<\/p>\n<p>Kombinieren Sie das Produkt mit <a href=\"https:\/\/tomyklou.gr\/product\/acwell-licorice-ph-balancing-advance-serum\/\">Licorice pH Balancing Advance Serum<\/a> und <a href=\"https:\/\/tomyklou.gr\/product\/acwell-licorice-ph-balancing-intensive-eye-cream\/\">Eye Cream<\/a>, um verbesserte Ergebnisse zu erzielen.<\/p>\n","protected":false},"featured_media":5412,"comment_status":"open","ping_status":"closed","template":"","meta":{"content-type":"","site-sidebar-layout":"default","site-content-layout":"default","ast-site-content-layout":"default","site-content-style":"default","site-sidebar-style":"default","ast-global-header-display":"","ast-banner-title-visibility":"","ast-main-header-display":"","ast-hfb-above-header-display":"","ast-hfb-below-header-display":"","ast-hfb-mobile-header-display":"","site-post-title":"","ast-breadcrumbs-content":"","ast-featured-img":"","footer-sml-layout":"","ast-disable-related-posts":"","theme-transparent-header-meta":"default","adv-header-id-meta":"","stick-header-meta":"","header-above-stick-meta":"","header-main-stick-meta":"","header-below-stick-meta":"","astra-migrate-meta-layouts":"set","ast-page-background-enabled":"default","ast-page-background-meta":{"desktop":{"background-color":"","background-image":"","background-repeat":"repeat","background-position":"center center","background-size":"auto","background-attachment":"scroll","background-type":"","background-media":"","overlay-type":"","overlay-color":"","overlay-opacity":"","overlay-gradient":""},"tablet":{"background-color":"","background-image":"","background-repeat":"repeat","background-position":"center center","background-size":"auto","background-attachment":"scroll","background-type":"","background-media":"","overlay-type":"","overlay-color":"","overlay-opacity":"","overlay-gradient":""},"mobile":{"background-color":"","background-image":"","background-repeat":"repeat","background-position":"center center","background-size":"auto","background-attachment":"scroll","background-type":"","background-media":"","overlay-type":"","overlay-color":"","overlay-opacity":"","overlay-gradient":""}},"ast-content-background-meta":{"desktop":{"background-color":"var(--ast-global-color-5)","background-image":"","background-repeat":"repeat","background-position":"center center","background-size":"auto","background-attachment":"scroll","background-type":"","background-media":"","overlay-type":"","overlay-color":"","overlay-opacity":"","overlay-gradient":""},"tablet":{"background-color":"var(--ast-global-color-5)","background-image":"","background-repeat":"repeat","background-position":"center center","background-size":"auto","background-attachment":"scroll","background-type":"","background-media":"","overlay-type":"","overlay-color":"","overlay-opacity":"","overlay-gradient":""},"mobile":{"background-color":"var(--ast-global-color-5)","background-image":"","background-repeat":"repeat","background-position":"center center","background-size":"auto","background-attachment":"scroll","background-type":"","background-media":"","overlay-type":"","overlay-color":"","overlay-opacity":"","overlay-gradient":""}}},"product_brand":[],"product_cat":[315,124],"product_tag":[],"class_list":{"0":"post-5363","1":"product","2":"type-product","3":"status-publish","4":"has-post-thumbnail","6":"product_cat-gesichtswasser","7":"product_cat-acwell","8":"desktop-align-center","9":"tablet-align-center","10":"mobile-align-center","12":"first","13":"outofstock","14":"taxable","15":"shipping-taxable","16":"purchasable","17":"product-type-simple"},"_links":{"self":[{"href":"https:\/\/tomyklou.gr\/de\/wp-json\/wp\/v2\/product\/5363","targetHints":{"allow":["GET"]}}],"collection":[{"href":"https:\/\/tomyklou.gr\/de\/wp-json\/wp\/v2\/product"}],"about":[{"href":"https:\/\/tomyklou.gr\/de\/wp-json\/wp\/v2\/types\/product"}],"replies":[{"embeddable":true,"href":"https:\/\/tomyklou.gr\/de\/wp-json\/wp\/v2\/comments?post=5363"}],"wp:featuredmedia":[{"embeddable":true,"href":"https:\/\/tomyklou.gr\/de\/wp-json\/wp\/v2\/media\/5412"}],"wp:attachment":[{"href":"https:\/\/tomyklou.gr\/de\/wp-json\/wp\/v2\/media?parent=5363"}],"wp:term":[{"taxonomy":"product_brand","embeddable":true,"href":"https:\/\/tomyklou.gr\/de\/wp-json\/wp\/v2\/product_brand?post=5363"},{"taxonomy":"product_cat","embeddable":true,"href":"https:\/\/tomyklou.gr\/de\/wp-json\/wp\/v2\/product_cat?post=5363"},{"taxonomy":"product_tag","embeddable":true,"href":"https:\/\/tomyklou.gr\/de\/wp-json\/wp\/v2\/product_tag?post=5363"}],"curies":[{"name":"wp","href":"https:\/\/api.w.org\/{rel}","templated":true}]}}