{"id":5375,"date":"2023-03-01T12:07:04","date_gmt":"2023-03-01T10:07:04","guid":{"rendered":"https:\/\/tomyklou.gr\/product\/\/"},"modified":"2026-02-22T18:47:08","modified_gmt":"2026-02-22T16:47:08","slug":"skinsomnia-moisturizing-x2-beauty-sleep-mask-pack","status":"publish","type":"product","link":"https:\/\/tomyklou.gr\/de\/product\/skinsomnia-moisturizing-x2-beauty-sleep-mask-pack\/","title":{"rendered":"Skinsomnia Moisturizing X2 Beauty Sleep Mask Pack"},"content":{"rendered":"<h3>Anwendung<\/h3>\n<ol>\n<li>Verwenden Sie nach der Reinigung einen Toner, um die Hautstruktur zu pflegen.<\/li>\n<li>Entfalten Sie die Maske und legen Sie sie auf Ihr Gesicht, wobei Sie die Augen- und Lippenpartie aussparen.<\/li>\n<li>Entfernen Sie vorsichtig die \u00e4u\u00dfere Schutzschicht.<\/li>\n<li>Nehmen Sie die Maske nach 15-20 Minuten ab und tupfen Sie sie sanft auf die Haut, um die Essenzen vollst\u00e4ndig aufzunehmen.<\/li>\n<\/ol>\n<h3>Hauptinhaltsstoffe<\/h3>\n<p>Water, Glycerin, Methylpropanediol, Glyceryl Caprylate, Allantoin, Trehalose, Polyglyceryl-10 Laurate, Propanediol, Ethylhexylglycerin, Panthenol, Dipotassium Glycyrrhizate, Butylene Glycol, Glyceryl Acrylate\/Acrylic Acid Copolymer, Opuntia Coccinellifera Fruit Extract, Propylene Glycol, 1,2-Hexanediol, Sodium Hyaluronate, Hydrolyzed Sodium Hyaluronate<\/p>\n<p>*Eine Ver\u00e4nderung der Inhaltsstoffe unterliegt dem Ermessen des Herstellers. Willst du vor dem Kauf ganz sicher gehen? Dann kontaktiere uns f\u00fcr ein Foto der aktuellen Produktverpackung.<\/p>\n<h3>Warnhinweise<\/h3>\n<ol>\n<li>Nur zur \u00e4u\u00dferlichen Anwendung geeignet.<\/li>\n<li>Nicht auf verletzte Haut oder auf Wunden auftragen.<\/li>\n<li>Sollten Nebenwirkungen wie Irritationen oder Ausschlag eintreten, Anwendung sofort beenden und unverz\u00fcglich an einen Arzt wenden.<\/li>\n<li>Kontakt mit den Augen vermeiden. Sollte das Produkt ins Auge gelangen, das Auge sofort gr\u00fcndlich mit klarem Wasser aussp\u00fclen.<\/li>\n<li>Au\u00dfer Reichweite von Kindern aufbewahren.<\/li>\n<li>Nicht schlucken. Bei Verschlucken Arzt oder Giftzentrale aufsuchen.<\/li>\n<\/ol>\n","protected":false},"excerpt":{"rendered":"<p><strong>Skinsomnia Moisturizing X2 Beauty Sleep Mask Pack<\/strong> verursacht keine Irritationen und verst\u00e4rkt gleichzeitig die Wirksamkeit der Essenz. Das nat\u00fcrliche Maskenblatt besteht zu 20 % aus Meeresalgenfasern, die eine reiche Quelle an nat\u00fcrlichem Kollagen und Mineralien sind und dadurch ein zus\u00e4tzliches Ma\u00df an Ern\u00e4hrung, Feuchtigkeit und Anti-Aging-Pflege bieten. Das Maskenblatt ist weich, atmungsaktiv, passt perfekt, hat eine gro\u00dfe Saugf\u00e4higkeit, wodurch es eine gro\u00dfe Menge an Essenz enth\u00e4lt.<\/p>\n<p><strong>Aktive Komponenten:<\/strong><\/p>\n<ul>\n<li>Kaktus: kraftvolle Feuchtigkeitsspendung \/ Der Extrakt aus kalifornischem Kaktus spendet effektiv Feuchtigkeit, beruhigt die Haut und h\u00e4lt sie gen\u00e4hrt und geschmeidig<\/li>\n<li>Hyaluron: sch\u00f6ner Hellhautton \/ Haut, die gen\u00fcgend Feuchtigkeit erh\u00e4lt, wird heller und strahlender<\/li>\n<li>Beta-Glucan: Ern\u00e4hrung und Regeneration \/ Die Maske enth\u00e4lt Beta-Glucan, das aufgrund seines hohen N\u00e4hrstoffgehalts Ihre Haut effektiv beruhigt und regeneriert<\/li>\n<\/ul>\n<p><strong>Hauptfunktion: <\/strong>Feuchtigkeitsspendend, n\u00e4hrend, Hautbarriere, beruhigend, straffend<\/p>\n","protected":false},"featured_media":5425,"comment_status":"open","ping_status":"closed","template":"","meta":{"content-type":"","site-sidebar-layout":"default","site-content-layout":"default","ast-site-content-layout":"default","site-content-style":"default","site-sidebar-style":"default","ast-global-header-display":"","ast-banner-title-visibility":"","ast-main-header-display":"","ast-hfb-above-header-display":"","ast-hfb-below-header-display":"","ast-hfb-mobile-header-display":"","site-post-title":"","ast-breadcrumbs-content":"","ast-featured-img":"","footer-sml-layout":"","ast-disable-related-posts":"","theme-transparent-header-meta":"default","adv-header-id-meta":"","stick-header-meta":"","header-above-stick-meta":"","header-main-stick-meta":"","header-below-stick-meta":"","astra-migrate-meta-layouts":"default","ast-page-background-enabled":"default","ast-page-background-meta":{"desktop":{"background-color":"","background-image":"","background-repeat":"repeat","background-position":"center center","background-size":"auto","background-attachment":"scroll","background-type":"","background-media":"","overlay-type":"","overlay-color":"","overlay-opacity":"","overlay-gradient":""},"tablet":{"background-color":"","background-image":"","background-repeat":"repeat","background-position":"center center","background-size":"auto","background-attachment":"scroll","background-type":"","background-media":"","overlay-type":"","overlay-color":"","overlay-opacity":"","overlay-gradient":""},"mobile":{"background-color":"","background-image":"","background-repeat":"repeat","background-position":"center center","background-size":"auto","background-attachment":"scroll","background-type":"","background-media":"","overlay-type":"","overlay-color":"","overlay-opacity":"","overlay-gradient":""}},"ast-content-background-meta":{"desktop":{"background-color":"var(--ast-global-color-5)","background-image":"","background-repeat":"repeat","background-position":"center center","background-size":"auto","background-attachment":"scroll","background-type":"","background-media":"","overlay-type":"","overlay-color":"","overlay-opacity":"","overlay-gradient":""},"tablet":{"background-color":"var(--ast-global-color-5)","background-image":"","background-repeat":"repeat","background-position":"center center","background-size":"auto","background-attachment":"scroll","background-type":"","background-media":"","overlay-type":"","overlay-color":"","overlay-opacity":"","overlay-gradient":""},"mobile":{"background-color":"var(--ast-global-color-5)","background-image":"","background-repeat":"repeat","background-position":"center center","background-size":"auto","background-attachment":"scroll","background-type":"","background-media":"","overlay-type":"","overlay-color":"","overlay-opacity":"","overlay-gradient":""}}},"product_brand":[],"product_cat":[316,323,169,31],"product_tag":[65,34],"class_list":{"0":"post-5375","1":"product","2":"type-product","3":"status-publish","4":"has-post-thumbnail","6":"product_cat-gesichtsmaske","7":"product_cat-schlafmaske-schlafcreme","8":"product_cat-skinsomnia","9":"product_cat-gesicht","10":"product_tag-schlafmaske","11":"product_tag-sheet","12":"desktop-align-center","13":"tablet-align-center","14":"mobile-align-center","16":"first","17":"outofstock","18":"taxable","19":"shipping-taxable","20":"purchasable","21":"product-type-simple"},"_links":{"self":[{"href":"https:\/\/tomyklou.gr\/de\/wp-json\/wp\/v2\/product\/5375","targetHints":{"allow":["GET"]}}],"collection":[{"href":"https:\/\/tomyklou.gr\/de\/wp-json\/wp\/v2\/product"}],"about":[{"href":"https:\/\/tomyklou.gr\/de\/wp-json\/wp\/v2\/types\/product"}],"replies":[{"embeddable":true,"href":"https:\/\/tomyklou.gr\/de\/wp-json\/wp\/v2\/comments?post=5375"}],"wp:featuredmedia":[{"embeddable":true,"href":"https:\/\/tomyklou.gr\/de\/wp-json\/wp\/v2\/media\/5425"}],"wp:attachment":[{"href":"https:\/\/tomyklou.gr\/de\/wp-json\/wp\/v2\/media?parent=5375"}],"wp:term":[{"taxonomy":"product_brand","embeddable":true,"href":"https:\/\/tomyklou.gr\/de\/wp-json\/wp\/v2\/product_brand?post=5375"},{"taxonomy":"product_cat","embeddable":true,"href":"https:\/\/tomyklou.gr\/de\/wp-json\/wp\/v2\/product_cat?post=5375"},{"taxonomy":"product_tag","embeddable":true,"href":"https:\/\/tomyklou.gr\/de\/wp-json\/wp\/v2\/product_tag?post=5375"}],"curies":[{"name":"wp","href":"https:\/\/api.w.org\/{rel}","templated":true}]}}