{"id":5376,"date":"2023-03-01T12:07:05","date_gmt":"2023-03-01T10:07:05","guid":{"rendered":"https:\/\/tomyklou.gr\/product\/\/"},"modified":"2026-02-22T18:47:07","modified_gmt":"2026-02-22T16:47:07","slug":"skinsomnia-brightening-x2-beauty-sleep-mask-pack","status":"publish","type":"product","link":"https:\/\/tomyklou.gr\/de\/product\/skinsomnia-brightening-x2-beauty-sleep-mask-pack\/","title":{"rendered":"Skinsomnia Brightening X2 Beauty Sleep Mask Pack"},"content":{"rendered":"<h3>Anwendung<\/h3>\n<ol>\n<li>Verwenden Sie nach der Reinigung einen Toner, um die Hautstruktur zu pflegen.<\/li>\n<li>Entfalten Sie die Maske und legen Sie sie auf Ihr Gesicht, wobei Sie die Augen- und Lippenpartie aussparen.<\/li>\n<li>Entfernen Sie vorsichtig die \u00e4u\u00dfere Schutzschicht.<\/li>\n<li>Nehmen Sie die Maske nach 15-20 Minuten ab und tupfen Sie sie sanft auf die Haut, um die Essenzen vollst\u00e4ndig aufzunehmen.<\/li>\n<\/ol>\n<h3>Hauptinhaltsstoffe<\/h3>\n<p>Water, Glycerin, Butylene Glycol, Cyclopentasiloxane, PEG-10, Dimethicone, PEG-60 Hydrogenated Castor Oil, Cyclohexasiloxane, Arginine, Carbomer, Xanthan Gum, Hydroxyethyl Acrylate\/Sodium Acryloyldimethyl Taurate Copolymer, Hydroxyethylcellulose, Panthenol, Dipotassium Glycyrrhizate, Niacinamide, Sorbitan, Isostearate, Polysorbate 60, Polyglutamic Acid, Calcium pantothenate, Gold, Rosa Damascena Flower Extract, Sodium Ascorbyl Phosphate, Tocopheryl Acetate, Pyridoxine HCI, Chlorphenesin, Disodium EDTA, Phenoxyethanol, Fragrance<\/p>\n<p>*Eine Ver\u00e4nderung der Inhaltsstoffe unterliegt dem Ermessen des Herstellers. Willst du vor dem Kauf ganz sicher gehen? Dann kontaktiere uns f\u00fcr ein Foto der aktuellen Produktverpackung.<\/p>\n<h3>Warnhinweise<\/h3>\n<ol>\n<li>Nur zur \u00e4u\u00dferlichen Anwendung geeignet.<\/li>\n<li>Nicht auf verletzte Haut oder auf Wunden auftragen.<\/li>\n<li>Sollten Nebenwirkungen wie Irritationen oder Ausschlag eintreten, Anwendung sofort beenden und unverz\u00fcglich an einen Arzt wenden.<\/li>\n<li>Kontakt mit den Augen vermeiden. Sollte das Produkt ins Auge gelangen, das Auge sofort gr\u00fcndlich mit klarem Wasser aussp\u00fclen.<\/li>\n<li>Au\u00dfer Reichweite von Kindern aufbewahren.<\/li>\n<li>Nicht schlucken. Bei Verschlucken Arzt oder Giftzentrale aufsuchen.<\/li>\n<\/ol>\n","protected":false},"excerpt":{"rendered":"<p>Black Charcoal Mask Sheet ist bekannt f\u00fcr seine hervorragende F\u00e4higkeit, die Entgiftung der Haut zu f\u00f6rdern. Das Maskenblatt besteht aus weicher Mikrofaser und haftet daher ideal an allen Rundungen. Das Maskenblatt hat eine hohe Saugf\u00e4higkeit und h\u00e4lt somit mehr Essenz und gibt Wirkstoffe gleichm\u00e4\u00dfig und effizient \u00fcber die gesamte Oberfl\u00e4che ab. F\u00fcr eine gr\u00f6\u00dfere Wirksamkeit wird empfohlen, vor dem Schlafengehen eine Maske zu verwenden.<\/p>\n<p><strong>Aktive Komponenten:<\/strong><\/p>\n<ul>\n<li>Damask Rose: Beruhigenden Pflege \/ Damaszener-Rosenbl\u00fctenextrakt hilft, mit Anzeichen von Stress fertig zu werden, sch\u00fctzt vor sch\u00e4dlichen Umweltfaktoren und beruhigt die Problemhaut.<\/li>\n<li>Gold, Vitamin Complex: Reine Strahlung \/ Mikropartikel aus echtem Gold und ein Provitaminkomplex werden sofort absorbiert und geben selbst der m\u00fcdesten Haut einen gesunden Glanz zur\u00fcck.<\/li>\n<li>Panthenol, Polyglutamic Acid: Intensive Ern\u00e4hrung und Feuchtigkeit \/ Spezielle Wirkstoffe lassen N\u00e4hrstoffe tief in Ihre Haut eindringen, erh\u00f6hen den Feuchtigkeitsgehalt optimal und halten ihn lange aufrecht.<\/li>\n<\/ul>\n<p><strong>Hauptfunktion:<\/strong> Aufhellend, feuchtigkeitsspendend, pflegend, beruhigend, straffend<\/p>\n","protected":false},"featured_media":5428,"comment_status":"open","ping_status":"closed","template":"","meta":{"content-type":"","site-sidebar-layout":"default","site-content-layout":"default","ast-site-content-layout":"default","site-content-style":"default","site-sidebar-style":"default","ast-global-header-display":"","ast-banner-title-visibility":"","ast-main-header-display":"","ast-hfb-above-header-display":"","ast-hfb-below-header-display":"","ast-hfb-mobile-header-display":"","site-post-title":"","ast-breadcrumbs-content":"","ast-featured-img":"","footer-sml-layout":"","ast-disable-related-posts":"","theme-transparent-header-meta":"default","adv-header-id-meta":"","stick-header-meta":"","header-above-stick-meta":"","header-main-stick-meta":"","header-below-stick-meta":"","astra-migrate-meta-layouts":"default","ast-page-background-enabled":"default","ast-page-background-meta":{"desktop":{"background-color":"","background-image":"","background-repeat":"repeat","background-position":"center center","background-size":"auto","background-attachment":"scroll","background-type":"","background-media":"","overlay-type":"","overlay-color":"","overlay-opacity":"","overlay-gradient":""},"tablet":{"background-color":"","background-image":"","background-repeat":"repeat","background-position":"center center","background-size":"auto","background-attachment":"scroll","background-type":"","background-media":"","overlay-type":"","overlay-color":"","overlay-opacity":"","overlay-gradient":""},"mobile":{"background-color":"","background-image":"","background-repeat":"repeat","background-position":"center center","background-size":"auto","background-attachment":"scroll","background-type":"","background-media":"","overlay-type":"","overlay-color":"","overlay-opacity":"","overlay-gradient":""}},"ast-content-background-meta":{"desktop":{"background-color":"var(--ast-global-color-5)","background-image":"","background-repeat":"repeat","background-position":"center center","background-size":"auto","background-attachment":"scroll","background-type":"","background-media":"","overlay-type":"","overlay-color":"","overlay-opacity":"","overlay-gradient":""},"tablet":{"background-color":"var(--ast-global-color-5)","background-image":"","background-repeat":"repeat","background-position":"center center","background-size":"auto","background-attachment":"scroll","background-type":"","background-media":"","overlay-type":"","overlay-color":"","overlay-opacity":"","overlay-gradient":""},"mobile":{"background-color":"var(--ast-global-color-5)","background-image":"","background-repeat":"repeat","background-position":"center center","background-size":"auto","background-attachment":"scroll","background-type":"","background-media":"","overlay-type":"","overlay-color":"","overlay-opacity":"","overlay-gradient":""}}},"product_brand":[],"product_cat":[316,323,169,31],"product_tag":[65,34],"class_list":{"0":"post-5376","1":"product","2":"type-product","3":"status-publish","4":"has-post-thumbnail","6":"product_cat-gesichtsmaske","7":"product_cat-schlafmaske-schlafcreme","8":"product_cat-skinsomnia","9":"product_cat-gesicht","10":"product_tag-schlafmaske","11":"product_tag-sheet","12":"desktop-align-center","13":"tablet-align-center","14":"mobile-align-center","16":"first","17":"outofstock","18":"taxable","19":"shipping-taxable","20":"purchasable","21":"product-type-simple"},"_links":{"self":[{"href":"https:\/\/tomyklou.gr\/de\/wp-json\/wp\/v2\/product\/5376","targetHints":{"allow":["GET"]}}],"collection":[{"href":"https:\/\/tomyklou.gr\/de\/wp-json\/wp\/v2\/product"}],"about":[{"href":"https:\/\/tomyklou.gr\/de\/wp-json\/wp\/v2\/types\/product"}],"replies":[{"embeddable":true,"href":"https:\/\/tomyklou.gr\/de\/wp-json\/wp\/v2\/comments?post=5376"}],"wp:featuredmedia":[{"embeddable":true,"href":"https:\/\/tomyklou.gr\/de\/wp-json\/wp\/v2\/media\/5428"}],"wp:attachment":[{"href":"https:\/\/tomyklou.gr\/de\/wp-json\/wp\/v2\/media?parent=5376"}],"wp:term":[{"taxonomy":"product_brand","embeddable":true,"href":"https:\/\/tomyklou.gr\/de\/wp-json\/wp\/v2\/product_brand?post=5376"},{"taxonomy":"product_cat","embeddable":true,"href":"https:\/\/tomyklou.gr\/de\/wp-json\/wp\/v2\/product_cat?post=5376"},{"taxonomy":"product_tag","embeddable":true,"href":"https:\/\/tomyklou.gr\/de\/wp-json\/wp\/v2\/product_tag?post=5376"}],"curies":[{"name":"wp","href":"https:\/\/api.w.org\/{rel}","templated":true}]}}