{"id":5377,"date":"2023-03-01T12:07:05","date_gmt":"2023-03-01T10:07:05","guid":{"rendered":"https:\/\/tomyklou.gr\/product\/\/"},"modified":"2026-02-22T18:47:07","modified_gmt":"2026-02-22T16:47:07","slug":"skinsomnia-snail-pearl-hydrogel-eye-patch-60ea","status":"publish","type":"product","link":"https:\/\/tomyklou.gr\/de\/product\/skinsomnia-snail-pearl-hydrogel-eye-patch-60ea\/","title":{"rendered":"Skinsomnia Snail &amp; Pearl Hydrogel Eye Patch (60ea)"},"content":{"rendered":"<h3>Anwendung<\/h3>\n<ol>\n<li>Das Gesicht reinigen und Toner auftragen.<\/li>\n<li>Die Patches auf dem gew\u00fcnschten Bereich anbringen. Patches sind nicht nur f\u00fcr die Augenpartie, sondern auch f\u00fcr trockene Haut um die Lippen, in den Nasolabialfalten usw. bestimmt.<\/li>\n<li><strong>20-30 Minuten<\/strong> einwirken lassen, dann die restliche Essenz vorsichtig entfernen und auf der Haut verteilen, indem Sie sie sanft mit den Fingern abtupfen.<\/li>\n<\/ol>\n<h3>Inhaltsstoffe<\/h3>\n<div id=\"ntc-tab-2\" class=\"accordion-content ntc-tab-2\">Aqua, Glycerin, Dipropylene Glycol, Chondrus Crispus Powder, Ceratonia Siliqua (Carob) Gum, Phenoxyethanol, Xanthan Gum, Allantoin, Chlorphenesin, Niacinamide, Dipotassium Glycyrrhizate, Panthenol, Pearl Extract (816ppm), Adenosine, Butylene Glycol, Disodium EDTA, Synthetic Fluorphlogopite, PEG-60 Hydrogenated Castor Oil, Calcium Lactate, Snail Secretion Filtrate (92ppm), Titanium Dioxide, Sodium Hyaluronate, Fragrance, 1,2-Hexanediol, Sodium Oleate, Glycine Soja (Soybean) Oil, Hydrogenated Lecithin, Acetyl Hexapeptide-8<\/div>\n<div>&nbsp;<\/div>\n<h3>Warnhinweise<\/h3>\n<ol>\n<li>Nur zur \u00e4u\u00dferlichen Anwendung geeignet.<\/li>\n<li>Nicht auf verletzte Haut oder auf Wunden auftragen.<\/li>\n<li>Sollten Nebenwirkungen wie Irritationen oder Ausschlag eintreten, Anwendung sofort beenden und unverz\u00fcglich an einen Arzt wenden.<\/li>\n<li>Kontakt mit den Augen vermeiden. Sollte das Produkt ins Auge gelangen, das Auge sofort gr\u00fcndlich mit klarem Wasser aussp\u00fclen.<\/li>\n<li>Au\u00dfer Reichweite von Kindern aufbewahren.<\/li>\n<li>Nicht schlucken. Bei Verschlucken Arzt oder Giftzentrale aufsuchen.<\/li>\n<\/ol>\n","protected":false},"excerpt":{"rendered":"<p><strong>Skinsomnia Snail &amp; Pearl Hydrogel Eye Patch<\/strong> mit Schneckenschleim und Perlenextrakten spenden Feuchtigkeit tief in die Haut, verbessern die Elastizit\u00e4t und reduzieren sichtbar Schwellungen unter den Augen.<\/p>\n<p><strong>Aktive Komponenten:<\/strong><\/p>\n<ul>\n<li>Pearl: Aufhellung des Hauttons \/ Die mit Perlenextrakten formulierten Patches helfen dabei, dunkle Augenringe aufzuhellen.<\/li>\n<li>Snail Mucin: Verbesserung der Hautelastizit\u00e4t \/ Schneckenschleimextrakt verbessert die Hautelastizit\u00e4t und den nat\u00fcrlichen Glanz.<\/li>\n<\/ul>\n<p><strong>Hauptfunktion:<\/strong> Aufhellung, Elastizit\u00e4t, Feuchtigkeitsversorgung, Geschmeidigkeit, Straffung<\/p>\n","protected":false},"featured_media":5434,"comment_status":"open","ping_status":"closed","template":"","meta":{"content-type":"","site-sidebar-layout":"default","site-content-layout":"default","ast-site-content-layout":"default","site-content-style":"default","site-sidebar-style":"default","ast-global-header-display":"","ast-banner-title-visibility":"","ast-main-header-display":"","ast-hfb-above-header-display":"","ast-hfb-below-header-display":"","ast-hfb-mobile-header-display":"","site-post-title":"","ast-breadcrumbs-content":"","ast-featured-img":"","footer-sml-layout":"","ast-disable-related-posts":"","theme-transparent-header-meta":"default","adv-header-id-meta":"","stick-header-meta":"","header-above-stick-meta":"","header-main-stick-meta":"","header-below-stick-meta":"","astra-migrate-meta-layouts":"default","ast-page-background-enabled":"default","ast-page-background-meta":{"desktop":{"background-color":"","background-image":"","background-repeat":"repeat","background-position":"center center","background-size":"auto","background-attachment":"scroll","background-type":"","background-media":"","overlay-type":"","overlay-color":"","overlay-opacity":"","overlay-gradient":""},"tablet":{"background-color":"","background-image":"","background-repeat":"repeat","background-position":"center center","background-size":"auto","background-attachment":"scroll","background-type":"","background-media":"","overlay-type":"","overlay-color":"","overlay-opacity":"","overlay-gradient":""},"mobile":{"background-color":"","background-image":"","background-repeat":"repeat","background-position":"center center","background-size":"auto","background-attachment":"scroll","background-type":"","background-media":"","overlay-type":"","overlay-color":"","overlay-opacity":"","overlay-gradient":""}},"ast-content-background-meta":{"desktop":{"background-color":"var(--ast-global-color-5)","background-image":"","background-repeat":"repeat","background-position":"center center","background-size":"auto","background-attachment":"scroll","background-type":"","background-media":"","overlay-type":"","overlay-color":"","overlay-opacity":"","overlay-gradient":""},"tablet":{"background-color":"var(--ast-global-color-5)","background-image":"","background-repeat":"repeat","background-position":"center center","background-size":"auto","background-attachment":"scroll","background-type":"","background-media":"","overlay-type":"","overlay-color":"","overlay-opacity":"","overlay-gradient":""},"mobile":{"background-color":"var(--ast-global-color-5)","background-image":"","background-repeat":"repeat","background-position":"center center","background-size":"auto","background-attachment":"scroll","background-type":"","background-media":"","overlay-type":"","overlay-color":"","overlay-opacity":"","overlay-gradient":""}}},"product_brand":[],"product_cat":[320,169,31],"product_tag":[],"class_list":{"0":"post-5377","1":"product","2":"type-product","3":"status-publish","4":"has-post-thumbnail","6":"product_cat-augenpflege","7":"product_cat-skinsomnia","8":"product_cat-gesicht","9":"desktop-align-center","10":"tablet-align-center","11":"mobile-align-center","13":"first","14":"outofstock","15":"taxable","16":"shipping-taxable","17":"purchasable","18":"product-type-simple"},"_links":{"self":[{"href":"https:\/\/tomyklou.gr\/de\/wp-json\/wp\/v2\/product\/5377","targetHints":{"allow":["GET"]}}],"collection":[{"href":"https:\/\/tomyklou.gr\/de\/wp-json\/wp\/v2\/product"}],"about":[{"href":"https:\/\/tomyklou.gr\/de\/wp-json\/wp\/v2\/types\/product"}],"replies":[{"embeddable":true,"href":"https:\/\/tomyklou.gr\/de\/wp-json\/wp\/v2\/comments?post=5377"}],"wp:featuredmedia":[{"embeddable":true,"href":"https:\/\/tomyklou.gr\/de\/wp-json\/wp\/v2\/media\/5434"}],"wp:attachment":[{"href":"https:\/\/tomyklou.gr\/de\/wp-json\/wp\/v2\/media?parent=5377"}],"wp:term":[{"taxonomy":"product_brand","embeddable":true,"href":"https:\/\/tomyklou.gr\/de\/wp-json\/wp\/v2\/product_brand?post=5377"},{"taxonomy":"product_cat","embeddable":true,"href":"https:\/\/tomyklou.gr\/de\/wp-json\/wp\/v2\/product_cat?post=5377"},{"taxonomy":"product_tag","embeddable":true,"href":"https:\/\/tomyklou.gr\/de\/wp-json\/wp\/v2\/product_tag?post=5377"}],"curies":[{"name":"wp","href":"https:\/\/api.w.org\/{rel}","templated":true}]}}