{"id":5470,"date":"2023-03-05T16:04:10","date_gmt":"2023-03-05T14:04:10","guid":{"rendered":"https:\/\/tomyklou.gr\/product\/elizavecca-carbonated-bubble-clay-mask-100g\/"},"modified":"2026-02-22T18:47:06","modified_gmt":"2026-02-22T16:47:06","slug":"elizavecca-carbonated-bubble-clay-mask-100g","status":"publish","type":"product","link":"https:\/\/tomyklou.gr\/de\/product\/elizavecca-carbonated-bubble-clay-mask-100g\/","title":{"rendered":"Elizavecca Carbonated Bubble Clay Mask 100g"},"content":{"rendered":"<h3>Anwendung<\/h3>\n<ol>\n<li>Entnehmen Sie mit einem Spatel eine geeignete Menge aus dem Gef\u00e4\u00df und tragen Sie das Produkt auf die Haut auf. Sparen Sie hierbei die Augen- und die Mundpartie aus.<\/li>\n<li>Nach 3-5 Minuten wird die Maske zu sch\u00e4umen beginnen. Warten Sie bis die Maske maximal sch\u00e4umt und massieren Sie sie anschlie\u00dfend 1-2 Minuten lang in das gesamte Gesicht ein.<\/li>\n<li>Sp\u00fclen Sie das Produkt gr\u00fcndlich mit lauwarmem Wasser von der Haut ab.<\/li>\n<\/ol>\n<h3>Inhaltsstoffe<\/h3>\n<p>Water, Cocamidopropyl Betaine, Kaolin, Acrylates Copolymer , Disodium cocoamphodiacetate, Methyl Perfluoroisobutyl Ether , Sodium laureth sulfate, Lauramide DEA, TEA-Cocoyl Glutamate, Camellia Sinensis Leaf Extract, Glycerin, Dipropylene glycol , Bentonite, Collagen, Charcoal Powder, Phenoxyethanol, Methylparaben, Fragrance, Carbonated Water, Xanthan Gum, Disodium EDTA, Allantoin, Butylene Glycol, Lavandula Angustifolia (Lavender) Extract, Monarda didyma leaf extract, Mentha Piperita (Peppermint) Leaf Extract, Freesia refracta extract, Chamomilla Recutita (Matricaria) Flower Extract, Rosmarinus Officinalis (Rosemary) Leaf Extract<\/p>\n<h3>Warnhinweise<\/h3>\n<ol>\n<li>Nur zur \u00e4u\u00dferlichen Anwendung geeignet.<\/li>\n<li>Nicht auf verletzte Haut oder auf Wunden auftragen.<\/li>\n<li>Sollten Nebenwirkungen wie Irritationen oder Ausschlag eintreten, Anwendung sofort beenden und unverz\u00fcglich an einen Arzt wenden.<\/li>\n<li>Kontakt mit den Augen vermeiden. Sollte das Produkt ins Auge gelangen, das Auge sofort gr\u00fcndlich mit klarem Wasser aussp\u00fclen.<\/li>\n<li>Au\u00dfer Reichweite von Kindern aufbewahren.<\/li>\n<li>Nicht schlucken. Bei Verschlucken Arzt oder Giftzentrale aufsuchen.<\/li>\n<\/ol>\n","protected":false},"excerpt":{"rendered":"<p>Die\u00a0<strong>Elizavecca<\/strong>\u00a0Milky Piggy Carbonated Bubble Clay Mask ist eine reinigende Maske mit kohlens\u00e4urehaltigem Wasser, wei\u00dfem Ton, Bentonit-Ton, Kohlepulver und Gr\u00fcntee-Extrakten. Sie reinigt die Haut und befreit die Poren, w\u00e4hrend sie abgestorbene Hautzellen sowie \u00fcbersch\u00fcssigen Talg entfernt, ohne die Haut dabei auszutrocknen. Hinterl\u00e4sst ein klares und helleres Hautbild.<\/p>\n","protected":false},"featured_media":5491,"comment_status":"open","ping_status":"closed","template":"","meta":{"content-type":"","site-sidebar-layout":"default","site-content-layout":"default","ast-site-content-layout":"default","site-content-style":"default","site-sidebar-style":"default","ast-global-header-display":"","ast-banner-title-visibility":"","ast-main-header-display":"","ast-hfb-above-header-display":"","ast-hfb-below-header-display":"","ast-hfb-mobile-header-display":"","site-post-title":"","ast-breadcrumbs-content":"","ast-featured-img":"","footer-sml-layout":"","ast-disable-related-posts":"","theme-transparent-header-meta":"default","adv-header-id-meta":"","stick-header-meta":"","header-above-stick-meta":"","header-main-stick-meta":"","header-below-stick-meta":"","astra-migrate-meta-layouts":"set","ast-page-background-enabled":"default","ast-page-background-meta":{"desktop":{"background-color":"","background-image":"","background-repeat":"repeat","background-position":"center center","background-size":"auto","background-attachment":"scroll","background-type":"","background-media":"","overlay-type":"","overlay-color":"","overlay-opacity":"","overlay-gradient":""},"tablet":{"background-color":"","background-image":"","background-repeat":"repeat","background-position":"center center","background-size":"auto","background-attachment":"scroll","background-type":"","background-media":"","overlay-type":"","overlay-color":"","overlay-opacity":"","overlay-gradient":""},"mobile":{"background-color":"","background-image":"","background-repeat":"repeat","background-position":"center center","background-size":"auto","background-attachment":"scroll","background-type":"","background-media":"","overlay-type":"","overlay-color":"","overlay-opacity":"","overlay-gradient":""}},"ast-content-background-meta":{"desktop":{"background-color":"var(--ast-global-color-5)","background-image":"","background-repeat":"repeat","background-position":"center center","background-size":"auto","background-attachment":"scroll","background-type":"","background-media":"","overlay-type":"","overlay-color":"","overlay-opacity":"","overlay-gradient":""},"tablet":{"background-color":"var(--ast-global-color-5)","background-image":"","background-repeat":"repeat","background-position":"center center","background-size":"auto","background-attachment":"scroll","background-type":"","background-media":"","overlay-type":"","overlay-color":"","overlay-opacity":"","overlay-gradient":""},"mobile":{"background-color":"var(--ast-global-color-5)","background-image":"","background-repeat":"repeat","background-position":"center center","background-size":"auto","background-attachment":"scroll","background-type":"","background-media":"","overlay-type":"","overlay-color":"","overlay-opacity":"","overlay-gradient":""}}},"product_brand":[],"product_cat":[316,133,31],"product_tag":[34],"class_list":{"0":"post-5470","1":"product","2":"type-product","3":"status-publish","4":"has-post-thumbnail","6":"product_cat-gesichtsmaske","7":"product_cat-elizavecca","8":"product_cat-gesicht","9":"product_tag-sheet","10":"desktop-align-center","11":"tablet-align-center","12":"mobile-align-center","14":"first","15":"outofstock","16":"taxable","17":"shipping-taxable","18":"purchasable","19":"product-type-simple"},"_links":{"self":[{"href":"https:\/\/tomyklou.gr\/de\/wp-json\/wp\/v2\/product\/5470","targetHints":{"allow":["GET"]}}],"collection":[{"href":"https:\/\/tomyklou.gr\/de\/wp-json\/wp\/v2\/product"}],"about":[{"href":"https:\/\/tomyklou.gr\/de\/wp-json\/wp\/v2\/types\/product"}],"replies":[{"embeddable":true,"href":"https:\/\/tomyklou.gr\/de\/wp-json\/wp\/v2\/comments?post=5470"}],"wp:featuredmedia":[{"embeddable":true,"href":"https:\/\/tomyklou.gr\/de\/wp-json\/wp\/v2\/media\/5491"}],"wp:attachment":[{"href":"https:\/\/tomyklou.gr\/de\/wp-json\/wp\/v2\/media?parent=5470"}],"wp:term":[{"taxonomy":"product_brand","embeddable":true,"href":"https:\/\/tomyklou.gr\/de\/wp-json\/wp\/v2\/product_brand?post=5470"},{"taxonomy":"product_cat","embeddable":true,"href":"https:\/\/tomyklou.gr\/de\/wp-json\/wp\/v2\/product_cat?post=5470"},{"taxonomy":"product_tag","embeddable":true,"href":"https:\/\/tomyklou.gr\/de\/wp-json\/wp\/v2\/product_tag?post=5470"}],"curies":[{"name":"wp","href":"https:\/\/api.w.org\/{rel}","templated":true}]}}