{"id":5480,"date":"2023-03-05T16:04:12","date_gmt":"2023-03-05T14:04:12","guid":{"rendered":"https:\/\/tomyklou.gr\/product\/elizavecca-tea-tree-deep-power-ringer-mask-pack\/"},"modified":"2026-02-22T18:47:05","modified_gmt":"2026-02-22T16:47:05","slug":"elizavecca-tea-tree-deep-power-ringer-mask-pack","status":"publish","type":"product","link":"https:\/\/tomyklou.gr\/de\/product\/elizavecca-tea-tree-deep-power-ringer-mask-pack\/","title":{"rendered":"Elizavecca Tea Tree Deep Power Ringer Mask Pack"},"content":{"rendered":"<h3>Anwendung<\/h3>\n<ol>\n<li>Folie entfernen und Maske auf die gereinigte Haut auftragen.<\/li>\n<li>F\u00fcr <strong>15 bis 20<\/strong> Minuten einwirken lassen, dann vorsichtig entfernen. Nicht abwaschen!<\/li>\n<li>Das zur\u00fcckgebliebene Serum in die Haut tupfen bis es v\u00f6llig eingezogen ist.<\/li>\n<\/ol>\n<h3>Inhaltsstoffe<\/h3>\n<p>Water, Glycerin, Dipropylene Glycol, PEG-60 Hydrogenated Castor Oil, Melaleuca Alternifolia (Tea Tree) Leaf Water, Ceramide NP, Dimethicone, Phenoxyethanol, Chlorphenesin, Carbomer, Sodium Hyaluronate, Vincetoxicum Atratum Extract, Portulaca Oleracea Extract, Hamamelis Virginiana (Witch Hazel) Extract, Nelumbo Nucifera Flower Extract, Iris Versicolor Extract, Leontopodium Alpinum Flower\/Leaf Extract, Lilium Candidum Flower Extract, Jasminum Officinale (Jasmine) Flower Extract, Freesia Refracta Extract, Rosa Centifolia Flower Extract, Arginine, Hydroxyethylcellulose, Disodium EDTA, Fragrance<\/p>\n<p>*Eine Ver\u00e4nderung der Inhaltsstoffe unterliegt dem Ermessen des Herstellers. Willst du vor dem Kauf ganz sicher gehen? Dann kontaktiere uns f\u00fcr ein Foto der aktuellen Produktverpackung.<\/p>\n<h3>Warnhinweise<\/h3>\n<ol>\n<li>Nur zur \u00e4u\u00dferlichen Anwendung geeignet.<\/li>\n<li>Nicht auf verletzte Haut oder auf Wunden auftragen.<\/li>\n<li>Sollten Nebenwirkungen wie Irritationen oder Ausschlag eintreten, Anwendung sofort beenden und unverz\u00fcglich an einen Arzt wenden.<\/li>\n<li>Kontakt mit den Augen vermeiden. Sollte das Produkt ins Auge gelangen, das Auge sofort gr\u00fcndlich mit klarem Wasser aussp\u00fclen.<\/li>\n<li>Au\u00dfer Reichweite von Kindern aufbewahren.<\/li>\n<li>Nicht schlucken. Bei Verschlucken Arzt oder Giftzentrale aufsuchen.<\/li>\n<\/ol>\n","protected":false},"excerpt":{"rendered":"<p>Erfrische und entgifte deine Haut mit der Tea Tree Deep Power Ringer Mask Pack von\u00a0<strong>Elizavecca<\/strong>. Diese Maske enth\u00e4lt Extrakte aus Jasmin, Lotus, Edelwei\u00df, Lilie und andere Inhaltsstoffe, die die Haut ebenm\u00e4\u00dfiger aussehen lassen. Diese Extrakte helfen auch, Altersflecken aufzuhellen, Hautunreinheiten zu reduzieren und Reizungen zu lindern. Mit Ceramiden, die die Haut st\u00e4rken und Teebaumwasser f\u00fcr eine antibakterielle Wirkung.<\/p>\n<p><strong>Inhaltsstoffe, die wir lieben<\/strong><\/p>\n<ul>\n<li><strong>Portulaca Oleracea Extract:<\/strong>\u00a0Ein aus der traditionellen koreanischen Medizin bekannter pflanzlicher Inhaltsstoff, der eine entz\u00fcndungshemmende, beruhigende und antioxidative Wirkung auf die Haut hat.<\/li>\n<li><strong>Witch Hazel:<\/strong>\u00a0Destillat aus dem Hamamelisbaum. Wirkt beruhigend, antioxidativ und antibakteriell auf die Haut.<\/li>\n<li><strong>Ceramides:<\/strong>\u00a0St\u00e4rkt die sch\u00fctzende Feuchtigkeitsbarriere der Haut und erh\u00f6ht die Feuchtigkeitsversorgung, f\u00fcr ein glattes und festes Hautgef\u00fchl und weniger sichtbare Falten.<\/li>\n<li><strong>Tea Tree Leaf Water:<\/strong>\u00a0Hat starke antiseptische, entz\u00fcndungshemmende und antibakterielle Eigenschaften. Wirksam gegen Akne.<\/li>\n<li><strong>Rosa Centifolia Flower:<\/strong>\u00a0Ist bekannt f\u00fcr seine beruhigende Wirkung auf die Haut. Es kann zur Aufrechterhaltung eines gesunden pH-Werts beitragen und reguliert die Talgproduktion, f\u00fcr weniger sichtbare Poren.<\/li>\n<\/ul>\n","protected":false},"featured_media":5515,"comment_status":"open","ping_status":"closed","template":"","meta":{"content-type":"","site-sidebar-layout":"default","site-content-layout":"default","ast-site-content-layout":"default","site-content-style":"default","site-sidebar-style":"default","ast-global-header-display":"","ast-banner-title-visibility":"","ast-main-header-display":"","ast-hfb-above-header-display":"","ast-hfb-below-header-display":"","ast-hfb-mobile-header-display":"","site-post-title":"","ast-breadcrumbs-content":"","ast-featured-img":"","footer-sml-layout":"","ast-disable-related-posts":"","theme-transparent-header-meta":"default","adv-header-id-meta":"","stick-header-meta":"","header-above-stick-meta":"","header-main-stick-meta":"","header-below-stick-meta":"","astra-migrate-meta-layouts":"set","ast-page-background-enabled":"default","ast-page-background-meta":{"desktop":{"background-color":"","background-image":"","background-repeat":"repeat","background-position":"center center","background-size":"auto","background-attachment":"scroll","background-type":"","background-media":"","overlay-type":"","overlay-color":"","overlay-opacity":"","overlay-gradient":""},"tablet":{"background-color":"","background-image":"","background-repeat":"repeat","background-position":"center center","background-size":"auto","background-attachment":"scroll","background-type":"","background-media":"","overlay-type":"","overlay-color":"","overlay-opacity":"","overlay-gradient":""},"mobile":{"background-color":"","background-image":"","background-repeat":"repeat","background-position":"center center","background-size":"auto","background-attachment":"scroll","background-type":"","background-media":"","overlay-type":"","overlay-color":"","overlay-opacity":"","overlay-gradient":""}},"ast-content-background-meta":{"desktop":{"background-color":"var(--ast-global-color-5)","background-image":"","background-repeat":"repeat","background-position":"center center","background-size":"auto","background-attachment":"scroll","background-type":"","background-media":"","overlay-type":"","overlay-color":"","overlay-opacity":"","overlay-gradient":""},"tablet":{"background-color":"var(--ast-global-color-5)","background-image":"","background-repeat":"repeat","background-position":"center center","background-size":"auto","background-attachment":"scroll","background-type":"","background-media":"","overlay-type":"","overlay-color":"","overlay-opacity":"","overlay-gradient":""},"mobile":{"background-color":"var(--ast-global-color-5)","background-image":"","background-repeat":"repeat","background-position":"center center","background-size":"auto","background-attachment":"scroll","background-type":"","background-media":"","overlay-type":"","overlay-color":"","overlay-opacity":"","overlay-gradient":""}}},"product_brand":[],"product_cat":[316,133,31],"product_tag":[34],"class_list":{"0":"post-5480","1":"product","2":"type-product","3":"status-publish","4":"has-post-thumbnail","6":"product_cat-gesichtsmaske","7":"product_cat-elizavecca","8":"product_cat-gesicht","9":"product_tag-sheet","10":"desktop-align-center","11":"tablet-align-center","12":"mobile-align-center","14":"first","15":"outofstock","16":"featured","17":"taxable","18":"shipping-taxable","19":"purchasable","20":"product-type-simple"},"_links":{"self":[{"href":"https:\/\/tomyklou.gr\/de\/wp-json\/wp\/v2\/product\/5480","targetHints":{"allow":["GET"]}}],"collection":[{"href":"https:\/\/tomyklou.gr\/de\/wp-json\/wp\/v2\/product"}],"about":[{"href":"https:\/\/tomyklou.gr\/de\/wp-json\/wp\/v2\/types\/product"}],"replies":[{"embeddable":true,"href":"https:\/\/tomyklou.gr\/de\/wp-json\/wp\/v2\/comments?post=5480"}],"wp:featuredmedia":[{"embeddable":true,"href":"https:\/\/tomyklou.gr\/de\/wp-json\/wp\/v2\/media\/5515"}],"wp:attachment":[{"href":"https:\/\/tomyklou.gr\/de\/wp-json\/wp\/v2\/media?parent=5480"}],"wp:term":[{"taxonomy":"product_brand","embeddable":true,"href":"https:\/\/tomyklou.gr\/de\/wp-json\/wp\/v2\/product_brand?post=5480"},{"taxonomy":"product_cat","embeddable":true,"href":"https:\/\/tomyklou.gr\/de\/wp-json\/wp\/v2\/product_cat?post=5480"},{"taxonomy":"product_tag","embeddable":true,"href":"https:\/\/tomyklou.gr\/de\/wp-json\/wp\/v2\/product_tag?post=5480"}],"curies":[{"name":"wp","href":"https:\/\/api.w.org\/{rel}","templated":true}]}}