{"id":5597,"date":"2023-03-08T16:45:50","date_gmt":"2023-03-08T14:45:50","guid":{"rendered":"https:\/\/tomyklou.gr\/product\/import-placeholder-for-4625\/"},"modified":"2026-02-22T18:47:04","modified_gmt":"2026-02-22T16:47:04","slug":"heimish-artless-perfect-cushion-21","status":"publish","type":"product","link":"https:\/\/tomyklou.gr\/de\/product\/heimish-artless-perfect-cushion-spf50-pa-no-21-light-beige\/","title":{"rendered":"Heimish ARTLESS PERFECT CUSHION SPF50+ PA+++ No.21 Light Beige"},"content":{"rendered":"<h3>Anwendung<\/h3>\n<p>Tragen Sie im letzten Schritt der Hautpflege eine angemessene Menge um Ihre Augen auf und verteilen Sie sie gr\u00fcndlich.<\/p>\n<h3>Inhaltsstoffe<\/h3>\n<p>Water, Titanium Dioxide, Ethylhexyl Methoxycinnamate, Cyclopentasiloxane, Ethylhexyl Salicylate, Cyclohexasiloxane, C12-15 Alkyl Benzoate, Glycerin, Niacinamide, Octocrylene, Bis-Diglyceryl Polyacyladipate-2, PEG-30 Dipolyhydroxystearate, Zinc Oxide, PEG-10 Dimethicone, Butylene Glycol, Sodium Chloride, Quaternium-18 Bentonite, Dimethicone, Rosa Canina Fruit Extract, Thymus Vulgaris (Thyme) Leaf Extract, Mentha Piperita (Peppermint) Leaf Extract, Origanum Majorana Leaf Extract, Copernicia Cerifera (Carnauba) Wax, Chlorphenesin, Triethoxycaprylylsilane, Aluminum Hydroxide, Vinyl Dimethicone\/Methicone Silsesquioxane Crosspolymer, Adenosine, Parfum, (+\/-) Iron Oxides (CI 77492, CI 77491, CI 77499)<\/p>\n<h3>Warnhinweise<\/h3>\n<ol>\n<li>Nur zur \u00e4u\u00dferlichen Anwendung geeignet.<\/li>\n<li>Nicht auf verletzte Haut oder auf Wunden auftragen.<\/li>\n<li>Sollten Nebenwirkungen wie Irritationen oder Ausschlag eintreten, Anwendung sofort beenden und unverz\u00fcglich an einen Arzt wenden.<\/li>\n<li>Kontakt mit den Augen vermeiden. Sollte das Produkt ins Auge gelangen, das Auge sofort gr\u00fcndlich mit klarem Wasser aussp\u00fclen.<\/li>\n<li>Au\u00dfer Reichweite von Kindern aufbewahren.<\/li>\n<li>Nicht schlucken. Bei Verschlucken Arzt oder Giftzentrale aufsuchen.<\/li>\n<\/ol>\n","protected":false},"excerpt":{"rendered":"<p>Mit der <strong>Heimish<\/strong> Artless Perfect Cushion SPF50+ PA+++ bringst du dein Make-Up Finish auf ein neues Level. Mit dieser Cushion ist es m\u00fchelos m\u00f6glich einen perfekten Teint zu erhalten. Aber was genau ist eine Cushion? Eine Cushion ist eine echte Alternative zu einer BB Cream.<\/p>\n<p>Die Heimish Artless Perfect Cushion SPF50+ PA+++ hat ein gut durchfeuchtetes, abdeckendes, kompaktes Kissen. Das fl\u00fcssige Make-Up bildet eine feuchtigkeitsspeichernde Membran, die von Schicht zu Schicht dichter wird, wodurch die Haut glatter wird. Es sieht aus wie eine nat\u00fcrlich feuchte und strahlende H\u00fclle. Einer anschmiegsame Struktur, die es schafft das Gesicht zu bedecken, Hautunreinheiten zu gl\u00e4tten und einen nat\u00fcrlichen makelosen Teint zu hinterlassen. Selbst bei wiederholter Anwendung zieht die Heimish Artless Perfect Cushion SPF50+ PA+++ leicht ein, ohne sich zu verdunkeln, sodass die Haut den ganzen Tag strahlend und klar bleibt. Des weiteren ist die Formelierung der Cushion drauf aus die Haut vor einer sch\u00e4dlichen Umgebung zu sch\u00fctzen. Sowohl vor sch\u00e4dlichen UVA und UVB Strahlen durch den SPF50 + PA+++ Sonnenschutz als auch einen nat\u00fcrlichen Schutz vor Luftverschmutzung. Das gelingt durch Inhaltsstoffe wie Thymianbl\u00fcte, Minzblatt, Hagebuttenfrucht und andere Verbindungen, die eine d\u00fcnne feuchtigkeitsspendende Membran bilden, um unsere Haut vor sch\u00e4dlichen Stoffen wie winzigem Staub in der Luft zu sch\u00fctzen.<\/p>\n","protected":false},"featured_media":5664,"comment_status":"open","ping_status":"closed","template":"","meta":{"content-type":"","site-sidebar-layout":"default","site-content-layout":"default","ast-site-content-layout":"default","site-content-style":"default","site-sidebar-style":"default","ast-global-header-display":"","ast-banner-title-visibility":"","ast-main-header-display":"","ast-hfb-above-header-display":"","ast-hfb-below-header-display":"","ast-hfb-mobile-header-display":"","site-post-title":"","ast-breadcrumbs-content":"","ast-featured-img":"","footer-sml-layout":"","ast-disable-related-posts":"","theme-transparent-header-meta":"default","adv-header-id-meta":"","stick-header-meta":"","header-above-stick-meta":"","header-main-stick-meta":"","header-below-stick-meta":"","astra-migrate-meta-layouts":"set","ast-page-background-enabled":"default","ast-page-background-meta":{"desktop":{"background-color":"","background-image":"","background-repeat":"repeat","background-position":"center center","background-size":"auto","background-attachment":"scroll","background-type":"","background-media":"","overlay-type":"","overlay-color":"","overlay-opacity":"","overlay-gradient":""},"tablet":{"background-color":"","background-image":"","background-repeat":"repeat","background-position":"center center","background-size":"auto","background-attachment":"scroll","background-type":"","background-media":"","overlay-type":"","overlay-color":"","overlay-opacity":"","overlay-gradient":""},"mobile":{"background-color":"","background-image":"","background-repeat":"repeat","background-position":"center center","background-size":"auto","background-attachment":"scroll","background-type":"","background-media":"","overlay-type":"","overlay-color":"","overlay-opacity":"","overlay-gradient":""}},"ast-content-background-meta":{"desktop":{"background-color":"var(--ast-global-color-5)","background-image":"","background-repeat":"repeat","background-position":"center center","background-size":"auto","background-attachment":"scroll","background-type":"","background-media":"","overlay-type":"","overlay-color":"","overlay-opacity":"","overlay-gradient":""},"tablet":{"background-color":"var(--ast-global-color-5)","background-image":"","background-repeat":"repeat","background-position":"center center","background-size":"auto","background-attachment":"scroll","background-type":"","background-media":"","overlay-type":"","overlay-color":"","overlay-opacity":"","overlay-gradient":""},"mobile":{"background-color":"var(--ast-global-color-5)","background-image":"","background-repeat":"repeat","background-position":"center center","background-size":"auto","background-attachment":"scroll","background-type":"","background-media":"","overlay-type":"","overlay-color":"","overlay-opacity":"","overlay-gradient":""}}},"product_brand":[],"product_cat":[313,140,66,31],"product_tag":[36],"class_list":{"0":"post-5597","1":"product","2":"type-product","3":"status-publish","4":"has-post-thumbnail","6":"product_cat-gesichtssonnencreme","7":"product_cat-heimish","8":"product_cat-make-up","9":"product_cat-gesicht","10":"product_tag-sonnenschutz","11":"desktop-align-center","12":"tablet-align-center","13":"mobile-align-center","15":"first","16":"outofstock","17":"taxable","18":"shipping-taxable","19":"purchasable","20":"product-type-simple"},"_links":{"self":[{"href":"https:\/\/tomyklou.gr\/de\/wp-json\/wp\/v2\/product\/5597","targetHints":{"allow":["GET"]}}],"collection":[{"href":"https:\/\/tomyklou.gr\/de\/wp-json\/wp\/v2\/product"}],"about":[{"href":"https:\/\/tomyklou.gr\/de\/wp-json\/wp\/v2\/types\/product"}],"replies":[{"embeddable":true,"href":"https:\/\/tomyklou.gr\/de\/wp-json\/wp\/v2\/comments?post=5597"}],"wp:featuredmedia":[{"embeddable":true,"href":"https:\/\/tomyklou.gr\/de\/wp-json\/wp\/v2\/media\/5664"}],"wp:attachment":[{"href":"https:\/\/tomyklou.gr\/de\/wp-json\/wp\/v2\/media?parent=5597"}],"wp:term":[{"taxonomy":"product_brand","embeddable":true,"href":"https:\/\/tomyklou.gr\/de\/wp-json\/wp\/v2\/product_brand?post=5597"},{"taxonomy":"product_cat","embeddable":true,"href":"https:\/\/tomyklou.gr\/de\/wp-json\/wp\/v2\/product_cat?post=5597"},{"taxonomy":"product_tag","embeddable":true,"href":"https:\/\/tomyklou.gr\/de\/wp-json\/wp\/v2\/product_tag?post=5597"}],"curies":[{"name":"wp","href":"https:\/\/api.w.org\/{rel}","templated":true}]}}