{"id":5598,"date":"2023-03-08T16:45:50","date_gmt":"2023-03-08T14:45:50","guid":{"rendered":"https:\/\/tomyklou.gr\/product\/import-placeholder-for-4626\/"},"modified":"2026-02-22T18:47:04","modified_gmt":"2026-02-22T16:47:04","slug":"heimish-marine-care-algae-peptide-eye-cream-30ml","status":"publish","type":"product","link":"https:\/\/tomyklou.gr\/de\/product\/heimish-marine-care-algae-peptide-eye-cream-30ml\/","title":{"rendered":"Heimish Marine Care Algae + Peptide Eye Cream 30ml"},"content":{"rendered":"<h3>Anwendung<\/h3>\n<ol>\n<li>Eine angemessene Menge auf die gereinigte Haut um die Augen herum auftragen.<\/li>\n<li>In die Haut tupfen, bis die Augencreme v\u00f6llig eingezogen ist.<\/li>\n<\/ol>\n<h3>Inhaltsstoffe<\/h3>\n<p>Water\/Aqua\/Eau, Butylene Glycol, Ecklonia Cava Extract, Undaria Pinnatifida Extract, Hizikia Fusiforme Extract, Laminaria Japonica Extract, Glycerin, Cetearyl Alcohol, Caprylic\/Capric Triglyceride, Cetyl Ethylhexanoate, Hydrogenated Polydecene, Macadamia Ternifolia Seed Oil, Niacinamide, Cyclopentasiloxane, Glycol Palmitate, Glycol Stearate SE, 1,2-Hexanediol, Hydrogenated Vegetable Oil, Butyrospermum Parkii (Shea) Butter, Glyceryl Stearate, Cyclohexasiloxane, Sodium Hyaluronate, Beta-Glucan, Leontopodium Alpinum Callus Culture Extract, Agarum Cribosum Extract, Codium Fragile Extract, Codium Tomentosum Extract, Enteromorpha Compressa Extract, Laminaria Cloustoni Extract, Laminaria Digitata Extract, Porphyra Yezoensis Extract, Solidago Virgaurea (Goldenrod) Extract, Ulva Lactuca Extract, Copper Tripeptide-1, Ethylhexylglycerin, Acetyl Hexapeptide-8, Adenosine, Trehalose, Tocopheryl Acetate, Sorbitan Olivate, Sorbitan Palmitate, Dipropylene Glycol, Titanium Dioxide, Glycol, Cl 77288, Palmitic Acid, Sorbitan Isostearate, Cl 77492, Cl 77499, Stearic Acid, Aluminum Starch Octenylsuccinate, Hydrogenated Lecithin, Cetyl Palmitate, Dimethicone, Hydroxyacetophenone, Polyacrylate-13, PEG-100 Stearate, Polyisobutene, Polysorbate 20, Butylphenyl Methylpropional, Linalool, Fragrance\/Parfum, Disodium EDTA<\/p>\n<h3>Warnhinweise<\/h3>\n<ol>\n<li>Nur zur \u00e4u\u00dferlichen Anwendung geeignet.<\/li>\n<li>Nicht auf verletzte Haut oder auf Wunden auftragen.<\/li>\n<li>Sollten Nebenwirkungen wie Irritationen oder Ausschlag eintreten, Anwendung sofort beenden und unverz\u00fcglich an einen Arzt wenden.<\/li>\n<li>Kontakt mit den Augen vermeiden. Sollte das Produkt ins Auge gelangen, das Auge sofort gr\u00fcndlich mit klarem Wasser aussp\u00fclen.<\/li>\n<li>Au\u00dfer Reichweite von Kindern aufbewahren.<\/li>\n<li>Nicht schlucken. Bei Verschlucken Arzt oder Giftzentrale aufsuchen.<\/li>\n<\/ol>\n","protected":false},"excerpt":{"rendered":"<div class=\"cr-ph-1 cr-night-300 ellipsis\"><strong>Heimish<\/strong>\u00a0Marine Care Eye Cream nutzt die heilende Kraft des Ozeans, um die Haut um die Augenregion intensiv mit Feuchtigkeit zu versorgen. So werden F\u00e4ltchen und feine Linien sichtbar reduziert. Die reichhaltige Formel mit Seegras-Extrakt und mineral-haltigem Seewasser verj\u00fcngt die feinf\u00fchlige Haut um die Augen herum, und verleiht ihr mehr Geschmeidigkeit. Peptide und pflanzliche Stammzellen-Extrakte verschlie\u00dfen die Feuchtigkeit im Inneren und st\u00e4rken die nat\u00fcrliche Hautbarriere.<\/div>\n<div class=\"cr-ph-1 cr-night-300 ellipsis\">Die sofortige Erfrischung l\u00e4sst jegliches Gef\u00fchl von Erm\u00fcdung verschwinden. Der beruhigende Duft sorgt f\u00fcr Genuss in jeder Morgen-Routine. Mit dem beigef\u00fcgten\u00a0<strong>Massage-Applikator<\/strong>\u00a0bleiben die Augen cool und Schwellungen werden behutsam reduziert.<\/div>\n","protected":false},"featured_media":10485,"comment_status":"open","ping_status":"closed","template":"","meta":{"content-type":"","site-sidebar-layout":"default","site-content-layout":"default","ast-site-content-layout":"default","site-content-style":"default","site-sidebar-style":"default","ast-global-header-display":"","ast-banner-title-visibility":"","ast-main-header-display":"","ast-hfb-above-header-display":"","ast-hfb-below-header-display":"","ast-hfb-mobile-header-display":"","site-post-title":"","ast-breadcrumbs-content":"","ast-featured-img":"","footer-sml-layout":"","ast-disable-related-posts":"","theme-transparent-header-meta":"default","adv-header-id-meta":"","stick-header-meta":"","header-above-stick-meta":"","header-main-stick-meta":"","header-below-stick-meta":"","astra-migrate-meta-layouts":"set","ast-page-background-enabled":"default","ast-page-background-meta":{"desktop":{"background-color":"","background-image":"","background-repeat":"repeat","background-position":"center center","background-size":"auto","background-attachment":"scroll","background-type":"","background-media":"","overlay-type":"","overlay-color":"","overlay-opacity":"","overlay-gradient":""},"tablet":{"background-color":"","background-image":"","background-repeat":"repeat","background-position":"center center","background-size":"auto","background-attachment":"scroll","background-type":"","background-media":"","overlay-type":"","overlay-color":"","overlay-opacity":"","overlay-gradient":""},"mobile":{"background-color":"","background-image":"","background-repeat":"repeat","background-position":"center center","background-size":"auto","background-attachment":"scroll","background-type":"","background-media":"","overlay-type":"","overlay-color":"","overlay-opacity":"","overlay-gradient":""}},"ast-content-background-meta":{"desktop":{"background-color":"var(--ast-global-color-5)","background-image":"","background-repeat":"repeat","background-position":"center center","background-size":"auto","background-attachment":"scroll","background-type":"","background-media":"","overlay-type":"","overlay-color":"","overlay-opacity":"","overlay-gradient":""},"tablet":{"background-color":"var(--ast-global-color-5)","background-image":"","background-repeat":"repeat","background-position":"center center","background-size":"auto","background-attachment":"scroll","background-type":"","background-media":"","overlay-type":"","overlay-color":"","overlay-opacity":"","overlay-gradient":""},"mobile":{"background-color":"var(--ast-global-color-5)","background-image":"","background-repeat":"repeat","background-position":"center center","background-size":"auto","background-attachment":"scroll","background-type":"","background-media":"","overlay-type":"","overlay-color":"","overlay-opacity":"","overlay-gradient":""}}},"product_brand":[],"product_cat":[320,140,31],"product_tag":[],"class_list":{"0":"post-5598","1":"product","2":"type-product","3":"status-publish","4":"has-post-thumbnail","6":"product_cat-augenpflege","7":"product_cat-heimish","8":"product_cat-gesicht","9":"desktop-align-center","10":"tablet-align-center","11":"mobile-align-center","13":"first","14":"outofstock","15":"taxable","16":"shipping-taxable","17":"purchasable","18":"product-type-simple"},"_links":{"self":[{"href":"https:\/\/tomyklou.gr\/de\/wp-json\/wp\/v2\/product\/5598","targetHints":{"allow":["GET"]}}],"collection":[{"href":"https:\/\/tomyklou.gr\/de\/wp-json\/wp\/v2\/product"}],"about":[{"href":"https:\/\/tomyklou.gr\/de\/wp-json\/wp\/v2\/types\/product"}],"replies":[{"embeddable":true,"href":"https:\/\/tomyklou.gr\/de\/wp-json\/wp\/v2\/comments?post=5598"}],"wp:featuredmedia":[{"embeddable":true,"href":"https:\/\/tomyklou.gr\/de\/wp-json\/wp\/v2\/media\/10485"}],"wp:attachment":[{"href":"https:\/\/tomyklou.gr\/de\/wp-json\/wp\/v2\/media?parent=5598"}],"wp:term":[{"taxonomy":"product_brand","embeddable":true,"href":"https:\/\/tomyklou.gr\/de\/wp-json\/wp\/v2\/product_brand?post=5598"},{"taxonomy":"product_cat","embeddable":true,"href":"https:\/\/tomyklou.gr\/de\/wp-json\/wp\/v2\/product_cat?post=5598"},{"taxonomy":"product_tag","embeddable":true,"href":"https:\/\/tomyklou.gr\/de\/wp-json\/wp\/v2\/product_tag?post=5598"}],"curies":[{"name":"wp","href":"https:\/\/api.w.org\/{rel}","templated":true}]}}