{"id":5603,"date":"2023-03-08T16:45:51","date_gmt":"2023-03-08T14:45:51","guid":{"rendered":"https:\/\/tomyklou.gr\/product\/import-placeholder-for-4631\/"},"modified":"2026-02-22T18:46:01","modified_gmt":"2026-02-22T16:46:01","slug":"heimish-bulgarian-rose-satin-cream-55ml","status":"publish","type":"product","link":"https:\/\/tomyklou.gr\/de\/product\/heimish-bulgarian-rose-satin-cream-55ml\/","title":{"rendered":"Heimish Bulgarian Rose Satin Cream 55ml"},"content":{"rendered":"<h3>Anwendung<\/h3>\n<ol>\n<li>Morgens und abends eine angemessene Menge auf die gereinigte und mit Toner behandelte Haut auftragen.<\/li>\n<li>In die Haut tupfen, bis es v\u00f6llig eingezogen ist.<\/li>\n<\/ol>\n<h3>Inhaltsstoffe<\/h3>\n<p>Rosa Damascena Flower Water (63%), Glycerin, Propanediol, Cetyl Ethylhexanoate, Dimethicone, Niacinamide, Cyclopentasiloxane, Butyrospermum Parkii (Shea) Butter, Water, Palmitic Acid, Citric Acid, Hibiscus Sabdariffa Flower Extract, Crataegus Monogyna Flower Extract, Viola Tricolor Extract, Tartaric Acid, Ascorbic Acid, Malic Acid, Propylene Glycol, Lactobionic Acid, Camellia Sinensis Leaf Extract, Vaccinium Macrocarpon (Cranberry) Fruit Extract, Butylene Glycol, Castanea Crenata (Chestnut) Shell Extract, Lavandula Angustifolia (Lavender) Flower Extract, Stearic Acid, Sodium Acrylate\/ Sodium Acryloyldimethyl Taurate Copolymer, Sodium Polyacryloyldimethyl Taurate, Titanium Dioxide (CI77891), Isohexadecane, Hydrogenated Polydecene, Dimethiconol, Sodium Polyacrylate Starch, Polysorbate 80,Dimethicone\/Vinyl Dimethicone Crosspolymer, Trideceth-10, Sorbitan Oleate, Citrus Aurantium Dulcis (Orange) Peel Oil, Adenosine, Pelargonium Graveolens Flower Oil, Myristic Acid, Mica (CI77019), Triethoxycaprylylsilane, Silica, Tin Oxide, Disodium EDTA, Phenoxyethanol, Chlorphenesin, Caprylyl Glycol, Ethylhexylglycerin, CI 77491, Fragrance<\/p>\n<h3>Warnhinweise<\/h3>\n<ol>\n<li>Nur zur \u00e4u\u00dferlichen Anwendung geeignet.<\/li>\n<li>Nicht auf verletzte Haut oder auf Wunden auftragen.<\/li>\n<li>Sollten Nebenwirkungen wie Irritationen oder Ausschlag eintreten, Anwendung sofort beenden und unverz\u00fcglich an einen Arzt wenden.<\/li>\n<li>Kontakt mit den Augen vermeiden. Sollte das Produkt ins Auge gelangen, das Auge sofort gr\u00fcndlich mit klarem Wasser aussp\u00fclen.<\/li>\n<li>Au\u00dfer Reichweite von Kindern aufbewahren.<\/li>\n<li>Nicht schlucken. Bei Verschlucken Arzt oder Giftzentrale aufsuchen.<\/li>\n<\/ol>\n","protected":false},"excerpt":{"rendered":"<p><strong>Heimish<\/strong>\u00a0Bulgarian Rose Satin Cream besteht zu 63% aus Rosenwasser mit entz\u00fcndungshemmenden Eigenschaften, welches die Haut bis in die Tiefe mit Feuchtigkeit versorgt. Gereizte und ger\u00f6tete Haut wird beruhigt. Die enthaltene Milch-S\u00e4ure unterst\u00fctzt die Zellregeneration und Vitamin B3 reduziert die Sichtbarkeit von vergr\u00f6\u00dferten Poren und kleinen F\u00e4ltchen.<\/p>\n","protected":false},"featured_media":5635,"comment_status":"open","ping_status":"closed","template":"","meta":{"content-type":"","site-sidebar-layout":"default","site-content-layout":"default","ast-site-content-layout":"default","site-content-style":"default","site-sidebar-style":"default","ast-global-header-display":"","ast-banner-title-visibility":"","ast-main-header-display":"","ast-hfb-above-header-display":"","ast-hfb-below-header-display":"","ast-hfb-mobile-header-display":"","site-post-title":"","ast-breadcrumbs-content":"","ast-featured-img":"","footer-sml-layout":"","ast-disable-related-posts":"","theme-transparent-header-meta":"default","adv-header-id-meta":"","stick-header-meta":"","header-above-stick-meta":"","header-main-stick-meta":"","header-below-stick-meta":"","astra-migrate-meta-layouts":"set","ast-page-background-enabled":"default","ast-page-background-meta":{"desktop":{"background-color":"","background-image":"","background-repeat":"repeat","background-position":"center center","background-size":"auto","background-attachment":"scroll","background-type":"","background-media":"","overlay-type":"","overlay-color":"","overlay-opacity":"","overlay-gradient":""},"tablet":{"background-color":"","background-image":"","background-repeat":"repeat","background-position":"center center","background-size":"auto","background-attachment":"scroll","background-type":"","background-media":"","overlay-type":"","overlay-color":"","overlay-opacity":"","overlay-gradient":""},"mobile":{"background-color":"","background-image":"","background-repeat":"repeat","background-position":"center center","background-size":"auto","background-attachment":"scroll","background-type":"","background-media":"","overlay-type":"","overlay-color":"","overlay-opacity":"","overlay-gradient":""}},"ast-content-background-meta":{"desktop":{"background-color":"var(--ast-global-color-5)","background-image":"","background-repeat":"repeat","background-position":"center center","background-size":"auto","background-attachment":"scroll","background-type":"","background-media":"","overlay-type":"","overlay-color":"","overlay-opacity":"","overlay-gradient":""},"tablet":{"background-color":"var(--ast-global-color-5)","background-image":"","background-repeat":"repeat","background-position":"center center","background-size":"auto","background-attachment":"scroll","background-type":"","background-media":"","overlay-type":"","overlay-color":"","overlay-opacity":"","overlay-gradient":""},"mobile":{"background-color":"var(--ast-global-color-5)","background-image":"","background-repeat":"repeat","background-position":"center center","background-size":"auto","background-attachment":"scroll","background-type":"","background-media":"","overlay-type":"","overlay-color":"","overlay-opacity":"","overlay-gradient":""}}},"product_brand":[],"product_cat":[322,140,31],"product_tag":[35],"class_list":{"0":"post-5603","1":"product","2":"type-product","3":"status-publish","4":"has-post-thumbnail","6":"product_cat-gesichtscreme","7":"product_cat-heimish","8":"product_cat-gesicht","9":"product_tag-moisturizer","10":"desktop-align-center","11":"tablet-align-center","12":"mobile-align-center","14":"first","15":"outofstock","16":"taxable","17":"shipping-taxable","18":"purchasable","19":"product-type-simple"},"_links":{"self":[{"href":"https:\/\/tomyklou.gr\/de\/wp-json\/wp\/v2\/product\/5603","targetHints":{"allow":["GET"]}}],"collection":[{"href":"https:\/\/tomyklou.gr\/de\/wp-json\/wp\/v2\/product"}],"about":[{"href":"https:\/\/tomyklou.gr\/de\/wp-json\/wp\/v2\/types\/product"}],"replies":[{"embeddable":true,"href":"https:\/\/tomyklou.gr\/de\/wp-json\/wp\/v2\/comments?post=5603"}],"wp:featuredmedia":[{"embeddable":true,"href":"https:\/\/tomyklou.gr\/de\/wp-json\/wp\/v2\/media\/5635"}],"wp:attachment":[{"href":"https:\/\/tomyklou.gr\/de\/wp-json\/wp\/v2\/media?parent=5603"}],"wp:term":[{"taxonomy":"product_brand","embeddable":true,"href":"https:\/\/tomyklou.gr\/de\/wp-json\/wp\/v2\/product_brand?post=5603"},{"taxonomy":"product_cat","embeddable":true,"href":"https:\/\/tomyklou.gr\/de\/wp-json\/wp\/v2\/product_cat?post=5603"},{"taxonomy":"product_tag","embeddable":true,"href":"https:\/\/tomyklou.gr\/de\/wp-json\/wp\/v2\/product_tag?post=5603"}],"curies":[{"name":"wp","href":"https:\/\/api.w.org\/{rel}","templated":true}]}}