{"id":5607,"date":"2023-03-08T16:45:51","date_gmt":"2023-03-08T14:45:51","guid":{"rendered":"https:\/\/tomyklou.gr\/product\/import-placeholder-for-5993\/"},"modified":"2025-07-21T00:37:49","modified_gmt":"2025-07-20T21:37:49","slug":"heimish-velvet-cover-cushion-21","status":"publish","type":"product","link":"https:\/\/tomyklou.gr\/de\/product\/heimish-velvet-cover-cushion-21-cover-ivory\/","title":{"rendered":"Heimish Velvet Cover Cushion 21. Cover Ivory"},"content":{"rendered":"<h3>Anwendung<\/h3>\n<ol>\n<li>Die gew\u00fcnschte Menge auf die Haut im Gesicht und am Hals mithilfe des beigef\u00fcgten Schw\u00e4mmchens auftragen.<\/li>\n<\/ol>\n<h3>Hauptinhaltsstoffe<\/h3>\n<p>21<\/p>\n<p>Water, Titanium Dioxide, Methyl Trimethicone, Ethylhexyl Methoxycinnamate, Dimethicone, Ethylhexyl Salicylate, Butylene Glycol, Caprylyl Methicone, Trisiloxane, Lauryl PEG-10 Tris (Trimethylsiloxy)silylethyl Dimethicone, Zinc Oxide, Niacinamide, Octocrylene, Silica, Vinyl Dimethicone\/\u200bMethicone Silsesquioxane Crosspolymer, Cetyl PEG\/\u200bPPG-10\/\u200b1 Dimethicone, Isododecane, Sodium Chloride, Acrylates\/\u200bPolytrimethylsiloxymethacrylate Copolymer, Disteardimonium Hectorite, Caprylic\/\u200bCapric Glycerides, Sorbitan Sesquioleate, Palmitic Acid, Triethoxycaprylylsilane, Aluminum Hydroxide, Stearic Acid, Silica Silylate, Dimethicone Crosspolymer, Myristic Acid, Tocopherol, Moringa Oleifera Seed Oil, Oleyl Alcohol, Octyldodecanol, Butyrospermum Parkii (Shea) Butter, Candida Bombicola\/\u200bGlucose\/\u200bMethyl Rapeseedate Ferment, Glycine Soja (Soybean) Sterols, Phytosphingosine, Ceramide NP, Hydrogenated Lecithin, Glycerin, Adenosine, Fragrance, Limonene, Linalool, Butylphenyl Methylpropional, Benzyl Salicylate, Hexyl Cinnamal, Iron Oxides (Ci 77492),Iron Oxides (Ci 77491),Iron Oxides (Ci 77499)<\/p>\n<p>23<\/p>\n<p>Water, Titanium Dioxide, Methyl Trimethicone, Ethylhexyl Methoxycinnamate, Dimethicone, Ethylhexyl Salicylate, Butylene Glycol, Caprylyl Methicone, Trisiloxane, Lauryl PEG-10 Tris(Trimethylsiloxy)silylethyl Dimethicone, Zinc Oxide, Niacinamide, Octocrylene, Silica, Vinyl Dimethicone\/\u200bMethicone Silsesquioxane Crosspolymer, Cetyl PEG\/\u200bPPG-10\/\u200b1 Dimethicone, Isododecane, Sodium Chloride, Acrylates\/\u200bPolytrimethylsiloxymethacrylate Copolymer, Disteardimonium Hectorite, Caprylic\/\u200bCapric Glycerides, Sorbitan Sesquioleate, Palmitic Acid, Triethoxycaprylylsilane, Aluminum Hydroxide, Stearic Acid, Silica Silylate, Dimethicone Crosspolymer, Myristic Acid, Tocopherol, Moringa Oleifera Seed Oil, Oleyl Alcohol, Octyldodecanol, Butyrospermum Parkii (Shea) Butter, Candida Bombicola\/\u200bGlucose\/\u200bMethyl Rapeseedate Ferment, Glycine Soja (Soybean) Sterols, Phytosphingosine, Ceramide NP, Hydrogenated Lecithin, Glycerin, Adenosine, Fragrance, Limonene, Linalool, Butylphenyl Methylpropional, Benzyl Salicylate, Hexyl Cinnamal, Iron Oxides (Ci 77492),Iron Oxides (Ci 77491),Iron Oxides (Ci 77499)<\/p>\n<h3>Warnhinweise<\/h3>\n<ol>\n<li>Nur zur \u00e4u\u00dferlichen Anwendung geeignet.<\/li>\n<li>Nicht auf verletzte Haut oder auf Wunden auftragen.<\/li>\n<li>Sollten Nebenwirkungen wie Irritationen oder Ausschlag eintreten, Anwendung sofort beenden und unverz\u00fcglich an einen Arzt wenden.<\/li>\n<li>Kontakt mit den Augen vermeiden. Sollte das Produkt ins Auge gelangen, das Auge sofort gr\u00fcndlich mit klarem Wasser aussp\u00fclen.<\/li>\n<li>Au\u00dfer Reichweite von Kindern aufbewahren.<\/li>\n<li>Nicht schlucken. Bei Verschlucken Arzt oder Giftzentrale aufsuchen.<\/li>\n<\/ol>\n","protected":false},"excerpt":{"rendered":"<p><strong>Heimish<\/strong> Velvet Cover Cushion reguliert die Talg-Produktion und spendet Feuchtigkeit, w\u00e4hrend es der Haut ein seidig-weiches Finish verleiht. Gleichzeitig bietet es Schutz gegen vor UV(-B)-Strahlung mithilfe seines hohen Lichtschutzfaktors SPF50.<\/p>\n<p>Das lang-anhaltende Cushion sorgt f\u00fcr kr\u00e4ftige Abdeckung und h\u00e4lt auch einer Maske stand.<\/p>\n<p><strong>Mit Inhaltsstoffen, die wir lieben<\/strong>:<\/p>\n<p><strong>Niacinamid<\/strong>: hellt die Haut auf und l\u00e4sst feine Linien verblassen.<br \/>\n<strong>Butyrospermum Parkii (Sheabutter)<\/strong>: regeneriert die Haut und spendet intensive Pflege.<\/p>\n","protected":false},"featured_media":5669,"comment_status":"open","ping_status":"closed","template":"","meta":{"content-type":"","site-sidebar-layout":"default","site-content-layout":"default","ast-site-content-layout":"default","site-content-style":"default","site-sidebar-style":"default","ast-global-header-display":"","ast-banner-title-visibility":"","ast-main-header-display":"","ast-hfb-above-header-display":"","ast-hfb-below-header-display":"","ast-hfb-mobile-header-display":"","site-post-title":"","ast-breadcrumbs-content":"","ast-featured-img":"","footer-sml-layout":"","ast-disable-related-posts":"","theme-transparent-header-meta":"default","adv-header-id-meta":"","stick-header-meta":"","header-above-stick-meta":"","header-main-stick-meta":"","header-below-stick-meta":"","astra-migrate-meta-layouts":"default","ast-page-background-enabled":"default","ast-page-background-meta":{"desktop":{"background-color":"","background-image":"","background-repeat":"repeat","background-position":"center center","background-size":"auto","background-attachment":"scroll","background-type":"","background-media":"","overlay-type":"","overlay-color":"","overlay-opacity":"","overlay-gradient":""},"tablet":{"background-color":"","background-image":"","background-repeat":"repeat","background-position":"center center","background-size":"auto","background-attachment":"scroll","background-type":"","background-media":"","overlay-type":"","overlay-color":"","overlay-opacity":"","overlay-gradient":""},"mobile":{"background-color":"","background-image":"","background-repeat":"repeat","background-position":"center center","background-size":"auto","background-attachment":"scroll","background-type":"","background-media":"","overlay-type":"","overlay-color":"","overlay-opacity":"","overlay-gradient":""}},"ast-content-background-meta":{"desktop":{"background-color":"var(--ast-global-color-5)","background-image":"","background-repeat":"repeat","background-position":"center center","background-size":"auto","background-attachment":"scroll","background-type":"","background-media":"","overlay-type":"","overlay-color":"","overlay-opacity":"","overlay-gradient":""},"tablet":{"background-color":"var(--ast-global-color-5)","background-image":"","background-repeat":"repeat","background-position":"center center","background-size":"auto","background-attachment":"scroll","background-type":"","background-media":"","overlay-type":"","overlay-color":"","overlay-opacity":"","overlay-gradient":""},"mobile":{"background-color":"var(--ast-global-color-5)","background-image":"","background-repeat":"repeat","background-position":"center center","background-size":"auto","background-attachment":"scroll","background-type":"","background-media":"","overlay-type":"","overlay-color":"","overlay-opacity":"","overlay-gradient":""}}},"product_brand":[],"product_cat":[140,66,327],"product_tag":[],"class_list":{"0":"post-5607","1":"product","2":"type-product","3":"status-publish","4":"has-post-thumbnail","6":"product_cat-heimish","7":"product_cat-make-up","8":"product_cat-new-arrivals","9":"desktop-align-center","10":"tablet-align-center","11":"mobile-align-center","13":"first","14":"outofstock","15":"taxable","16":"shipping-taxable","17":"purchasable","18":"product-type-simple"},"_links":{"self":[{"href":"https:\/\/tomyklou.gr\/de\/wp-json\/wp\/v2\/product\/5607","targetHints":{"allow":["GET"]}}],"collection":[{"href":"https:\/\/tomyklou.gr\/de\/wp-json\/wp\/v2\/product"}],"about":[{"href":"https:\/\/tomyklou.gr\/de\/wp-json\/wp\/v2\/types\/product"}],"replies":[{"embeddable":true,"href":"https:\/\/tomyklou.gr\/de\/wp-json\/wp\/v2\/comments?post=5607"}],"wp:featuredmedia":[{"embeddable":true,"href":"https:\/\/tomyklou.gr\/de\/wp-json\/wp\/v2\/media\/5669"}],"wp:attachment":[{"href":"https:\/\/tomyklou.gr\/de\/wp-json\/wp\/v2\/media?parent=5607"}],"wp:term":[{"taxonomy":"product_brand","embeddable":true,"href":"https:\/\/tomyklou.gr\/de\/wp-json\/wp\/v2\/product_brand?post=5607"},{"taxonomy":"product_cat","embeddable":true,"href":"https:\/\/tomyklou.gr\/de\/wp-json\/wp\/v2\/product_cat?post=5607"},{"taxonomy":"product_tag","embeddable":true,"href":"https:\/\/tomyklou.gr\/de\/wp-json\/wp\/v2\/product_tag?post=5607"}],"curies":[{"name":"wp","href":"https:\/\/api.w.org\/{rel}","templated":true}]}}