{"id":5688,"date":"2023-03-11T17:26:03","date_gmt":"2023-03-11T15:26:03","guid":{"rendered":"https:\/\/tomyklou.gr\/product\/import-placeholder-for-4287\/"},"modified":"2026-02-22T18:46:01","modified_gmt":"2026-02-22T16:46:01","slug":"holika-holika-biotin-damage-care-oil-mist-120ml","status":"publish","type":"product","link":"https:\/\/tomyklou.gr\/de\/product\/holika-holika-biotin-damage-care-oil-mist\/","title":{"rendered":"Holika Holika Biotin Damage Care Oil Mist 120ml"},"content":{"rendered":"<h3>Anwendung<\/h3>\n<ol>\n<li>Vor dem Gebrauch gut sch\u00fctteln.<\/li>\n<li>Das Produkt aus einem Abstand von 5-10 cm auf das Haar spr\u00fchen.<\/li>\n<\/ol>\n<h3>Inhaltsstoffe<\/h3>\n<p>Water, Alcohol, Dipropylene Glycol, Cetrimonium Methosulfate, Betane, Isopropyl Alcohol, Octyldodeceth-25, Caprylyl Glycol, Hydroxyethyl Urea, Cetyl Alcohol, Panthenol, Behentrimonium Methosulfate, Coceth-7, PPG-1-PEG-9 Lauryl Glycol Ether, Fragrance, C10-40 Isoalkylamidopropylethyldimonium Ethosulfate, Lactic Acid, PEG-40 Hydrogenated Castor Oil, Disodium EDTA, Butylene Glycol, Honey Extract, Biotin, Arginine, 1,2-Hexanediol, Egg Yolk Extract, Camellia Japonica Seed Oil, Argania Spinosa Kernel Oil, Helianthus Annus (Sunflower) Seed Oil<\/p>\n<h3>Warnhinweise<\/h3>\n<ol>\n<li>Nur zur \u00e4u\u00dferlichen Anwendung geeignet.<\/li>\n<li>Nicht auf verletzte Haut oder auf Wunden auftragen.<\/li>\n<li>Sollten Nebenwirkungen wie Irritationen oder Ausschlag eintreten, Anwendung sofort beenden und unverz\u00fcglich an einen Arzt wenden.<\/li>\n<li>Kontakt mit den Augen vermeiden. Sollte das Produkt ins Auge gelangen, das Auge sofort gr\u00fcndlich mit klarem Wasser aussp\u00fclen.<\/li>\n<li>Au\u00dfer Reichweite von Kindern aufbewahren.<\/li>\n<li>Nicht schlucken. Bei Verschlucken Arzt oder Giftzentrale aufsuchen.<\/li>\n<\/ol>\n","protected":false},"excerpt":{"rendered":"<p><strong>Holika Holika<\/strong>\u00a0Biotin Damage Care Oil Mist ist ein \u00d6l f\u00fcr besch\u00e4digtes Haar mit Biotin. Es besitzt eine leichte Textur und ein angenehmes Blumenaroma. Dar\u00fcber hinaus ist es ein sehr feines Spray, das tief in das Haar eindringt, sodass es tags\u00fcber gebraucht werden kann, ohne zu kleben und ohne das Haar fettig aussehen zu lassen. Das \u00d6l hat\u00a0eine starke regenerierende Wirkung, pflegt und hydratisiert das Haar, macht es weich sowie seidig und verhindert das Auftreten von statisch krausem Haar.<\/p>\n","protected":false},"featured_media":5751,"comment_status":"open","ping_status":"closed","template":"","meta":{"content-type":"","site-sidebar-layout":"default","site-content-layout":"default","ast-site-content-layout":"default","site-content-style":"default","site-sidebar-style":"default","ast-global-header-display":"","ast-banner-title-visibility":"","ast-main-header-display":"","ast-hfb-above-header-display":"","ast-hfb-below-header-display":"","ast-hfb-mobile-header-display":"","site-post-title":"","ast-breadcrumbs-content":"","ast-featured-img":"","footer-sml-layout":"","ast-disable-related-posts":"","theme-transparent-header-meta":"default","adv-header-id-meta":"","stick-header-meta":"","header-above-stick-meta":"","header-main-stick-meta":"","header-below-stick-meta":"","astra-migrate-meta-layouts":"default","ast-page-background-enabled":"default","ast-page-background-meta":{"desktop":{"background-color":"","background-image":"","background-repeat":"repeat","background-position":"center center","background-size":"auto","background-attachment":"scroll","background-type":"","background-media":"","overlay-type":"","overlay-color":"","overlay-opacity":"","overlay-gradient":""},"tablet":{"background-color":"","background-image":"","background-repeat":"repeat","background-position":"center center","background-size":"auto","background-attachment":"scroll","background-type":"","background-media":"","overlay-type":"","overlay-color":"","overlay-opacity":"","overlay-gradient":""},"mobile":{"background-color":"","background-image":"","background-repeat":"repeat","background-position":"center center","background-size":"auto","background-attachment":"scroll","background-type":"","background-media":"","overlay-type":"","overlay-color":"","overlay-opacity":"","overlay-gradient":""}},"ast-content-background-meta":{"desktop":{"background-color":"var(--ast-global-color-5)","background-image":"","background-repeat":"repeat","background-position":"center center","background-size":"auto","background-attachment":"scroll","background-type":"","background-media":"","overlay-type":"","overlay-color":"","overlay-opacity":"","overlay-gradient":""},"tablet":{"background-color":"var(--ast-global-color-5)","background-image":"","background-repeat":"repeat","background-position":"center center","background-size":"auto","background-attachment":"scroll","background-type":"","background-media":"","overlay-type":"","overlay-color":"","overlay-opacity":"","overlay-gradient":""},"mobile":{"background-color":"var(--ast-global-color-5)","background-image":"","background-repeat":"repeat","background-position":"center center","background-size":"auto","background-attachment":"scroll","background-type":"","background-media":"","overlay-type":"","overlay-color":"","overlay-opacity":"","overlay-gradient":""}}},"product_brand":[],"product_cat":[141,83,71],"product_tag":[],"class_list":{"0":"post-5688","1":"product","2":"type-product","3":"status-publish","4":"has-post-thumbnail","6":"product_cat-holika-holika","7":"product_cat-haar","8":"product_cat-koerperpflege","9":"desktop-align-center","10":"tablet-align-center","11":"mobile-align-center","13":"first","14":"outofstock","15":"taxable","16":"shipping-taxable","17":"purchasable","18":"product-type-simple"},"_links":{"self":[{"href":"https:\/\/tomyklou.gr\/de\/wp-json\/wp\/v2\/product\/5688","targetHints":{"allow":["GET"]}}],"collection":[{"href":"https:\/\/tomyklou.gr\/de\/wp-json\/wp\/v2\/product"}],"about":[{"href":"https:\/\/tomyklou.gr\/de\/wp-json\/wp\/v2\/types\/product"}],"replies":[{"embeddable":true,"href":"https:\/\/tomyklou.gr\/de\/wp-json\/wp\/v2\/comments?post=5688"}],"wp:featuredmedia":[{"embeddable":true,"href":"https:\/\/tomyklou.gr\/de\/wp-json\/wp\/v2\/media\/5751"}],"wp:attachment":[{"href":"https:\/\/tomyklou.gr\/de\/wp-json\/wp\/v2\/media?parent=5688"}],"wp:term":[{"taxonomy":"product_brand","embeddable":true,"href":"https:\/\/tomyklou.gr\/de\/wp-json\/wp\/v2\/product_brand?post=5688"},{"taxonomy":"product_cat","embeddable":true,"href":"https:\/\/tomyklou.gr\/de\/wp-json\/wp\/v2\/product_cat?post=5688"},{"taxonomy":"product_tag","embeddable":true,"href":"https:\/\/tomyklou.gr\/de\/wp-json\/wp\/v2\/product_tag?post=5688"}],"curies":[{"name":"wp","href":"https:\/\/api.w.org\/{rel}","templated":true}]}}