{"id":5715,"date":"2023-03-11T17:28:59","date_gmt":"2023-03-11T15:28:59","guid":{"rendered":"https:\/\/tomyklou.gr\/product\/import-placeholder-for-4289\/"},"modified":"2026-02-22T18:46:00","modified_gmt":"2026-02-22T16:46:00","slug":"holika-holika-pig-nose-clear-blackhead-3-step-kit","status":"publish","type":"product","link":"https:\/\/tomyklou.gr\/de\/product\/holika-holika-pig-nose-clear-blackhead-3-step-kit\/","title":{"rendered":"Holika Holika Pig Nose Clear Blackhead 3 Step Kit"},"content":{"rendered":"<h3>Anwendung<\/h3>\n<ol>\n<li>Reinigen Sie das Gesicht und bringen Sie anschlie\u00dfend Step 1 auf der Nase an. Lassen Sie diese f\u00fcr 15 Minuten einwirken. Entfernen Sie das Produkt anschlie\u00dfend und befeuchten Sie die Nase, um diese f\u00fcr Step 2 vorzubereiten.<\/li>\n<li>Bringen Sie Step 2 auf der feuchten Nase an lassen Sie diese f\u00fcr 15 Minuten oder bis das Produkt komplett trocken ist einwirken. Entfernen Sie das Pflaster anschlie\u00dfend vorsichtig, bei den Au\u00dfenkanten beginnend Richtung Mitte.<\/li>\n<li>Bringen Sie Step 3 auf der Nase an und lassen Sie es f\u00fcr 15 Minuten einwirken. Entfernen Sie es anschlie\u00dfend vorsichtig.<\/li>\n<\/ol>\n<h3>Inhaltsstoffe<\/h3>\n<p><em>Step 1<\/em><\/p>\n<p>Water, Hamamelis Virginiana (Witch Hazel) Water, Butylene Glycol, Salvia Officinalis (Sage) Leaf Water, Melissa Officinalis Leaf Extract, Arctium Majus Root Extract, Mentha Piperita (Peppermint) Leaf Extract, Juniperus Communis Fruit Extract, Hypericum Perforatum Extract, Saponaria Officinalis Leaf Extract, Chrysanthellum Indicum Extract, Camellia Sinensis Leaf Extract, Rosmarinus Officinalis (Rosemary) Leaf Extract, Aspalathus Linearis Leaf Extract, Thymus Vulgaris (Thyme) Flower\/\u200bLeaf Extract, Jasminum Officinale (Jasmine) Flower Water, Acer Saccharinum (Sugar Maple) Extract, Citrus Aurantium Dulcis (Orange) Fruit Extract, Vaccinium Myrtillus Fruit\/\u200bLeaf Extract, Saccharum Officinarum (Sugar Cane) Extract, Citrus Limon (Lemon) Fruit Extract, Aloe Barbadensis Leaf Juice, Caprylyl Glycol, 1,2-Hexanediol, Propanediol, Illicium Verum (Anise) Fruit Extract Fragrance<\/p>\n<p><em>Step 2<\/em><\/p>\n<p>Water, PVP, PEG-12 Dimethicone, Kaolin, Titanium Dioxide, VP\/\u200bVA Copolymer, Propylene Glycol, Methylparaben, Citrus Limon (Lemon) Fruit Extract, Aloe Barbadensis Leaf Juice Ci 17200<\/p>\n<p><em>Step 3<\/em><\/p>\n<p>Water, Glycerin, Propanediol, Sodium Hyaluronate, Erythritol, Trehalose, Hydroxyethylcellulose, Citrus Limon (Lemon) Fruit Extract, Dipotassium Glycyrrhizate, Wicium\u200bIllicium Verum (Anise) Fruit Extract, Aloe Barbadensis Leaf Juice, Citrus Aurantifolia (Lime) Fruit Extract, Diospyros Kaki Leaf Extract, Vitis Vinifera (Grape) Fruit Extract, Caprylyl Glycol, 1,2-Hexanediol, PEG-60 Hydrogenated Castor Oil, Chlorphenesin, Phenoxyethanol, Disodium EDTA, Fragrance<\/p>\n<h3>Warnhinweise<\/h3>\n<ol>\n<li>Nur zur \u00e4u\u00dferlichen Anwendung geeignet.<\/li>\n<li>Nicht auf verletzte Haut oder auf Wunden auftragen.<\/li>\n<li>Sollten Nebenwirkungen wie Irritationen oder Ausschlag eintreten, Anwendung sofort beenden und unverz\u00fcglich an einen Arzt wenden.<\/li>\n<li>Kontakt mit den Augen vermeiden. Sollte das Produkt ins Auge gelangen, das Auge sofort gr\u00fcndlich mit klarem Wasser aussp\u00fclen.<\/li>\n<li>Au\u00dfer Reichweite von Kindern aufbewahren.<\/li>\n<li>Nicht schlucken. Bei Verschlucken Arzt oder Giftzentrale aufsuchen.<\/li>\n<\/ol>\n","protected":false},"excerpt":{"rendered":"<p><strong>Holika Holika<\/strong>\u00a0Pig Nose Clear Blackhead 3 Step Kit entfernt Mitesser auf effektive Weise und verfeinert die Poren in nur 3 Schritten. Im ersten Schritt werden die Poren ge\u00f6ffnet, um das Entfernen der Mitesser zu erleichtern. Im zweiten Schritt werden die Mitesser entfernt. Und im dritten Schritt werden die Poren verkleinert.<\/p>\n","protected":false},"featured_media":5737,"comment_status":"open","ping_status":"closed","template":"","meta":{"content-type":"","site-sidebar-layout":"default","site-content-layout":"default","ast-site-content-layout":"default","site-content-style":"default","site-sidebar-style":"default","ast-global-header-display":"","ast-banner-title-visibility":"","ast-main-header-display":"","ast-hfb-above-header-display":"","ast-hfb-below-header-display":"","ast-hfb-mobile-header-display":"","site-post-title":"","ast-breadcrumbs-content":"","ast-featured-img":"","footer-sml-layout":"","ast-disable-related-posts":"","theme-transparent-header-meta":"default","adv-header-id-meta":"","stick-header-meta":"","header-above-stick-meta":"","header-main-stick-meta":"","header-below-stick-meta":"","astra-migrate-meta-layouts":"default","ast-page-background-enabled":"default","ast-page-background-meta":{"desktop":{"background-color":"","background-image":"","background-repeat":"repeat","background-position":"center center","background-size":"auto","background-attachment":"scroll","background-type":"","background-media":"","overlay-type":"","overlay-color":"","overlay-opacity":"","overlay-gradient":""},"tablet":{"background-color":"","background-image":"","background-repeat":"repeat","background-position":"center center","background-size":"auto","background-attachment":"scroll","background-type":"","background-media":"","overlay-type":"","overlay-color":"","overlay-opacity":"","overlay-gradient":""},"mobile":{"background-color":"","background-image":"","background-repeat":"repeat","background-position":"center center","background-size":"auto","background-attachment":"scroll","background-type":"","background-media":"","overlay-type":"","overlay-color":"","overlay-opacity":"","overlay-gradient":""}},"ast-content-background-meta":{"desktop":{"background-color":"var(--ast-global-color-5)","background-image":"","background-repeat":"repeat","background-position":"center center","background-size":"auto","background-attachment":"scroll","background-type":"","background-media":"","overlay-type":"","overlay-color":"","overlay-opacity":"","overlay-gradient":""},"tablet":{"background-color":"var(--ast-global-color-5)","background-image":"","background-repeat":"repeat","background-position":"center center","background-size":"auto","background-attachment":"scroll","background-type":"","background-media":"","overlay-type":"","overlay-color":"","overlay-opacity":"","overlay-gradient":""},"mobile":{"background-color":"var(--ast-global-color-5)","background-image":"","background-repeat":"repeat","background-position":"center center","background-size":"auto","background-attachment":"scroll","background-type":"","background-media":"","overlay-type":"","overlay-color":"","overlay-opacity":"","overlay-gradient":""}}},"product_brand":[],"product_cat":[321,141,31],"product_tag":[67],"class_list":{"0":"post-5715","1":"product","2":"type-product","3":"status-publish","4":"has-post-thumbnail","6":"product_cat-spezialbehandlung","7":"product_cat-holika-holika","8":"product_cat-gesicht","9":"product_tag-spezialbehandlung","10":"desktop-align-center","11":"tablet-align-center","12":"mobile-align-center","14":"first","15":"outofstock","16":"taxable","17":"shipping-taxable","18":"purchasable","19":"product-type-simple"},"_links":{"self":[{"href":"https:\/\/tomyklou.gr\/de\/wp-json\/wp\/v2\/product\/5715","targetHints":{"allow":["GET"]}}],"collection":[{"href":"https:\/\/tomyklou.gr\/de\/wp-json\/wp\/v2\/product"}],"about":[{"href":"https:\/\/tomyklou.gr\/de\/wp-json\/wp\/v2\/types\/product"}],"replies":[{"embeddable":true,"href":"https:\/\/tomyklou.gr\/de\/wp-json\/wp\/v2\/comments?post=5715"}],"wp:featuredmedia":[{"embeddable":true,"href":"https:\/\/tomyklou.gr\/de\/wp-json\/wp\/v2\/media\/5737"}],"wp:attachment":[{"href":"https:\/\/tomyklou.gr\/de\/wp-json\/wp\/v2\/media?parent=5715"}],"wp:term":[{"taxonomy":"product_brand","embeddable":true,"href":"https:\/\/tomyklou.gr\/de\/wp-json\/wp\/v2\/product_brand?post=5715"},{"taxonomy":"product_cat","embeddable":true,"href":"https:\/\/tomyklou.gr\/de\/wp-json\/wp\/v2\/product_cat?post=5715"},{"taxonomy":"product_tag","embeddable":true,"href":"https:\/\/tomyklou.gr\/de\/wp-json\/wp\/v2\/product_tag?post=5715"}],"curies":[{"name":"wp","href":"https:\/\/api.w.org\/{rel}","templated":true}]}}