{"id":5724,"date":"2023-03-11T17:28:59","date_gmt":"2023-03-11T15:28:59","guid":{"rendered":"https:\/\/tomyklou.gr\/product\/import-placeholder-for-4298\/"},"modified":"2026-02-22T18:46:00","modified_gmt":"2026-02-22T16:46:00","slug":"holika-holika-pure-essence-mask-sheet-lemon","status":"publish","type":"product","link":"https:\/\/tomyklou.gr\/de\/product\/holika-holika-pure-essence-mask-sheet-lemon\/","title":{"rendered":"Holika Holika Pure Essence Mask Sheet Lemon"},"content":{"rendered":"<h3>Anwendung<\/h3>\n<ol>\n<li>Entfernen Sie die Folie und legen Sie die Maske auf die gereinigte Haut.<\/li>\n<li>Lassen Sie die Maske f\u00fcr<strong> 15-20<\/strong> Minuten einwirken und entfernen Sie sie anschlie\u00dfend vorsichtig.<\/li>\n<li>Arbeiten Sie das restliche Serum sanft in die Haut ein, bis es vollst\u00e4ndig eingezogen ist.<\/li>\n<\/ol>\n<h3>Inhaltsstoffe<\/h3>\n<p>Water, 1,2-Hexanediol, Butylene Glycol, Glycerin, Dipropylene Glycol, Betaine, Propanediol, Polyglyceryl-10 Laurate, Panthenol, Allantoin, Carbomer, Citrus Limon (Lemon) Fruit Extract, Centella Asiatica Extract, Paeonia Suffruticosa Root Extract, Chamomilla Recutita (Matriacaria) Flower Extract, Viola Tricolor Extract, Lavandula Angustifolia (Lavender) Flower Extract, Centaurea Cyanus Flower Extract, Pyrus Malus (Apple) Fruit Extract, Carica Papaya (Papaya) Leaf Extract, Arginine, Ethylhexylglycerin, Disodium EDTA, Citrus Aurantium Dulcis (Orange) Oil, Xanthan Gum, Glyceryl Caprylate, Madecassoside, Limonene<\/p>\n<h3>Warnhinweise<\/h3>\n<ol>\n<li>Nur zur \u00e4u\u00dferlichen Anwendung geeignet.<\/li>\n<li>Nicht auf verletzte Haut oder auf Wunden auftragen.<\/li>\n<li>Sollten Nebenwirkungen wie Irritationen oder Ausschlag eintreten, Anwendung sofort beenden und unverz\u00fcglich an einen Arzt wenden.<\/li>\n<li>Kontakt mit den Augen vermeiden. Sollte das Produkt ins Auge gelangen, das Auge sofort gr\u00fcndlich mit klarem Wasser aussp\u00fclen.<\/li>\n<li>Au\u00dfer Reichweite von Kindern aufbewahren.<\/li>\n<li>Nicht schlucken. Bei Verschlucken Arzt oder Giftzentrale aufsuchen.<\/li>\n<\/ol>\n","protected":false},"excerpt":{"rendered":"<p><strong>Holika Holika<\/strong>\u00a0Pure Essence Sheet Mask hellt die Haut mithilfe von Zitronenextrakten auf. Das enthaltene Vitamin C verbessert die Elastizit\u00e4t und Strahlkraft. Gleichzeitig versorgt die Sheet-Maske die Haut mit Vitaminen und sorgt bei regelm\u00e4\u00dfiger Anwendung f\u00fcr ein sanftes Peeling. Der extrem d\u00fcnne Stoff der Maske stellt einen engen Kontakt mit der Haut her, um damit ein besseres Eindringen der Wirkstoffe zu gew\u00e4hrleisten.<\/p>\n","protected":false},"featured_media":5745,"comment_status":"open","ping_status":"closed","template":"","meta":{"content-type":"","site-sidebar-layout":"default","site-content-layout":"default","ast-site-content-layout":"default","site-content-style":"default","site-sidebar-style":"default","ast-global-header-display":"","ast-banner-title-visibility":"","ast-main-header-display":"","ast-hfb-above-header-display":"","ast-hfb-below-header-display":"","ast-hfb-mobile-header-display":"","site-post-title":"","ast-breadcrumbs-content":"","ast-featured-img":"","footer-sml-layout":"","ast-disable-related-posts":"","theme-transparent-header-meta":"default","adv-header-id-meta":"","stick-header-meta":"","header-above-stick-meta":"","header-main-stick-meta":"","header-below-stick-meta":"","astra-migrate-meta-layouts":"default","ast-page-background-enabled":"default","ast-page-background-meta":{"desktop":{"background-color":"","background-image":"","background-repeat":"repeat","background-position":"center center","background-size":"auto","background-attachment":"scroll","background-type":"","background-media":"","overlay-type":"","overlay-color":"","overlay-opacity":"","overlay-gradient":""},"tablet":{"background-color":"","background-image":"","background-repeat":"repeat","background-position":"center center","background-size":"auto","background-attachment":"scroll","background-type":"","background-media":"","overlay-type":"","overlay-color":"","overlay-opacity":"","overlay-gradient":""},"mobile":{"background-color":"","background-image":"","background-repeat":"repeat","background-position":"center center","background-size":"auto","background-attachment":"scroll","background-type":"","background-media":"","overlay-type":"","overlay-color":"","overlay-opacity":"","overlay-gradient":""}},"ast-content-background-meta":{"desktop":{"background-color":"var(--ast-global-color-5)","background-image":"","background-repeat":"repeat","background-position":"center center","background-size":"auto","background-attachment":"scroll","background-type":"","background-media":"","overlay-type":"","overlay-color":"","overlay-opacity":"","overlay-gradient":""},"tablet":{"background-color":"var(--ast-global-color-5)","background-image":"","background-repeat":"repeat","background-position":"center center","background-size":"auto","background-attachment":"scroll","background-type":"","background-media":"","overlay-type":"","overlay-color":"","overlay-opacity":"","overlay-gradient":""},"mobile":{"background-color":"var(--ast-global-color-5)","background-image":"","background-repeat":"repeat","background-position":"center center","background-size":"auto","background-attachment":"scroll","background-type":"","background-media":"","overlay-type":"","overlay-color":"","overlay-opacity":"","overlay-gradient":""}}},"product_brand":[],"product_cat":[316,141,31],"product_tag":[34],"class_list":{"0":"post-5724","1":"product","2":"type-product","3":"status-publish","4":"has-post-thumbnail","6":"product_cat-gesichtsmaske","7":"product_cat-holika-holika","8":"product_cat-gesicht","9":"product_tag-sheet","10":"desktop-align-center","11":"tablet-align-center","12":"mobile-align-center","14":"first","15":"outofstock","16":"taxable","17":"shipping-taxable","18":"purchasable","19":"product-type-simple"},"_links":{"self":[{"href":"https:\/\/tomyklou.gr\/de\/wp-json\/wp\/v2\/product\/5724","targetHints":{"allow":["GET"]}}],"collection":[{"href":"https:\/\/tomyklou.gr\/de\/wp-json\/wp\/v2\/product"}],"about":[{"href":"https:\/\/tomyklou.gr\/de\/wp-json\/wp\/v2\/types\/product"}],"replies":[{"embeddable":true,"href":"https:\/\/tomyklou.gr\/de\/wp-json\/wp\/v2\/comments?post=5724"}],"wp:featuredmedia":[{"embeddable":true,"href":"https:\/\/tomyklou.gr\/de\/wp-json\/wp\/v2\/media\/5745"}],"wp:attachment":[{"href":"https:\/\/tomyklou.gr\/de\/wp-json\/wp\/v2\/media?parent=5724"}],"wp:term":[{"taxonomy":"product_brand","embeddable":true,"href":"https:\/\/tomyklou.gr\/de\/wp-json\/wp\/v2\/product_brand?post=5724"},{"taxonomy":"product_cat","embeddable":true,"href":"https:\/\/tomyklou.gr\/de\/wp-json\/wp\/v2\/product_cat?post=5724"},{"taxonomy":"product_tag","embeddable":true,"href":"https:\/\/tomyklou.gr\/de\/wp-json\/wp\/v2\/product_tag?post=5724"}],"curies":[{"name":"wp","href":"https:\/\/api.w.org\/{rel}","templated":true}]}}