{"id":5731,"date":"2023-03-11T17:29:00","date_gmt":"2023-03-11T15:29:00","guid":{"rendered":"https:\/\/tomyklou.gr\/product\/import-placeholder-for-5994\/"},"modified":"2026-02-22T18:45:59","modified_gmt":"2026-02-22T16:45:59","slug":"holika-holika-baby-silky-foot-mask-sheet","status":"publish","type":"product","link":"https:\/\/tomyklou.gr\/de\/product\/holika-holika-baby-silky-foot-mask-sheet\/","title":{"rendered":"Holika Holika Baby silky foot Mask Sheet"},"content":{"rendered":"<h3>Anwendung<\/h3>\n<ol>\n<li>Waschen Sie Ihre F\u00fc\u00dfe sauber und trocknen Sie sie ab.<\/li>\n<li>Teilen Sie das Fu\u00dfmaskenblatt entlang der Punktlinie in zwei Teile, legen Sie Ihren Fu\u00df in den mit Essenz befeuchteten Vliesstoff und tragen Sie ihn.<\/li>\n<li>Nachdem Sie das Fu\u00dfmaskenblatt getragen haben, massieren Sie bitte Ihre F\u00fc\u00dfe, damit die Essenz absorbiert wird.<\/li>\n<li>Entfernen Sie nach 15-20 Minuten das Blatt der Fu\u00dfmaske und klopfen Sie die restliche Essenz zur Absorption sanft ein.<\/li>\n<\/ol>\n<h3>Hauptinhaltsstoffe<\/h3>\n<p>Water, Dimethicone, Butylene Glycol, Glycerin, Alcohol, Mineral Oil, Cetyl Ethythexanoate, Betaine, Tocopheryl Acetate, Urea, Butyrospermum Parkii (Shea) Butter, Mentha Piperita (Peppermint) Extract, Trehalose, Carica Papaya (Papaya) Fruit Extract, Sodium Hyaluronate, Chamomilla Recutita (Matricaria) Flower Extract, Aloe Barbadensis Leaf Juice, Persea Gratissima (Avocado) Oil, Olea Europaea (Olive) Fruit Oil, Honey Extract, Punica Granatum Fruit Extract, Milk Protein Extract, Salicylic Acid, Cyclopentasiloxane, Cetearyl Glucoside, Polyacrylate-13, Polyisobutene, Cetearyl Alcohol, Glyceryl Stearate, Peg-100 Stearate, Polysorbate 20, Polyglyceryl-3 Methylglucose Distearate, Acrylates\/C10-20 Alkyl Acrylate Crosspolymer, Triethanolamine, Disodium Edta, Phenoxyethanol, Methylparaben, Propylparaben, Fragrance<\/p>\n<h3>Warnhinweise<\/h3>\n<ol>\n<li>Nur zur \u00e4u\u00dferlichen Anwendung geeignet.<\/li>\n<li>Nicht auf verletzte Haut oder auf Wunden auftragen.<\/li>\n<li>Sollten Nebenwirkungen wie Irritationen oder Ausschlag eintreten, Anwendung sofort beenden und unverz\u00fcglich an einen Arzt wenden.<\/li>\n<li>Kontakt mit den Augen vermeiden. Sollte das Produkt ins Auge gelangen, das Auge sofort gr\u00fcndlich mit klarem Wasser aussp\u00fclen.<\/li>\n<li>Au\u00dfer Reichweite von Kindern aufbewahren.<\/li>\n<li>Nicht schlucken. Bei Verschlucken Arzt oder Giftzentrale aufsuchen.<\/li>\n<\/ol>\n","protected":false},"excerpt":{"rendered":"<p><strong>Baby Silky Foot Mask Sheet<\/strong> ist ein schnelles und einfaches feuchtigkeitsspendendes Fu\u00dfmaskenblatt in Sockenform. Mehrere Blumen- und Gem\u00fcsezutaten n\u00e4hren die F\u00fc\u00dfe, wodurch sie von innen heraus weicher werden. Ihre F\u00fc\u00dfe f\u00fchlen sich nach einmaliger Anwendung erfrischt und mit Feuchtigkeit versorgt an!<\/p>\n<p>Vorteile:<\/p>\n<ul>\n<li>Spendet Feuchtigkeit<\/li>\n<li>N\u00e4hrt<\/li>\n<li>Hydrate<\/li>\n<li>Erweicht<\/li>\n<\/ul>\n","protected":false},"featured_media":5757,"comment_status":"open","ping_status":"closed","template":"","meta":{"content-type":"","site-sidebar-layout":"default","site-content-layout":"default","ast-site-content-layout":"default","site-content-style":"default","site-sidebar-style":"default","ast-global-header-display":"","ast-banner-title-visibility":"","ast-main-header-display":"","ast-hfb-above-header-display":"","ast-hfb-below-header-display":"","ast-hfb-mobile-header-display":"","site-post-title":"","ast-breadcrumbs-content":"","ast-featured-img":"","footer-sml-layout":"","ast-disable-related-posts":"","theme-transparent-header-meta":"default","adv-header-id-meta":"","stick-header-meta":"","header-above-stick-meta":"","header-main-stick-meta":"","header-below-stick-meta":"","astra-migrate-meta-layouts":"default","ast-page-background-enabled":"default","ast-page-background-meta":{"desktop":{"background-color":"","background-image":"","background-repeat":"repeat","background-position":"center center","background-size":"auto","background-attachment":"scroll","background-type":"","background-media":"","overlay-type":"","overlay-color":"","overlay-opacity":"","overlay-gradient":""},"tablet":{"background-color":"","background-image":"","background-repeat":"repeat","background-position":"center center","background-size":"auto","background-attachment":"scroll","background-type":"","background-media":"","overlay-type":"","overlay-color":"","overlay-opacity":"","overlay-gradient":""},"mobile":{"background-color":"","background-image":"","background-repeat":"repeat","background-position":"center center","background-size":"auto","background-attachment":"scroll","background-type":"","background-media":"","overlay-type":"","overlay-color":"","overlay-opacity":"","overlay-gradient":""}},"ast-content-background-meta":{"desktop":{"background-color":"var(--ast-global-color-5)","background-image":"","background-repeat":"repeat","background-position":"center center","background-size":"auto","background-attachment":"scroll","background-type":"","background-media":"","overlay-type":"","overlay-color":"","overlay-opacity":"","overlay-gradient":""},"tablet":{"background-color":"var(--ast-global-color-5)","background-image":"","background-repeat":"repeat","background-position":"center center","background-size":"auto","background-attachment":"scroll","background-type":"","background-media":"","overlay-type":"","overlay-color":"","overlay-opacity":"","overlay-gradient":""},"mobile":{"background-color":"var(--ast-global-color-5)","background-image":"","background-repeat":"repeat","background-position":"center center","background-size":"auto","background-attachment":"scroll","background-type":"","background-media":"","overlay-type":"","overlay-color":"","overlay-opacity":"","overlay-gradient":""}}},"product_brand":[],"product_cat":[141,113,327,116,71],"product_tag":[],"class_list":{"0":"post-5731","1":"product","2":"type-product","3":"status-publish","4":"has-post-thumbnail","6":"product_cat-holika-holika","7":"product_cat-spezielle-produkte","8":"product_cat-new-arrivals","9":"product_cat-fusspflege","10":"product_cat-koerperpflege","11":"desktop-align-center","12":"tablet-align-center","13":"mobile-align-center","15":"first","16":"outofstock","17":"taxable","18":"shipping-taxable","19":"purchasable","20":"product-type-simple"},"_links":{"self":[{"href":"https:\/\/tomyklou.gr\/de\/wp-json\/wp\/v2\/product\/5731","targetHints":{"allow":["GET"]}}],"collection":[{"href":"https:\/\/tomyklou.gr\/de\/wp-json\/wp\/v2\/product"}],"about":[{"href":"https:\/\/tomyklou.gr\/de\/wp-json\/wp\/v2\/types\/product"}],"replies":[{"embeddable":true,"href":"https:\/\/tomyklou.gr\/de\/wp-json\/wp\/v2\/comments?post=5731"}],"wp:featuredmedia":[{"embeddable":true,"href":"https:\/\/tomyklou.gr\/de\/wp-json\/wp\/v2\/media\/5757"}],"wp:attachment":[{"href":"https:\/\/tomyklou.gr\/de\/wp-json\/wp\/v2\/media?parent=5731"}],"wp:term":[{"taxonomy":"product_brand","embeddable":true,"href":"https:\/\/tomyklou.gr\/de\/wp-json\/wp\/v2\/product_brand?post=5731"},{"taxonomy":"product_cat","embeddable":true,"href":"https:\/\/tomyklou.gr\/de\/wp-json\/wp\/v2\/product_cat?post=5731"},{"taxonomy":"product_tag","embeddable":true,"href":"https:\/\/tomyklou.gr\/de\/wp-json\/wp\/v2\/product_tag?post=5731"}],"curies":[{"name":"wp","href":"https:\/\/api.w.org\/{rel}","templated":true}]}}