{"id":5785,"date":"2023-03-12T23:49:57","date_gmt":"2023-03-12T21:49:57","guid":{"rendered":"https:\/\/tomyklou.gr\/product\/import-placeholder-for-5702\/"},"modified":"2026-02-22T18:45:59","modified_gmt":"2026-02-22T16:45:59","slug":"farm-stay-salmon-oil-peptide-vital-ampoule-250ml","status":"publish","type":"product","link":"https:\/\/tomyklou.gr\/de\/product\/farm-stay-salmon-oil-peptide-vital-ampoule-250ml\/","title":{"rendered":"Farm stay Salmon Oil &amp; Peptide Vital Ampoule 250ml"},"content":{"rendered":"<h3>Anwendung<\/h3>\n<ol>\n<li>Eine angemessene Menge nehmen und tragen Sie sie nach dem Waschen sanft auf das Gesicht auf.<\/li>\n<li>Verwenden Sie die Ampulle vor anderen Hautpflegeprodukten (Lotion, Maskenpackungen, Creme usw.)<\/li>\n<li>Empfohlen 2 mal t\u00e4glich, einmal morgens und einmal abends<\/li>\n<\/ol>\n<h3>Inhaltsstoffe<\/h3>\n<p>Water, Butylene Glycol, Alcohol Denat., 1,2-Hexanediol, Glycerin, Niacinamide, Betaine, PEG-40 Hydrogenated Castor Oil, Sodium Hyaluronate, Adenosine, Fragrance, Disodium EDTA, Panthenol, Rosa Damascena Flower Extract, Polyglutamic Acid, Propanediol, Xylitylglucoside, Limonene, Beta-Glucan, Laminaria Japonica Extract, Anhydroxylitol, Hexyl Cinnamal, Saururus Chinensis Leaf\/Root Extract, Linalool, Saccharomyces Ferment Filtrate, Xylitol, Saccharomyces Polypeptides, Glucose, Glycine Soja (Soybean) Peptide, Ethyl Hexanediol, Caprylyl Glycol, PPG-26-Buteth-26, Palmitoyl Tripeptide-5, Alanine\/Histidine\/Lysine Polypeptide Copper HCl, Acetyl Hexapeptide-8, Copper Tripeptide-1, Tropolone, Citric Acid, Sodium Citrate, Palmitoyl Pentapeptide-4, Oligopeptide-1, Oligopeptide-2<\/p>\n<h3>Warnhinweise<\/h3>\n<ol>\n<li>Nur zur \u00e4u\u00dferlichen Anwendung geeignet.<\/li>\n<li>Nicht auf verletzte Haut oder auf Wunden auftragen.<\/li>\n<li>Sollten Nebenwirkungen wie Irritationen oder Ausschlag eintreten, Anwendung sofort beenden und unverz\u00fcglich an einen Arzt wenden.<\/li>\n<li>Kontakt mit den Augen vermeiden. Sollte das Produkt ins Auge gelangen, das Auge sofort gr\u00fcndlich mit klarem Wasser aussp\u00fclen.<\/li>\n<li>Au\u00dfer Reichweite von Kindern aufbewahren.<\/li>\n<li>Nicht schlucken. Bei Verschlucken Arzt oder Giftzentrale aufsuchen.<\/li>\n<\/ol>\n","protected":false},"excerpt":{"rendered":"<p>Eine perfekte Ampulle f\u00fcr reife, alternde Haut mit Lachs\u00f6l und Peptiden, die f\u00fcr eine Faltenverbesserung und einen aufhellenden Effekt sorgt. Lachs\u00f6l enth\u00e4lt die Vitamine A, B und E, Omega-3 und Fetts\u00e4uren. Diese Vitamine sind starke Antioxidantien, die die Haut vor freien Radikalen sch\u00fctzen und die Haut gesund, geschmeidig und hydratisiert halten. Eine Ampulle mit reinem Salmon\u00f6l, die Feuchtigkeit spendet, um straffe Haut zu schaffen. Versorgt m\u00fcde Haut mit Niacinamid mit Feuchtigkeit und N\u00e4hrstoffen, um eine glattere Hautstruktur zu erzielen. Verbessert die Hautelastizit\u00e4t und hellt den Teint auf. Die feuchtigkeitsspendende Textur zieht schnell ein und bildet eine Schutzschicht zur St\u00e4rkung der Haut.<\/p>\n","protected":false},"featured_media":5843,"comment_status":"open","ping_status":"closed","template":"","meta":{"content-type":"","site-sidebar-layout":"default","site-content-layout":"default","ast-site-content-layout":"default","site-content-style":"default","site-sidebar-style":"default","ast-global-header-display":"","ast-banner-title-visibility":"","ast-main-header-display":"","ast-hfb-above-header-display":"","ast-hfb-below-header-display":"","ast-hfb-mobile-header-display":"","site-post-title":"","ast-breadcrumbs-content":"","ast-featured-img":"","footer-sml-layout":"","ast-disable-related-posts":"","theme-transparent-header-meta":"default","adv-header-id-meta":"","stick-header-meta":"","header-above-stick-meta":"","header-main-stick-meta":"","header-below-stick-meta":"","astra-migrate-meta-layouts":"default","ast-page-background-enabled":"default","ast-page-background-meta":{"desktop":{"background-color":"","background-image":"","background-repeat":"repeat","background-position":"center center","background-size":"auto","background-attachment":"scroll","background-type":"","background-media":"","overlay-type":"","overlay-color":"","overlay-opacity":"","overlay-gradient":""},"tablet":{"background-color":"","background-image":"","background-repeat":"repeat","background-position":"center center","background-size":"auto","background-attachment":"scroll","background-type":"","background-media":"","overlay-type":"","overlay-color":"","overlay-opacity":"","overlay-gradient":""},"mobile":{"background-color":"","background-image":"","background-repeat":"repeat","background-position":"center center","background-size":"auto","background-attachment":"scroll","background-type":"","background-media":"","overlay-type":"","overlay-color":"","overlay-opacity":"","overlay-gradient":""}},"ast-content-background-meta":{"desktop":{"background-color":"var(--ast-global-color-5)","background-image":"","background-repeat":"repeat","background-position":"center center","background-size":"auto","background-attachment":"scroll","background-type":"","background-media":"","overlay-type":"","overlay-color":"","overlay-opacity":"","overlay-gradient":""},"tablet":{"background-color":"var(--ast-global-color-5)","background-image":"","background-repeat":"repeat","background-position":"center center","background-size":"auto","background-attachment":"scroll","background-type":"","background-media":"","overlay-type":"","overlay-color":"","overlay-opacity":"","overlay-gradient":""},"mobile":{"background-color":"var(--ast-global-color-5)","background-image":"","background-repeat":"repeat","background-position":"center center","background-size":"auto","background-attachment":"scroll","background-type":"","background-media":"","overlay-type":"","overlay-color":"","overlay-opacity":"","overlay-gradient":""}}},"product_brand":[],"product_cat":[317,136,327,31],"product_tag":[],"class_list":{"0":"post-5785","1":"product","2":"type-product","3":"status-publish","4":"has-post-thumbnail","6":"product_cat-essence-serum-oel","7":"product_cat-farm-stay","8":"product_cat-new-arrivals","9":"product_cat-gesicht","10":"desktop-align-center","11":"tablet-align-center","12":"mobile-align-center","14":"first","15":"outofstock","16":"taxable","17":"shipping-taxable","18":"purchasable","19":"product-type-simple"},"_links":{"self":[{"href":"https:\/\/tomyklou.gr\/de\/wp-json\/wp\/v2\/product\/5785","targetHints":{"allow":["GET"]}}],"collection":[{"href":"https:\/\/tomyklou.gr\/de\/wp-json\/wp\/v2\/product"}],"about":[{"href":"https:\/\/tomyklou.gr\/de\/wp-json\/wp\/v2\/types\/product"}],"replies":[{"embeddable":true,"href":"https:\/\/tomyklou.gr\/de\/wp-json\/wp\/v2\/comments?post=5785"}],"wp:featuredmedia":[{"embeddable":true,"href":"https:\/\/tomyklou.gr\/de\/wp-json\/wp\/v2\/media\/5843"}],"wp:attachment":[{"href":"https:\/\/tomyklou.gr\/de\/wp-json\/wp\/v2\/media?parent=5785"}],"wp:term":[{"taxonomy":"product_brand","embeddable":true,"href":"https:\/\/tomyklou.gr\/de\/wp-json\/wp\/v2\/product_brand?post=5785"},{"taxonomy":"product_cat","embeddable":true,"href":"https:\/\/tomyklou.gr\/de\/wp-json\/wp\/v2\/product_cat?post=5785"},{"taxonomy":"product_tag","embeddable":true,"href":"https:\/\/tomyklou.gr\/de\/wp-json\/wp\/v2\/product_tag?post=5785"}],"curies":[{"name":"wp","href":"https:\/\/api.w.org\/{rel}","templated":true}]}}