{"id":5786,"date":"2023-03-12T23:49:57","date_gmt":"2023-03-12T21:49:57","guid":{"rendered":"https:\/\/tomyklou.gr\/product\/import-placeholder-for-5703\/"},"modified":"2026-02-22T18:45:59","modified_gmt":"2026-02-22T16:45:59","slug":"farmstay-collagen-hyaluronic-ampoule","status":"publish","type":"product","link":"https:\/\/tomyklou.gr\/de\/product\/farm-stay-collagen-hyaluronic-acid-all-in-one-ampoule-250ml\/","title":{"rendered":"Farm Stay Collagen &amp; Hyaluronic Acid all in One Ampoule 250ml"},"content":{"rendered":"<h3>Anwendung<\/h3>\n<ol>\n<li>Eine angemessene Menge nehmen und tragen Sie sie nach dem Waschen sanft auf das Gesicht auf.<\/li>\n<li>Verwenden Sie die Ampulle vor anderen Hautpflegeprodukten (Lotion, Maskenpackungen, Creme usw.)<\/li>\n<li>Empfohlen 2 mal t\u00e4glich, einmal morgens und einmal abends<\/li>\n<\/ol>\n<h3>Inhaltsstoffe<\/h3>\n<p>Water, Hyaluronic Acid(10,750mg), Butylene Glycol, Niacinamide, Hydrolyzed Collagen(2,500mg), Glycerin, Phenoxyethanol, Caprylyl Glycol, PEG-60 Hydrogenated Castor Oil, Jojoba Esters, Tocopheryl Acetate, Ascorbyl Palmitate, Lactose, Cellulose, Hydroxypropyl Methylcellulose, Carbomer, Triethanolamine, Hamamelis Virginiana (Witch Hazel) Extract, Simmondsia Chinensis (Jojoba) Seed Extract, Jania Rubens Extract, Glycyrrhiza Glabra (Licorice) Root Extract, Camellia Sinensis Leaf Extract, Xanthan Gum, Disodium EDTA, Adenosine, Perfume<\/p>\n<h3>Warnhinweise<\/h3>\n<ol>\n<li>Nur zur \u00e4u\u00dferlichen Anwendung geeignet.<\/li>\n<li>Nicht auf verletzte Haut oder auf Wunden auftragen.<\/li>\n<li>Sollten Nebenwirkungen wie Irritationen oder Ausschlag eintreten, Anwendung sofort beenden und unverz\u00fcglich an einen Arzt wenden.<\/li>\n<li>Kontakt mit den Augen vermeiden. Sollte das Produkt ins Auge gelangen, das Auge sofort gr\u00fcndlich mit klarem Wasser aussp\u00fclen.<\/li>\n<li>Au\u00dfer Reichweite von Kindern aufbewahren.<\/li>\n<li>Nicht schlucken. Bei Verschlucken Arzt oder Giftzentrale aufsuchen.<\/li>\n<\/ol>\n","protected":false},"excerpt":{"rendered":"<p>Enth\u00e4lt Meereskollagen aus dem sauberen Meer und Hyalurons\u00e4ure, die Elastizit\u00e4t und Feuchtigkeit spenden und Austrocknung der Haut vorbeugen und dazu beitragen, die Feuchtigkeit der Haut zu erhalten.<br \/>\nDiese gro\u00dfe Ampulle enth\u00e4lt ein Vitaminpeeling, das die Haut beruhigt und kl\u00e4rt.<\/p>\n<p>-Hochkonzentrierte Intensivpflege<br \/>\n-Die Kraft straffer Haut! Meereskollagen<br \/>\n-Skin + Lotion + Essence auf einmal<\/p>\n","protected":false},"featured_media":5845,"comment_status":"open","ping_status":"closed","template":"","meta":{"content-type":"","site-sidebar-layout":"default","site-content-layout":"default","ast-site-content-layout":"default","site-content-style":"default","site-sidebar-style":"default","ast-global-header-display":"","ast-banner-title-visibility":"","ast-main-header-display":"","ast-hfb-above-header-display":"","ast-hfb-below-header-display":"","ast-hfb-mobile-header-display":"","site-post-title":"","ast-breadcrumbs-content":"","ast-featured-img":"","footer-sml-layout":"","ast-disable-related-posts":"","theme-transparent-header-meta":"default","adv-header-id-meta":"","stick-header-meta":"","header-above-stick-meta":"","header-main-stick-meta":"","header-below-stick-meta":"","astra-migrate-meta-layouts":"set","ast-page-background-enabled":"default","ast-page-background-meta":{"desktop":{"background-color":"","background-image":"","background-repeat":"repeat","background-position":"center center","background-size":"auto","background-attachment":"scroll","background-type":"","background-media":"","overlay-type":"","overlay-color":"","overlay-opacity":"","overlay-gradient":""},"tablet":{"background-color":"","background-image":"","background-repeat":"repeat","background-position":"center center","background-size":"auto","background-attachment":"scroll","background-type":"","background-media":"","overlay-type":"","overlay-color":"","overlay-opacity":"","overlay-gradient":""},"mobile":{"background-color":"","background-image":"","background-repeat":"repeat","background-position":"center center","background-size":"auto","background-attachment":"scroll","background-type":"","background-media":"","overlay-type":"","overlay-color":"","overlay-opacity":"","overlay-gradient":""}},"ast-content-background-meta":{"desktop":{"background-color":"var(--ast-global-color-5)","background-image":"","background-repeat":"repeat","background-position":"center center","background-size":"auto","background-attachment":"scroll","background-type":"","background-media":"","overlay-type":"","overlay-color":"","overlay-opacity":"","overlay-gradient":""},"tablet":{"background-color":"var(--ast-global-color-5)","background-image":"","background-repeat":"repeat","background-position":"center center","background-size":"auto","background-attachment":"scroll","background-type":"","background-media":"","overlay-type":"","overlay-color":"","overlay-opacity":"","overlay-gradient":""},"mobile":{"background-color":"var(--ast-global-color-5)","background-image":"","background-repeat":"repeat","background-position":"center center","background-size":"auto","background-attachment":"scroll","background-type":"","background-media":"","overlay-type":"","overlay-color":"","overlay-opacity":"","overlay-gradient":""}}},"product_brand":[],"product_cat":[315,317,136,327,31],"product_tag":[],"class_list":{"0":"post-5786","1":"product","2":"type-product","3":"status-publish","4":"has-post-thumbnail","6":"product_cat-gesichtswasser","7":"product_cat-essence-serum-oel","8":"product_cat-farm-stay","9":"product_cat-new-arrivals","10":"product_cat-gesicht","11":"desktop-align-center","12":"tablet-align-center","13":"mobile-align-center","15":"first","16":"outofstock","17":"taxable","18":"shipping-taxable","19":"purchasable","20":"product-type-simple"},"_links":{"self":[{"href":"https:\/\/tomyklou.gr\/de\/wp-json\/wp\/v2\/product\/5786","targetHints":{"allow":["GET"]}}],"collection":[{"href":"https:\/\/tomyklou.gr\/de\/wp-json\/wp\/v2\/product"}],"about":[{"href":"https:\/\/tomyklou.gr\/de\/wp-json\/wp\/v2\/types\/product"}],"replies":[{"embeddable":true,"href":"https:\/\/tomyklou.gr\/de\/wp-json\/wp\/v2\/comments?post=5786"}],"wp:featuredmedia":[{"embeddable":true,"href":"https:\/\/tomyklou.gr\/de\/wp-json\/wp\/v2\/media\/5845"}],"wp:attachment":[{"href":"https:\/\/tomyklou.gr\/de\/wp-json\/wp\/v2\/media?parent=5786"}],"wp:term":[{"taxonomy":"product_brand","embeddable":true,"href":"https:\/\/tomyklou.gr\/de\/wp-json\/wp\/v2\/product_brand?post=5786"},{"taxonomy":"product_cat","embeddable":true,"href":"https:\/\/tomyklou.gr\/de\/wp-json\/wp\/v2\/product_cat?post=5786"},{"taxonomy":"product_tag","embeddable":true,"href":"https:\/\/tomyklou.gr\/de\/wp-json\/wp\/v2\/product_tag?post=5786"}],"curies":[{"name":"wp","href":"https:\/\/api.w.org\/{rel}","templated":true}]}}