{"id":5797,"date":"2023-03-12T23:49:58","date_gmt":"2023-03-12T21:49:58","guid":{"rendered":"https:\/\/tomyklou.gr\/product\/import-placeholder-for-9327\/"},"modified":"2026-02-22T18:45:57","modified_gmt":"2026-02-22T16:45:57","slug":"farm-stay-visible-difference-hand-cream-snail-100ml","status":"publish","type":"product","link":"https:\/\/tomyklou.gr\/de\/product\/farm-stay-visible-difference-hand-cream-snail-100ml\/","title":{"rendered":"Farm Stay Visible Difference Hand Cream Snail 100ml"},"content":{"rendered":"<h3>Anwendung<\/h3>\n<ol>\n<li>Geben Sie eine angemessene Menge auf den Handr\u00fccken und reiben Sie die Handr\u00fccken aneinander.<\/li>\n<li>Tragen Sie das Produkt auf die gesamten H\u00e4nde auf. Die weiche Creme verteilt sich, w\u00e4hrend sie auf Ihren H\u00e4nden schmilzt.<\/li>\n<\/ol>\n<h3>Hauptinhaltsstoffe<\/h3>\n<p>Water, Minelar Oil, Stearyl Alcohol, Propylene Glycol, Polysorbate 60, Carbomer, Tri Ethanol Amine, Phenoxy Ethanol, Methyl Paraben, Sorbitan Sesquioleate, propyl Paraben, Snail Secretion Filtrate(10ppm), Camellia Sinensis Leaf Extract, Rosmarinus Officinalis (Rosemary) Extract, Fragrance, Dipropylene Glycol<\/p>\n<p>*Eine Ver\u00e4nderung der Inhaltsstoffe unterliegt dem Ermessen des Herstellers. Willst du vor dem Kauf ganz sicher gehen? Dann kontaktiere uns f\u00fcr ein Foto der aktuellen Produktverpackung.<\/p>\n<h3>Warnhinweise<\/h3>\n<ol>\n<li>Nur zur \u00e4u\u00dferlichen Anwendung geeignet.<\/li>\n<li>Nicht auf verletzte Haut oder auf Wunden auftragen.<\/li>\n<li>Sollten Nebenwirkungen wie Irritationen oder Ausschlag eintreten, Anwendung sofort beenden und unverz\u00fcglich an einen Arzt wenden.<\/li>\n<li>Kontakt mit den Augen vermeiden. Sollte das Produkt ins Auge gelangen, das Auge sofort gr\u00fcndlich mit klarem Wasser aussp\u00fclen.<\/li>\n<li>Au\u00dfer Reichweite von Kindern aufbewahren.<\/li>\n<li>Nicht schlucken. Bei Verschlucken Arzt oder Giftzentrale aufsuchen.<\/li>\n<\/ol>\n","protected":false},"excerpt":{"rendered":"<p>Farmstay Visible Difference Handcreme Schnecke mit Extrakten aus Schneckensekret, Gr\u00fcnem Tee und Rosmarin.<\/p>\n<p>Spendet Feuchtigkeit, pflegt die N\u00e4gel und trockene, raue Haut, verlangsamt den Alterungsprozess und stimuliert die Zellregeneration. Sie zieht leicht ein, ohne zu kleben, und die Haut gewinnt sichtbar an Elastizit\u00e4t, Ausstrahlung und Geschmeidigkeit zur\u00fcck, wird weich und bleibt angenehm duftend.<\/p>\n<p>Schneckensekret (Mucin) Extrakt hat einzigartige heilende, verj\u00fcngende und sch\u00fctzende Eigenschaften. In Korea ist er aufgrund seiner vielf\u00e4ltigen Vorteile sehr beliebt. Sie enth\u00e4lt einen Komplex aus Inhaltsstoffen, Proteinen, Glykols\u00e4ure und Antioxidantien, die dazu beitragen, den Hautton auszugleichen (Hyperpigmentierung), Akneflecken zu heilen und die Kollagen- und Elastinproduktion zu steigern. Es ist ein hervorragender Feuchtigkeitsspender, da es Hyalurons\u00e4ure enth\u00e4lt, die den Feuchtigkeitsverlust minimiert. Es reduziert die negativen Auswirkungen der ultravioletten Strahlung, beruhigt die Haut und hilft ihr, mit \u00e4u\u00dferen Reizen fertig zu werden. Bei regelm\u00e4\u00dfiger Anwendung von Kosmetika mit Schneckenmucin wird die Haut gestrafft und gegl\u00e4ttet, die Intensit\u00e4t der Pigmentierung wird reduziert, die Farbe wird ausgeglichen und das Hautbild wird verbessert. Schneckenextrakt sollte in Ihrer t\u00e4glichen Routine nicht fehlen, wenn Sie sich eine hydratisierte, glattere, strahlendere und weniger faltige Haut w\u00fcnschen.<\/p>\n<p>Gr\u00fcner Tee ist ein starkes Antioxidans, das freie Radikale bek\u00e4mpft und vor Sonnenstrahlen sch\u00fctzt. Hilft, die Elastizit\u00e4t der Haut zu erh\u00f6hen und beugt vorzeitiger Hautalterung vor. Es hat krebshemmende, entz\u00fcndungshemmende und antibakterielle Eigenschaften. Reduziert \u00fcbersch\u00fcssigen Talg, hilft bei der Behandlung von Akne, lindert R\u00f6tungen und Entz\u00fcndungen.<\/p>\n","protected":false},"featured_media":5868,"comment_status":"open","ping_status":"closed","template":"","meta":{"content-type":"","site-sidebar-layout":"default","site-content-layout":"default","ast-site-content-layout":"default","site-content-style":"default","site-sidebar-style":"default","ast-global-header-display":"","ast-banner-title-visibility":"","ast-main-header-display":"","ast-hfb-above-header-display":"","ast-hfb-below-header-display":"","ast-hfb-mobile-header-display":"","site-post-title":"","ast-breadcrumbs-content":"","ast-featured-img":"","footer-sml-layout":"","ast-disable-related-posts":"","theme-transparent-header-meta":"default","adv-header-id-meta":"","stick-header-meta":"","header-above-stick-meta":"","header-main-stick-meta":"","header-below-stick-meta":"","astra-migrate-meta-layouts":"default","ast-page-background-enabled":"default","ast-page-background-meta":{"desktop":{"background-color":"","background-image":"","background-repeat":"repeat","background-position":"center center","background-size":"auto","background-attachment":"scroll","background-type":"","background-media":"","overlay-type":"","overlay-color":"","overlay-opacity":"","overlay-gradient":""},"tablet":{"background-color":"","background-image":"","background-repeat":"repeat","background-position":"center center","background-size":"auto","background-attachment":"scroll","background-type":"","background-media":"","overlay-type":"","overlay-color":"","overlay-opacity":"","overlay-gradient":""},"mobile":{"background-color":"","background-image":"","background-repeat":"repeat","background-position":"center center","background-size":"auto","background-attachment":"scroll","background-type":"","background-media":"","overlay-type":"","overlay-color":"","overlay-opacity":"","overlay-gradient":""}},"ast-content-background-meta":{"desktop":{"background-color":"var(--ast-global-color-5)","background-image":"","background-repeat":"repeat","background-position":"center center","background-size":"auto","background-attachment":"scroll","background-type":"","background-media":"","overlay-type":"","overlay-color":"","overlay-opacity":"","overlay-gradient":""},"tablet":{"background-color":"var(--ast-global-color-5)","background-image":"","background-repeat":"repeat","background-position":"center center","background-size":"auto","background-attachment":"scroll","background-type":"","background-media":"","overlay-type":"","overlay-color":"","overlay-opacity":"","overlay-gradient":""},"mobile":{"background-color":"var(--ast-global-color-5)","background-image":"","background-repeat":"repeat","background-position":"center center","background-size":"auto","background-attachment":"scroll","background-type":"","background-media":"","overlay-type":"","overlay-color":"","overlay-opacity":"","overlay-gradient":""}}},"product_brand":[],"product_cat":[136,71,72],"product_tag":[],"class_list":{"0":"post-5797","1":"product","2":"type-product","3":"status-publish","4":"has-post-thumbnail","6":"product_cat-farm-stay","7":"product_cat-koerperpflege","8":"product_cat-handpflege","9":"desktop-align-center","10":"tablet-align-center","11":"mobile-align-center","13":"first","14":"outofstock","15":"taxable","16":"shipping-taxable","17":"purchasable","18":"product-type-simple"},"_links":{"self":[{"href":"https:\/\/tomyklou.gr\/de\/wp-json\/wp\/v2\/product\/5797","targetHints":{"allow":["GET"]}}],"collection":[{"href":"https:\/\/tomyklou.gr\/de\/wp-json\/wp\/v2\/product"}],"about":[{"href":"https:\/\/tomyklou.gr\/de\/wp-json\/wp\/v2\/types\/product"}],"replies":[{"embeddable":true,"href":"https:\/\/tomyklou.gr\/de\/wp-json\/wp\/v2\/comments?post=5797"}],"wp:featuredmedia":[{"embeddable":true,"href":"https:\/\/tomyklou.gr\/de\/wp-json\/wp\/v2\/media\/5868"}],"wp:attachment":[{"href":"https:\/\/tomyklou.gr\/de\/wp-json\/wp\/v2\/media?parent=5797"}],"wp:term":[{"taxonomy":"product_brand","embeddable":true,"href":"https:\/\/tomyklou.gr\/de\/wp-json\/wp\/v2\/product_brand?post=5797"},{"taxonomy":"product_cat","embeddable":true,"href":"https:\/\/tomyklou.gr\/de\/wp-json\/wp\/v2\/product_cat?post=5797"},{"taxonomy":"product_tag","embeddable":true,"href":"https:\/\/tomyklou.gr\/de\/wp-json\/wp\/v2\/product_tag?post=5797"}],"curies":[{"name":"wp","href":"https:\/\/api.w.org\/{rel}","templated":true}]}}