{"id":5803,"date":"2023-03-12T23:49:59","date_gmt":"2023-03-12T21:49:59","guid":{"rendered":"https:\/\/tomyklou.gr\/product\/import-placeholder-for-9337\/"},"modified":"2026-02-22T18:45:56","modified_gmt":"2026-02-22T16:45:56","slug":"farmstay-real-shea-butter-essence-mask","status":"publish","type":"product","link":"https:\/\/tomyklou.gr\/de\/product\/farmstay-real-shea-butter-essence-mask\/","title":{"rendered":"Farmstay Real Shea Butter Essence Mask"},"content":{"rendered":"<h3>Anwendung<\/h3>\n<ol>\n<li>Folie entfernen und Maske auf die gereinigte Haut auftragen.<\/li>\n<li>F\u00fcr <strong>15 bis 20<\/strong> Minuten einwirken lassen, dann vorsichtig entfernen. Nicht abwaschen!<\/li>\n<li>Das zur\u00fcckgebliebene Serum in die Haut tupfen bis es v\u00f6llig eingezogen ist.<\/li>\n<\/ol>\n<h3>Inhaltsstoffe<\/h3>\n<p>Water, glycerin, Methylpropanediol, Lavandula Angustifolia (Lavender) Flower Extract, Borago Offic inalis Extract, Centaurea Cyanus Flower Extract, Chamomilla Recutita (Matricaria) Flower Extract, Butyrospermum Parkii (Shea) Butter Extract(1,000ppm), Butylene Glycol, Carbomer, Triethanola mine, Polysorbate 20, Ethylhexylglycerin, Disodium EDTA, Phenoxyethanol, fragrance<\/p>\n<p>*Eine Ver\u00e4nderung der Inhaltsstoffe unterliegt dem Ermessen des Herstellers. Willst du vor dem Kauf ganz sicher gehen? Dann kontaktiere uns f\u00fcr ein Foto der aktuellen Produktverpackung.<\/p>\n<h3>Warnhinweise<\/h3>\n<ol>\n<li>Nur zur \u00e4u\u00dferlichen Anwendung geeignet.<\/li>\n<li>Nicht auf verletzte Haut oder auf Wunden auftragen.<\/li>\n<li>Sollten Nebenwirkungen wie Irritationen oder Ausschlag eintreten, Anwendung sofort beenden und unverz\u00fcglich an einen Arzt wenden.<\/li>\n<li>Kontakt mit den Augen vermeiden. Sollte das Produkt ins Auge gelangen, das Auge sofort gr\u00fcndlich mit klarem Wasser aussp\u00fclen.<\/li>\n<li>Au\u00dfer Reichweite von Kindern aufbewahren.<\/li>\n<li>Nicht schlucken. Bei Verschlucken Arzt oder Giftzentrale aufsuchen.<\/li>\n<\/ol>\n","protected":false},"excerpt":{"rendered":"<p><strong>N\u00e4hrende und feuchtigkeitsspendende Maske f\u00fcr glatte und gl\u00e4nzende Haut<\/strong><\/p>\n<p>Die n\u00e4hrstoffreiche Sheabutter bildet einen feuchtigkeitsspendenden Film und versorgt trockene Haut mit N\u00e4hrstoffen, macht die Haut glatt und gl\u00e4nzend und hilft, sie lange feucht zu halten.<\/p>\n<p>Es ist ein Pflanzenfett, das durch Kaltpressen oder L\u00f6sungsmittelextraktion aus den Samen des Shea-Baums, einer in West- und Zentralafrika beheimateten Sapotaceae, hergestellt wird. Es ist ein milder Inhaltsstoff, der auf K\u00f6rper und Haut verwendet werden kann, da er gut in die Haut einzieht und ein leichtes Anwendungsgef\u00fchl hinterl\u00e4sst.<\/p>\n<ul>\n<li>Enth\u00e4lt Sheabutter-Extrakt! Glatte Haut voller Feuchtigkeit und N\u00e4hrstoffe. Indem es der Haut reichlich Feuchtigkeit zuf\u00fchrt und ihre feuchtigkeitsspendende Kraft erh\u00e4lt, hilft es, trockene Haut feucht zu halten. Machen Sie Ihre Haut weich und glatt.<\/li>\n<li>Sanft ohne Reizung: Zieht schnell in die Haut ein und sorgt f\u00fcr ein erfrischendes Finish. Es hat eine ausgezeichnete F\u00e4higkeit, der Haut Essenz zuzuf\u00fchren, wenn es schnell einzieht, und es sorgt f\u00fcr ein erfrischendes Finish, indem es das Gleichgewicht von \u00d6l und Feuchtigkeit reguliert und der Haut ausreichend Feuchtigkeit zuf\u00fchrt.<\/li>\n<li>Superkleber &amp; Stark feuchtigkeitsspendendes Maskenpaket! Straffe Ern\u00e4hrungsversorgung<\/li>\n<\/ul>\n<p>Das Maskenblatt schmiegt sich eng an den gekr\u00fcmmten Teil des Gesichts an und die Textur der erfrischenden Essenzformel wird ohne Klebrigkeit in die Haut aufgenommen und hilft, die Haut weich und feucht zu machen, indem es der Haut N\u00e4hrstoffe zuf\u00fchrt.<\/p>\n","protected":false},"featured_media":5882,"comment_status":"open","ping_status":"closed","template":"","meta":{"content-type":"","site-sidebar-layout":"default","site-content-layout":"default","ast-site-content-layout":"default","site-content-style":"default","site-sidebar-style":"default","ast-global-header-display":"","ast-banner-title-visibility":"","ast-main-header-display":"","ast-hfb-above-header-display":"","ast-hfb-below-header-display":"","ast-hfb-mobile-header-display":"","site-post-title":"","ast-breadcrumbs-content":"","ast-featured-img":"","footer-sml-layout":"","ast-disable-related-posts":"","theme-transparent-header-meta":"default","adv-header-id-meta":"","stick-header-meta":"","header-above-stick-meta":"","header-main-stick-meta":"","header-below-stick-meta":"","astra-migrate-meta-layouts":"default","ast-page-background-enabled":"default","ast-page-background-meta":{"desktop":{"background-color":"","background-image":"","background-repeat":"repeat","background-position":"center center","background-size":"auto","background-attachment":"scroll","background-type":"","background-media":"","overlay-type":"","overlay-color":"","overlay-opacity":"","overlay-gradient":""},"tablet":{"background-color":"","background-image":"","background-repeat":"repeat","background-position":"center center","background-size":"auto","background-attachment":"scroll","background-type":"","background-media":"","overlay-type":"","overlay-color":"","overlay-opacity":"","overlay-gradient":""},"mobile":{"background-color":"","background-image":"","background-repeat":"repeat","background-position":"center center","background-size":"auto","background-attachment":"scroll","background-type":"","background-media":"","overlay-type":"","overlay-color":"","overlay-opacity":"","overlay-gradient":""}},"ast-content-background-meta":{"desktop":{"background-color":"var(--ast-global-color-5)","background-image":"","background-repeat":"repeat","background-position":"center center","background-size":"auto","background-attachment":"scroll","background-type":"","background-media":"","overlay-type":"","overlay-color":"","overlay-opacity":"","overlay-gradient":""},"tablet":{"background-color":"var(--ast-global-color-5)","background-image":"","background-repeat":"repeat","background-position":"center center","background-size":"auto","background-attachment":"scroll","background-type":"","background-media":"","overlay-type":"","overlay-color":"","overlay-opacity":"","overlay-gradient":""},"mobile":{"background-color":"var(--ast-global-color-5)","background-image":"","background-repeat":"repeat","background-position":"center center","background-size":"auto","background-attachment":"scroll","background-type":"","background-media":"","overlay-type":"","overlay-color":"","overlay-opacity":"","overlay-gradient":""}}},"product_brand":[],"product_cat":[316,136,327,31],"product_tag":[34],"class_list":{"0":"post-5803","1":"product","2":"type-product","3":"status-publish","4":"has-post-thumbnail","6":"product_cat-gesichtsmaske","7":"product_cat-farm-stay","8":"product_cat-new-arrivals","9":"product_cat-gesicht","10":"product_tag-sheet","11":"desktop-align-center","12":"tablet-align-center","13":"mobile-align-center","15":"first","16":"outofstock","17":"taxable","18":"shipping-taxable","19":"purchasable","20":"product-type-simple"},"_links":{"self":[{"href":"https:\/\/tomyklou.gr\/de\/wp-json\/wp\/v2\/product\/5803","targetHints":{"allow":["GET"]}}],"collection":[{"href":"https:\/\/tomyklou.gr\/de\/wp-json\/wp\/v2\/product"}],"about":[{"href":"https:\/\/tomyklou.gr\/de\/wp-json\/wp\/v2\/types\/product"}],"replies":[{"embeddable":true,"href":"https:\/\/tomyklou.gr\/de\/wp-json\/wp\/v2\/comments?post=5803"}],"wp:featuredmedia":[{"embeddable":true,"href":"https:\/\/tomyklou.gr\/de\/wp-json\/wp\/v2\/media\/5882"}],"wp:attachment":[{"href":"https:\/\/tomyklou.gr\/de\/wp-json\/wp\/v2\/media?parent=5803"}],"wp:term":[{"taxonomy":"product_brand","embeddable":true,"href":"https:\/\/tomyklou.gr\/de\/wp-json\/wp\/v2\/product_brand?post=5803"},{"taxonomy":"product_cat","embeddable":true,"href":"https:\/\/tomyklou.gr\/de\/wp-json\/wp\/v2\/product_cat?post=5803"},{"taxonomy":"product_tag","embeddable":true,"href":"https:\/\/tomyklou.gr\/de\/wp-json\/wp\/v2\/product_tag?post=5803"}],"curies":[{"name":"wp","href":"https:\/\/api.w.org\/{rel}","templated":true}]}}