{"id":5810,"date":"2023-03-12T23:50:08","date_gmt":"2023-03-12T21:50:08","guid":{"rendered":"https:\/\/tomyklou.gr\/product\/import-placeholder-for-9376\/"},"modified":"2026-02-22T18:45:55","modified_gmt":"2026-02-22T16:45:55","slug":"farmstay-visible-difference-mask-sheet-milk","status":"publish","type":"product","link":"https:\/\/tomyklou.gr\/de\/product\/farmstay-visible-difference-mask-sheet-milk\/","title":{"rendered":"Farmstay Visible Difference Mask Sheet Milk"},"content":{"rendered":"<h3>Anwendung<\/h3>\n<ol>\n<li>Folie entfernen und Maske auf die gereinigte Haut auftragen.<\/li>\n<li>F\u00fcr <strong>15 bis 20<\/strong> Minuten einwirken lassen, dann vorsichtig entfernen. Nicht abwaschen!<\/li>\n<li>Das zur\u00fcckgebliebene Serum in die Haut tupfen bis es v\u00f6llig eingezogen ist.<\/li>\n<\/ol>\n<h3>Inhaltsstoffe<\/h3>\n<p>Water, Glycerine, Propylene Glycol, Sodium Hyaluronate, Betaine, Alcohol, Chamomilla Recutita (Matricaria) Extract, Hamamelis Virginiana (Witch Hazel) Extract, Xanthan Gum, Allantoin, Polysorbate 20, Carbomer, Milk Extract(0.05%),Triethanolamine, Disodium EDTA-2NA, Methylparaben<\/p>\n<p>*Eine Ver\u00e4nderung der Inhaltsstoffe unterliegt dem Ermessen des Herstellers. Willst du vor dem Kauf ganz sicher gehen? Dann kontaktiere uns f\u00fcr ein Foto der aktuellen Produktverpackung.<\/p>\n<h3>Warnhinweise<\/h3>\n<ol>\n<li>Nur zur \u00e4u\u00dferlichen Anwendung geeignet.<\/li>\n<li>Nicht auf verletzte Haut oder auf Wunden auftragen.<\/li>\n<li>Sollten Nebenwirkungen wie Irritationen oder Ausschlag eintreten, Anwendung sofort beenden und unverz\u00fcglich an einen Arzt wenden.<\/li>\n<li>Kontakt mit den Augen vermeiden. Sollte das Produkt ins Auge gelangen, das Auge sofort gr\u00fcndlich mit klarem Wasser aussp\u00fclen.<\/li>\n<li>Au\u00dfer Reichweite von Kindern aufbewahren.<\/li>\n<li>Nicht schlucken. Bei Verschlucken Arzt oder Giftzentrale aufsuchen.<\/li>\n<\/ol>\n","protected":false},"excerpt":{"rendered":"<p>Das Milk Visible Difference Aqua Mask Pack ist eine hypoallergene Tuchmaske, die sich angenehm auf der Haut anf\u00fchlt, Feuchtigkeit und N\u00e4hrstoffe in die Haut tr\u00e4nkt, um die Haut zu beruhigen, zu reparieren und aufzuhellen, w\u00e4hrend sie die nat\u00fcrliche Barriere st\u00e4rkt, um \u00e4u\u00dfere Aggressoren abzuwehren. Diese Maske enth\u00e4lt Frischmilchextrakt, der trockene Haut tief mit Feuchtigkeit versorgt und m\u00fcde Haut f\u00fcr ein erfrischtes Gef\u00fchl revitalisiert. Es aktiviert die Zellaktivit\u00e4t, um die Hautalterung zu verlangsamen und eine glatte, gleichm\u00e4\u00dfige Textur zu schaffen. Der Milchextrakt stellt die nat\u00fcrliche Vitalit\u00e4t und Elastizit\u00e4t der Haut wieder her, um die Anzeichen von Falten und feinen Linien zu reduzieren. Die Sheet Mask haftet perfekt auf dem Gesicht, um Feuchtigkeit und essentielle N\u00e4hrstoffe effektiv zu \u00fcbertragen und einzuschlie\u00dfen<\/p>\n<p><strong>Es hilft:<\/strong><\/p>\n<ul>\n<li>Hauttrockenheit<\/li>\n<li>Anti-Aging<\/li>\n<li>Aufhellung<\/li>\n<li>Belebt m\u00fcde Haut<\/li>\n<li>Ungleichm\u00e4\u00dfige Hautstruktur<\/li>\n<li>Besch\u00e4digte Haut<\/li>\n<li>Feine Linien und F\u00e4ltchen<\/li>\n<\/ul>\n","protected":false},"featured_media":5890,"comment_status":"open","ping_status":"closed","template":"","meta":{"content-type":"","site-sidebar-layout":"default","site-content-layout":"default","ast-site-content-layout":"default","site-content-style":"default","site-sidebar-style":"default","ast-global-header-display":"","ast-banner-title-visibility":"","ast-main-header-display":"","ast-hfb-above-header-display":"","ast-hfb-below-header-display":"","ast-hfb-mobile-header-display":"","site-post-title":"","ast-breadcrumbs-content":"","ast-featured-img":"","footer-sml-layout":"","ast-disable-related-posts":"","theme-transparent-header-meta":"default","adv-header-id-meta":"","stick-header-meta":"","header-above-stick-meta":"","header-main-stick-meta":"","header-below-stick-meta":"","astra-migrate-meta-layouts":"default","ast-page-background-enabled":"default","ast-page-background-meta":{"desktop":{"background-color":"","background-image":"","background-repeat":"repeat","background-position":"center center","background-size":"auto","background-attachment":"scroll","background-type":"","background-media":"","overlay-type":"","overlay-color":"","overlay-opacity":"","overlay-gradient":""},"tablet":{"background-color":"","background-image":"","background-repeat":"repeat","background-position":"center center","background-size":"auto","background-attachment":"scroll","background-type":"","background-media":"","overlay-type":"","overlay-color":"","overlay-opacity":"","overlay-gradient":""},"mobile":{"background-color":"","background-image":"","background-repeat":"repeat","background-position":"center center","background-size":"auto","background-attachment":"scroll","background-type":"","background-media":"","overlay-type":"","overlay-color":"","overlay-opacity":"","overlay-gradient":""}},"ast-content-background-meta":{"desktop":{"background-color":"var(--ast-global-color-5)","background-image":"","background-repeat":"repeat","background-position":"center center","background-size":"auto","background-attachment":"scroll","background-type":"","background-media":"","overlay-type":"","overlay-color":"","overlay-opacity":"","overlay-gradient":""},"tablet":{"background-color":"var(--ast-global-color-5)","background-image":"","background-repeat":"repeat","background-position":"center center","background-size":"auto","background-attachment":"scroll","background-type":"","background-media":"","overlay-type":"","overlay-color":"","overlay-opacity":"","overlay-gradient":""},"mobile":{"background-color":"var(--ast-global-color-5)","background-image":"","background-repeat":"repeat","background-position":"center center","background-size":"auto","background-attachment":"scroll","background-type":"","background-media":"","overlay-type":"","overlay-color":"","overlay-opacity":"","overlay-gradient":""}}},"product_brand":[],"product_cat":[316,136,31],"product_tag":[34],"class_list":{"0":"post-5810","1":"product","2":"type-product","3":"status-publish","4":"has-post-thumbnail","6":"product_cat-gesichtsmaske","7":"product_cat-farm-stay","8":"product_cat-gesicht","9":"product_tag-sheet","10":"desktop-align-center","11":"tablet-align-center","12":"mobile-align-center","14":"first","15":"outofstock","16":"taxable","17":"shipping-taxable","18":"purchasable","19":"product-type-simple"},"_links":{"self":[{"href":"https:\/\/tomyklou.gr\/de\/wp-json\/wp\/v2\/product\/5810","targetHints":{"allow":["GET"]}}],"collection":[{"href":"https:\/\/tomyklou.gr\/de\/wp-json\/wp\/v2\/product"}],"about":[{"href":"https:\/\/tomyklou.gr\/de\/wp-json\/wp\/v2\/types\/product"}],"replies":[{"embeddable":true,"href":"https:\/\/tomyklou.gr\/de\/wp-json\/wp\/v2\/comments?post=5810"}],"wp:featuredmedia":[{"embeddable":true,"href":"https:\/\/tomyklou.gr\/de\/wp-json\/wp\/v2\/media\/5890"}],"wp:attachment":[{"href":"https:\/\/tomyklou.gr\/de\/wp-json\/wp\/v2\/media?parent=5810"}],"wp:term":[{"taxonomy":"product_brand","embeddable":true,"href":"https:\/\/tomyklou.gr\/de\/wp-json\/wp\/v2\/product_brand?post=5810"},{"taxonomy":"product_cat","embeddable":true,"href":"https:\/\/tomyklou.gr\/de\/wp-json\/wp\/v2\/product_cat?post=5810"},{"taxonomy":"product_tag","embeddable":true,"href":"https:\/\/tomyklou.gr\/de\/wp-json\/wp\/v2\/product_tag?post=5810"}],"curies":[{"name":"wp","href":"https:\/\/api.w.org\/{rel}","templated":true}]}}