{"id":5821,"date":"2023-03-12T23:50:09","date_gmt":"2023-03-12T21:50:09","guid":{"rendered":"https:\/\/tomyklou.gr\/product\/import-placeholder-for-11733\/"},"modified":"2026-02-22T18:45:54","modified_gmt":"2026-02-22T16:45:54","slug":"farmstay-real-mango-essence-mask","status":"publish","type":"product","link":"https:\/\/tomyklou.gr\/de\/product\/farmstay-real-mango-essence-mask\/","title":{"rendered":"Farmstay Real Mango Essence Mask"},"content":{"rendered":"<h3>Anwendung<\/h3>\n<ol>\n<li>Folie entfernen und Maske auf die gereinigte Haut auftragen.<\/li>\n<li>F\u00fcr <strong>15 bis 20<\/strong> Minuten einwirken lassen, dann vorsichtig entfernen. Nicht abwaschen!<\/li>\n<li>Das zur\u00fcckgebliebene Serum in die Haut tupfen bis es v\u00f6llig eingezogen ist.<\/li>\n<\/ol>\n<h3>Inhaltsstoffe<\/h3>\n<p>Purified water, glycerin, methylpropanediol, lavender flower extract, borage extract, cornflower extract, Matricaria flower extract, tomato extract (1,000pm), butylene glycol, carbomer, triethanolamine, polybate 20 , Ethylhexylglycerin, Disodium EDITA, Phenoxyethanol, Fragrance<\/p>\n<p>*Eine Ver\u00e4nderung der Inhaltsstoffe unterliegt dem Ermessen des Herstellers. Willst du vor dem Kauf ganz sicher gehen? Dann kontaktiere uns f\u00fcr ein Foto der aktuellen Produktverpackung.<\/p>\n<h3>Warnhinweise<\/h3>\n<ol>\n<li>Nur zur \u00e4u\u00dferlichen Anwendung geeignet.<\/li>\n<li>Nicht auf verletzte Haut oder auf Wunden auftragen.<\/li>\n<li>Sollten Nebenwirkungen wie Irritationen oder Ausschlag eintreten, Anwendung sofort beenden und unverz\u00fcglich an einen Arzt wenden.<\/li>\n<li>Kontakt mit den Augen vermeiden. Sollte das Produkt ins Auge gelangen, das Auge sofort gr\u00fcndlich mit klarem Wasser aussp\u00fclen.<\/li>\n<li>Au\u00dfer Reichweite von Kindern aufbewahren.<\/li>\n<li>Nicht schlucken. Bei Verschlucken Arzt oder Giftzentrale aufsuchen.<\/li>\n<\/ol>\n","protected":false},"excerpt":{"rendered":"<p><strong>Revitalisierungsmaske f\u00fcr ein lebendiges Gesicht<\/strong><\/p>\n<p>Das frisch-taktile Maskenblatt mit Tomatenextrakt dringt leicht in die Haut ein und spendet gleichzeitig N\u00e4hrstoffe und Feuchtigkeit, um die Haut lange feucht zu halten.<\/p>\n<ul>\n<li>Versorgt m\u00fcde Haut mit Vitalit\u00e4t! Feuchtigkeit und Ern\u00e4hrung zugleich. Es hilft, m\u00fcde Haut mit Feuchtigkeit zu versorgen und zu revitalisieren, indem es der Haut gleichzeitig Feuchtigkeit und N\u00e4hrstoffe zuf\u00fchrt.<\/li>\n<li>Fest haftende Nahrung, die N\u00e4hrstoffe liefert! Super feuchtigkeitsspendende Maske. Das Maskenblatt haftet eng am gebogenen Teil und die Textur der Formel mit frischen Essenzen wird ohne Klebrigkeit in die Haut aufgenommen und versorgt die Haut mit N\u00e4hrstoffen, wodurch die Haut weich und feucht wird.<\/li>\n<li>Erfrischender Abschluss! G\u00f6ttlich durch Flut. Es hat eine hervorragende F\u00e4higkeit, die Essenz an die Haut abzugeben, wenn es schnell absorbiert wird. Es reguliert den Fett- und Feuchtigkeitshaushalt und spendet der Haut ausreichend Feuchtigkeit. Den erfrischenden Abgang sp\u00fcrt man.<\/li>\n<\/ul>\n<p><strong>Tomatenextrakt<\/strong><\/p>\n<p>Es ist nicht nur gut zur Vorbeugung von Krebs und Erwachsenenkrankheiten, sondern Tomaten sind reich an verschiedenen Vitaminen und Mineralstoffen, so dass sie gut f\u00fcr Ern\u00e4hrung, Hautpflege und Anti-Aging sind.<\/p>\n","protected":false},"featured_media":5895,"comment_status":"open","ping_status":"closed","template":"","meta":{"content-type":"","site-sidebar-layout":"default","site-content-layout":"default","ast-site-content-layout":"default","site-content-style":"default","site-sidebar-style":"default","ast-global-header-display":"","ast-banner-title-visibility":"","ast-main-header-display":"","ast-hfb-above-header-display":"","ast-hfb-below-header-display":"","ast-hfb-mobile-header-display":"","site-post-title":"","ast-breadcrumbs-content":"","ast-featured-img":"","footer-sml-layout":"","ast-disable-related-posts":"","theme-transparent-header-meta":"default","adv-header-id-meta":"","stick-header-meta":"","header-above-stick-meta":"","header-main-stick-meta":"","header-below-stick-meta":"","astra-migrate-meta-layouts":"default","ast-page-background-enabled":"default","ast-page-background-meta":{"desktop":{"background-color":"","background-image":"","background-repeat":"repeat","background-position":"center center","background-size":"auto","background-attachment":"scroll","background-type":"","background-media":"","overlay-type":"","overlay-color":"","overlay-opacity":"","overlay-gradient":""},"tablet":{"background-color":"","background-image":"","background-repeat":"repeat","background-position":"center center","background-size":"auto","background-attachment":"scroll","background-type":"","background-media":"","overlay-type":"","overlay-color":"","overlay-opacity":"","overlay-gradient":""},"mobile":{"background-color":"","background-image":"","background-repeat":"repeat","background-position":"center center","background-size":"auto","background-attachment":"scroll","background-type":"","background-media":"","overlay-type":"","overlay-color":"","overlay-opacity":"","overlay-gradient":""}},"ast-content-background-meta":{"desktop":{"background-color":"var(--ast-global-color-5)","background-image":"","background-repeat":"repeat","background-position":"center center","background-size":"auto","background-attachment":"scroll","background-type":"","background-media":"","overlay-type":"","overlay-color":"","overlay-opacity":"","overlay-gradient":""},"tablet":{"background-color":"var(--ast-global-color-5)","background-image":"","background-repeat":"repeat","background-position":"center center","background-size":"auto","background-attachment":"scroll","background-type":"","background-media":"","overlay-type":"","overlay-color":"","overlay-opacity":"","overlay-gradient":""},"mobile":{"background-color":"var(--ast-global-color-5)","background-image":"","background-repeat":"repeat","background-position":"center center","background-size":"auto","background-attachment":"scroll","background-type":"","background-media":"","overlay-type":"","overlay-color":"","overlay-opacity":"","overlay-gradient":""}}},"product_brand":[],"product_cat":[316,136,327,31],"product_tag":[34],"class_list":{"0":"post-5821","1":"product","2":"type-product","3":"status-publish","4":"has-post-thumbnail","6":"product_cat-gesichtsmaske","7":"product_cat-farm-stay","8":"product_cat-new-arrivals","9":"product_cat-gesicht","10":"product_tag-sheet","11":"desktop-align-center","12":"tablet-align-center","13":"mobile-align-center","15":"first","16":"outofstock","17":"taxable","18":"shipping-taxable","19":"purchasable","20":"product-type-simple"},"_links":{"self":[{"href":"https:\/\/tomyklou.gr\/de\/wp-json\/wp\/v2\/product\/5821","targetHints":{"allow":["GET"]}}],"collection":[{"href":"https:\/\/tomyklou.gr\/de\/wp-json\/wp\/v2\/product"}],"about":[{"href":"https:\/\/tomyklou.gr\/de\/wp-json\/wp\/v2\/types\/product"}],"replies":[{"embeddable":true,"href":"https:\/\/tomyklou.gr\/de\/wp-json\/wp\/v2\/comments?post=5821"}],"wp:featuredmedia":[{"embeddable":true,"href":"https:\/\/tomyklou.gr\/de\/wp-json\/wp\/v2\/media\/5895"}],"wp:attachment":[{"href":"https:\/\/tomyklou.gr\/de\/wp-json\/wp\/v2\/media?parent=5821"}],"wp:term":[{"taxonomy":"product_brand","embeddable":true,"href":"https:\/\/tomyklou.gr\/de\/wp-json\/wp\/v2\/product_brand?post=5821"},{"taxonomy":"product_cat","embeddable":true,"href":"https:\/\/tomyklou.gr\/de\/wp-json\/wp\/v2\/product_cat?post=5821"},{"taxonomy":"product_tag","embeddable":true,"href":"https:\/\/tomyklou.gr\/de\/wp-json\/wp\/v2\/product_tag?post=5821"}],"curies":[{"name":"wp","href":"https:\/\/api.w.org\/{rel}","templated":true}]}}