{"id":5915,"date":"2023-03-15T22:08:35","date_gmt":"2023-03-15T20:08:35","guid":{"rendered":"https:\/\/tomyklou.gr\/product\/import-placeholder-for-4710\/"},"modified":"2026-02-22T18:45:54","modified_gmt":"2026-02-22T16:45:54","slug":"laneige-watery-sun-cream-spf50-pa50ml","status":"publish","type":"product","link":"https:\/\/tomyklou.gr\/de\/product\/laneige-watery-sun-cream-spf50-pa50ml\/","title":{"rendered":"Laneige Watery Sun Cream SPF50+ PA++++(50ml)"},"content":{"rendered":"<h3>Anwendung<\/h3>\n<ol>\n<li>Tragen Sie die Sonnencreme ungef\u00e4hr 30 Minuten bevor Sie in die Sonne gehen auf.<\/li>\n<li>Verteilen Sie als letzten Schritt Ihrer Hautpflegeroutine eine gro\u00dfz\u00fcgige Schicht der Creme auf die Haut.<\/li>\n<li>Wiederholen Sie dies alle 2 Stunden, um einen anhaltenden Schutz vor der Sonne zu garantieren.<\/li>\n<\/ol>\n<h3>Inhaltsstoffe<\/h3>\n<p>Water, Butylene Glycol, C12-15 Alkyl Benzoate, Ethylhexyl Methoxycinnamate, Diethylamino Hydroxybenzoyl Hexyl Benzoate, BIS-Ethylhexyloxyphenol Methoxyphenyl Trazine, Titanium Ioxide, Phenyl Trimethicone, Cyclopentasiloxane, Cyclohexasiloxane, Silica, Litchi Chinensis Pericarp Extract, Betula Platyphylla Japonica Juice, Chenopodium Quinoa Seed Extract, BETA-Glucan, Magnesium Sulfate, Calcium Chloride, PCA, Mannitol, Arginine, Serine, Sucrose, Manganese Sulfate, Glycogen, Citrulline, Histidine HCL, Threonine, Alanine, Lysine HCL, Glutamic Acid, Zinc Sulfate, Ascorbyl Glucoside, Polyacrylate-13, Polyisobutene, Aluminum Stearate, Alumina, Stearic Acid, Polyhydroxystearic Acid, Glycerin, Propanediol, Carbomer, Polysorbate 20, Sorbitan Isostearate, 1,2-Hexanediol, Ethylhexylglycerin, Disodium EDTA, Phenoxyethanol, Fragrance<\/p>\n<h3>Warnhinweise<\/h3>\n<ol>\n<li>Nur zur \u00e4u\u00dferlichen Anwendung geeignet.<\/li>\n<li>Nicht auf verletzte Haut oder auf Wunden auftragen.<\/li>\n<li>Sollten Nebenwirkungen wie Irritationen oder Ausschlag eintreten, Anwendung sofort beenden und unverz\u00fcglich an einen Arzt wenden.<\/li>\n<li>Kontakt mit den Augen vermeiden. Sollte das Produkt ins Auge gelangen, das Auge sofort gr\u00fcndlich mit klarem Wasser aussp\u00fclen.<\/li>\n<li>Au\u00dfer Reichweite von Kindern aufbewahren.<\/li>\n<li>Nicht schlucken. Bei Verschlucken Arzt oder Giftzentrale aufsuchen.<\/li>\n<\/ol>\n","protected":false},"excerpt":{"rendered":"<p>H\u00e4lt die Feuchtigkeitsbarriere den ganzen Tag gesch\u00fctzt, auch unter der hei\u00dfen Sonne!<br \/>\nFeuchtigkeitssonnencreme mit w\u00e4ssriger Textur spendet der Haut erfrischend Feuchtigkeit und blockiert UV-Strahlen effektiv. Leistungsstarker UV-Schutz SPF50 +, PA +++ blockiert UV-Strahlen effektiv. Wasserdichte dermatologische Tests abgeschlossen.<\/p>\n","protected":false},"featured_media":5960,"comment_status":"open","ping_status":"closed","template":"","meta":{"content-type":"","site-sidebar-layout":"default","site-content-layout":"default","ast-site-content-layout":"default","site-content-style":"default","site-sidebar-style":"default","ast-global-header-display":"","ast-banner-title-visibility":"","ast-main-header-display":"","ast-hfb-above-header-display":"","ast-hfb-below-header-display":"","ast-hfb-mobile-header-display":"","site-post-title":"","ast-breadcrumbs-content":"","ast-featured-img":"","footer-sml-layout":"","ast-disable-related-posts":"","theme-transparent-header-meta":"default","adv-header-id-meta":"","stick-header-meta":"","header-above-stick-meta":"","header-main-stick-meta":"","header-below-stick-meta":"","astra-migrate-meta-layouts":"default","ast-page-background-enabled":"default","ast-page-background-meta":{"desktop":{"background-color":"","background-image":"","background-repeat":"repeat","background-position":"center center","background-size":"auto","background-attachment":"scroll","background-type":"","background-media":"","overlay-type":"","overlay-color":"","overlay-opacity":"","overlay-gradient":""},"tablet":{"background-color":"","background-image":"","background-repeat":"repeat","background-position":"center center","background-size":"auto","background-attachment":"scroll","background-type":"","background-media":"","overlay-type":"","overlay-color":"","overlay-opacity":"","overlay-gradient":""},"mobile":{"background-color":"","background-image":"","background-repeat":"repeat","background-position":"center center","background-size":"auto","background-attachment":"scroll","background-type":"","background-media":"","overlay-type":"","overlay-color":"","overlay-opacity":"","overlay-gradient":""}},"ast-content-background-meta":{"desktop":{"background-color":"var(--ast-global-color-5)","background-image":"","background-repeat":"repeat","background-position":"center center","background-size":"auto","background-attachment":"scroll","background-type":"","background-media":"","overlay-type":"","overlay-color":"","overlay-opacity":"","overlay-gradient":""},"tablet":{"background-color":"var(--ast-global-color-5)","background-image":"","background-repeat":"repeat","background-position":"center center","background-size":"auto","background-attachment":"scroll","background-type":"","background-media":"","overlay-type":"","overlay-color":"","overlay-opacity":"","overlay-gradient":""},"mobile":{"background-color":"var(--ast-global-color-5)","background-image":"","background-repeat":"repeat","background-position":"center center","background-size":"auto","background-attachment":"scroll","background-type":"","background-media":"","overlay-type":"","overlay-color":"","overlay-opacity":"","overlay-gradient":""}}},"product_brand":[],"product_cat":[313,155,31],"product_tag":[36],"class_list":{"0":"post-5915","1":"product","2":"type-product","3":"status-publish","4":"has-post-thumbnail","6":"product_cat-gesichtssonnencreme","7":"product_cat-laneige","8":"product_cat-gesicht","9":"product_tag-sonnenschutz","10":"desktop-align-center","11":"tablet-align-center","12":"mobile-align-center","14":"first","15":"outofstock","16":"taxable","17":"shipping-taxable","18":"purchasable","19":"product-type-simple"},"_links":{"self":[{"href":"https:\/\/tomyklou.gr\/de\/wp-json\/wp\/v2\/product\/5915","targetHints":{"allow":["GET"]}}],"collection":[{"href":"https:\/\/tomyklou.gr\/de\/wp-json\/wp\/v2\/product"}],"about":[{"href":"https:\/\/tomyklou.gr\/de\/wp-json\/wp\/v2\/types\/product"}],"replies":[{"embeddable":true,"href":"https:\/\/tomyklou.gr\/de\/wp-json\/wp\/v2\/comments?post=5915"}],"wp:featuredmedia":[{"embeddable":true,"href":"https:\/\/tomyklou.gr\/de\/wp-json\/wp\/v2\/media\/5960"}],"wp:attachment":[{"href":"https:\/\/tomyklou.gr\/de\/wp-json\/wp\/v2\/media?parent=5915"}],"wp:term":[{"taxonomy":"product_brand","embeddable":true,"href":"https:\/\/tomyklou.gr\/de\/wp-json\/wp\/v2\/product_brand?post=5915"},{"taxonomy":"product_cat","embeddable":true,"href":"https:\/\/tomyklou.gr\/de\/wp-json\/wp\/v2\/product_cat?post=5915"},{"taxonomy":"product_tag","embeddable":true,"href":"https:\/\/tomyklou.gr\/de\/wp-json\/wp\/v2\/product_tag?post=5915"}],"curies":[{"name":"wp","href":"https:\/\/api.w.org\/{rel}","templated":true}]}}