{"id":6249,"date":"2023-07-05T14:15:12","date_gmt":"2023-07-05T12:15:12","guid":{"rendered":"https:\/\/tomyklou.gr\/product\/tocobo-coconut-clay-cleansing-foam-150ml\/"},"modified":"2026-02-22T18:45:53","modified_gmt":"2026-02-22T16:45:53","slug":"tocobo-coconut-clay-cleansing-foam-150ml","status":"publish","type":"product","link":"https:\/\/tomyklou.gr\/de\/product\/tocobo-coconut-clay-cleansing-foam\/","title":{"rendered":"Tocobo Coconut Clay Cleansing Foam 150ml"},"content":{"rendered":"<h3><strong>Anwendung<\/strong><\/h3>\n<p>Eine angemessene Menge mit Wasser aufsch\u00e4umen, sanft \u00fcber das gesamte Gesicht reiben und mit lauwarmem Wasser gr\u00fcndlich absp\u00fclen.<\/p>\n<h3><strong>Inhaltsstoffe<\/strong><\/h3>\n<p>Purified water, glycerin, hydrogenated palm acid (25%), potassium hydroxide, potassium cocoate (2.9%), calamine (1,000 ppm), soapy grass extract (100 ppm), bentonite (9,000 ppm), glyceryl stearate Late, Butylene Glycol, Polyquaternium-7, Acrylate\/C10-30 Alkyl Acrylate Crosspolymer, Sodium Phytate, EDITA, Sodium Benzoate, Fragrance, Red No.504 (CI14700)<\/p>\n<h3>Warnhinweise<\/h3>\n<ol>\n<li>Nur zur \u00e4u\u00dferlichen Anwendung geeignet.<\/li>\n<li>Nicht auf verletzte Haut oder auf Wunden auftragen.<\/li>\n<li>Sollten Nebenwirkungen wie Irritationen oder Ausschlag eintreten, Anwendung sofort beenden und unverz\u00fcglich an einen Arzt wenden.<\/li>\n<li>Kontakt mit den Augen vermeiden. Sollte das Produkt ins Auge gelangen, das Auge sofort gr\u00fcndlich mit klarem Wasser aussp\u00fclen.<\/li>\n<li>Au\u00dfer Reichweite von Kindern aufbewahren.<\/li>\n<li>Nicht schlucken. Bei Verschlucken Arzt oder Giftzentrale aufsuchen.<\/li>\n<\/ol>\n","protected":false},"excerpt":{"rendered":"<p><strong>Kokos-Ton-Reinigungsschaum:<\/strong> Ist Ihr Gesicht nach dem Waschen gespannt? Mit feinen Bl\u00e4schen, die kleiner als die durchschnittliche Porengr\u00f6\u00dfe des Kokoston-Reinigungsschaums sind, w\u00e4scht er nicht nur Talg und Abfallstoffe in den Poren weg, sondern spendet nach dem Waschen auch Feuchtigkeit.<br \/>\n<strong>Pink &amp; Mineral Clay 10.000 ppm:<\/strong> Pink Clay kann Talg absorbieren und empfindliche Haut pflegen, und Mineral Clay pflegt sogar abgestorbene Hautzellen und die Hautstruktur!<br \/>\n<strong>Blasen aus Kokospalmen 27%:<\/strong> Blasen aus Kokospalmen k\u00f6nnen Ablagerungen in den Poren sauber entfernen.<\/p>\n<p><strong>Punkt 01.<\/strong> Perfekte Reinigung mit Mikroblasen zur Porenpflege<br \/>\n<strong>Punkt 02.<\/strong> Talgkontrolle und beruhigende Wirkung<br \/>\n<strong>Punkt 03.<\/strong> Saponaria Officinals Leaf Extract 100 ppm zur Befeuchtung<br \/>\n<strong>Punkt 04.<\/strong> Pink &amp; Mineral Clay 10.000 ppm zur Talgkontrolle<br \/>\n<strong>Punkt 05.<\/strong> Kokospalme 27 % zur Entfernung abgestorbener Hautzellen<\/p>\n","protected":false},"featured_media":6356,"comment_status":"open","ping_status":"closed","template":"","meta":{"content-type":"","site-sidebar-layout":"default","site-content-layout":"default","ast-site-content-layout":"default","site-content-style":"default","site-sidebar-style":"default","ast-global-header-display":"","ast-banner-title-visibility":"","ast-main-header-display":"","ast-hfb-above-header-display":"","ast-hfb-below-header-display":"","ast-hfb-mobile-header-display":"","site-post-title":"","ast-breadcrumbs-content":"","ast-featured-img":"","footer-sml-layout":"","ast-disable-related-posts":"","theme-transparent-header-meta":"default","adv-header-id-meta":"","stick-header-meta":"","header-above-stick-meta":"","header-main-stick-meta":"","header-below-stick-meta":"","astra-migrate-meta-layouts":"default","ast-page-background-enabled":"default","ast-page-background-meta":{"desktop":{"background-color":"","background-image":"","background-repeat":"repeat","background-position":"center center","background-size":"auto","background-attachment":"scroll","background-type":"","background-media":"","overlay-type":"","overlay-color":"","overlay-opacity":"","overlay-gradient":""},"tablet":{"background-color":"","background-image":"","background-repeat":"repeat","background-position":"center center","background-size":"auto","background-attachment":"scroll","background-type":"","background-media":"","overlay-type":"","overlay-color":"","overlay-opacity":"","overlay-gradient":""},"mobile":{"background-color":"","background-image":"","background-repeat":"repeat","background-position":"center center","background-size":"auto","background-attachment":"scroll","background-type":"","background-media":"","overlay-type":"","overlay-color":"","overlay-opacity":"","overlay-gradient":""}},"ast-content-background-meta":{"desktop":{"background-color":"var(--ast-global-color-5)","background-image":"","background-repeat":"repeat","background-position":"center center","background-size":"auto","background-attachment":"scroll","background-type":"","background-media":"","overlay-type":"","overlay-color":"","overlay-opacity":"","overlay-gradient":""},"tablet":{"background-color":"var(--ast-global-color-5)","background-image":"","background-repeat":"repeat","background-position":"center center","background-size":"auto","background-attachment":"scroll","background-type":"","background-media":"","overlay-type":"","overlay-color":"","overlay-opacity":"","overlay-gradient":""},"mobile":{"background-color":"var(--ast-global-color-5)","background-image":"","background-repeat":"repeat","background-position":"center center","background-size":"auto","background-attachment":"scroll","background-type":"","background-media":"","overlay-type":"","overlay-color":"","overlay-opacity":"","overlay-gradient":""}}},"product_brand":[],"product_cat":[312,222,327,31],"product_tag":[64],"class_list":{"0":"post-6249","1":"product","2":"type-product","3":"status-publish","4":"has-post-thumbnail","6":"product_cat-gesichtsreiniger","7":"product_cat-tocobo","8":"product_cat-new-arrivals","9":"product_cat-gesicht","10":"product_tag-reinigung","11":"desktop-align-center","12":"tablet-align-center","13":"mobile-align-center","15":"first","16":"outofstock","17":"taxable","18":"shipping-taxable","19":"purchasable","20":"product-type-simple"},"_links":{"self":[{"href":"https:\/\/tomyklou.gr\/de\/wp-json\/wp\/v2\/product\/6249","targetHints":{"allow":["GET"]}}],"collection":[{"href":"https:\/\/tomyklou.gr\/de\/wp-json\/wp\/v2\/product"}],"about":[{"href":"https:\/\/tomyklou.gr\/de\/wp-json\/wp\/v2\/types\/product"}],"replies":[{"embeddable":true,"href":"https:\/\/tomyklou.gr\/de\/wp-json\/wp\/v2\/comments?post=6249"}],"wp:featuredmedia":[{"embeddable":true,"href":"https:\/\/tomyklou.gr\/de\/wp-json\/wp\/v2\/media\/6356"}],"wp:attachment":[{"href":"https:\/\/tomyklou.gr\/de\/wp-json\/wp\/v2\/media?parent=6249"}],"wp:term":[{"taxonomy":"product_brand","embeddable":true,"href":"https:\/\/tomyklou.gr\/de\/wp-json\/wp\/v2\/product_brand?post=6249"},{"taxonomy":"product_cat","embeddable":true,"href":"https:\/\/tomyklou.gr\/de\/wp-json\/wp\/v2\/product_cat?post=6249"},{"taxonomy":"product_tag","embeddable":true,"href":"https:\/\/tomyklou.gr\/de\/wp-json\/wp\/v2\/product_tag?post=6249"}],"curies":[{"name":"wp","href":"https:\/\/api.w.org\/{rel}","templated":true}]}}