{"id":6252,"date":"2023-07-05T14:15:13","date_gmt":"2023-07-05T12:15:13","guid":{"rendered":"https:\/\/tomyklou.gr\/product\/tocobo-bifida-biome-essence-50ml\/"},"modified":"2026-02-22T18:45:52","modified_gmt":"2026-02-22T16:45:52","slug":"tocobo-bifida-biome-essence-50ml","status":"publish","type":"product","link":"https:\/\/tomyklou.gr\/de\/product\/tocobo-bifida-biome-essence\/","title":{"rendered":"Tocobo Bifida Biome Essence 50ml"},"content":{"rendered":"<h3><strong>Anwendung<\/strong><\/h3>\n<p>Nehmen Sie nach der Anwendung des Toners in der Essenzphase eine angemessene Menge, verteilen Sie ihn sanft auf dem gesamten Gesicht und lassen Sie ihn einziehen.<\/p>\n<h3><strong>Inhaltsstoffe<\/strong><\/h3>\n<p>Bifida Fermentation Lysate, Purified Water, Butylene Glycol, Lactobacillus Ferment, Glycereth-26, Glycerin, Niacinamide, 1,2-Hexanediol, Lactococcus Ferment Lysate, Carrageenan Extract, Chlorella Extract, Sugarcane Extract, Pentylene Glycol, Polyglyceryl-10 Laurate, Sucrose, Glucose, Cellulose Gum, Ammonium Acryloyl Dimethyl Taurate\/Vpicopolymer, Fructooligosaccharide, Fructose, Tromethamine, Sodium Poly Acrylate, Glyceryl Acrylate\/Acrylic Acid Copolymer, Adenosine, Ethylhexyl Glycerin, Sodium Phytate, Tocopherol, Carbomer, Xanthan Gum, Disodium Edta, Fragrance<\/p>\n<h3>Warnhinweise<\/h3>\n<ol>\n<li>Nur zur \u00e4u\u00dferlichen Anwendung geeignet.<\/li>\n<li>Nicht auf verletzte Haut oder auf Wunden auftragen.<\/li>\n<li>Sollten Nebenwirkungen wie Irritationen oder Ausschlag eintreten, Anwendung sofort beenden und unverz\u00fcglich an einen Arzt wenden.<\/li>\n<li>Kontakt mit den Augen vermeiden. Sollte das Produkt ins Auge gelangen, das Auge sofort gr\u00fcndlich mit klarem Wasser aussp\u00fclen.<\/li>\n<li>Au\u00dfer Reichweite von Kindern aufbewahren.<\/li>\n<li>Nicht schlucken. Bei Verschlucken Arzt oder Giftzentrale aufsuchen.<\/li>\n<\/ol>\n","protected":false},"excerpt":{"rendered":"<p>Bifida Biome Essence: Die Kombination aus einem hohen Gehalt an mit Milchs\u00e4urebakterien fermentierten Inhaltsstoffen hilft, die Hautbarriere zu st\u00e4rken, den optimalen Hautzustand zu finden und die geschw\u00e4chte Hautbarriere zu st\u00e4rken, um die Haut elastisch zu machen.<\/p>\n<p><strong>Niacinamid und Adenosin:<\/strong> Der Inhaltsstoff Niacinamid versorgt die Haut mit Feuchtigkeit und sorgt f\u00fcr einen strahlenden Glanz. Der Inhaltsstoff Adenosin tr\u00e4gt zur Elastizit\u00e4t der Haut und zur Verbesserung von Falten bei.<\/p>\n<p><strong>Optimale Formulierung von 3 repr\u00e4sentativen Milchs\u00e4urebakterien<\/strong>: Bifida (St\u00e4rkung der Hautbarriere), Lactobacillus (hautberuhigendes Gleichgewicht), Lactococcus (Hautvitalit\u00e4t)<\/p>\n<p><strong>Punkt 01.<\/strong> 3 Probiotika-Komplex zur St\u00e4rkung der Hautbarriere<br \/>\n<strong>Punkt 02.<\/strong> Hochfeuchtigkeitsspendende fermentierte Essenz<br \/>\n<strong>Punkt 03.<\/strong> Niacinamid und Adenicin zur Anti-Falten-Pflege<\/p>\n","protected":false},"featured_media":6351,"comment_status":"open","ping_status":"closed","template":"","meta":{"content-type":"","site-sidebar-layout":"default","site-content-layout":"default","ast-site-content-layout":"default","site-content-style":"default","site-sidebar-style":"default","ast-global-header-display":"","ast-banner-title-visibility":"","ast-main-header-display":"","ast-hfb-above-header-display":"","ast-hfb-below-header-display":"","ast-hfb-mobile-header-display":"","site-post-title":"","ast-breadcrumbs-content":"","ast-featured-img":"","footer-sml-layout":"","ast-disable-related-posts":"","theme-transparent-header-meta":"default","adv-header-id-meta":"","stick-header-meta":"","header-above-stick-meta":"","header-main-stick-meta":"","header-below-stick-meta":"","astra-migrate-meta-layouts":"default","ast-page-background-enabled":"default","ast-page-background-meta":{"desktop":{"background-color":"","background-image":"","background-repeat":"repeat","background-position":"center center","background-size":"auto","background-attachment":"scroll","background-type":"","background-media":"","overlay-type":"","overlay-color":"","overlay-opacity":"","overlay-gradient":""},"tablet":{"background-color":"","background-image":"","background-repeat":"repeat","background-position":"center center","background-size":"auto","background-attachment":"scroll","background-type":"","background-media":"","overlay-type":"","overlay-color":"","overlay-opacity":"","overlay-gradient":""},"mobile":{"background-color":"","background-image":"","background-repeat":"repeat","background-position":"center center","background-size":"auto","background-attachment":"scroll","background-type":"","background-media":"","overlay-type":"","overlay-color":"","overlay-opacity":"","overlay-gradient":""}},"ast-content-background-meta":{"desktop":{"background-color":"var(--ast-global-color-5)","background-image":"","background-repeat":"repeat","background-position":"center center","background-size":"auto","background-attachment":"scroll","background-type":"","background-media":"","overlay-type":"","overlay-color":"","overlay-opacity":"","overlay-gradient":""},"tablet":{"background-color":"var(--ast-global-color-5)","background-image":"","background-repeat":"repeat","background-position":"center center","background-size":"auto","background-attachment":"scroll","background-type":"","background-media":"","overlay-type":"","overlay-color":"","overlay-opacity":"","overlay-gradient":""},"mobile":{"background-color":"var(--ast-global-color-5)","background-image":"","background-repeat":"repeat","background-position":"center center","background-size":"auto","background-attachment":"scroll","background-type":"","background-media":"","overlay-type":"","overlay-color":"","overlay-opacity":"","overlay-gradient":""}}},"product_brand":[],"product_cat":[317,222,327,31],"product_tag":[],"class_list":{"0":"post-6252","1":"product","2":"type-product","3":"status-publish","4":"has-post-thumbnail","6":"product_cat-essence-serum-oel","7":"product_cat-tocobo","8":"product_cat-new-arrivals","9":"product_cat-gesicht","10":"desktop-align-center","11":"tablet-align-center","12":"mobile-align-center","14":"first","15":"outofstock","16":"taxable","17":"shipping-taxable","18":"purchasable","19":"product-type-simple"},"_links":{"self":[{"href":"https:\/\/tomyklou.gr\/de\/wp-json\/wp\/v2\/product\/6252","targetHints":{"allow":["GET"]}}],"collection":[{"href":"https:\/\/tomyklou.gr\/de\/wp-json\/wp\/v2\/product"}],"about":[{"href":"https:\/\/tomyklou.gr\/de\/wp-json\/wp\/v2\/types\/product"}],"replies":[{"embeddable":true,"href":"https:\/\/tomyklou.gr\/de\/wp-json\/wp\/v2\/comments?post=6252"}],"wp:featuredmedia":[{"embeddable":true,"href":"https:\/\/tomyklou.gr\/de\/wp-json\/wp\/v2\/media\/6351"}],"wp:attachment":[{"href":"https:\/\/tomyklou.gr\/de\/wp-json\/wp\/v2\/media?parent=6252"}],"wp:term":[{"taxonomy":"product_brand","embeddable":true,"href":"https:\/\/tomyklou.gr\/de\/wp-json\/wp\/v2\/product_brand?post=6252"},{"taxonomy":"product_cat","embeddable":true,"href":"https:\/\/tomyklou.gr\/de\/wp-json\/wp\/v2\/product_cat?post=6252"},{"taxonomy":"product_tag","embeddable":true,"href":"https:\/\/tomyklou.gr\/de\/wp-json\/wp\/v2\/product_tag?post=6252"}],"curies":[{"name":"wp","href":"https:\/\/api.w.org\/{rel}","templated":true}]}}