{"id":6257,"date":"2023-07-05T14:17:08","date_gmt":"2023-07-05T12:17:08","guid":{"rendered":"https:\/\/tomyklou.gr\/product\/heimish-moringa-ceramide-bb-cream-spf-30-pa-31n-deep\/"},"modified":"2026-02-22T18:44:41","modified_gmt":"2026-02-22T16:44:41","slug":"heimish-moringa-ceramide-bb-cream-spf-30-pa-31n-deep-30ml","status":"publish","type":"product","link":"https:\/\/tomyklou.gr\/de\/product\/heimish-moringa-ceramide-bb-cream-31n\/","title":{"rendered":"Heimish Moringa Ceramide BB Cream SPF 30 PA++ 31N Deep"},"content":{"rendered":"<h3>Anwendung<\/h3>\n<p>Tragen Sie eine erbsengro\u00dfe Menge BB Cream auf die gereinigte und vorbereitete Haut auf. Mit den Fingerspitzen von der Gesichtsmitte nach au\u00dfen verblenden (Tipp: Die W\u00e4rme Ihrer Finger hilft dabei, das Pigment hervorzuheben). F\u00fcr einen gleichm\u00e4\u00dfigen Hautton weiter mit den Fingerspitzen verblenden. Wenn Sie eine st\u00e4rkere Abdeckung w\u00fcnschen, tragen Sie nach dem Auftragen der ersten Schicht eine weitere erbsengro\u00dfe Menge BB Cream auf die Haut auf.<\/p>\n<h3>Inhaltsstoffe<\/h3>\n<p>Water, Cyclopentasiloxane, Zinc Oxide, CI 77492, Glycerin, Titanium Dioxide, PEG-10 Dimethicone, Caprylic\/Capric Triglyceride, Dipropylene Glycol, Dimethicone, CI 77491, Cetyl Ethylhexanoate, Niacinamide, CI 77499, Disteardimonium Hectorite, Betaine, Magnesium Sulfate, Sorbitan Sesquioleate, Silica, 1,2-Hexanediol, Dimethicone Crosspolymer, Triethoxycaprylylsilane, Acrylates\/Dimethicone Copolymer, Candida Bombicola\/Glucose\/Methyl Rapeseedate Ferment, Glycosyl Trehalose, Polymethylsilsesquioxane, Palmitic Acid, Hydrogenated Starch Hydrolysate, Caprylyl Glycol, Tocopheryl Acetate, Ethylhexylglycerin, Propylene Glycol, Panthenol, Hydrolyzed Hyaluronic Acid, Adenosine, Artemisia Vulgaris Oil, Citrus Aurantium Amara (Bitter Orange) Leaf\/ Twig Oil, Lavandula Angustifolia (Lavender) Oil, Litsea Cubeba Fruit Oil, Prunus Persica (Peach) Flower Extract, Cyclotetrasiloxane, Laurus Nobilis Leaf Extract, Ceramide NP(80ppm), Phytosphingosine, Hydrogenated Lecithin, Myristic Acid, Stearic Acid, Tocopherol<\/p>\n<h3>Warnhinweise<\/h3>\n<ol>\n<li>Nur zur \u00e4u\u00dferlichen Anwendung geeignet.<\/li>\n<li>Nicht auf verletzte Haut oder auf Wunden auftragen.<\/li>\n<li>Sollten Nebenwirkungen wie Irritationen oder Ausschlag eintreten, Anwendung sofort beenden und unverz\u00fcglich an einen Arzt wenden.<\/li>\n<li>Kontakt mit den Augen vermeiden. Sollte das Produkt ins Auge gelangen, das Auge sofort gr\u00fcndlich mit klarem Wasser aussp\u00fclen.<\/li>\n<li>Au\u00dfer Reichweite von Kindern aufbewahren.<\/li>\n<li>Nicht schlucken. Bei Verschlucken Arzt oder Giftzentrale aufsuchen.<\/li>\n<\/ol>\n","protected":false},"excerpt":{"rendered":"<p>Die Moringa Ceramide BB Cream von <strong>Heimish<\/strong> deckt m\u00fchelos R\u00f6tungen und ungleichm\u00e4\u00dfige Hautt\u00f6ne ab und st\u00e4rkt gleichzeitig die Hautbarriere. Diese leichte, aufbaubare Grundierung gl\u00e4ttet die Hautstruktur und spendet der Haut Feuchtigkeit f\u00fcr eine dauerhafte Abdeckung.<\/p>\n<p>Die barrierest\u00e4rkende Formel der Moringa Ceramide BB Cream von Heimish ist mit fermentiertem Moringa\u00f6l und Ceramid angereichert. Es bietet sowohl Feuchtigkeit als auch leichte, aufbaubare Deckkraft und ist in f\u00fcnf Farbt\u00f6nen f\u00fcr helle bis olivfarbene Hautt\u00f6ne erh\u00e4ltlich. Funktioniert als hervorragende Basis, damit das Make-up l\u00e4nger h\u00e4lt, oder als eigenst\u00e4ndige BB-Creme, um schwerere Grundierungen zu ersetzen. Es sorgt f\u00fcr ein jugendliches, satiniertes Finish, das den Hautton ausgleicht und einen frischen Glanz hinterl\u00e4sst.<\/p>\n","protected":false},"featured_media":6319,"comment_status":"open","ping_status":"closed","template":"","meta":{"content-type":"","site-sidebar-layout":"default","site-content-layout":"default","ast-site-content-layout":"default","site-content-style":"default","site-sidebar-style":"default","ast-global-header-display":"","ast-banner-title-visibility":"","ast-main-header-display":"","ast-hfb-above-header-display":"","ast-hfb-below-header-display":"","ast-hfb-mobile-header-display":"","site-post-title":"","ast-breadcrumbs-content":"","ast-featured-img":"","footer-sml-layout":"","ast-disable-related-posts":"","theme-transparent-header-meta":"default","adv-header-id-meta":"","stick-header-meta":"","header-above-stick-meta":"","header-main-stick-meta":"","header-below-stick-meta":"","astra-migrate-meta-layouts":"set","ast-page-background-enabled":"default","ast-page-background-meta":{"desktop":{"background-color":"","background-image":"","background-repeat":"repeat","background-position":"center center","background-size":"auto","background-attachment":"scroll","background-type":"","background-media":"","overlay-type":"","overlay-color":"","overlay-opacity":"","overlay-gradient":""},"tablet":{"background-color":"","background-image":"","background-repeat":"repeat","background-position":"center center","background-size":"auto","background-attachment":"scroll","background-type":"","background-media":"","overlay-type":"","overlay-color":"","overlay-opacity":"","overlay-gradient":""},"mobile":{"background-color":"","background-image":"","background-repeat":"repeat","background-position":"center center","background-size":"auto","background-attachment":"scroll","background-type":"","background-media":"","overlay-type":"","overlay-color":"","overlay-opacity":"","overlay-gradient":""}},"ast-content-background-meta":{"desktop":{"background-color":"var(--ast-global-color-5)","background-image":"","background-repeat":"repeat","background-position":"center center","background-size":"auto","background-attachment":"scroll","background-type":"","background-media":"","overlay-type":"","overlay-color":"","overlay-opacity":"","overlay-gradient":""},"tablet":{"background-color":"var(--ast-global-color-5)","background-image":"","background-repeat":"repeat","background-position":"center center","background-size":"auto","background-attachment":"scroll","background-type":"","background-media":"","overlay-type":"","overlay-color":"","overlay-opacity":"","overlay-gradient":""},"mobile":{"background-color":"var(--ast-global-color-5)","background-image":"","background-repeat":"repeat","background-position":"center center","background-size":"auto","background-attachment":"scroll","background-type":"","background-media":"","overlay-type":"","overlay-color":"","overlay-opacity":"","overlay-gradient":""}}},"product_brand":[],"product_cat":[313,140,66,327,31],"product_tag":[36],"class_list":{"0":"post-6257","1":"product","2":"type-product","3":"status-publish","4":"has-post-thumbnail","6":"product_cat-gesichtssonnencreme","7":"product_cat-heimish","8":"product_cat-make-up","9":"product_cat-new-arrivals","10":"product_cat-gesicht","11":"product_tag-sonnenschutz","12":"desktop-align-center","13":"tablet-align-center","14":"mobile-align-center","16":"first","17":"outofstock","18":"taxable","19":"shipping-taxable","20":"purchasable","21":"product-type-simple"},"_links":{"self":[{"href":"https:\/\/tomyklou.gr\/de\/wp-json\/wp\/v2\/product\/6257","targetHints":{"allow":["GET"]}}],"collection":[{"href":"https:\/\/tomyklou.gr\/de\/wp-json\/wp\/v2\/product"}],"about":[{"href":"https:\/\/tomyklou.gr\/de\/wp-json\/wp\/v2\/types\/product"}],"replies":[{"embeddable":true,"href":"https:\/\/tomyklou.gr\/de\/wp-json\/wp\/v2\/comments?post=6257"}],"wp:featuredmedia":[{"embeddable":true,"href":"https:\/\/tomyklou.gr\/de\/wp-json\/wp\/v2\/media\/6319"}],"wp:attachment":[{"href":"https:\/\/tomyklou.gr\/de\/wp-json\/wp\/v2\/media?parent=6257"}],"wp:term":[{"taxonomy":"product_brand","embeddable":true,"href":"https:\/\/tomyklou.gr\/de\/wp-json\/wp\/v2\/product_brand?post=6257"},{"taxonomy":"product_cat","embeddable":true,"href":"https:\/\/tomyklou.gr\/de\/wp-json\/wp\/v2\/product_cat?post=6257"},{"taxonomy":"product_tag","embeddable":true,"href":"https:\/\/tomyklou.gr\/de\/wp-json\/wp\/v2\/product_tag?post=6257"}],"curies":[{"name":"wp","href":"https:\/\/api.w.org\/{rel}","templated":true}]}}