{"id":6266,"date":"2023-07-05T14:17:10","date_gmt":"2023-07-05T12:17:10","guid":{"rendered":"https:\/\/tomyklou.gr\/product\/goodal-houttuynia-cordata-calming-ph-balancing-cleansing-foam-150ml\/"},"modified":"2026-02-22T18:44:40","modified_gmt":"2026-02-22T16:44:40","slug":"goodal-houttuynia-cordata-calming-ph-balancing-cleansing-foam-150ml","status":"publish","type":"product","link":"https:\/\/tomyklou.gr\/de\/product\/goodal-houttuynia-cordata-calming-ph-balancing-cleansing-foam\/","title":{"rendered":"Goodal Houttuynia Cordata Calming ph Balancing Cleansing Foam 150ml"},"content":{"rendered":"<h3>Anwendung<\/h3>\n<ol>\n<li>Auf die feuchte Haut auftragen.<\/li>\n<li>Sanft in die Haut einmassieren<\/li>\n<li>Mit lauwarmem Wasser absp\u00fclen und mit einem weichen, sauberen Handtuch trocken tupfen<\/li>\n<\/ol>\n<h3>Hauptinhaltsstoffe<\/h3>\n<p>Water, Glycerin, Sodium Cocoyl Glycinate, Sodium Lauroyl Glutamate, Houttuynia Cordata Extract, 1,2-Hexanediol, Hydroxypropyl Starch Phosphate, Phellodendron Amurense Bark Extract, Theobroma Cacao (Cocoa) Seed Extract, Centella Asiatica Extract, Laminaria Japonica Extract, Ficus Carica (Fig) Fruit Extract, Eclipta Prostrata Leaf Extract, Ulmus Davidiana Root Extract, Amaranthus Caudatus Seed Extract, Citrus Aurantium Dulcis (Orange) Peel Oil, Olea Europaea (Olive) Fruit Oil, Lavandula Angustifolia (Lavender) Oil, Pelargonium Graveolens Flower Oil, Ocimum Basilicum (Basil) Oil, Sodium Hyaluronate, Hydrogenated Lecithin, Lauryl Betaine, Butylene Glycol, Sodium Chloride, Decylene Glycol, Betaine, Houttuynia Cordata Powder, Dextrin, Fructooligosaccharides, Beta-Glucan, Ceramide NP, Hydrolyzed Hyaluronic Acid, Hydroxyacetophenone, Ethylhexylglycerin<\/p>\n<h3>Warnhinweise<\/h3>\n<ol>\n<li>Nur zur \u00e4u\u00dferlichen Anwendung geeignet.<\/li>\n<li>Nicht auf verletzte Haut oder auf Wunden auftragen.<\/li>\n<li>Sollten Nebenwirkungen wie Irritationen oder Ausschlag eintreten, Anwendung sofort beenden und unverz\u00fcglich an einen Arzt wenden.<\/li>\n<li>Kontakt mit den Augen vermeiden. Sollte das Produkt ins Auge gelangen, das Auge sofort gr\u00fcndlich mit klarem Wasser aussp\u00fclen.<\/li>\n<li>Au\u00dfer Reichweite von Kindern aufbewahren.<\/li>\n<li>Nicht schlucken. Bei Verschlucken Arzt oder Giftzentrale aufsuchen.<\/li>\n<\/ol>\n","protected":false},"excerpt":{"rendered":"<p>Feuchtigkeitsspendende Reinigung, die kein Spannungsgef\u00fchl hinterl\u00e4sst, mit dem feuchtigkeitsspendenden und dichten Houttunynica-Cordata-Teig, einer Mischung aus nat\u00fcrlich gewonnener Hyalurons\u00e4ure und Houttunynica-Cordata-Power<\/p>\n<p><strong>Vorteile: <\/strong><\/p>\n<ul>\n<li>Feiner Schaum mit einem pH-Wert von 5,8 (\u00b10,5)<\/li>\n<li>Houttunynica cordata Pulver<\/li>\n<li>Abgeschlossene Tests auf Hautreizungen<\/li>\n<\/ul>\n","protected":false},"featured_media":6308,"comment_status":"open","ping_status":"closed","template":"","meta":{"content-type":"","site-sidebar-layout":"default","site-content-layout":"default","ast-site-content-layout":"default","site-content-style":"default","site-sidebar-style":"default","ast-global-header-display":"","ast-banner-title-visibility":"","ast-main-header-display":"","ast-hfb-above-header-display":"","ast-hfb-below-header-display":"","ast-hfb-mobile-header-display":"","site-post-title":"","ast-breadcrumbs-content":"","ast-featured-img":"","footer-sml-layout":"","ast-disable-related-posts":"","theme-transparent-header-meta":"default","adv-header-id-meta":"","stick-header-meta":"","header-above-stick-meta":"","header-main-stick-meta":"","header-below-stick-meta":"","astra-migrate-meta-layouts":"default","ast-page-background-enabled":"default","ast-page-background-meta":{"desktop":{"background-color":"","background-image":"","background-repeat":"repeat","background-position":"center center","background-size":"auto","background-attachment":"scroll","background-type":"","background-media":"","overlay-type":"","overlay-color":"","overlay-opacity":"","overlay-gradient":""},"tablet":{"background-color":"","background-image":"","background-repeat":"repeat","background-position":"center center","background-size":"auto","background-attachment":"scroll","background-type":"","background-media":"","overlay-type":"","overlay-color":"","overlay-opacity":"","overlay-gradient":""},"mobile":{"background-color":"","background-image":"","background-repeat":"repeat","background-position":"center center","background-size":"auto","background-attachment":"scroll","background-type":"","background-media":"","overlay-type":"","overlay-color":"","overlay-opacity":"","overlay-gradient":""}},"ast-content-background-meta":{"desktop":{"background-color":"var(--ast-global-color-5)","background-image":"","background-repeat":"repeat","background-position":"center center","background-size":"auto","background-attachment":"scroll","background-type":"","background-media":"","overlay-type":"","overlay-color":"","overlay-opacity":"","overlay-gradient":""},"tablet":{"background-color":"var(--ast-global-color-5)","background-image":"","background-repeat":"repeat","background-position":"center center","background-size":"auto","background-attachment":"scroll","background-type":"","background-media":"","overlay-type":"","overlay-color":"","overlay-opacity":"","overlay-gradient":""},"mobile":{"background-color":"var(--ast-global-color-5)","background-image":"","background-repeat":"repeat","background-position":"center center","background-size":"auto","background-attachment":"scroll","background-type":"","background-media":"","overlay-type":"","overlay-color":"","overlay-opacity":"","overlay-gradient":""}}},"product_brand":[],"product_cat":[312,139,327,31],"product_tag":[64],"class_list":{"0":"post-6266","1":"product","2":"type-product","3":"status-publish","4":"has-post-thumbnail","6":"product_cat-gesichtsreiniger","7":"product_cat-goodal","8":"product_cat-new-arrivals","9":"product_cat-gesicht","10":"product_tag-reinigung","11":"desktop-align-center","12":"tablet-align-center","13":"mobile-align-center","15":"first","16":"outofstock","17":"taxable","18":"shipping-taxable","19":"purchasable","20":"product-type-simple"},"_links":{"self":[{"href":"https:\/\/tomyklou.gr\/de\/wp-json\/wp\/v2\/product\/6266","targetHints":{"allow":["GET"]}}],"collection":[{"href":"https:\/\/tomyklou.gr\/de\/wp-json\/wp\/v2\/product"}],"about":[{"href":"https:\/\/tomyklou.gr\/de\/wp-json\/wp\/v2\/types\/product"}],"replies":[{"embeddable":true,"href":"https:\/\/tomyklou.gr\/de\/wp-json\/wp\/v2\/comments?post=6266"}],"wp:featuredmedia":[{"embeddable":true,"href":"https:\/\/tomyklou.gr\/de\/wp-json\/wp\/v2\/media\/6308"}],"wp:attachment":[{"href":"https:\/\/tomyklou.gr\/de\/wp-json\/wp\/v2\/media?parent=6266"}],"wp:term":[{"taxonomy":"product_brand","embeddable":true,"href":"https:\/\/tomyklou.gr\/de\/wp-json\/wp\/v2\/product_brand?post=6266"},{"taxonomy":"product_cat","embeddable":true,"href":"https:\/\/tomyklou.gr\/de\/wp-json\/wp\/v2\/product_cat?post=6266"},{"taxonomy":"product_tag","embeddable":true,"href":"https:\/\/tomyklou.gr\/de\/wp-json\/wp\/v2\/product_tag?post=6266"}],"curies":[{"name":"wp","href":"https:\/\/api.w.org\/{rel}","templated":true}]}}