{"id":6268,"date":"2023-07-05T14:17:11","date_gmt":"2023-07-05T12:17:11","guid":{"rendered":"https:\/\/tomyklou.gr\/product\/g9-skin-ac-solution-acne-foam-cleanser-120ml\/"},"modified":"2026-02-22T18:44:40","modified_gmt":"2026-02-22T16:44:40","slug":"g9-skin-ac-solution-acne-foam-cleanser-120ml","status":"publish","type":"product","link":"https:\/\/tomyklou.gr\/de\/product\/g9-skin-ac-solution-acne-foam-cleanser\/","title":{"rendered":"G9 SKIN AC Solution Acne Foam Cleanser 120ml"},"content":{"rendered":"<h3>Anwendung<\/h3>\n<ol>\n<li>Geben Sie eine kleine Menge des Produkts in die Handfl\u00e4chen, massieren Sie es zu einem weichen Schaum ein und tragen Sie es durch sanftes Massieren auf die Haut auf.<\/li>\n<li>Mit reichlich lauwarmem Wasser entfernen.<\/li>\n<\/ol>\n<h3>Inhaltsstoffe<\/h3>\n<p>Water, Glycerin, Palmitic Acid, Stearic Acid, Lauric Acid, Myristic Acid, Potassium Hydroxide, Glyceryl Stearate SE, Cocamide DEA, Propylene Glycol, Beeswax, Cocamidopropyl Betaine, Glycol Distearate, PEG-60 Hydrogenated Castor Oil, Salicylic Acid, Phenoxyethanol, Fragrance, Sodium Chloride, Chlorphenesin, Centella Asiatica Extract, Tocopheryl Acetate, Hamamelis Virginiana (Witch Hazel) Extract, Alcohol, Disodium EDTA, BHT, Butylene Glycol, Eucalyptus Globulus Leaf Extract, Sophora Angustifolia Root Extract, Citrus Paradisi (Grapefruit) Fruit Extract<\/p>\n<h3>Warnhinweise<\/h3>\n<ol>\n<li>Nur zur \u00e4u\u00dferlichen Anwendung geeignet.<\/li>\n<li>Nicht auf verletzte Haut oder auf Wunden auftragen.<\/li>\n<li>Sollten Nebenwirkungen wie Irritationen oder Ausschlag eintreten, Anwendung sofort beenden und unverz\u00fcglich an einen Arzt wenden.<\/li>\n<li>Kontakt mit den Augen vermeiden. Sollte das Produkt ins Auge gelangen, das Auge sofort gr\u00fcndlich mit klarem Wasser aussp\u00fclen.<\/li>\n<li>Au\u00dfer Reichweite von Kindern aufbewahren.<\/li>\n<li>Nicht schlucken. Bei Verschlucken Arzt oder Giftzentrale aufsuchen.<\/li>\n<\/ol>\n","protected":false},"excerpt":{"rendered":"<p>Ein milder Schaumreiniger, der f\u00fcr die richtige und sanfte Pflege empfindlicher, fettiger und zu Akne neigender Haut geeignet und gepr\u00fcft ist. Es verf\u00fcgt \u00fcber nat\u00fcrliche Reinigungs- und Peelingwirkstoffe, die die Haut regenerieren und ihr Wohlbefinden verbessern. Zu seinen Bestandteilen geh\u00f6ren 5 Arten pflanzlicher Inhaltsstoffe wie Centella Asiatica und Hamameliswasser, die h\u00e4ufig zur Optimierung der Heilungsprozesse gesch\u00e4digter Haut eingesetzt werden. Es enth\u00e4lt au\u00dferdem Salicyls\u00e4ure, die dabei hilft, abgestorbene Hautsch\u00fcppchen im Gesicht zu entfernen, die Talgsekretion zu kontrollieren, das Verstopfen der Poren durch Schmutz zu verhindern und die Haut gesund zu halten.<\/p>\n","protected":false},"featured_media":6295,"comment_status":"open","ping_status":"closed","template":"","meta":{"content-type":"","site-sidebar-layout":"default","site-content-layout":"default","ast-site-content-layout":"default","site-content-style":"default","site-sidebar-style":"default","ast-global-header-display":"","ast-banner-title-visibility":"","ast-main-header-display":"","ast-hfb-above-header-display":"","ast-hfb-below-header-display":"","ast-hfb-mobile-header-display":"","site-post-title":"","ast-breadcrumbs-content":"","ast-featured-img":"","footer-sml-layout":"","ast-disable-related-posts":"","theme-transparent-header-meta":"default","adv-header-id-meta":"","stick-header-meta":"","header-above-stick-meta":"","header-main-stick-meta":"","header-below-stick-meta":"","astra-migrate-meta-layouts":"default","ast-page-background-enabled":"default","ast-page-background-meta":{"desktop":{"background-color":"","background-image":"","background-repeat":"repeat","background-position":"center center","background-size":"auto","background-attachment":"scroll","background-type":"","background-media":"","overlay-type":"","overlay-color":"","overlay-opacity":"","overlay-gradient":""},"tablet":{"background-color":"","background-image":"","background-repeat":"repeat","background-position":"center center","background-size":"auto","background-attachment":"scroll","background-type":"","background-media":"","overlay-type":"","overlay-color":"","overlay-opacity":"","overlay-gradient":""},"mobile":{"background-color":"","background-image":"","background-repeat":"repeat","background-position":"center center","background-size":"auto","background-attachment":"scroll","background-type":"","background-media":"","overlay-type":"","overlay-color":"","overlay-opacity":"","overlay-gradient":""}},"ast-content-background-meta":{"desktop":{"background-color":"var(--ast-global-color-5)","background-image":"","background-repeat":"repeat","background-position":"center center","background-size":"auto","background-attachment":"scroll","background-type":"","background-media":"","overlay-type":"","overlay-color":"","overlay-opacity":"","overlay-gradient":""},"tablet":{"background-color":"var(--ast-global-color-5)","background-image":"","background-repeat":"repeat","background-position":"center center","background-size":"auto","background-attachment":"scroll","background-type":"","background-media":"","overlay-type":"","overlay-color":"","overlay-opacity":"","overlay-gradient":""},"mobile":{"background-color":"var(--ast-global-color-5)","background-image":"","background-repeat":"repeat","background-position":"center center","background-size":"auto","background-attachment":"scroll","background-type":"","background-media":"","overlay-type":"","overlay-color":"","overlay-opacity":"","overlay-gradient":""}}},"product_brand":[],"product_cat":[312,138,327,31],"product_tag":[64],"class_list":{"0":"post-6268","1":"product","2":"type-product","3":"status-publish","4":"has-post-thumbnail","6":"product_cat-gesichtsreiniger","7":"product_cat-g9-skin","8":"product_cat-new-arrivals","9":"product_cat-gesicht","10":"product_tag-reinigung","11":"desktop-align-center","12":"tablet-align-center","13":"mobile-align-center","15":"first","16":"outofstock","17":"taxable","18":"shipping-taxable","19":"purchasable","20":"product-type-simple"},"_links":{"self":[{"href":"https:\/\/tomyklou.gr\/de\/wp-json\/wp\/v2\/product\/6268","targetHints":{"allow":["GET"]}}],"collection":[{"href":"https:\/\/tomyklou.gr\/de\/wp-json\/wp\/v2\/product"}],"about":[{"href":"https:\/\/tomyklou.gr\/de\/wp-json\/wp\/v2\/types\/product"}],"replies":[{"embeddable":true,"href":"https:\/\/tomyklou.gr\/de\/wp-json\/wp\/v2\/comments?post=6268"}],"wp:featuredmedia":[{"embeddable":true,"href":"https:\/\/tomyklou.gr\/de\/wp-json\/wp\/v2\/media\/6295"}],"wp:attachment":[{"href":"https:\/\/tomyklou.gr\/de\/wp-json\/wp\/v2\/media?parent=6268"}],"wp:term":[{"taxonomy":"product_brand","embeddable":true,"href":"https:\/\/tomyklou.gr\/de\/wp-json\/wp\/v2\/product_brand?post=6268"},{"taxonomy":"product_cat","embeddable":true,"href":"https:\/\/tomyklou.gr\/de\/wp-json\/wp\/v2\/product_cat?post=6268"},{"taxonomy":"product_tag","embeddable":true,"href":"https:\/\/tomyklou.gr\/de\/wp-json\/wp\/v2\/product_tag?post=6268"}],"curies":[{"name":"wp","href":"https:\/\/api.w.org\/{rel}","templated":true}]}}