{"id":6269,"date":"2023-07-05T14:17:11","date_gmt":"2023-07-05T12:17:11","guid":{"rendered":"https:\/\/tomyklou.gr\/product\/dr-jart-cicapair-tiger-grass-color-correcting-treatment-cream-50ml\/"},"modified":"2026-02-22T18:44:40","modified_gmt":"2026-02-22T16:44:40","slug":"dr-jart-cicapair-tiger-grass-color-correcting-treatment-cream-50ml","status":"publish","type":"product","link":"https:\/\/tomyklou.gr\/de\/product\/dr-jart-cicapair-tiger-grass-color-correcting-treatment-cream\/","title":{"rendered":"Dr. Jart+ Cicapair Tiger Grass Color Correcting Treatment Cream 50ml"},"content":{"rendered":"<h3>Anwendung<\/h3>\n<ol>\n<li>Tragen Sie nach Ihrem Serum eine kleine Menge auf die Haut auf.<\/li>\n<li>Diese sch\u00fctzende Pflege ver\u00e4ndert ihre Farbe von Gr\u00fcn zu Beige, um R\u00f6tungen abzudecken und den Teint vor dem Make-up zu vereinheitlichen.<\/li>\n<\/ol>\n<h3>Inhaltsstoffe<\/h3>\n<p>Aqua, Cyclopentasiloxane, CI 77891, Dimethicone, Caprylyl Methicone, Ethylhexyl Palmitate, Glycerin, Lauryl PEG-8 Dimethicone, Octyldodecanol, Phenyl Trimethicone, Triethylhexanoin, Butylene Glycol, Centella Asiatica Extract, Niacinamide, Tridecyl Trimellitate, Trimethylsiloxysilicate, Disteardimonium Hectorite, 1,2-Hexanediol, Dimethicone\/Vinyl Dimethicone Crosspolymer, PEG-10 Dimethicone, Phytosteryl\/Isostearyl\/Cetyl\/Stearyl\/Behenyl Dimer Dilinoleate, Vinyl Dimethicone\/Methicone Silsesquioxane Crosspolymer, CI 77491, Glyceryl Tribehenate\/Isostearate\/Eicosandioate, Magnesium Sulfate, CI 77492, Hydrogenated Coco-Glycerides, Stearic Acid, Alumina, Panthenol, Ceresin, CI 77499, Ethylcellulose, Caprylyl Glycol, Synthetic Fluorphlogopite, CI 77288, Polyvinyl Alcohol, Ethylhexylglycerin, Madecassoside, Adenosine, Trisodium Ethylenediamine Disuccinate, Triethoxycaprylylsilane, Eryngium Maritimum Callus Culture Filtrate, Glycine Soja Peptide, Streptococcus Thermophilus Ferment, Aluminum Hydroxide, Asiaticoside, Houttuynia Cordata Extract, Ilex Aquifolium Leaf Extract, Centella Asiatica Leaf Extract, Achillea Millefolium Oil, Hedera Helix Extract, Tocopherol, Silica, Calcium Chloride, Asiatic Acid, Madecassic Acid<\/p>\n<h3>Warnhinweise<\/h3>\n<ol>\n<li>Nur zur \u00e4u\u00dferlichen Anwendung geeignet.<\/li>\n<li>Nicht auf verletzte Haut oder auf Wunden auftragen.<\/li>\n<li>Sollten Nebenwirkungen wie Irritationen oder Ausschlag eintreten, Anwendung sofort beenden und unverz\u00fcglich an einen Arzt wenden.<\/li>\n<li>Kontakt mit den Augen vermeiden. Sollte das Produkt ins Auge gelangen, das Auge sofort gr\u00fcndlich mit klarem Wasser aussp\u00fclen.<\/li>\n<li>Au\u00dfer Reichweite von Kindern aufbewahren.<\/li>\n<li>Nicht schlucken. Bei Verschlucken Arzt oder Giftzentrale aufsuchen.<\/li>\n<\/ol>\n","protected":false},"excerpt":{"rendered":"<p>Das Produkt korrigiert R\u00f6tungen, w\u00e4hrend seine Farbe von Blassgr\u00fcn zu Beige wechselt, und sch\u00fctzt die Haut vor sch\u00e4dlichen UV-Strahlen und Umwelteinfl\u00fcssen. Das All-in-one-Produkt enth\u00e4lt Farbwechsel-Kapseln, um Unreinheiten abzudecken und R\u00f6tungen zu neutralisieren und regeneriert m\u00fcde Haut f\u00fcr einen leuchtenden Teint. Die Formel enth\u00e4lt Tigergras (Centella Asiatica), das die Heilung von Entz\u00fcndungen, Reizungen oder mangelndem Hautkomfort von empfindlicher Haut unterst\u00fctzt.<\/p>\n","protected":false},"featured_media":6296,"comment_status":"open","ping_status":"closed","template":"","meta":{"content-type":"","site-sidebar-layout":"default","site-content-layout":"default","ast-site-content-layout":"default","site-content-style":"default","site-sidebar-style":"default","ast-global-header-display":"","ast-banner-title-visibility":"","ast-main-header-display":"","ast-hfb-above-header-display":"","ast-hfb-below-header-display":"","ast-hfb-mobile-header-display":"","site-post-title":"","ast-breadcrumbs-content":"","ast-featured-img":"","footer-sml-layout":"","ast-disable-related-posts":"","theme-transparent-header-meta":"default","adv-header-id-meta":"","stick-header-meta":"","header-above-stick-meta":"","header-main-stick-meta":"","header-below-stick-meta":"","astra-migrate-meta-layouts":"set","ast-page-background-enabled":"default","ast-page-background-meta":{"desktop":{"background-color":"","background-image":"","background-repeat":"repeat","background-position":"center center","background-size":"auto","background-attachment":"scroll","background-type":"","background-media":"","overlay-type":"","overlay-color":"","overlay-opacity":"","overlay-gradient":""},"tablet":{"background-color":"","background-image":"","background-repeat":"repeat","background-position":"center center","background-size":"auto","background-attachment":"scroll","background-type":"","background-media":"","overlay-type":"","overlay-color":"","overlay-opacity":"","overlay-gradient":""},"mobile":{"background-color":"","background-image":"","background-repeat":"repeat","background-position":"center center","background-size":"auto","background-attachment":"scroll","background-type":"","background-media":"","overlay-type":"","overlay-color":"","overlay-opacity":"","overlay-gradient":""}},"ast-content-background-meta":{"desktop":{"background-color":"var(--ast-global-color-5)","background-image":"","background-repeat":"repeat","background-position":"center center","background-size":"auto","background-attachment":"scroll","background-type":"","background-media":"","overlay-type":"","overlay-color":"","overlay-opacity":"","overlay-gradient":""},"tablet":{"background-color":"var(--ast-global-color-5)","background-image":"","background-repeat":"repeat","background-position":"center center","background-size":"auto","background-attachment":"scroll","background-type":"","background-media":"","overlay-type":"","overlay-color":"","overlay-opacity":"","overlay-gradient":""},"mobile":{"background-color":"var(--ast-global-color-5)","background-image":"","background-repeat":"repeat","background-position":"center center","background-size":"auto","background-attachment":"scroll","background-type":"","background-media":"","overlay-type":"","overlay-color":"","overlay-opacity":"","overlay-gradient":""}}},"product_brand":[],"product_cat":[322,131,327,31],"product_tag":[35],"class_list":{"0":"post-6269","1":"product","2":"type-product","3":"status-publish","4":"has-post-thumbnail","6":"product_cat-gesichtscreme","7":"product_cat-dr-jart","8":"product_cat-new-arrivals","9":"product_cat-gesicht","10":"product_tag-moisturizer","11":"desktop-align-center","12":"tablet-align-center","13":"mobile-align-center","15":"first","16":"outofstock","17":"taxable","18":"shipping-taxable","19":"purchasable","20":"product-type-simple"},"_links":{"self":[{"href":"https:\/\/tomyklou.gr\/de\/wp-json\/wp\/v2\/product\/6269","targetHints":{"allow":["GET"]}}],"collection":[{"href":"https:\/\/tomyklou.gr\/de\/wp-json\/wp\/v2\/product"}],"about":[{"href":"https:\/\/tomyklou.gr\/de\/wp-json\/wp\/v2\/types\/product"}],"replies":[{"embeddable":true,"href":"https:\/\/tomyklou.gr\/de\/wp-json\/wp\/v2\/comments?post=6269"}],"wp:featuredmedia":[{"embeddable":true,"href":"https:\/\/tomyklou.gr\/de\/wp-json\/wp\/v2\/media\/6296"}],"wp:attachment":[{"href":"https:\/\/tomyklou.gr\/de\/wp-json\/wp\/v2\/media?parent=6269"}],"wp:term":[{"taxonomy":"product_brand","embeddable":true,"href":"https:\/\/tomyklou.gr\/de\/wp-json\/wp\/v2\/product_brand?post=6269"},{"taxonomy":"product_cat","embeddable":true,"href":"https:\/\/tomyklou.gr\/de\/wp-json\/wp\/v2\/product_cat?post=6269"},{"taxonomy":"product_tag","embeddable":true,"href":"https:\/\/tomyklou.gr\/de\/wp-json\/wp\/v2\/product_tag?post=6269"}],"curies":[{"name":"wp","href":"https:\/\/api.w.org\/{rel}","templated":true}]}}