{"id":6364,"date":"2023-07-05T16:07:48","date_gmt":"2023-07-05T14:07:48","guid":{"rendered":"https:\/\/tomyklou.gr\/product\/apieu-mineral-lipeye-remover-sweet-rose-250ml\/"},"modified":"2026-02-22T18:44:39","modified_gmt":"2026-02-22T16:44:39","slug":"apieu-mineral-lip-eye-remover-sweet-rose-250ml","status":"publish","type":"product","link":"https:\/\/tomyklou.gr\/de\/product\/apieu-mineral-lipeye-removersweet-roselarge-volume-250ml\/","title":{"rendered":"A\u2019pieu Mineral Lip&amp;Eye Remover(Sweet Rose)(Large Volume) 250ml"},"content":{"rendered":"<h3><strong>Anwendung<\/strong><\/h3>\n<ol>\n<li>Vor Gebrauch gut sch\u00fctteln.<\/li>\n<li>Tragen Sie eine entsprechende Menge auf ein Wattepad auf und halten Sie das Wattepad ca. 15 Sek. auf Augen\/Mund.<\/li>\n<li>Wischen Sie das Make-up vorsichtig ab.<\/li>\n<\/ol>\n<h3><strong>Inhaltsstoffe<\/strong><\/h3>\n<p>Wasser, PEG-6 Capryl-\/ Capringlyceride, Propandiol, Dipropylenglycol, Glycerin, Phenoxyethanol, Caprylylglycol, Linum Usitatissimum (Leinsamen)-Samenextrakt, PEG-40 hydriertes Rizinus\u00f6l, PPG-26-Buteth-26, Allantoin, Betainglucosid, Natriumcitrat, Dinatrium-EDTA, Zitronens\u00e4ure, Wasser, Meerwasser, Butylenglycol, 1,2-Hexandiol, Pentylenglycol, Nigella Sativa Samenextrakt, Ribes Nigrum (Schwarze Johannisbeere) Blattextrakt, Rubus Fruticosus (Brombeere) Fruchtextrakt, Alchemilla Vulgaris Blattextrakt, Aspalathus Linearis Extrakt, Camellia Sinensis Blattextrakt, Euterpe Oleracea Fruchtextrakt, Hibiscus Sabdariffa Bl\u00fctenextrakt, Melissa Officinalis Blattextrakt, Rosa Canina Fruchtextrakt, Rosmarinus Officinalis (Rosmarin) Fruchtextrakt, Essig (Extrakt) Macrocarpon (Cranberry) Fruchtextrakt<\/p>\n<h6>&nbsp;<\/h6>\n<h3>Warnhinweise<\/h3>\n<ol>\n<li>Nur zur \u00e4u\u00dferlichen Anwendung geeignet.<\/li>\n<li>Nicht auf verletzte Haut oder auf Wunden auftragen.<\/li>\n<li>Sollten Nebenwirkungen wie Irritationen oder Ausschlag eintreten, Anwendung sofort beenden und unverz\u00fcglich an einen Arzt wenden.<\/li>\n<li>Kontakt mit den Augen vermeiden. Sollte das Produkt ins Auge gelangen, das Auge sofort gr\u00fcndlich mit klarem Wasser aussp\u00fclen.<\/li>\n<li>Au\u00dfer Reichweite von Kindern aufbewahren.<\/li>\n<li>Nicht schlucken. Bei Verschlucken Arzt oder Giftzentrale aufsuchen.<\/li>\n<\/ol>\n","protected":false},"excerpt":{"rendered":"<p>Ein sanfter, effektiver Augen-Make-up-Entferner mit einem k\u00fchlen und erfrischenden Meeresduft<br \/>\n&#8211; Lippen- und Augenentfernung, die alle Arten von Make-up entfernt, einschlie\u00dflich wasserfester Arten<br \/>\n&#8211; die L\u00f6sung gleitet \u00fcber die Haut f\u00fcr ein seidiges Finish ohne R\u00fcckst\u00e4nde<br \/>\n&#8211; Super schonende Entfernung, ideal f\u00fcr empfindliche Augen- und Mundpartien<br \/>\n&#8211; Enth\u00e4lt hautfeuchtigkeitsspendende Inhaltsstoffe, die die Haut nach der Reinigung mit Feuchtigkeit versorgen<\/p>\n","protected":false},"featured_media":3016,"comment_status":"open","ping_status":"closed","template":"","meta":{"content-type":"","site-sidebar-layout":"default","site-content-layout":"default","ast-site-content-layout":"default","site-content-style":"default","site-sidebar-style":"default","ast-global-header-display":"","ast-banner-title-visibility":"","ast-main-header-display":"","ast-hfb-above-header-display":"","ast-hfb-below-header-display":"","ast-hfb-mobile-header-display":"","site-post-title":"","ast-breadcrumbs-content":"","ast-featured-img":"","footer-sml-layout":"","ast-disable-related-posts":"","theme-transparent-header-meta":"default","adv-header-id-meta":"","stick-header-meta":"","header-above-stick-meta":"","header-main-stick-meta":"","header-below-stick-meta":"","astra-migrate-meta-layouts":"set","ast-page-background-enabled":"default","ast-page-background-meta":{"desktop":{"background-color":"","background-image":"","background-repeat":"repeat","background-position":"center center","background-size":"auto","background-attachment":"scroll","background-type":"","background-media":"","overlay-type":"","overlay-color":"","overlay-opacity":"","overlay-gradient":""},"tablet":{"background-color":"","background-image":"","background-repeat":"repeat","background-position":"center center","background-size":"auto","background-attachment":"scroll","background-type":"","background-media":"","overlay-type":"","overlay-color":"","overlay-opacity":"","overlay-gradient":""},"mobile":{"background-color":"","background-image":"","background-repeat":"repeat","background-position":"center center","background-size":"auto","background-attachment":"scroll","background-type":"","background-media":"","overlay-type":"","overlay-color":"","overlay-opacity":"","overlay-gradient":""}},"ast-content-background-meta":{"desktop":{"background-color":"var(--ast-global-color-5)","background-image":"","background-repeat":"repeat","background-position":"center center","background-size":"auto","background-attachment":"scroll","background-type":"","background-media":"","overlay-type":"","overlay-color":"","overlay-opacity":"","overlay-gradient":""},"tablet":{"background-color":"var(--ast-global-color-5)","background-image":"","background-repeat":"repeat","background-position":"center center","background-size":"auto","background-attachment":"scroll","background-type":"","background-media":"","overlay-type":"","overlay-color":"","overlay-opacity":"","overlay-gradient":""},"mobile":{"background-color":"var(--ast-global-color-5)","background-image":"","background-repeat":"repeat","background-position":"center center","background-size":"auto","background-attachment":"scroll","background-type":"","background-media":"","overlay-type":"","overlay-color":"","overlay-opacity":"","overlay-gradient":""}}},"product_brand":[],"product_cat":[312,63,31,328],"product_tag":[64],"class_list":{"0":"post-6364","1":"product","2":"type-product","3":"status-publish","4":"has-post-thumbnail","6":"product_cat-gesichtsreiniger","7":"product_cat-apieu","8":"product_cat-gesicht","9":"product_cat-lippenpflege","10":"product_tag-reinigung","11":"desktop-align-center","12":"tablet-align-center","13":"mobile-align-center","15":"first","16":"outofstock","17":"taxable","18":"shipping-taxable","19":"purchasable","20":"product-type-simple"},"_links":{"self":[{"href":"https:\/\/tomyklou.gr\/de\/wp-json\/wp\/v2\/product\/6364","targetHints":{"allow":["GET"]}}],"collection":[{"href":"https:\/\/tomyklou.gr\/de\/wp-json\/wp\/v2\/product"}],"about":[{"href":"https:\/\/tomyklou.gr\/de\/wp-json\/wp\/v2\/types\/product"}],"replies":[{"embeddable":true,"href":"https:\/\/tomyklou.gr\/de\/wp-json\/wp\/v2\/comments?post=6364"}],"wp:featuredmedia":[{"embeddable":true,"href":"https:\/\/tomyklou.gr\/de\/wp-json\/wp\/v2\/media\/3016"}],"wp:attachment":[{"href":"https:\/\/tomyklou.gr\/de\/wp-json\/wp\/v2\/media?parent=6364"}],"wp:term":[{"taxonomy":"product_brand","embeddable":true,"href":"https:\/\/tomyklou.gr\/de\/wp-json\/wp\/v2\/product_brand?post=6364"},{"taxonomy":"product_cat","embeddable":true,"href":"https:\/\/tomyklou.gr\/de\/wp-json\/wp\/v2\/product_cat?post=6364"},{"taxonomy":"product_tag","embeddable":true,"href":"https:\/\/tomyklou.gr\/de\/wp-json\/wp\/v2\/product_tag?post=6364"}],"curies":[{"name":"wp","href":"https:\/\/api.w.org\/{rel}","templated":true}]}}