{"id":6380,"date":"2023-07-05T16:24:08","date_gmt":"2023-07-05T14:24:08","guid":{"rendered":"https:\/\/tomyklou.gr\/product\/atopalm-soothing-gel-lotion-120ml\/"},"modified":"2026-02-22T18:44:38","modified_gmt":"2026-02-22T16:44:38","slug":"atopalm-soothing-gel-lotion-120ml","status":"publish","type":"product","link":"https:\/\/tomyklou.gr\/de\/product\/atopalm-soothing-gel-lotion-120ml\/","title":{"rendered":"ATOPALM Soothing Gel Lotion 120ml"},"content":{"rendered":"<h3><strong>Anwendung<\/strong><\/h3>\n<ol>\n<li>Kann als After-Sun-Produkt verwendet werden. Verteilen Sie eine gro\u00dfz\u00fcgige Menge auf dem gesamten Gesicht oder anderen gew\u00fcnschten Bereichen.<\/li>\n<li>Oder als feuchtigkeitsspendende K\u00fchlmaskenpackung verwenden.<\/li>\n<\/ol>\n<h3><strong>Inhaltsstoffe<\/strong><\/h3>\n<p>Bambusa Vulgaris Water, Butylene Glycol, Ethylhexyl Palmitate, Pentylene Glycol, Hamamelis Virginiana (Witch Hazel) Leaf Water, Nelumbo Nucifera Flower Water, 1,2-Hexanediol, Cetearyl Alcohol, Centella Asiatica (Gotu Kola) Extract, Vitis Vinifera (Grape) Seed Oil, Carthamus Tinctorius (Safflower) Seed Oil, Camellia Sinensis (Green Tea) Seed Oil, Oenothera Biennis (Evening Primrose) Oil, Simmondsia Chinensis (Jojoba) Seed Oil, Helianthus Annuus (Sunflower) Seed Oil, Coco-Caprylate\/Caprate, Acrylates\/C10-30 Alkyl Acrylate Crosspolymer, Glycerin, Sodium Acrylic Acid\/MA Copolymer, alpha-Bisabolol, Sorbitan Stearate, Potassium Cetyl Phosphate, Stearic Acid, Sorbitan Laurate, Hydrogenated Olive Oil Unsaponifiables, Sodium Phytate, Dipotassium Glycyrrhizate, Portulaca Oleracea (Green Purslane) Extract, Myristoyl\/Palmitoyl Oxostearamide\/Arachamide MEA, Sodium Hyaluronate, Phytosterol, Hydroxyethylcellulose, Methyl Caprooyl Tyrosinate, Acetyl Dipeptide-1 Cetyl Ester, Chamomilla Recutita (Matricaria) Flower Oil, Salvia Officinalis (Sage) Oil, Sodium Hyaluronate Crosspolymer, Hydrolyzed Hyaluronic Acid, Hyaluronic Acid, Sodium Acetylated Hyaluronate, Hydroxypropyltrimonium Hyaluronate, Santalum Album (Sandalwood) Oil, Hydrolyzed Sodium Hyaluronate, Water, Arginine, Carbomer, Caprylyl Glycol, Ethylhexylglycerin<\/p>\n<h3>Warnhinweise<\/h3>\n<ol>\n<li>Nur zur \u00e4u\u00dferlichen Anwendung geeignet.<\/li>\n<li>Nicht auf verletzte Haut oder auf Wunden auftragen.<\/li>\n<li>Sollten Nebenwirkungen wie Irritationen oder Ausschlag eintreten, Anwendung sofort beenden und unverz\u00fcglich an einen Arzt wenden.<\/li>\n<li>Kontakt mit den Augen vermeiden. Sollte das Produkt ins Auge gelangen, das Auge sofort gr\u00fcndlich mit klarem Wasser aussp\u00fclen.<\/li>\n<li>Au\u00dfer Reichweite von Kindern aufbewahren.<\/li>\n<li>Nicht schlucken. Bei Verschlucken Arzt oder Giftzentrale aufsuchen.<\/li>\n<\/ol>\n","protected":false},"excerpt":{"rendered":"<p>Eine Gel-Lotion mit Bambuswasser, die beruhigende Feuchtigkeit spendet, um die Haut Ihres Babys gesund zu halten.<br \/>\nDermatologisch getestet, ohne sch\u00e4dliche Inhaltsstoffe.<br \/>\nGeeignet f\u00fcr alle Altersgruppen, einschlie\u00dflich Kleinkinder.<br \/>\nFormuliert mit MLE\u2122 und 5 Arten von Feuchtigkeitscremes auf Pflanzenbasis, die aus Traubenkern\u00f6l, Saflorsamen\u00f6l, Gr\u00fcnteesamen\u00f6l, Sonnenblumenkern\u00f6l und Jojobasamen\u00f6l bestehen.<br \/>\nDiese nicht fettende Lotion wirkt beruhigend und k\u00fchlend und spendet gleichzeitig Feuchtigkeit.<\/p>\n","protected":false},"featured_media":3392,"comment_status":"open","ping_status":"closed","template":"","meta":{"content-type":"","site-sidebar-layout":"default","site-content-layout":"default","ast-site-content-layout":"default","site-content-style":"default","site-sidebar-style":"default","ast-global-header-display":"","ast-banner-title-visibility":"","ast-main-header-display":"","ast-hfb-above-header-display":"","ast-hfb-below-header-display":"","ast-hfb-mobile-header-display":"","site-post-title":"","ast-breadcrumbs-content":"","ast-featured-img":"","footer-sml-layout":"","ast-disable-related-posts":"","theme-transparent-header-meta":"default","adv-header-id-meta":"","stick-header-meta":"","header-above-stick-meta":"","header-main-stick-meta":"","header-below-stick-meta":"","astra-migrate-meta-layouts":"set","ast-page-background-enabled":"default","ast-page-background-meta":{"desktop":{"background-color":"","background-image":"","background-repeat":"repeat","background-position":"center center","background-size":"auto","background-attachment":"scroll","background-type":"","background-media":"","overlay-type":"","overlay-color":"","overlay-opacity":"","overlay-gradient":""},"tablet":{"background-color":"","background-image":"","background-repeat":"repeat","background-position":"center center","background-size":"auto","background-attachment":"scroll","background-type":"","background-media":"","overlay-type":"","overlay-color":"","overlay-opacity":"","overlay-gradient":""},"mobile":{"background-color":"","background-image":"","background-repeat":"repeat","background-position":"center center","background-size":"auto","background-attachment":"scroll","background-type":"","background-media":"","overlay-type":"","overlay-color":"","overlay-opacity":"","overlay-gradient":""}},"ast-content-background-meta":{"desktop":{"background-color":"var(--ast-global-color-5)","background-image":"","background-repeat":"repeat","background-position":"center center","background-size":"auto","background-attachment":"scroll","background-type":"","background-media":"","overlay-type":"","overlay-color":"","overlay-opacity":"","overlay-gradient":""},"tablet":{"background-color":"var(--ast-global-color-5)","background-image":"","background-repeat":"repeat","background-position":"center center","background-size":"auto","background-attachment":"scroll","background-type":"","background-media":"","overlay-type":"","overlay-color":"","overlay-opacity":"","overlay-gradient":""},"mobile":{"background-color":"var(--ast-global-color-5)","background-image":"","background-repeat":"repeat","background-position":"center center","background-size":"auto","background-attachment":"scroll","background-type":"","background-media":"","overlay-type":"","overlay-color":"","overlay-opacity":"","overlay-gradient":""}}},"product_brand":[],"product_cat":[322,81,113,85,31,71],"product_tag":[35],"class_list":{"0":"post-6380","1":"product","2":"type-product","3":"status-publish","4":"has-post-thumbnail","6":"product_cat-gesichtscreme","7":"product_cat-atopalm","8":"product_cat-spezielle-produkte","9":"product_cat-koerperlotion","10":"product_cat-gesicht","11":"product_cat-koerperpflege","12":"product_tag-moisturizer","13":"desktop-align-center","14":"tablet-align-center","15":"mobile-align-center","17":"first","18":"outofstock","19":"taxable","20":"shipping-taxable","21":"purchasable","22":"product-type-simple"},"_links":{"self":[{"href":"https:\/\/tomyklou.gr\/de\/wp-json\/wp\/v2\/product\/6380","targetHints":{"allow":["GET"]}}],"collection":[{"href":"https:\/\/tomyklou.gr\/de\/wp-json\/wp\/v2\/product"}],"about":[{"href":"https:\/\/tomyklou.gr\/de\/wp-json\/wp\/v2\/types\/product"}],"replies":[{"embeddable":true,"href":"https:\/\/tomyklou.gr\/de\/wp-json\/wp\/v2\/comments?post=6380"}],"wp:featuredmedia":[{"embeddable":true,"href":"https:\/\/tomyklou.gr\/de\/wp-json\/wp\/v2\/media\/3392"}],"wp:attachment":[{"href":"https:\/\/tomyklou.gr\/de\/wp-json\/wp\/v2\/media?parent=6380"}],"wp:term":[{"taxonomy":"product_brand","embeddable":true,"href":"https:\/\/tomyklou.gr\/de\/wp-json\/wp\/v2\/product_brand?post=6380"},{"taxonomy":"product_cat","embeddable":true,"href":"https:\/\/tomyklou.gr\/de\/wp-json\/wp\/v2\/product_cat?post=6380"},{"taxonomy":"product_tag","embeddable":true,"href":"https:\/\/tomyklou.gr\/de\/wp-json\/wp\/v2\/product_tag?post=6380"}],"curies":[{"name":"wp","href":"https:\/\/api.w.org\/{rel}","templated":true}]}}