{"id":6381,"date":"2023-07-05T16:24:08","date_gmt":"2023-07-05T14:24:08","guid":{"rendered":"https:\/\/tomyklou.gr\/product\/atopalm-panthenol-cream-80ml\/"},"modified":"2026-02-22T18:44:38","modified_gmt":"2026-02-22T16:44:38","slug":"atopalm-panthenol-cream-80ml","status":"publish","type":"product","link":"https:\/\/tomyklou.gr\/de\/product\/atopalm-panthenol-cream-80ml\/","title":{"rendered":"ATOPALM Panthenol Cream 80ml"},"content":{"rendered":"<h3><strong>Anwendung<\/strong><\/h3>\n<ol>\n<li>Nach dem Waschen des Gesichts oder Duschen eine moderate Menge einnehmen und auf die trockene Haut auftragen.<\/li>\n<li>F\u00fcr eine bessere Aufnahme sanft einklopfen.<\/li>\n<\/ol>\n<h3><strong>Inhaltsstoffe<\/strong><\/h3>\n<p>Purified Water, Panthenol, Cetearyl Alcohol, Pentylene Glycol, Caprylic\/Capric Triglyceride, Ethylhexyl Palmitate, Butylene Glycol, Stearic Acid, Sorbitan Stearate, Polyglyceryl-10 Diisostearate, Glyceryl Stearate, Theobroma Cacao (Cocoa) Seed Butter, Camellia Oleifera Seed Oil, Cetearyl Ethylhexanoate, 1,2-Hexanediol, Coco-Caprylate\/Caprate, Sunflower Oil Decyl Esters, Tocopherol, Phytosterols, Acrylates Copolymer, Myristoyl\/Palmitoyl Oxostearamide\/Arachamide MEA, Helianthus Annuus (Sunflower) Seed Oil, Caprylyl Glycol, Candelilla Wax, Hydrogenated Olive Oil Unsaponifiables, Allantoin, Arginine, Anthemis Nobilis Flower Oil, Vitis Vinifera (Grape) Seed Oil, Simmondsia Chinensis (Jojoba) Seed Oil, Carthamus Tinctorius (Safflower) Seed Oil, Camellia Sinensis Seed Oil, Salvia Officinalis (Sage) Oil, Madecassoside, Asiaticoside, Madecassic Acid, Asiatic Acid, Olea Europaea (Olive) Fruit Oil, Hydrogenated Vegetable Oil, Sodium Hyaluronate, Xanthan Gum, Hydroxyethyl Acrylate\/Sodium Acryloyldimethyl Taurate Copolymer, Sodium Phytate, Santalum Album (Sandalwood) Oil<\/p>\n<h3>Warnhinweise<\/h3>\n<ol>\n<li>Nur zur \u00e4u\u00dferlichen Anwendung geeignet.<\/li>\n<li>Nicht auf verletzte Haut oder auf Wunden auftragen.<\/li>\n<li>Sollten Nebenwirkungen wie Irritationen oder Ausschlag eintreten, Anwendung sofort beenden und unverz\u00fcglich an einen Arzt wenden.<\/li>\n<li>Kontakt mit den Augen vermeiden. Sollte das Produkt ins Auge gelangen, das Auge sofort gr\u00fcndlich mit klarem Wasser aussp\u00fclen.<\/li>\n<li>Au\u00dfer Reichweite von Kindern aufbewahren.<\/li>\n<li>Nicht schlucken. Bei Verschlucken Arzt oder Giftzentrale aufsuchen.<\/li>\n<\/ol>\n","protected":false},"excerpt":{"rendered":"<p>Formuliert mit Inhaltsstoffen der EWG Green Level 1-2.<br \/>\nTest auf Hautreizung abgeschlossen; geeignet f\u00fcr zarte Babyhaut.<br \/>\nEnth\u00e4lt Panthenol, ein Vitamin B5, das in die Haut aufgenommen werden kann, um gereizte Haut zu beruhigen und die Hautbarriere f\u00fcr eine ges\u00fcndere Haut zu st\u00e4rken.<br \/>\nMit patentierter MLE-Technologie zur St\u00e4rkung der Hautbarriere.<br \/>\nAngereichert mit Traubenkern\u00f6l, um die Haut zu n\u00e4hren und mit Feuchtigkeit zu versorgen, Saflorsamen\u00f6l, um Feuchtigkeit in der Haut zu bewahren, Gr\u00fcnteesamen\u00f6l, um m\u00fcde Haut zu beruhigen, Sonnenblumenkern\u00f6l, um die Aufnahmef\u00e4higkeit der Haut zu steigern, und Jojobasamen\u00f6l, um die Haut mit Feuchtigkeit zu versorgen und zu sch\u00fctzen Vitamine und Mineralien.<\/p>\n","protected":false},"featured_media":3395,"comment_status":"open","ping_status":"closed","template":"","meta":{"content-type":"","site-sidebar-layout":"default","site-content-layout":"default","ast-site-content-layout":"default","site-content-style":"default","site-sidebar-style":"default","ast-global-header-display":"","ast-banner-title-visibility":"","ast-main-header-display":"","ast-hfb-above-header-display":"","ast-hfb-below-header-display":"","ast-hfb-mobile-header-display":"","site-post-title":"","ast-breadcrumbs-content":"","ast-featured-img":"","footer-sml-layout":"","ast-disable-related-posts":"","theme-transparent-header-meta":"default","adv-header-id-meta":"","stick-header-meta":"","header-above-stick-meta":"","header-main-stick-meta":"","header-below-stick-meta":"","astra-migrate-meta-layouts":"set","ast-page-background-enabled":"default","ast-page-background-meta":{"desktop":{"background-color":"","background-image":"","background-repeat":"repeat","background-position":"center center","background-size":"auto","background-attachment":"scroll","background-type":"","background-media":"","overlay-type":"","overlay-color":"","overlay-opacity":"","overlay-gradient":""},"tablet":{"background-color":"","background-image":"","background-repeat":"repeat","background-position":"center center","background-size":"auto","background-attachment":"scroll","background-type":"","background-media":"","overlay-type":"","overlay-color":"","overlay-opacity":"","overlay-gradient":""},"mobile":{"background-color":"","background-image":"","background-repeat":"repeat","background-position":"center center","background-size":"auto","background-attachment":"scroll","background-type":"","background-media":"","overlay-type":"","overlay-color":"","overlay-opacity":"","overlay-gradient":""}},"ast-content-background-meta":{"desktop":{"background-color":"var(--ast-global-color-5)","background-image":"","background-repeat":"repeat","background-position":"center center","background-size":"auto","background-attachment":"scroll","background-type":"","background-media":"","overlay-type":"","overlay-color":"","overlay-opacity":"","overlay-gradient":""},"tablet":{"background-color":"var(--ast-global-color-5)","background-image":"","background-repeat":"repeat","background-position":"center center","background-size":"auto","background-attachment":"scroll","background-type":"","background-media":"","overlay-type":"","overlay-color":"","overlay-opacity":"","overlay-gradient":""},"mobile":{"background-color":"var(--ast-global-color-5)","background-image":"","background-repeat":"repeat","background-position":"center center","background-size":"auto","background-attachment":"scroll","background-type":"","background-media":"","overlay-type":"","overlay-color":"","overlay-opacity":"","overlay-gradient":""}}},"product_brand":[],"product_cat":[322,81,113,85,31,71],"product_tag":[35],"class_list":{"0":"post-6381","1":"product","2":"type-product","3":"status-publish","4":"has-post-thumbnail","6":"product_cat-gesichtscreme","7":"product_cat-atopalm","8":"product_cat-spezielle-produkte","9":"product_cat-koerperlotion","10":"product_cat-gesicht","11":"product_cat-koerperpflege","12":"product_tag-moisturizer","13":"desktop-align-center","14":"tablet-align-center","15":"mobile-align-center","17":"first","18":"outofstock","19":"taxable","20":"shipping-taxable","21":"purchasable","22":"product-type-simple"},"_links":{"self":[{"href":"https:\/\/tomyklou.gr\/de\/wp-json\/wp\/v2\/product\/6381","targetHints":{"allow":["GET"]}}],"collection":[{"href":"https:\/\/tomyklou.gr\/de\/wp-json\/wp\/v2\/product"}],"about":[{"href":"https:\/\/tomyklou.gr\/de\/wp-json\/wp\/v2\/types\/product"}],"replies":[{"embeddable":true,"href":"https:\/\/tomyklou.gr\/de\/wp-json\/wp\/v2\/comments?post=6381"}],"wp:featuredmedia":[{"embeddable":true,"href":"https:\/\/tomyklou.gr\/de\/wp-json\/wp\/v2\/media\/3395"}],"wp:attachment":[{"href":"https:\/\/tomyklou.gr\/de\/wp-json\/wp\/v2\/media?parent=6381"}],"wp:term":[{"taxonomy":"product_brand","embeddable":true,"href":"https:\/\/tomyklou.gr\/de\/wp-json\/wp\/v2\/product_brand?post=6381"},{"taxonomy":"product_cat","embeddable":true,"href":"https:\/\/tomyklou.gr\/de\/wp-json\/wp\/v2\/product_cat?post=6381"},{"taxonomy":"product_tag","embeddable":true,"href":"https:\/\/tomyklou.gr\/de\/wp-json\/wp\/v2\/product_tag?post=6381"}],"curies":[{"name":"wp","href":"https:\/\/api.w.org\/{rel}","templated":true}]}}