{"id":6384,"date":"2023-07-05T16:24:09","date_gmt":"2023-07-05T14:24:09","guid":{"rendered":"https:\/\/tomyklou.gr\/product\/atopalm-mle-lotion-200ml\/"},"modified":"2026-02-22T18:44:38","modified_gmt":"2026-02-22T16:44:38","slug":"atopalm-mle-lotion-200ml","status":"publish","type":"product","link":"https:\/\/tomyklou.gr\/de\/product\/atopalm-mle-lotion-200ml\/","title":{"rendered":"ATOPALM MLE Lotion 200ml"},"content":{"rendered":"<h3><strong>Anwendung<\/strong><\/h3>\n<ol>\n<li>Nach dem Waschen oder Duschen eine ausreichende Menge auf Gesicht und ganzen K\u00f6rper auftragen.<\/li>\n<li>Bei besonders trockenen und empfindlichen Stellen die MLE-Creme erneut auftragen.<\/li>\n<\/ol>\n<h3><strong>Inhaltsstoffe<\/strong><\/h3>\n<p>Water\/aqua, glycerin, propanediol, caprylic\/capric triglyceride, cetearyl ethylhexanoate, myristoyl\/ palmitoyloxostearamide\/arachamide mea, cetearyl alcohol, helianthus annuus(sunfower) seed oil, camellia sinensis seed oil, hydrogenated vegetable oil, olea europaea (olive) fruit oil, vitis vinifera (grape) seed oil, carthamustinctorius (safflower) seed oil, simmondsia chinensis (jojoba) seed oil, sunflower oil decyl esters, portulaca oleracea extract, viscum album (mistletoe) fruit extract, acetyl hexapeptide-8, polyglyceryl-10 distearate, glyceryl stearate, sorbitan stearate, tocopherol, beta-glucan, phytosterols, allantoin, carbomer, sodium phytate, stearic acid, sodium hyaluronate, anthemis nobilis flower oil, salvia officinalis (sage) oil, santalum album (sandalwood) oil, 1,2-hexanediol, caprylyl glycol.<\/p>\n<h3>Warnhinweise<\/h3>\n<ol>\n<li>Nur zur \u00e4u\u00dferlichen Anwendung geeignet.<\/li>\n<li>Nicht auf verletzte Haut oder auf Wunden auftragen.<\/li>\n<li>Sollten Nebenwirkungen wie Irritationen oder Ausschlag eintreten, Anwendung sofort beenden und unverz\u00fcglich an einen Arzt wenden.<\/li>\n<li>Kontakt mit den Augen vermeiden. Sollte das Produkt ins Auge gelangen, das Auge sofort gr\u00fcndlich mit klarem Wasser aussp\u00fclen.<\/li>\n<li>Au\u00dfer Reichweite von Kindern aufbewahren.<\/li>\n<li>Nicht schlucken. Bei Verschlucken Arzt oder Giftzentrale aufsuchen.<\/li>\n<\/ol>\n","protected":false},"excerpt":{"rendered":"<p>Feuchtigkeitsbarriere, \u00e4hnlich der nat\u00fcrlichen Haut ATOPALM MLE Lotion versiegelt die Feuchtigkeitsversorgung des ganzen K\u00f6rpers.<br \/>\nSt\u00e4rkt die Hautbarriere mit MLE-Textur, die eine gesunde nat\u00fcrliche Hautstruktur nachahmt.<\/p>\n<p>Sch\u00fctzende feuchtigkeitsspendende MLE-Lotion<br \/>\nMLE\u00ae (Multi-Lamellar Emulsion) \u2013 NeoPharms Originaltechnologie, die die Lipidschichtstruktur gesunder Haut und ihre Funktion perfekt nachahmt<br \/>\nMLE &#8211; Hautbarrierefunktion<br \/>\nNicht fettende, schnell einziehende Feuchtigkeitslotion zur Beruhigung und Linderung empfindlicher und trockener Haut. Hilft, die \u00fcberm\u00e4\u00dfige Verdunstung der hauteigenen Feuchtigkeit zu verhindern und sch\u00fctzt sie vor Umweltbelastungen.<\/p>\n","protected":false},"featured_media":3389,"comment_status":"open","ping_status":"closed","template":"","meta":{"content-type":"","site-sidebar-layout":"default","site-content-layout":"default","ast-site-content-layout":"default","site-content-style":"default","site-sidebar-style":"default","ast-global-header-display":"","ast-banner-title-visibility":"","ast-main-header-display":"","ast-hfb-above-header-display":"","ast-hfb-below-header-display":"","ast-hfb-mobile-header-display":"","site-post-title":"","ast-breadcrumbs-content":"","ast-featured-img":"","footer-sml-layout":"","ast-disable-related-posts":"","theme-transparent-header-meta":"default","adv-header-id-meta":"","stick-header-meta":"","header-above-stick-meta":"","header-main-stick-meta":"","header-below-stick-meta":"","astra-migrate-meta-layouts":"set","ast-page-background-enabled":"default","ast-page-background-meta":{"desktop":{"background-color":"","background-image":"","background-repeat":"repeat","background-position":"center center","background-size":"auto","background-attachment":"scroll","background-type":"","background-media":"","overlay-type":"","overlay-color":"","overlay-opacity":"","overlay-gradient":""},"tablet":{"background-color":"","background-image":"","background-repeat":"repeat","background-position":"center center","background-size":"auto","background-attachment":"scroll","background-type":"","background-media":"","overlay-type":"","overlay-color":"","overlay-opacity":"","overlay-gradient":""},"mobile":{"background-color":"","background-image":"","background-repeat":"repeat","background-position":"center center","background-size":"auto","background-attachment":"scroll","background-type":"","background-media":"","overlay-type":"","overlay-color":"","overlay-opacity":"","overlay-gradient":""}},"ast-content-background-meta":{"desktop":{"background-color":"var(--ast-global-color-5)","background-image":"","background-repeat":"repeat","background-position":"center center","background-size":"auto","background-attachment":"scroll","background-type":"","background-media":"","overlay-type":"","overlay-color":"","overlay-opacity":"","overlay-gradient":""},"tablet":{"background-color":"var(--ast-global-color-5)","background-image":"","background-repeat":"repeat","background-position":"center center","background-size":"auto","background-attachment":"scroll","background-type":"","background-media":"","overlay-type":"","overlay-color":"","overlay-opacity":"","overlay-gradient":""},"mobile":{"background-color":"var(--ast-global-color-5)","background-image":"","background-repeat":"repeat","background-position":"center center","background-size":"auto","background-attachment":"scroll","background-type":"","background-media":"","overlay-type":"","overlay-color":"","overlay-opacity":"","overlay-gradient":""}}},"product_brand":[],"product_cat":[322,81,113,85,31,71],"product_tag":[35],"class_list":{"0":"post-6384","1":"product","2":"type-product","3":"status-publish","4":"has-post-thumbnail","6":"product_cat-gesichtscreme","7":"product_cat-atopalm","8":"product_cat-spezielle-produkte","9":"product_cat-koerperlotion","10":"product_cat-gesicht","11":"product_cat-koerperpflege","12":"product_tag-moisturizer","13":"desktop-align-center","14":"tablet-align-center","15":"mobile-align-center","17":"first","18":"outofstock","19":"taxable","20":"shipping-taxable","21":"purchasable","22":"product-type-simple"},"_links":{"self":[{"href":"https:\/\/tomyklou.gr\/de\/wp-json\/wp\/v2\/product\/6384","targetHints":{"allow":["GET"]}}],"collection":[{"href":"https:\/\/tomyklou.gr\/de\/wp-json\/wp\/v2\/product"}],"about":[{"href":"https:\/\/tomyklou.gr\/de\/wp-json\/wp\/v2\/types\/product"}],"replies":[{"embeddable":true,"href":"https:\/\/tomyklou.gr\/de\/wp-json\/wp\/v2\/comments?post=6384"}],"wp:featuredmedia":[{"embeddable":true,"href":"https:\/\/tomyklou.gr\/de\/wp-json\/wp\/v2\/media\/3389"}],"wp:attachment":[{"href":"https:\/\/tomyklou.gr\/de\/wp-json\/wp\/v2\/media?parent=6384"}],"wp:term":[{"taxonomy":"product_brand","embeddable":true,"href":"https:\/\/tomyklou.gr\/de\/wp-json\/wp\/v2\/product_brand?post=6384"},{"taxonomy":"product_cat","embeddable":true,"href":"https:\/\/tomyklou.gr\/de\/wp-json\/wp\/v2\/product_cat?post=6384"},{"taxonomy":"product_tag","embeddable":true,"href":"https:\/\/tomyklou.gr\/de\/wp-json\/wp\/v2\/product_tag?post=6384"}],"curies":[{"name":"wp","href":"https:\/\/api.w.org\/{rel}","templated":true}]}}