{"id":6405,"date":"2023-07-05T20:58:14","date_gmt":"2023-07-05T18:58:14","guid":{"rendered":"https:\/\/tomyklou.gr\/product\/barulab-the-clean-vegan-cica-mask-1ea\/"},"modified":"2026-02-22T18:44:37","modified_gmt":"2026-02-22T16:44:37","slug":"barulab-the-clean-vegan-cica-mask-1ea","status":"publish","type":"product","link":"https:\/\/tomyklou.gr\/de\/product\/barulab-the-clean-vegan-cica-mask-1ea\/","title":{"rendered":"BARULAB The Clean Vegan CICA Mask (1ea)"},"content":{"rendered":"<h3><strong>Anwendung<\/strong><\/h3>\n<ol>\n<li>Bereiten Sie das Gesicht nach der Reinigung mit Toner vor.<\/li>\n<li>Legen Sie die Maske auf das Gesicht und vermeiden Sie Lippen- und Augenpartien.<\/li>\n<li>15-20 Minuten einwirken lassen, bevor die Maske vorsichtig entfernt wird.<\/li>\n<li>Leicht einklopfen, um die verbleibende Essenz optimal aufzunehmen.<\/li>\n<\/ol>\n<h3><strong>Inhaltsstoffe<\/strong><\/h3>\n<p>Water, Glycerin, Dipropylene Glycol, Butylene Glycol,1,2-Hexanediol, Carbomer, Arginine, Hydroxyethylcellulose, Allantoin, Centella Asiatica(1000ppm), Coptis Japonica Root Extract, Schizandra Chinensis Fruit Extract, Glycyrrhiza Glabra (licorice) Root Extract, Zingiber Officinale(Ginger) Root Extract, Camellia Sinensis Leaf Extract, Xanthan Gum, Ethylhexylglycerin, Disodium EDTA, Polyglyceryl-10 Myristate, Polyglyceril-10 Laurate, Citrus Tangerina(Tangerine) Peel Oil, Caprylyl Glycol, Artemisia Absinthium Extract, Rosmarinus Officinalis (Rosemary) Leaf Oil, Juniperus Mexicana Oil, Chamomilla Recutita (Matricaria) Flower Oil, Lavandula Angustifolia (Lavender) Oil<\/p>\n<h3>Warnhinweise<\/h3>\n<ol>\n<li>Nur zur \u00e4u\u00dferlichen Anwendung geeignet.<\/li>\n<li>Nicht auf verletzte Haut oder auf Wunden auftragen.<\/li>\n<li>Sollten Nebenwirkungen wie Irritationen oder Ausschlag eintreten, Anwendung sofort beenden und unverz\u00fcglich an einen Arzt wenden.<\/li>\n<li>Kontakt mit den Augen vermeiden. Sollte das Produkt ins Auge gelangen, das Auge sofort gr\u00fcndlich mit klarem Wasser aussp\u00fclen.<\/li>\n<li>Au\u00dfer Reichweite von Kindern aufbewahren.<\/li>\n<li>Nicht schlucken. Bei Verschlucken Arzt oder Giftzentrale aufsuchen.<\/li>\n<\/ol>\n","protected":false},"excerpt":{"rendered":"<p>Diese reparierende Tuchmaske mit Cica-Extrakt (Centella Asiatica) st\u00e4rkt, heilt und beruhigt raue und gereizte Haut.<\/p>\n<p>Tuchmasken bestehen zu 100 % aus pflanzlichen Inhaltsstoffen und sind f\u00fcr alle Hauttypen geeignet, auch f\u00fcr empfindliche Haut. Diese veganen Gesichtstuchmasken von Barulab sind in zehn Versionen erh\u00e4ltlich, die mit verschiedenen nat\u00fcrlich gewonnenen Inhaltsstoffen angereichert sind und eine gezielte Pflege f\u00fcr verschiedene Hautprobleme bieten.<\/p>\n<p>100 % vegane Maske<br \/>\nDie Maske wird mit einer 100 % veganen Formel und einem 100 % nat\u00fcrlichen Pflanzenextraktblatt hergestellt, das von der Korean Vegan Association zertifiziert ist und mit zertifizierten Herstellungstechniken und -werkzeugen hergestellt wird.<\/p>\n","protected":false},"featured_media":3478,"comment_status":"open","ping_status":"closed","template":"","meta":{"content-type":"","site-sidebar-layout":"default","site-content-layout":"default","ast-site-content-layout":"default","site-content-style":"default","site-sidebar-style":"default","ast-global-header-display":"","ast-banner-title-visibility":"","ast-main-header-display":"","ast-hfb-above-header-display":"","ast-hfb-below-header-display":"","ast-hfb-mobile-header-display":"","site-post-title":"","ast-breadcrumbs-content":"","ast-featured-img":"","footer-sml-layout":"","ast-disable-related-posts":"","theme-transparent-header-meta":"default","adv-header-id-meta":"","stick-header-meta":"","header-above-stick-meta":"","header-main-stick-meta":"","header-below-stick-meta":"","astra-migrate-meta-layouts":"default","ast-page-background-enabled":"default","ast-page-background-meta":{"desktop":{"background-color":"","background-image":"","background-repeat":"repeat","background-position":"center center","background-size":"auto","background-attachment":"scroll","background-type":"","background-media":"","overlay-type":"","overlay-color":"","overlay-opacity":"","overlay-gradient":""},"tablet":{"background-color":"","background-image":"","background-repeat":"repeat","background-position":"center center","background-size":"auto","background-attachment":"scroll","background-type":"","background-media":"","overlay-type":"","overlay-color":"","overlay-opacity":"","overlay-gradient":""},"mobile":{"background-color":"","background-image":"","background-repeat":"repeat","background-position":"center center","background-size":"auto","background-attachment":"scroll","background-type":"","background-media":"","overlay-type":"","overlay-color":"","overlay-opacity":"","overlay-gradient":""}},"ast-content-background-meta":{"desktop":{"background-color":"var(--ast-global-color-5)","background-image":"","background-repeat":"repeat","background-position":"center center","background-size":"auto","background-attachment":"scroll","background-type":"","background-media":"","overlay-type":"","overlay-color":"","overlay-opacity":"","overlay-gradient":""},"tablet":{"background-color":"var(--ast-global-color-5)","background-image":"","background-repeat":"repeat","background-position":"center center","background-size":"auto","background-attachment":"scroll","background-type":"","background-media":"","overlay-type":"","overlay-color":"","overlay-opacity":"","overlay-gradient":""},"mobile":{"background-color":"var(--ast-global-color-5)","background-image":"","background-repeat":"repeat","background-position":"center center","background-size":"auto","background-attachment":"scroll","background-type":"","background-media":"","overlay-type":"","overlay-color":"","overlay-opacity":"","overlay-gradient":""}}},"product_brand":[],"product_cat":[316,96,31],"product_tag":[34],"class_list":{"0":"post-6405","1":"product","2":"type-product","3":"status-publish","4":"has-post-thumbnail","6":"product_cat-gesichtsmaske","7":"product_cat-barulab","8":"product_cat-gesicht","9":"product_tag-sheet","10":"desktop-align-center","11":"tablet-align-center","12":"mobile-align-center","14":"first","15":"outofstock","16":"taxable","17":"shipping-taxable","18":"purchasable","19":"product-type-simple"},"_links":{"self":[{"href":"https:\/\/tomyklou.gr\/de\/wp-json\/wp\/v2\/product\/6405","targetHints":{"allow":["GET"]}}],"collection":[{"href":"https:\/\/tomyklou.gr\/de\/wp-json\/wp\/v2\/product"}],"about":[{"href":"https:\/\/tomyklou.gr\/de\/wp-json\/wp\/v2\/types\/product"}],"replies":[{"embeddable":true,"href":"https:\/\/tomyklou.gr\/de\/wp-json\/wp\/v2\/comments?post=6405"}],"wp:featuredmedia":[{"embeddable":true,"href":"https:\/\/tomyklou.gr\/de\/wp-json\/wp\/v2\/media\/3478"}],"wp:attachment":[{"href":"https:\/\/tomyklou.gr\/de\/wp-json\/wp\/v2\/media?parent=6405"}],"wp:term":[{"taxonomy":"product_brand","embeddable":true,"href":"https:\/\/tomyklou.gr\/de\/wp-json\/wp\/v2\/product_brand?post=6405"},{"taxonomy":"product_cat","embeddable":true,"href":"https:\/\/tomyklou.gr\/de\/wp-json\/wp\/v2\/product_cat?post=6405"},{"taxonomy":"product_tag","embeddable":true,"href":"https:\/\/tomyklou.gr\/de\/wp-json\/wp\/v2\/product_tag?post=6405"}],"curies":[{"name":"wp","href":"https:\/\/api.w.org\/{rel}","templated":true}]}}