{"id":6425,"date":"2023-07-05T21:24:39","date_gmt":"2023-07-05T19:24:39","guid":{"rendered":"https:\/\/tomyklou.gr\/product\/import-placeholder-for-benton-1006-8809566990440\/"},"modified":"2026-02-22T18:44:36","modified_gmt":"2026-02-22T16:44:36","slug":"benton-snail-bee-ultimate-hydrogel-eye-patch-60stk","status":"publish","type":"product","link":"https:\/\/tomyklou.gr\/de\/product\/benton-snail-bee-ultimate-hydrogel-eye-patch\/","title":{"rendered":"Benton Snail Bee Ultimate Hydrogel Eye Patch (60Stk)"},"content":{"rendered":"<h3>Anwendung<\/h3>\n<ol>\n<li>Die Haut reinigen.<\/li>\n<li>Auf beide Augen auflegen.<\/li>\n<li>Die Patches nach <strong>10 bis 20<\/strong> Minuten entfernen und die zur\u00fcckgebliebene Essenz in die Haut tupfen, bis sie v\u00f6llig eingezogen ist.<\/li>\n<\/ol>\n<h3>Inhaltsstoffe*<\/h3>\n<p>Water\/Aqua\/Eau, Glycerin, Dipropylene Glycol, Niacinamide, Carrageenan, Saccharomyces\/Snail Secretion Filtrate Ferment Filtrate, Butylene Glycol, Charcoal Powder,Glucose, Potassium Chloride, Hydroxyethylcellulose, Diamond Powder, Propanediol, Sodium Hyaluronate, Pearl Powder, Citrus Unshiu Peel Extract, p-Anisic acid, Beta-Glucan, Gold, Levulinic acid, Melaleuca Alternifolia (Tea Tree) Leaf Water, Eucalyptus Globulus Leaf Extract, Althaea Rosea Flower Extract, Aloe Barbadensis Leaf Extract, Punica Granatum Fruit Extract, Porphyra Yezoensis Extract, Chlorella Vulgaris Extract, Laminaria Japonica Extract, Chamomilla Recutita (Matricaria) Flower Extract, Glycine Soja (Soybean) Phytoplacenta Extract, Camellia Sinensis Leaf Extract, Copper Tripeptide-1, Dextrin, Ceratonia Siliqua (Carob) Gum, Cyamopsis Tetragonoloba (Guar) Gum, Mica, Titanium dioxide, iron oxides, Panthenol, Arginine, Bee Venom (Apitoxin), Ethylhexylglycerin, Adenosine, 1,2-Hexanediol, Aniba Rosodora (Rosewood) Wood Oil<\/p>\n<p>*Eine Ver\u00e4nderung der Inhaltsstoffe unterliegt dem Ermessen des Herstellers. Willst du vor dem Kauf ganz sicher gehen? Dann kontaktiere uns f\u00fcr ein Foto der aktuellen Produktverpackung.<\/p>\n<h3>Warnhinweise<\/h3>\n<ol>\n<li>Nur zur \u00e4u\u00dferlichen Anwendung geeignet.<\/li>\n<li><\/li>\n<li>Nicht auf verletzte Haut oder auf Wunden auftragen.<\/li>\n<li>Sollten Nebenwirkungen wie Irritationen oder Ausschlag eintreten, Anwendung sofort beenden und unverz\u00fcglich an einen Arzt wenden.<\/li>\n<li>Kontakt mit den Augen vermeiden. Sollte das Produkt ins Auge gelangen, das Auge sofort gr\u00fcndlich mit klarem Wasser aussp\u00fclen.<\/li>\n<li>Au\u00dfer Reichweite von Kindern aufbewahren.<\/li>\n<li>Nicht schlucken. Bei Verschlucken Arzt oder Giftzentrale aufsuchen.<\/li>\n<\/ol>\n","protected":false},"excerpt":{"rendered":"<p><strong>Benton<\/strong>\u00a0Snail Bee Ultimate Hydrogel Eye Patches sind reich an n\u00e4hrenden Inhaltsstoffen und lassen die Augen j\u00fcnger und strahlender aussehen. F\u00e4ltchen und kleine Linien werden reduziert. Teebaumblatt-Wasser und Seetang-Extrakt bieten einen k\u00fchlenden und beruhigenden Effekt, w\u00e4hrend das enthaltende Schnecken-Sekret die Haut festigt und n\u00e4hrt. Die elastischen und gut haftenden Patches sind nicht nur umweltfreundlich, sondern auch dermatologisch getestet.<\/p>\n<ul>\n<li>Jedes Patch leuchtet mit\u00a0<em><strong>Gold-, Diamant-, Perlen-\u00a0<\/strong><\/em>und<em><strong>\u00a0Kohlepuder,<\/strong><\/em>\u00a0das straffende und porenreinigende Eigenschaften hat.<\/li>\n<li><em><strong>Bienengift<\/strong><\/em>\u00a0ist ein nat\u00fcrlicher Hautberuhiger und anaphylaktisch, so dass die Gesichtsmuskeln entspannt und ein sofortiger Liftingeffekt erkennbar ist.<\/li>\n<li><em><strong>Niacinamide<\/strong><\/em>\u00a0reinigen die Poren f\u00fcr eine saubere Haut.<\/li>\n<\/ul>\n","protected":false},"featured_media":6475,"comment_status":"open","ping_status":"closed","template":"","meta":{"content-type":"","site-sidebar-layout":"default","site-content-layout":"default","ast-site-content-layout":"default","site-content-style":"default","site-sidebar-style":"default","ast-global-header-display":"","ast-banner-title-visibility":"","ast-main-header-display":"","ast-hfb-above-header-display":"","ast-hfb-below-header-display":"","ast-hfb-mobile-header-display":"","site-post-title":"","ast-breadcrumbs-content":"","ast-featured-img":"","footer-sml-layout":"","ast-disable-related-posts":"","theme-transparent-header-meta":"default","adv-header-id-meta":"","stick-header-meta":"","header-above-stick-meta":"","header-main-stick-meta":"","header-below-stick-meta":"","astra-migrate-meta-layouts":"default","ast-page-background-enabled":"default","ast-page-background-meta":{"desktop":{"background-color":"","background-image":"","background-repeat":"repeat","background-position":"center center","background-size":"auto","background-attachment":"scroll","background-type":"","background-media":"","overlay-type":"","overlay-color":"","overlay-opacity":"","overlay-gradient":""},"tablet":{"background-color":"","background-image":"","background-repeat":"repeat","background-position":"center center","background-size":"auto","background-attachment":"scroll","background-type":"","background-media":"","overlay-type":"","overlay-color":"","overlay-opacity":"","overlay-gradient":""},"mobile":{"background-color":"","background-image":"","background-repeat":"repeat","background-position":"center center","background-size":"auto","background-attachment":"scroll","background-type":"","background-media":"","overlay-type":"","overlay-color":"","overlay-opacity":"","overlay-gradient":""}},"ast-content-background-meta":{"desktop":{"background-color":"var(--ast-global-color-5)","background-image":"","background-repeat":"repeat","background-position":"center center","background-size":"auto","background-attachment":"scroll","background-type":"","background-media":"","overlay-type":"","overlay-color":"","overlay-opacity":"","overlay-gradient":""},"tablet":{"background-color":"var(--ast-global-color-5)","background-image":"","background-repeat":"repeat","background-position":"center center","background-size":"auto","background-attachment":"scroll","background-type":"","background-media":"","overlay-type":"","overlay-color":"","overlay-opacity":"","overlay-gradient":""},"mobile":{"background-color":"var(--ast-global-color-5)","background-image":"","background-repeat":"repeat","background-position":"center center","background-size":"auto","background-attachment":"scroll","background-type":"","background-media":"","overlay-type":"","overlay-color":"","overlay-opacity":"","overlay-gradient":""}}},"product_brand":[],"product_cat":[320,321,126,31],"product_tag":[67],"class_list":{"0":"post-6425","1":"product","2":"type-product","3":"status-publish","4":"has-post-thumbnail","6":"product_cat-augenpflege","7":"product_cat-spezialbehandlung","8":"product_cat-benton","9":"product_cat-gesicht","10":"product_tag-spezialbehandlung","11":"desktop-align-center","12":"tablet-align-center","13":"mobile-align-center","15":"first","16":"outofstock","17":"taxable","18":"shipping-taxable","19":"purchasable","20":"product-type-simple"},"_links":{"self":[{"href":"https:\/\/tomyklou.gr\/de\/wp-json\/wp\/v2\/product\/6425","targetHints":{"allow":["GET"]}}],"collection":[{"href":"https:\/\/tomyklou.gr\/de\/wp-json\/wp\/v2\/product"}],"about":[{"href":"https:\/\/tomyklou.gr\/de\/wp-json\/wp\/v2\/types\/product"}],"replies":[{"embeddable":true,"href":"https:\/\/tomyklou.gr\/de\/wp-json\/wp\/v2\/comments?post=6425"}],"wp:featuredmedia":[{"embeddable":true,"href":"https:\/\/tomyklou.gr\/de\/wp-json\/wp\/v2\/media\/6475"}],"wp:attachment":[{"href":"https:\/\/tomyklou.gr\/de\/wp-json\/wp\/v2\/media?parent=6425"}],"wp:term":[{"taxonomy":"product_brand","embeddable":true,"href":"https:\/\/tomyklou.gr\/de\/wp-json\/wp\/v2\/product_brand?post=6425"},{"taxonomy":"product_cat","embeddable":true,"href":"https:\/\/tomyklou.gr\/de\/wp-json\/wp\/v2\/product_cat?post=6425"},{"taxonomy":"product_tag","embeddable":true,"href":"https:\/\/tomyklou.gr\/de\/wp-json\/wp\/v2\/product_tag?post=6425"}],"curies":[{"name":"wp","href":"https:\/\/api.w.org\/{rel}","templated":true}]}}